{"id":3503,"date":"2023-10-27T17:51:47","date_gmt":"2023-10-27T09:51:47","guid":{"rendered":"http:\/\/www3.laiko.net\/?post_type=product&#038;p=3503"},"modified":"2023-10-31T16:26:21","modified_gmt":"2023-10-31T08:26:21","slug":"plastic-cascade-ring","status":"publish","type":"product","link":"https:\/\/www.laiko.net\/es\/producto\/anillo-de-plastico-en-cascada\/","title":{"rendered":"Anillo en cascada de pl\u00e1stico"},"content":{"rendered":"<h2>Par\u00e1metros del anillo en cascada de pl\u00e1stico<\/h2>\n<div class=\"overflow_x\">\n<table>\n<tbody>\n<tr class=\"firstRow\">\n<td height=\"42\">D\u00d7H\u00d7\u03b4 mm<\/td>\n<td height=\"42\">Superficie espec\u00edfica m2\/m3<\/td>\n<td height=\"42\">Tasa de vac\u00edo %<\/td>\n<td colspan=\"2\" height=\"42\">N\u00famero a granel g\/m3<\/td>\n<td colspan=\"2\" height=\"42\">Densidad del envase (kg\/m3)<\/td>\n<td colspan=\"2\" height=\"42\">Factor F m-1<\/td>\n<\/tr>\n<tr>\n<td height=\"14\">16*8.9*1<\/td>\n<td height=\"14\">370<\/td>\n<td height=\"14\">85<\/td>\n<td colspan=\"2\" height=\"14\">299136<\/td>\n<td colspan=\"2\" height=\"14\">135.6<\/td>\n<td colspan=\"2\" height=\"14\">602.6<\/td>\n<\/tr>\n<tr>\n<td height=\"14\">25*12.5*1.2<\/td>\n<td height=\"14\">228<\/td>\n<td height=\"14\">90<\/td>\n<td colspan=\"2\" height=\"14\">81500<\/td>\n<td colspan=\"2\" height=\"14\">97.8<\/td>\n<td colspan=\"2\" height=\"14\">312.8<\/td>\n<\/tr>\n<tr>\n<td height=\"14\">38*19*1.2<\/td>\n<td height=\"14\">132.5<\/td>\n<td height=\"14\">91<\/td>\n<td colspan=\"2\" height=\"14\">27200<\/td>\n<td colspan=\"2\" height=\"14\">57.5<\/td>\n<td colspan=\"2\" height=\"14\">175.8<\/td>\n<\/tr>\n<tr>\n<td height=\"14\">50*25*1.5<\/td>\n<td height=\"14\">114.2<\/td>\n<td height=\"14\">92.7<\/td>\n<td colspan=\"2\" height=\"14\">10740<\/td>\n<td colspan=\"2\" height=\"14\">54.8<\/td>\n<td colspan=\"2\" height=\"14\">143.1<\/td>\n<\/tr>\n<tr>\n<td height=\"14\">76*37*3.0<\/td>\n<td height=\"14\">90<\/td>\n<td height=\"14\">92.9<\/td>\n<td colspan=\"2\" height=\"14\">3420<\/td>\n<td colspan=\"2\" height=\"14\">68.4<\/td>\n<td colspan=\"2\" height=\"14\">112.3<\/td>\n<\/tr>\n<\/tbody>\n<\/table>\n<\/div>\n<h2>Ventajas del anillo en cascada de pl\u00e1stico<\/h2>\n<ul class=\"list-paddingleft-2\">\n<li>Alto volumen libre<\/li>\n<li>Baja ca\u00edda de presi\u00f3n<\/li>\n<li>Baja altura de la unidad de transferencia de masa<\/li>\n<li>Punto alto de inundaci\u00f3n<\/li>\n<li>Peso espec\u00edfico peque\u00f1o<\/li>\n<li>Alta eficiencia de transferencia de masa<\/li>\n<\/ul>","protected":false},"excerpt":{"rendered":"<p>NAIKE Plastic Cascade Mini Ring est\u00e1 hecho de pl\u00e1sticos resistentes al calor y a la corrosi\u00f3n qu\u00edmica, incluyendo PE, PP, PVC, CPVC, PVDF, etc.<\/p>","protected":false},"featured_media":2795,"template":"","meta":{"_seopress_robots_primary_cat":"","_monsterinsights_skip_tracking":false,"_monsterinsights_sitenote_active":false,"_monsterinsights_sitenote_note":"","_monsterinsights_sitenote_category":0,"_joinchat":[]},"product_cat":[88,104],"product_tag":[],"class_list":["post-3503","product","type-product","status-publish","has-post-thumbnail","hentry","product_cat-cascade-ring-packing","product_cat-plastic-tower-packing"],"featured_image_urls":{"full":["https:\/\/www.laiko.net\/wp-content\/uploads\/2023\/10\/frc-909f3df0f9e1634cc976ff09f79fb895.jpg",600,350,false],"thumbnail":["https:\/\/www.laiko.net\/wp-content\/uploads\/2023\/10\/frc-909f3df0f9e1634cc976ff09f79fb895-150x150.jpg",150,150,true],"medium":["https:\/\/www.laiko.net\/wp-content\/uploads\/2023\/10\/frc-909f3df0f9e1634cc976ff09f79fb895-300x175.jpg",300,175,true],"medium_large":["https:\/\/www.laiko.net\/wp-content\/uploads\/2023\/10\/frc-909f3df0f9e1634cc976ff09f79fb895.jpg",600,350,false],"large":["https:\/\/www.laiko.net\/wp-content\/uploads\/2023\/10\/frc-909f3df0f9e1634cc976ff09f79fb895.jpg",600,350,false],"1536x1536":["https:\/\/www.laiko.net\/wp-content\/uploads\/2023\/10\/frc-909f3df0f9e1634cc976ff09f79fb895.jpg",600,350,false],"2048x2048":["https:\/\/www.laiko.net\/wp-content\/uploads\/2023\/10\/frc-909f3df0f9e1634cc976ff09f79fb895.jpg",600,350,false],"trp-custom-language-flag":["https:\/\/www.laiko.net\/wp-content\/uploads\/2023\/10\/frc-909f3df0f9e1634cc976ff09f79fb895.jpg",18,12,false],"woocommerce_thumbnail":["https:\/\/www.laiko.net\/wp-content\/uploads\/2023\/10\/frc-909f3df0f9e1634cc976ff09f79fb895-300x175.jpg",300,175,true],"woocommerce_single":["https:\/\/www.laiko.net\/wp-content\/uploads\/2023\/10\/frc-909f3df0f9e1634cc976ff09f79fb895.jpg",600,350,false],"woocommerce_gallery_thumbnail":["https:\/\/www.laiko.net\/wp-content\/uploads\/2023\/10\/frc-909f3df0f9e1634cc976ff09f79fb895-100x100.jpg",100,100,true]},"post_excerpt_stackable":"<p>NAIKE Plastic Cascade Mini Ring is made from heat resistant and chemical corrosion resistant plastics, including PE, PP, PVC, CPVC, PVDF, etc.<\/p>\n","category_list":"","author_info":{"name":"","url":""},"comments_num":"0 comentarios","_links":{"self":[{"href":"https:\/\/www.laiko.net\/es\/wp-json\/wp\/v2\/product\/3503","targetHints":{"allow":["GET"]}}],"collection":[{"href":"https:\/\/www.laiko.net\/es\/wp-json\/wp\/v2\/product"}],"about":[{"href":"https:\/\/www.laiko.net\/es\/wp-json\/wp\/v2\/types\/product"}],"wp:featuredmedia":[{"embeddable":true,"href":"https:\/\/www.laiko.net\/es\/wp-json\/wp\/v2\/media\/2795"}],"wp:attachment":[{"href":"https:\/\/www.laiko.net\/es\/wp-json\/wp\/v2\/media?parent=3503"}],"wp:term":[{"taxonomy":"product_cat","embeddable":true,"href":"https:\/\/www.laiko.net\/es\/wp-json\/wp\/v2\/product_cat?post=3503"},{"taxonomy":"product_tag","embeddable":true,"href":"https:\/\/www.laiko.net\/es\/wp-json\/wp\/v2\/product_tag?post=3503"}],"curies":[{"name":"wp","href":"https:\/\/api.w.org\/{rel}","templated":true}]}}