{"id":3501,"date":"2023-10-27T17:19:54","date_gmt":"2023-10-27T09:19:54","guid":{"rendered":"http:\/\/www3.laiko.net\/?post_type=product&#038;p=3501"},"modified":"2023-10-31T16:16:38","modified_gmt":"2023-10-31T08:16:38","slug":"metal-cascade-mini-ring","status":"publish","type":"product","link":"https:\/\/www.laiko.net\/es\/producto\/mini-anillo-cascada-metal\/","title":{"rendered":"Minianillo de metal en cascada"},"content":{"rendered":"<h2>Par\u00e1metros del minianillo met\u00e1lico en cascada<\/h2>\n<div class=\"overflow_x\">\n<table cellspacing=\"0\" cellpadding=\"0\">\n<colgroup>\n<col \/>\n<col \/>\n<col \/>\n<col span=\"6\" \/><\/colgroup>\n<tbody>\n<tr class=\"firstRow\">\n<td rowspan=\"2\" height=\"54\">Tama\u00f1o del embalaje<\/td>\n<td colspan=\"2\" rowspan=\"2\">Dimensi\u00f3n mm(OD*ID*THK)<\/td>\n<td>Densidad aparente<\/td>\n<td colspan=\"2\">Cantidad a granel<\/td>\n<td>\u00c1rea espec\u00edfica<\/td>\n<td>Vac\u00edo<\/td>\n<td>Factor<\/td>\n<\/tr>\n<tr>\n<td>kg\/m3<\/td>\n<td colspan=\"2\">unidades\/m3<\/td>\n<td>m2\/m3<\/td>\n<td>%<\/td>\n<td>m-1<\/td>\n<\/tr>\n<tr>\n<td height=\"19\">0P<\/td>\n<td colspan=\"2\">\u00d817\u00d7\u00d815\u00d7H6\u00d70,3<\/td>\n<td>472<\/td>\n<td colspan=\"2\">530000<\/td>\n<td>427<\/td>\n<td>94<\/td>\n<td>55<\/td>\n<\/tr>\n<tr>\n<td height=\"19\">1P<\/td>\n<td colspan=\"2\">\u00d825\u00d7\u00d822\u00d7H8\u00d70,3<\/td>\n<td>270<\/td>\n<td colspan=\"2\">150000<\/td>\n<td>230<\/td>\n<td>96<\/td>\n<td>40<\/td>\n<\/tr>\n<tr>\n<td height=\"19\">1.5P<\/td>\n<td colspan=\"2\">\u00d834\u00d7\u00d829\u00d7H11\u00d70,3<\/td>\n<td>201<\/td>\n<td colspan=\"2\">60910<\/td>\n<td>198<\/td>\n<td>97<\/td>\n<td>29<\/td>\n<\/tr>\n<tr>\n<td height=\"19\">2P<\/td>\n<td colspan=\"2\">\u00d843\u00d7\u00d838\u00d7H14\u00d70,4<\/td>\n<td>230<\/td>\n<td colspan=\"2\">33170<\/td>\n<td>164<\/td>\n<td>97<\/td>\n<td>22<\/td>\n<\/tr>\n<tr>\n<td height=\"19\">2.5P<\/td>\n<td colspan=\"2\">\u00d851\u00d7\u00d844\u00d7H17\u00d70,4<\/td>\n<td>186<\/td>\n<td colspan=\"2\">17900<\/td>\n<td>127<\/td>\n<td>97<\/td>\n<td>17<\/td>\n<\/tr>\n<tr>\n<td height=\"19\">3P<\/td>\n<td colspan=\"2\">\u00d866\u00d7\u00d857\u00d7H21\u00d70,4<\/td>\n<td>139<\/td>\n<td colspan=\"2\">8800<\/td>\n<td>105<\/td>\n<td>98<\/td>\n<td>14<\/td>\n<\/tr>\n<tr>\n<td height=\"19\">4P<\/td>\n<td colspan=\"2\">\u00d886\u00d7\u00d876\u00d7H29\u00d70,4<\/td>\n<td>143<\/td>\n<td colspan=\"2\">5000<\/td>\n<td>90<\/td>\n<td>98<\/td>\n<td>10<\/td>\n<\/tr>\n<tr>\n<td height=\"19\">5P<\/td>\n<td colspan=\"2\">\u00d8131\u00d7\u00d8118\u00d7H41\u00d70,6<\/td>\n<td>136<\/td>\n<td colspan=\"2\">1480<\/td>\n<td>65<\/td>\n<td>98<\/td>\n<td>7<\/td>\n<\/tr>\n<\/tbody>\n<\/table>\n<\/div>\n<h2>Ventajas del minianillo met\u00e1lico en cascada<\/h2>\n<ul class=\"list-paddingleft-2\">\n<li><strong>Reducci\u00f3n de la p\u00e9rdida de carga<\/strong><\/li>\n<\/ul>\n<p>La ca\u00edda de presi\u00f3n reducida se produce porque el minianillo en cascada tiene su abertura m\u00e1s grande predominantemente en la direcci\u00f3n del flujo de vapor\/l\u00edquido, lo que permite un paso f\u00e1cil, lo que reduce significativamente la ca\u00edda de presi\u00f3n.<\/p>\n<ul class=\"list-paddingleft-2\">\n<li><strong>Aumento de la capacidad de la planta<\/strong><\/li>\n<\/ul>\n<p>El aumento de la capacidad de la planta es el resultado directo de la reducci\u00f3n de la ca\u00edda de presi\u00f3n que proporcionan los minianillos Cascade, ya que esto aleja el punto de funcionamiento del punto cr\u00edtico de ca\u00edda de presi\u00f3n en el que se produce la inundaci\u00f3n. Este efecto permite un manejo adicional de vapor\/l\u00edquido y, por tanto, aumenta la capacidad de la planta.<\/p>\n<ul class=\"list-paddingleft-2\">\n<li><strong>Mayor resistencia al ensuciamiento<\/strong><\/li>\n<\/ul>\n<p>La posici\u00f3n direccional de los anillos (la mayor abertura en la direcci\u00f3n del flujo) mejora la resistencia al ensuciamiento, ya que los s\u00f3lidos que entran en el lecho empacado son arrastrados m\u00e1s f\u00e1cilmente a trav\u00e9s de la matriz de la empaquetadura.<\/p>\n<ul class=\"list-paddingleft-2\">\n<li><strong>Mayor eficacia operativa<\/strong><\/li>\n<\/ul>\n<p>La mayor eficacia operativa se debe a la orientaci\u00f3n preferente, que garantiza que la mayor parte de la superficie del anillo se sit\u00fae verticalmente en lugar de horizontalmente, lo que tambi\u00e9n resulta ventajoso para la transferencia de masa. Una alta eficiencia depende de que se humedezca eficazmente la mayor parte posible de la superficie disponible.<\/p>","protected":false},"excerpt":{"rendered":"<p>El mini-anillo met\u00e1lico en cascada es un nuevo tipo de empaquetadura tipo agujero, el producto tiene caracter\u00edsticas como pared delgada, resistente al calor, alto volumen libre, alta capacidad, baja resistencia, alta eficiencia de separaci\u00f3n y as\u00ed sucesivamente.<\/p>","protected":false},"featured_media":2813,"template":"","meta":{"_seopress_robots_primary_cat":"","_monsterinsights_skip_tracking":false,"_monsterinsights_sitenote_active":false,"_monsterinsights_sitenote_note":"","_monsterinsights_sitenote_category":0,"_joinchat":[]},"product_cat":[88,103],"product_tag":[],"class_list":["post-3501","product","type-product","status-publish","has-post-thumbnail","hentry","product_cat-cascade-ring-packing","product_cat-metal-tower-packing"],"featured_image_urls":{"full":["https:\/\/www.laiko.net\/wp-content\/uploads\/2023\/10\/frc-76179148814e745a7c39e57d1b4eee4d.jpg",600,350,false],"thumbnail":["https:\/\/www.laiko.net\/wp-content\/uploads\/2023\/10\/frc-76179148814e745a7c39e57d1b4eee4d-150x150.jpg",150,150,true],"medium":["https:\/\/www.laiko.net\/wp-content\/uploads\/2023\/10\/frc-76179148814e745a7c39e57d1b4eee4d-300x175.jpg",300,175,true],"medium_large":["https:\/\/www.laiko.net\/wp-content\/uploads\/2023\/10\/frc-76179148814e745a7c39e57d1b4eee4d.jpg",600,350,false],"large":["https:\/\/www.laiko.net\/wp-content\/uploads\/2023\/10\/frc-76179148814e745a7c39e57d1b4eee4d.jpg",600,350,false],"1536x1536":["https:\/\/www.laiko.net\/wp-content\/uploads\/2023\/10\/frc-76179148814e745a7c39e57d1b4eee4d.jpg",600,350,false],"2048x2048":["https:\/\/www.laiko.net\/wp-content\/uploads\/2023\/10\/frc-76179148814e745a7c39e57d1b4eee4d.jpg",600,350,false],"trp-custom-language-flag":["https:\/\/www.laiko.net\/wp-content\/uploads\/2023\/10\/frc-76179148814e745a7c39e57d1b4eee4d.jpg",18,12,false],"woocommerce_thumbnail":["https:\/\/www.laiko.net\/wp-content\/uploads\/2023\/10\/frc-76179148814e745a7c39e57d1b4eee4d-300x175.jpg",300,175,true],"woocommerce_single":["https:\/\/www.laiko.net\/wp-content\/uploads\/2023\/10\/frc-76179148814e745a7c39e57d1b4eee4d.jpg",600,350,false],"woocommerce_gallery_thumbnail":["https:\/\/www.laiko.net\/wp-content\/uploads\/2023\/10\/frc-76179148814e745a7c39e57d1b4eee4d-100x100.jpg",100,100,true]},"post_excerpt_stackable":"<p>Metal cascade mini ring is a new type of hole-type packing, the product has features such as thin wall, heat resistant, high free volume, high capacity, low resistance, high separation efficiency and so on.<\/p>\n","category_list":"","author_info":{"name":"","url":""},"comments_num":"0 comentarios","_links":{"self":[{"href":"https:\/\/www.laiko.net\/es\/wp-json\/wp\/v2\/product\/3501","targetHints":{"allow":["GET"]}}],"collection":[{"href":"https:\/\/www.laiko.net\/es\/wp-json\/wp\/v2\/product"}],"about":[{"href":"https:\/\/www.laiko.net\/es\/wp-json\/wp\/v2\/types\/product"}],"wp:featuredmedia":[{"embeddable":true,"href":"https:\/\/www.laiko.net\/es\/wp-json\/wp\/v2\/media\/2813"}],"wp:attachment":[{"href":"https:\/\/www.laiko.net\/es\/wp-json\/wp\/v2\/media?parent=3501"}],"wp:term":[{"taxonomy":"product_cat","embeddable":true,"href":"https:\/\/www.laiko.net\/es\/wp-json\/wp\/v2\/product_cat?post=3501"},{"taxonomy":"product_tag","embeddable":true,"href":"https:\/\/www.laiko.net\/es\/wp-json\/wp\/v2\/product_tag?post=3501"}],"curies":[{"name":"wp","href":"https:\/\/api.w.org\/{rel}","templated":true}]}}