{"id":3499,"date":"2023-10-27T17:10:55","date_gmt":"2023-10-27T09:10:55","guid":{"rendered":"http:\/\/www3.laiko.net\/?post_type=product&#038;p=3499"},"modified":"2023-11-28T17:00:16","modified_gmt":"2023-11-28T09:00:16","slug":"ceramic-cross-partition-ring","status":"publish","type":"product","link":"https:\/\/www.laiko.net\/es\/producto\/anillo-ceramico-de-separacion-en-cruz\/","title":{"rendered":"Anillo de partici\u00f3n en cruz de cer\u00e1mica"},"content":{"rendered":"<h2>Par\u00e1metros del anillo de partici\u00f3n transversal de cer\u00e1mica<\/h2>\n<div class=\"overflow_x\">\n<table>\n<tbody>\n<tr class=\"firstRow\">\n<td height=\"33\">Nombre<\/td>\n<td height=\"33\">Talla<\/td>\n<td colspan=\"2\" height=\"33\">Di\u00e1metro (mm)<\/td>\n<td colspan=\"2\" height=\"33\">Peso (kg\/m3)<\/td>\n<td height=\"33\">Piezas(m3)<\/td>\n<td height=\"33\">Superficie(m2\/m3)<\/td>\n<td height=\"33\">Vac\u00edo(%)<\/td>\n<\/tr>\n<tr>\n<td rowspan=\"5\" height=\"112\">Cruz de cer\u00e1mica<br \/>\nAnillo de partici\u00f3n<\/td>\n<td height=\"22\">\u00f850<\/td>\n<td colspan=\"2\" height=\"22\">50*40*50*5<\/td>\n<td colspan=\"2\" height=\"22\">600<\/td>\n<td height=\"22\">6400<\/td>\n<td height=\"22\">145<\/td>\n<td height=\"22\">50<\/td>\n<\/tr>\n<tr>\n<td height=\"22\">\u00f880<\/td>\n<td colspan=\"2\" height=\"22\">80*64*80*8<\/td>\n<td colspan=\"2\" height=\"22\">820<\/td>\n<td height=\"22\">1950<\/td>\n<td height=\"22\">120<\/td>\n<td height=\"22\">56<\/td>\n<\/tr>\n<tr>\n<td height=\"22\">\u00f8100<\/td>\n<td colspan=\"2\" height=\"22\">100*80*100*10<\/td>\n<td colspan=\"2\" height=\"22\">850<\/td>\n<td height=\"22\">1,000<\/td>\n<td height=\"22\">110<\/td>\n<td height=\"22\">53<\/td>\n<\/tr>\n<tr>\n<td height=\"22\">\u00f8120<\/td>\n<td colspan=\"2\" height=\"22\">120*96*120*12<\/td>\n<td colspan=\"2\" height=\"22\">860<\/td>\n<td height=\"22\">370<\/td>\n<td height=\"22\">75<\/td>\n<td height=\"22\">55<\/td>\n<\/tr>\n<tr>\n<td height=\"22\">\u00f8150<\/td>\n<td colspan=\"2\" height=\"22\">150*120*150*15<\/td>\n<td colspan=\"2\" height=\"22\">980<\/td>\n<td height=\"22\">295<\/td>\n<td height=\"22\">60<\/td>\n<td height=\"22\">58<\/td>\n<\/tr>\n<\/tbody>\n<\/table>\n<\/div>\n<h2>Ventajas del anillo divisor transversal cer\u00e1mico<\/h2>\n<ul class=\"list-paddingleft-2\">\n<li>En\u00a0<a href=\"https:\/\/www.laiko.net\/product-category\/tower-packing-column-packing\/\" target=\"_self\" rel=\"noopener\">embalajes cer\u00e1micos de torre<\/a>\u00a0posee una gran estabilidad qu\u00edmica<\/li>\n<li>Alta resistencia mec\u00e1nica<\/li>\n<li>Excelente resistencia al calor<\/li>\n<\/ul>","protected":false},"excerpt":{"rendered":"<div class=\"summary\">\n<p>El Anillo Cer\u00e1mico de Partici\u00f3n Cruzada es un tipo de empaquetadura aleatoria mejorada sobre la base del Anillo Raschig, a\u00f1adiendo la tablilla cruzada en el interior del anillo. El anillo de partici\u00f3n transversal de cer\u00e1mica aumenta la superficie del anillo, mejorando significativamente la eficiencia de transferencia de masa de vapor y l\u00edquido.<\/p>\n<p>Por lo general, los anillos cer\u00e1micos de separaci\u00f3n en cruz deben apilarse ordenadamente en la columna debido a su gran tama\u00f1o. En la actualidad, los anillos de partici\u00f3n transversal de cer\u00e1mica, con un tama\u00f1o entre \u03a680-\u03a6150mm, se utilizan como material de soporte de otro embalaje aleatorio en la parte inferior de la columna, cuyo vac\u00edo de acumulaci\u00f3n es superior a 60%.<\/p>\n<p>Con sus caracter\u00edsticas de alta resistencia mec\u00e1nica, alta estabilidad qu\u00edmica y excelente resistencia al calor, el anillo de separaci\u00f3n transversal de cer\u00e1mica puede resistir altas temperaturas, \u00e1cidos (excepto HF), \u00e1lcalis, sales y diversos disolventes org\u00e1nicos. Los anillos cer\u00e1micos de separaci\u00f3n transversal se utilizan ampliamente en diversas torres de empaquetadura de desecaci\u00f3n, absorci\u00f3n, refrigeraci\u00f3n, lavado y regeneraci\u00f3n en industrias petroqu\u00edmicas, qu\u00edmicas, metal\u00fargicas y de generaci\u00f3n de gas y ox\u00edgeno.<\/p>\n<\/div>\n<p>&nbsp;<\/p>","protected":false},"featured_media":2751,"template":"","meta":{"_seopress_robots_primary_cat":"none","_monsterinsights_skip_tracking":false,"_monsterinsights_sitenote_active":false,"_monsterinsights_sitenote_note":"","_monsterinsights_sitenote_category":0,"_joinchat":[]},"product_cat":[102,87],"product_tag":[],"class_list":["post-3499","product","type-product","status-publish","has-post-thumbnail","hentry","product_cat-ceramic-tower-packing","product_cat-cross-partition-ring"],"featured_image_urls":{"full":["https:\/\/www.laiko.net\/wp-content\/uploads\/2023\/10\/frc-81324078d310bc8973da68a6945b1a0e.jpg",600,350,false],"thumbnail":["https:\/\/www.laiko.net\/wp-content\/uploads\/2023\/10\/frc-81324078d310bc8973da68a6945b1a0e-150x150.jpg",150,150,true],"medium":["https:\/\/www.laiko.net\/wp-content\/uploads\/2023\/10\/frc-81324078d310bc8973da68a6945b1a0e-300x175.jpg",300,175,true],"medium_large":["https:\/\/www.laiko.net\/wp-content\/uploads\/2023\/10\/frc-81324078d310bc8973da68a6945b1a0e.jpg",600,350,false],"large":["https:\/\/www.laiko.net\/wp-content\/uploads\/2023\/10\/frc-81324078d310bc8973da68a6945b1a0e.jpg",600,350,false],"1536x1536":["https:\/\/www.laiko.net\/wp-content\/uploads\/2023\/10\/frc-81324078d310bc8973da68a6945b1a0e.jpg",600,350,false],"2048x2048":["https:\/\/www.laiko.net\/wp-content\/uploads\/2023\/10\/frc-81324078d310bc8973da68a6945b1a0e.jpg",600,350,false],"trp-custom-language-flag":["https:\/\/www.laiko.net\/wp-content\/uploads\/2023\/10\/frc-81324078d310bc8973da68a6945b1a0e.jpg",18,12,false],"woocommerce_thumbnail":["https:\/\/www.laiko.net\/wp-content\/uploads\/2023\/10\/frc-81324078d310bc8973da68a6945b1a0e-300x175.jpg",300,175,true],"woocommerce_single":["https:\/\/www.laiko.net\/wp-content\/uploads\/2023\/10\/frc-81324078d310bc8973da68a6945b1a0e.jpg",600,350,false],"woocommerce_gallery_thumbnail":["https:\/\/www.laiko.net\/wp-content\/uploads\/2023\/10\/frc-81324078d310bc8973da68a6945b1a0e-100x100.jpg",100,100,true]},"post_excerpt_stackable":"<div class=\"summary\">\n<p>Ceramic Cross Partition Ring is a kind of random packing further improved on the basis of Raschig Ring, adding the cross clapboard inside the ring. Ceramic Cross Partition Ring increases the ring&#8217;s surface area, improving significantly the mass transfer efficiency of vapour and liquid.<\/p>\n<p>Generally, Ceramic cross partition ring is required to stack orderly in the column due to its big size. Currently, ceramic cross partition rings, size between \u03a680-\u03a6150mm, are used as the support material of another random packing at the bottom of column, which accumulation voidage is over 60%.<\/p>\n<p>With the characters of high mechanical strength, high chemical stability, and excellent heat endurance, Ceramic Cross Partition Ring can resist high temperature, acid (except HF), alkali, salt and various organic solvents. Ceramic Cross Partition Ring&#8217;s widely applied in various packing towers of desiccation, absorption, cooling, washing, and regeneration in industries of petrochemical, chemical, metallurgy, gas and oxygen generation.<\/p>\n<\/div>\n<p>&nbsp;<\/p>\n","category_list":"","author_info":{"name":"","url":""},"comments_num":"0 comentarios","_links":{"self":[{"href":"https:\/\/www.laiko.net\/es\/wp-json\/wp\/v2\/product\/3499","targetHints":{"allow":["GET"]}}],"collection":[{"href":"https:\/\/www.laiko.net\/es\/wp-json\/wp\/v2\/product"}],"about":[{"href":"https:\/\/www.laiko.net\/es\/wp-json\/wp\/v2\/types\/product"}],"wp:featuredmedia":[{"embeddable":true,"href":"https:\/\/www.laiko.net\/es\/wp-json\/wp\/v2\/media\/2751"}],"wp:attachment":[{"href":"https:\/\/www.laiko.net\/es\/wp-json\/wp\/v2\/media?parent=3499"}],"wp:term":[{"taxonomy":"product_cat","embeddable":true,"href":"https:\/\/www.laiko.net\/es\/wp-json\/wp\/v2\/product_cat?post=3499"},{"taxonomy":"product_tag","embeddable":true,"href":"https:\/\/www.laiko.net\/es\/wp-json\/wp\/v2\/product_tag?post=3499"}],"curies":[{"name":"wp","href":"https:\/\/api.w.org\/{rel}","templated":true}]}}