{"id":3490,"date":"2023-10-27T17:03:40","date_gmt":"2023-10-27T09:03:40","guid":{"rendered":"http:\/\/www3.laiko.net\/?post_type=product&#038;p=3490"},"modified":"2023-10-31T17:16:54","modified_gmt":"2023-10-31T09:16:54","slug":"plastic-raschig-ring","status":"publish","type":"product","link":"https:\/\/www.laiko.net\/es\/producto\/anillo-raschig-de-plastico\/","title":{"rendered":"Anillo Raschig de pl\u00e1stico"},"content":{"rendered":"<h2>Par\u00e1metros del anillo Raschig de pl\u00e1stico<\/h2>\n<div class=\"overflow_x\">\n<table>\n<tbody>\n<tr class=\"firstRow\">\n<td height=\"42\">D\u00d7H\u00d7\u03b4 mm<\/td>\n<td height=\"42\">Superficie espec\u00edfica m2\/m3<\/td>\n<td height=\"42\">Tasa de vac\u00edo %<\/td>\n<td colspan=\"2\" height=\"42\">N\u00famero a granel g\/m3<\/td>\n<td colspan=\"2\" height=\"42\">Densidad del envase (kg\/m3)<\/td>\n<td colspan=\"2\" height=\"42\">Factor F m-1<\/td>\n<\/tr>\n<tr>\n<td height=\"14\">25*25*1.0<\/td>\n<td height=\"14\">210<\/td>\n<td height=\"14\">90<\/td>\n<td colspan=\"2\" height=\"14\">48500<\/td>\n<td colspan=\"2\" height=\"14\">88<\/td>\n<td colspan=\"2\" height=\"14\">86<\/td>\n<\/tr>\n<tr>\n<td height=\"14\">50*50*1.5<\/td>\n<td height=\"14\">105<\/td>\n<td height=\"14\">92<\/td>\n<td colspan=\"2\" height=\"14\">6500<\/td>\n<td colspan=\"2\" height=\"14\">65<\/td>\n<td colspan=\"2\" height=\"14\">92<\/td>\n<\/tr>\n<\/tbody>\n<\/table>\n<\/div>\n<div class=\"overflow_x\">\n<table>\n<tbody>\n<tr class=\"firstRow\">\n<td colspan=\"2\" height=\"14\">Rendimiento\/Material<\/td>\n<td height=\"14\">PE<\/td>\n<td height=\"14\">PP<\/td>\n<td height=\"14\">RPP<\/td>\n<td height=\"14\">PVC<\/td>\n<td height=\"14\">CPVC<\/td>\n<td colspan=\"2\" height=\"14\">PVDF<\/td>\n<\/tr>\n<tr>\n<td colspan=\"2\" height=\"14\">Densidad(g\/cm3)<\/td>\n<td height=\"14\">0.94-0.96<\/td>\n<td height=\"14\">0.89-0.91<\/td>\n<td height=\"14\">0.93-0.94<\/td>\n<td height=\"14\">1.32-1.44<\/td>\n<td height=\"14\">1.50-1.54<\/td>\n<td colspan=\"2\" height=\"14\">1.75-1.78<\/td>\n<\/tr>\n<tr>\n<td colspan=\"2\" height=\"14\">Operaci\u00f3n Temp(\u2103)<\/td>\n<td height=\"14\">90<\/td>\n<td height=\"14\">&gt;100<\/td>\n<td height=\"14\">&gt;120<\/td>\n<td height=\"14\">&gt;60<\/td>\n<td height=\"14\">&gt;90<\/td>\n<td colspan=\"2\" height=\"14\">&gt;150<\/td>\n<\/tr>\n<tr>\n<td colspan=\"2\" height=\"14\">Resistencia a la corrosi\u00f3n qu\u00edmica<\/td>\n<td height=\"14\">Bien<\/td>\n<td height=\"14\">Bien<\/td>\n<td height=\"14\">Bien<\/td>\n<td height=\"14\">Bien<\/td>\n<td height=\"14\">Bien<\/td>\n<td colspan=\"2\" height=\"14\">Bien<\/td>\n<\/tr>\n<tr>\n<td colspan=\"2\" height=\"14\">Resistencia a la compresi\u00f3n (MPa)<\/td>\n<td height=\"14\">&gt;6.0<\/td>\n<td height=\"14\">&gt;6.5<\/td>\n<td height=\"14\">&gt;7.0<\/td>\n<td height=\"14\">&gt;6.0<\/td>\n<td height=\"14\">&gt;8.0<\/td>\n<td colspan=\"2\" height=\"14\">&gt;10.0<\/td>\n<\/tr>\n<\/tbody>\n<\/table>\n<\/div>\n<h2>Ventajas del anillo Raschig de pl\u00e1stico<\/h2>\n<ul class=\"list-paddingleft-2\">\n<li>Raci\u00f3n de alto vac\u00edo<\/li>\n<li>Baja ca\u00edda de presi\u00f3n<\/li>\n<li>Baja altura de la unidad de transferencia de masa<\/li>\n<li>Punto alto de inundaci\u00f3n<\/li>\n<li>Peso espec\u00edfico peque\u00f1o<\/li>\n<li>Alta eficiencia de transferencia de masa<\/li>\n<\/ul>","protected":false},"excerpt":{"rendered":"<p>Los anillos Raschig de pl\u00e1stico NAIKE son piezas del tubo (aproximadamente iguales en longitud y di\u00e1metro) utilizadas en gran n\u00famero como lecho empacado dentro de columnas para Destilaciones y otros procesos de ingenier\u00eda qu\u00edmica. Proporcionan una gran superficie dentro del volumen de la columna para la interacci\u00f3n entre el l\u00edquido y el gas o vapor. Los anillos Raschig deben su nombre a su inventor, el qu\u00edmico alem\u00e1n Friedrich Raschig.<\/p>","protected":false},"featured_media":2718,"template":"","meta":{"_seopress_robots_primary_cat":"","_monsterinsights_skip_tracking":false,"_monsterinsights_sitenote_active":false,"_monsterinsights_sitenote_note":"","_monsterinsights_sitenote_category":0,"_joinchat":[]},"product_cat":[104,86],"product_tag":[],"class_list":["post-3490","product","type-product","status-publish","has-post-thumbnail","hentry","product_cat-plastic-tower-packing","product_cat-raschig-ring"],"featured_image_urls":{"full":["https:\/\/www.laiko.net\/wp-content\/uploads\/2023\/10\/frc-b4ee53bb6c92efe53addee68b0a867af.jpg",600,350,false],"thumbnail":["https:\/\/www.laiko.net\/wp-content\/uploads\/2023\/10\/frc-b4ee53bb6c92efe53addee68b0a867af-150x150.jpg",150,150,true],"medium":["https:\/\/www.laiko.net\/wp-content\/uploads\/2023\/10\/frc-b4ee53bb6c92efe53addee68b0a867af-300x175.jpg",300,175,true],"medium_large":["https:\/\/www.laiko.net\/wp-content\/uploads\/2023\/10\/frc-b4ee53bb6c92efe53addee68b0a867af.jpg",600,350,false],"large":["https:\/\/www.laiko.net\/wp-content\/uploads\/2023\/10\/frc-b4ee53bb6c92efe53addee68b0a867af.jpg",600,350,false],"1536x1536":["https:\/\/www.laiko.net\/wp-content\/uploads\/2023\/10\/frc-b4ee53bb6c92efe53addee68b0a867af.jpg",600,350,false],"2048x2048":["https:\/\/www.laiko.net\/wp-content\/uploads\/2023\/10\/frc-b4ee53bb6c92efe53addee68b0a867af.jpg",600,350,false],"trp-custom-language-flag":["https:\/\/www.laiko.net\/wp-content\/uploads\/2023\/10\/frc-b4ee53bb6c92efe53addee68b0a867af.jpg",18,12,false],"woocommerce_thumbnail":["https:\/\/www.laiko.net\/wp-content\/uploads\/2023\/10\/frc-b4ee53bb6c92efe53addee68b0a867af-300x175.jpg",300,175,true],"woocommerce_single":["https:\/\/www.laiko.net\/wp-content\/uploads\/2023\/10\/frc-b4ee53bb6c92efe53addee68b0a867af.jpg",600,350,false],"woocommerce_gallery_thumbnail":["https:\/\/www.laiko.net\/wp-content\/uploads\/2023\/10\/frc-b4ee53bb6c92efe53addee68b0a867af-100x100.jpg",100,100,true]},"post_excerpt_stackable":"<p>NAIKE Plastic Raschig rings are pieces of the tube (approximately equal in length and diameter) used in large numbers as a packed bed within columns for Distillations and other chemical engineering processes. It provides a large surface area within the volume of the column for interaction between liquid and gas or vapour. Raschig rings are named after their inventor, the German chemist Friedrich Raschig.<\/p>\n","category_list":"","author_info":{"name":"","url":""},"comments_num":"0 comentarios","_links":{"self":[{"href":"https:\/\/www.laiko.net\/es\/wp-json\/wp\/v2\/product\/3490","targetHints":{"allow":["GET"]}}],"collection":[{"href":"https:\/\/www.laiko.net\/es\/wp-json\/wp\/v2\/product"}],"about":[{"href":"https:\/\/www.laiko.net\/es\/wp-json\/wp\/v2\/types\/product"}],"wp:featuredmedia":[{"embeddable":true,"href":"https:\/\/www.laiko.net\/es\/wp-json\/wp\/v2\/media\/2718"}],"wp:attachment":[{"href":"https:\/\/www.laiko.net\/es\/wp-json\/wp\/v2\/media?parent=3490"}],"wp:term":[{"taxonomy":"product_cat","embeddable":true,"href":"https:\/\/www.laiko.net\/es\/wp-json\/wp\/v2\/product_cat?post=3490"},{"taxonomy":"product_tag","embeddable":true,"href":"https:\/\/www.laiko.net\/es\/wp-json\/wp\/v2\/product_tag?post=3490"}],"curies":[{"name":"wp","href":"https:\/\/api.w.org\/{rel}","templated":true}]}}