{"id":3488,"date":"2023-10-27T16:52:53","date_gmt":"2023-10-27T08:52:53","guid":{"rendered":"http:\/\/www3.laiko.net\/?post_type=product&#038;p=3488"},"modified":"2023-10-31T16:16:42","modified_gmt":"2023-10-31T08:16:42","slug":"metal-super-raschig-ring","status":"publish","type":"product","link":"https:\/\/www.laiko.net\/es\/producto\/anillo-metalico-super-raschig\/","title":{"rendered":"Anillo met\u00e1lico Super Raschig"},"content":{"rendered":"<h2>Par\u00e1metros Del Anillo De Metal Super Raschig<\/h2>\n<div class=\"overflow_x\">\n<table>\n<tbody>\n<tr class=\"firstRow\">\n<td colspan=\"1\" rowspan=\"1\" height=\"20\">\n<div>\n<div>Talla<\/div>\n<div>mm<\/div>\n<\/div>\n<\/td>\n<td colspan=\"1\" rowspan=\"1\" height=\"20\">\n<div>\n<div>NO. por<\/div>\n<div>m3<\/div>\n<\/div>\n<\/td>\n<td colspan=\"1\" rowspan=\"1\" height=\"20\">\n<div>\n<div>Superficie<\/div>\n<div>m2\/m3<\/div>\n<\/div>\n<\/td>\n<td colspan=\"1\" rowspan=\"1\" height=\"20\">\n<div>\n<div>Volumen libre<\/div>\n<div>%<\/div>\n<\/div>\n<\/td>\n<\/tr>\n<tr>\n<td colspan=\"1\" rowspan=\"1\" height=\"20\">\n<div>\n<div>15<\/div>\n<\/div>\n<\/td>\n<td colspan=\"1\" rowspan=\"1\" height=\"20\">\n<div>\n<div>180.000<\/div>\n<\/div>\n<\/td>\n<td colspan=\"1\" rowspan=\"1\" height=\"20\">\n<div>\n<div>315<\/div>\n<\/div>\n<\/td>\n<td colspan=\"1\" rowspan=\"1\" height=\"20\">\n<div>\n<div>96<\/div>\n<\/div>\n<\/td>\n<\/tr>\n<tr>\n<td colspan=\"1\" rowspan=\"1\" height=\"20\">\n<div>\n<div>20<\/div>\n<\/div>\n<\/td>\n<td colspan=\"1\" rowspan=\"1\" height=\"20\">\n<div>\n<div>145.000<\/div>\n<\/div>\n<\/td>\n<td colspan=\"1\" rowspan=\"1\" height=\"20\">\n<div>\n<div>250<\/div>\n<\/div>\n<\/td>\n<td colspan=\"1\" rowspan=\"1\" height=\"20\">\n<div>\n<div>97<\/div>\n<\/div>\n<\/td>\n<\/tr>\n<tr>\n<td colspan=\"1\" rowspan=\"1\" height=\"20\">\n<div>\n<div>25<\/div>\n<\/div>\n<\/td>\n<td colspan=\"1\" rowspan=\"1\" height=\"20\">\n<div>\n<div>46.500<\/div>\n<\/div>\n<\/td>\n<td colspan=\"1\" rowspan=\"1\" height=\"20\">\n<div>\n<div>180<\/div>\n<\/div>\n<\/td>\n<td colspan=\"1\" rowspan=\"1\" height=\"20\">\n<div>\n<div>98<\/div>\n<\/div>\n<\/td>\n<\/tr>\n<tr>\n<td colspan=\"1\" rowspan=\"1\" height=\"20\">\n<div>\n<div>30<\/div>\n<\/div>\n<\/td>\n<td colspan=\"1\" rowspan=\"1\" height=\"20\">\n<div>\n<div>32.000<\/div>\n<\/div>\n<\/td>\n<td colspan=\"1\" rowspan=\"1\" height=\"20\">\n<div>\n<div>150<\/div>\n<\/div>\n<\/td>\n<td colspan=\"1\" rowspan=\"1\" height=\"20\">\n<div>\n<div>98<\/div>\n<\/div>\n<\/td>\n<\/tr>\n<tr>\n<td colspan=\"1\" rowspan=\"1\" height=\"20\">\n<div>\n<div>38<\/div>\n<\/div>\n<\/td>\n<td colspan=\"1\" rowspan=\"1\" height=\"20\">\n<div>\n<div>13.750<\/div>\n<\/div>\n<\/td>\n<td colspan=\"1\" rowspan=\"1\" height=\"20\">\n<div>\n<div>120<\/div>\n<\/div>\n<\/td>\n<td colspan=\"1\" rowspan=\"1\" height=\"20\">\n<div>\n<div>98<\/div>\n<\/div>\n<\/td>\n<\/tr>\n<tr>\n<td colspan=\"1\" rowspan=\"1\" height=\"20\">\n<div>\n<div>50<\/div>\n<\/div>\n<\/td>\n<td colspan=\"1\" rowspan=\"1\" height=\"20\">\n<div>\n<div>9.500<\/div>\n<\/div>\n<\/td>\n<td colspan=\"1\" rowspan=\"1\" height=\"20\">\n<div>\n<div>100<\/div>\n<\/div>\n<\/td>\n<td colspan=\"1\" rowspan=\"1\" height=\"20\">\n<div>\n<div data-spm-anchor-id=\"a2700.details.pronpeci14.i2.11ac65bb8sdnD4\">98<\/div>\n<\/div>\n<\/td>\n<\/tr>\n<tr>\n<td colspan=\"1\" rowspan=\"1\" height=\"20\">\n<div>\n<div>70<\/div>\n<\/div>\n<\/td>\n<td colspan=\"1\" rowspan=\"1\" height=\"20\">\n<div>\n<div>4.300<\/div>\n<\/div>\n<\/td>\n<td colspan=\"1\" rowspan=\"1\" height=\"20\">\n<div>\n<div>80<\/div>\n<\/div>\n<\/td>\n<td colspan=\"1\" rowspan=\"1\" height=\"20\">\n<div>\n<div>98<\/div>\n<\/div>\n<\/td>\n<\/tr>\n<\/tbody>\n<\/table>\n<\/div>\n<h2>Ventajas de Metal Super Raschig Ring<\/h2>\n<ul class=\"list-paddingleft-2\">\n<li>Carga y rendimiento elevados<\/li>\n<li>F\u00e1cilmente mojable<\/li>\n<li>Alta resistencia al ensuciamiento y aplicaciones de temperatura<\/li>\n<li>Peso espec\u00edfico peque\u00f1o<\/li>\n<li>Mec\u00e1nicamente robusto y adecuado para lechos m\u00e1s profundos<\/li>\n<li>Buena distribuci\u00f3n de l\u00edquidos y gases<\/li>\n<li>Alta eficacia de transferencia de masa<\/li>\n<\/ul>","protected":false},"excerpt":{"rendered":"<p>La empaquetadura met\u00e1lica aleatoria NAIKE est\u00e1 fabricada con materiales como acero al carbono, acero inoxidable o aleaci\u00f3n de aluminio, etc. El producto tiene caracter\u00edsticas tales como pared delgada, resistente al calor, alta proporci\u00f3n de vac\u00edo, alta capacidad, baja resistencia, alta eficiencia de separaci\u00f3n, etc. Es especialmente adecuado para torres de rectificaci\u00f3n al vac\u00edo para tratar sistemas termosensibles, descomponibles, polimerizables o coquizables, por lo que se utiliza ampliamente en torres de envasado de la industria petroqu\u00edmica, la industria de fertilizantes qu\u00edmicos y la protecci\u00f3n del medio ambiente, etc.<\/p>","protected":false},"featured_media":2668,"template":"","meta":{"_seopress_robots_primary_cat":"","_monsterinsights_skip_tracking":false,"_monsterinsights_sitenote_active":false,"_monsterinsights_sitenote_note":"","_monsterinsights_sitenote_category":0,"_joinchat":[]},"product_cat":[103,86],"product_tag":[],"class_list":["post-3488","product","type-product","status-publish","has-post-thumbnail","hentry","product_cat-metal-tower-packing","product_cat-raschig-ring"],"featured_image_urls":{"full":["https:\/\/www.laiko.net\/wp-content\/uploads\/2023\/10\/frc-8e4b91a04b001b6cd9b207e377d6a396.jpg",600,350,false],"thumbnail":["https:\/\/www.laiko.net\/wp-content\/uploads\/2023\/10\/frc-8e4b91a04b001b6cd9b207e377d6a396-150x150.jpg",150,150,true],"medium":["https:\/\/www.laiko.net\/wp-content\/uploads\/2023\/10\/frc-8e4b91a04b001b6cd9b207e377d6a396-300x175.jpg",300,175,true],"medium_large":["https:\/\/www.laiko.net\/wp-content\/uploads\/2023\/10\/frc-8e4b91a04b001b6cd9b207e377d6a396.jpg",600,350,false],"large":["https:\/\/www.laiko.net\/wp-content\/uploads\/2023\/10\/frc-8e4b91a04b001b6cd9b207e377d6a396.jpg",600,350,false],"1536x1536":["https:\/\/www.laiko.net\/wp-content\/uploads\/2023\/10\/frc-8e4b91a04b001b6cd9b207e377d6a396.jpg",600,350,false],"2048x2048":["https:\/\/www.laiko.net\/wp-content\/uploads\/2023\/10\/frc-8e4b91a04b001b6cd9b207e377d6a396.jpg",600,350,false],"trp-custom-language-flag":["https:\/\/www.laiko.net\/wp-content\/uploads\/2023\/10\/frc-8e4b91a04b001b6cd9b207e377d6a396.jpg",18,12,false],"woocommerce_thumbnail":["https:\/\/www.laiko.net\/wp-content\/uploads\/2023\/10\/frc-8e4b91a04b001b6cd9b207e377d6a396-300x175.jpg",300,175,true],"woocommerce_single":["https:\/\/www.laiko.net\/wp-content\/uploads\/2023\/10\/frc-8e4b91a04b001b6cd9b207e377d6a396.jpg",600,350,false],"woocommerce_gallery_thumbnail":["https:\/\/www.laiko.net\/wp-content\/uploads\/2023\/10\/frc-8e4b91a04b001b6cd9b207e377d6a396-100x100.jpg",100,100,true]},"post_excerpt_stackable":"<p>NAIKE Metal random packing is made of materials like carbon steel, stainless steel or Aluminum alloy, etc. The product has features such as thin wall, heat resistant, high void ratio, high capacity, low resistance, high separation efficiency and so on. It is especially suitable for rectification towers under vacuum to treat thermosensitive, decomposable, polymerizable or cokable systems, so it is widely used in packing towers in petrochemical industry, chemical fertilizer industry and environmental protection, etc.<\/p>\n","category_list":"","author_info":{"name":"","url":""},"comments_num":"0 comentarios","_links":{"self":[{"href":"https:\/\/www.laiko.net\/es\/wp-json\/wp\/v2\/product\/3488","targetHints":{"allow":["GET"]}}],"collection":[{"href":"https:\/\/www.laiko.net\/es\/wp-json\/wp\/v2\/product"}],"about":[{"href":"https:\/\/www.laiko.net\/es\/wp-json\/wp\/v2\/types\/product"}],"wp:featuredmedia":[{"embeddable":true,"href":"https:\/\/www.laiko.net\/es\/wp-json\/wp\/v2\/media\/2668"}],"wp:attachment":[{"href":"https:\/\/www.laiko.net\/es\/wp-json\/wp\/v2\/media?parent=3488"}],"wp:term":[{"taxonomy":"product_cat","embeddable":true,"href":"https:\/\/www.laiko.net\/es\/wp-json\/wp\/v2\/product_cat?post=3488"},{"taxonomy":"product_tag","embeddable":true,"href":"https:\/\/www.laiko.net\/es\/wp-json\/wp\/v2\/product_tag?post=3488"}],"curies":[{"name":"wp","href":"https:\/\/api.w.org\/{rel}","templated":true}]}}