{"id":3487,"date":"2023-10-27T16:49:41","date_gmt":"2023-10-27T08:49:41","guid":{"rendered":"http:\/\/www3.laiko.net\/?post_type=product&#038;p=3487"},"modified":"2023-10-31T16:16:56","modified_gmt":"2023-10-31T08:16:56","slug":"metal-raschig-ring","status":"publish","type":"product","link":"https:\/\/www.laiko.net\/es\/producto\/anillo-raschig-de-metal\/","title":{"rendered":"Anillo Raschig de metal"},"content":{"rendered":"<h2>Par\u00e1metros del anillo Raschig de metal<\/h2>\n<div class=\"overflow_x\">\n<table>\n<tbody>\n<tr class=\"firstRow\">\n<td rowspan=\"2\" height=\"38\">Nombre<\/td>\n<td height=\"24\">Normal<\/td>\n<td colspan=\"2\" height=\"24\">Di\u00e1metro*Altura*<br \/>\nEspesor<\/td>\n<td height=\"24\">Superficie<\/td>\n<td height=\"24\">Espacio vac\u00edo<\/td>\n<td height=\"24\">Densidad aparente<\/td>\n<td height=\"24\">No.elementos<\/td>\n<\/tr>\n<tr>\n<td height=\"14\">mm<\/td>\n<td colspan=\"2\" height=\"14\">mm<\/td>\n<td height=\"14\">m2\/m3<\/td>\n<td height=\"14\">%<\/td>\n<td height=\"14\">kg\/m3<\/td>\n<td height=\"14\">por\/m3<\/td>\n<\/tr>\n<tr>\n<td rowspan=\"8\" height=\"114\">Metal<br \/>\nAnillo Raschig<\/td>\n<td height=\"14\">\u00f810<\/td>\n<td colspan=\"2\" height=\"14\">10*10*0.3<\/td>\n<td height=\"14\">500<\/td>\n<td height=\"14\">75<\/td>\n<td height=\"14\">571<\/td>\n<td height=\"14\">768000<\/td>\n<\/tr>\n<tr>\n<td height=\"14\">\u00f812.7<\/td>\n<td colspan=\"2\" height=\"14\">12.7*12.7*0.3<\/td>\n<td height=\"14\">400<\/td>\n<td height=\"14\">80<\/td>\n<td height=\"14\">490<\/td>\n<td height=\"14\">410000<\/td>\n<\/tr>\n<tr>\n<td height=\"14\">\u00f816<\/td>\n<td colspan=\"2\" height=\"14\">16*16*0.3(0.4)<\/td>\n<td height=\"14\">350<\/td>\n<td height=\"14\">86<\/td>\n<td height=\"14\">408(543)<\/td>\n<td height=\"14\">214000<\/td>\n<\/tr>\n<tr>\n<td height=\"14\">\u00f825<\/td>\n<td colspan=\"2\" height=\"14\">25*25*0.5(0.6)<\/td>\n<td height=\"14\">220<\/td>\n<td height=\"14\">88<\/td>\n<td height=\"14\">403(483)<\/td>\n<td height=\"14\">52000<\/td>\n<\/tr>\n<tr>\n<td height=\"14\">\u00f838<\/td>\n<td colspan=\"2\" height=\"14\">38*38*0.6(0.8)<\/td>\n<td height=\"14\">150<\/td>\n<td height=\"14\">90<\/td>\n<td height=\"14\">326(435)<\/td>\n<td height=\"14\">15200<\/td>\n<\/tr>\n<tr>\n<td height=\"14\">\u00f850<\/td>\n<td colspan=\"2\" height=\"14\">50*50*0.8(1.0)<\/td>\n<td height=\"14\">110<\/td>\n<td height=\"14\">92<\/td>\n<td height=\"14\">322(403)<\/td>\n<td height=\"14\">6500<\/td>\n<\/tr>\n<tr>\n<td height=\"14\">\u00f876<\/td>\n<td colspan=\"2\" height=\"14\">76*76*1.0(1.2)<\/td>\n<td height=\"14\">68<\/td>\n<td height=\"14\">95<\/td>\n<td height=\"14\">262(314)<\/td>\n<td height=\"14\">1830<\/td>\n<\/tr>\n<tr>\n<td height=\"14\">\u00f889<\/td>\n<td colspan=\"2\" height=\"14\">89*89*1.2(1.5)<\/td>\n<td height=\"14\">58<\/td>\n<td height=\"14\">97<\/td>\n<td height=\"14\">283(353)<\/td>\n<td height=\"14\">1200<\/td>\n<\/tr>\n<\/tbody>\n<\/table>\n<\/div>\n<h2>Ventajas del anillo Raschig met\u00e1lico<\/h2>\n<ul class=\"list-paddingleft-2\">\n<li>Alta eficacia de separaci\u00f3n<\/li>\n<li>Gran capacidad y baja ca\u00edda de presi\u00f3n<\/li>\n<li>Alta separaci\u00f3n, resistente al fr\u00edo y al calor<\/li>\n<li>Gran durabilidad y longevidad<\/li>\n<\/ul>\n<h2>Aplicaci\u00f3n del anillo Raschig met\u00e1lico<\/h2>\n<ul class=\"list-paddingleft-2\">\n<li>Destilaci\u00f3n petroqu\u00edmica y aplicaciones de extracci\u00f3n<\/li>\n<li>Absorci\u00f3n en tratamiento de gases, instalaciones de combusti\u00f3n y columnas<\/li>\n<li>Separaci\u00f3n y desorci\u00f3n del vapor en el tratamiento del agua<\/li>\n<li>Condensaci\u00f3n<\/li>\n<\/ul>\n<h2><\/h2>","protected":false},"excerpt":{"rendered":"<p>El anillo met\u00e1lico Raschig (MCR) ha demostrado ser una buena empaquetadura de torre para una amplia gama de aplicaciones de transferencia de masa. Proporciona una de las mayores \u00e1reas de superficie entre las opciones de empaquetadura de torre y soporta cargas pesadas, alteraciones del proceso y cambios bruscos de temperatura. NAIKE puede ofrecer anillos raschig met\u00e1licos de diferentes tama\u00f1os y materiales seg\u00fan sus aplicaciones espec\u00edficas de separaci\u00f3n.<\/p>","protected":false},"featured_media":2695,"template":"","meta":{"_seopress_robots_primary_cat":"","_monsterinsights_skip_tracking":false,"_monsterinsights_sitenote_active":false,"_monsterinsights_sitenote_note":"","_monsterinsights_sitenote_category":0,"_joinchat":[]},"product_cat":[103,86],"product_tag":[],"class_list":["post-3487","product","type-product","status-publish","has-post-thumbnail","hentry","product_cat-metal-tower-packing","product_cat-raschig-ring"],"featured_image_urls":{"full":["https:\/\/www.laiko.net\/wp-content\/uploads\/2023\/10\/frc-a6d274424c4729c803d28ece0e7966cd.jpg",600,350,false],"thumbnail":["https:\/\/www.laiko.net\/wp-content\/uploads\/2023\/10\/frc-a6d274424c4729c803d28ece0e7966cd-150x150.jpg",150,150,true],"medium":["https:\/\/www.laiko.net\/wp-content\/uploads\/2023\/10\/frc-a6d274424c4729c803d28ece0e7966cd-300x175.jpg",300,175,true],"medium_large":["https:\/\/www.laiko.net\/wp-content\/uploads\/2023\/10\/frc-a6d274424c4729c803d28ece0e7966cd.jpg",600,350,false],"large":["https:\/\/www.laiko.net\/wp-content\/uploads\/2023\/10\/frc-a6d274424c4729c803d28ece0e7966cd.jpg",600,350,false],"1536x1536":["https:\/\/www.laiko.net\/wp-content\/uploads\/2023\/10\/frc-a6d274424c4729c803d28ece0e7966cd.jpg",600,350,false],"2048x2048":["https:\/\/www.laiko.net\/wp-content\/uploads\/2023\/10\/frc-a6d274424c4729c803d28ece0e7966cd.jpg",600,350,false],"trp-custom-language-flag":["https:\/\/www.laiko.net\/wp-content\/uploads\/2023\/10\/frc-a6d274424c4729c803d28ece0e7966cd.jpg",18,12,false],"woocommerce_thumbnail":["https:\/\/www.laiko.net\/wp-content\/uploads\/2023\/10\/frc-a6d274424c4729c803d28ece0e7966cd-300x175.jpg",300,175,true],"woocommerce_single":["https:\/\/www.laiko.net\/wp-content\/uploads\/2023\/10\/frc-a6d274424c4729c803d28ece0e7966cd.jpg",600,350,false],"woocommerce_gallery_thumbnail":["https:\/\/www.laiko.net\/wp-content\/uploads\/2023\/10\/frc-a6d274424c4729c803d28ece0e7966cd-100x100.jpg",100,100,true]},"post_excerpt_stackable":"<p>Metal Raschig Ring (MCR) is proved to be a kind of good tower packing a wide range of mass transfer applications. It provides one of those largest surface areas among tower packing options and handles heavy loading, process upsets and temperature shocks. NAIKE can offer metal raschig rings of different sizes and materials according to your specific separation applications.<\/p>\n","category_list":"","author_info":{"name":"","url":""},"comments_num":"0 comentarios","_links":{"self":[{"href":"https:\/\/www.laiko.net\/es\/wp-json\/wp\/v2\/product\/3487","targetHints":{"allow":["GET"]}}],"collection":[{"href":"https:\/\/www.laiko.net\/es\/wp-json\/wp\/v2\/product"}],"about":[{"href":"https:\/\/www.laiko.net\/es\/wp-json\/wp\/v2\/types\/product"}],"wp:featuredmedia":[{"embeddable":true,"href":"https:\/\/www.laiko.net\/es\/wp-json\/wp\/v2\/media\/2695"}],"wp:attachment":[{"href":"https:\/\/www.laiko.net\/es\/wp-json\/wp\/v2\/media?parent=3487"}],"wp:term":[{"taxonomy":"product_cat","embeddable":true,"href":"https:\/\/www.laiko.net\/es\/wp-json\/wp\/v2\/product_cat?post=3487"},{"taxonomy":"product_tag","embeddable":true,"href":"https:\/\/www.laiko.net\/es\/wp-json\/wp\/v2\/product_tag?post=3487"}],"curies":[{"name":"wp","href":"https:\/\/api.w.org\/{rel}","templated":true}]}}