{"id":3481,"date":"2023-11-10T16:26:39","date_gmt":"2023-11-10T08:26:39","guid":{"rendered":"http:\/\/www3.laiko.net\/?post_type=product&#038;p=3481"},"modified":"2024-01-10T10:28:49","modified_gmt":"2024-01-10T02:28:49","slug":"metal-pall-ring","status":"publish","type":"product","link":"https:\/\/www.laiko.net\/es\/producto\/anillo-de-metal-pall\/","title":{"rendered":"Anillo met\u00e1lico Pall"},"content":{"rendered":"<h2>Par\u00e1metros de Metal Pall Ring<\/h2>\n<div class=\"overflow_x\">\n<table cellspacing=\"0\" cellpadding=\"0\">\n<colgroup>\n<col \/>\n<col \/>\n<col \/>\n<col \/>\n<col \/>\n<col \/>\n<col \/>\n<col \/>\n<col \/><\/colgroup>\n<tbody>\n<tr class=\"firstRow\">\n<td colspan=\"9\" height=\"27\">\u00a0 \u00a0 \u00a0 \u00a0 \u00a0 \u00a0 \u00a0 \u00a0 \u00a0 \u00a0 \u00a0 \u00a0 \u00a0 \u00a0 \u00a0 \u00a0 \u00a0 \u00a0 \u00a0 \u00a0 \u00a0 \u00a0 \u00a0 \u00a0 \u00a0 \u00a0 \u00a0 \u00a0 \u00a0 \u00a0 \u00a0 \u00a0 \u00a0 \u00a0 \u00a0 \u00a0 \u00a0 \u00a0 \u00a0 \u00a0 \u00a0Especificaci\u00f3n<\/td>\n<\/tr>\n<tr>\n<td rowspan=\"2\" height=\"55\">Nombre<\/td>\n<td>Normal<\/td>\n<td colspan=\"2\">Di\u00e1metro*Altura*Grosor<\/td>\n<td>Superficie<\/td>\n<td>Espacio vac\u00edo<\/td>\n<td>Densidad aparente<\/td>\n<td>No.elementos<\/td>\n<td>Factor de embalaje<\/td>\n<\/tr>\n<tr>\n<td>mm<\/td>\n<td colspan=\"2\">mm<\/td>\n<td>m2\/m3<\/td>\n<td>%<\/td>\n<td>kg\/m3<\/td>\n<td>por\/m3<\/td>\n<td>m-1<\/td>\n<\/tr>\n<tr>\n<td rowspan=\"4\" height=\"76\">Anillo Pall<\/td>\n<td>\u00f816<\/td>\n<td colspan=\"2\">16*16*0.4<\/td>\n<td>239<\/td>\n<td>92.8<\/td>\n<td>365<\/td>\n<td>205000<\/td>\n<td>299<\/td>\n<\/tr>\n<tr>\n<td>\u00f825<\/td>\n<td colspan=\"2\">25*25*0.6<\/td>\n<td>219<\/td>\n<td>93.4<\/td>\n<td>427<\/td>\n<td>55900<\/td>\n<td>269<\/td>\n<\/tr>\n<tr>\n<td>\u00f838<\/td>\n<td colspan=\"2\">38*38*0.8<\/td>\n<td>129<\/td>\n<td>94.5<\/td>\n<td>365<\/td>\n<td>13000<\/td>\n<td>153<\/td>\n<\/tr>\n<tr>\n<td>\u00f850<\/td>\n<td colspan=\"2\">50*50*1.0<\/td>\n<td>112.3<\/td>\n<td>94.9<\/td>\n<td>395<\/td>\n<td>6500<\/td>\n<td>131<\/td>\n<\/tr>\n<\/tbody>\n<\/table>\n<\/div>\n<p>Nota:<\/p>\n<p>Los datos anteriores hacen referencia al material acero inoxidable en el espesor de material indicado.<\/p>\n<p>Otros materiales disponibles: acero al carbono, aluminio, bronce, acero inoxidable, incluidos 304, 304L, 410, 316, 316L.<\/p>\n<h2>Ventajas de Metal Pall Ring<\/h2>\n<ul class=\"list-paddingleft-2\">\n<li>Este\u00a0<a href=\"https:\/\/www.laiko.net\/products\/pall-ring\/\" target=\"_self\" rel=\"noopener\">empaquetadura de anillo pall<\/a>\u00a0posee un alto nivel de carga y rendimiento<\/li>\n<li>F\u00e1cilmente mojable<\/li>\n<li>En\u00a0<a href=\"https:\/\/www.laiko.net\/product-category\/tower-packing-column-packing\/random-packing\/\" target=\"_self\" rel=\"noopener\">empaquetado aleatorio en torre<\/a>\u00a0tiene alta Resistencia de Ensuciamiento y Aplicaciones de Temperatura<\/li>\n<li>Peso espec\u00edfico peque\u00f1o<\/li>\n<li>Mec\u00e1nicamente robusto y adecuado para lechos m\u00e1s profundos<\/li>\n<li>Buena distribuci\u00f3n de l\u00edquidos y gases<\/li>\n<li>Alta eficacia de transferencia de masa<\/li>\n<\/ul>\n<h2>Aplicaci\u00f3n de Metal Pall Ring<\/h2>\n<p>Como profesional\u00a0<a href=\"https:\/\/www.laiko.net\/product-category\/tower-packing-column-packing\/\" target=\"_self\" rel=\"noopener\">fabricante de envases de torre<\/a>Ofrecemos anillos met\u00e1licos que pueden utilizarse en diversas situaciones.<\/p>\n<ul class=\"list-paddingleft-2\">\n<li>Diversas aplicaciones de separaci\u00f3n y absorci\u00f3n<\/li>\n<li>Servicios de absorci\u00f3n y extracci\u00f3n<\/li>\n<li>Decapado con vapor<\/li>\n<li>Torres Quench<\/li>\n<li>Refrigeraci\u00f3n por contacto directo<\/li>\n<li>Torres de reacci\u00f3n<\/li>\n<li>Columnas de destilaci\u00f3n<\/li>\n<li>Embalaje en torre<\/li>\n<\/ul>","protected":false},"excerpt":{"rendered":"<p>Los anillos met\u00e1licos Pall son un avance del anillo Raschig, con dimensiones cil\u00edndricas similares pero con dos filas de orificios perforados, con dedos o bandas giradas hacia el centro del cilindro. Esto tiene el efecto de aumentar significativamente el rendimiento de la empaquetadura, tanto en t\u00e9rminos de caudal como de eficacia y ca\u00edda de presi\u00f3n.<\/p>","protected":false},"featured_media":2615,"template":"","meta":{"_seopress_robots_primary_cat":"none","_monsterinsights_skip_tracking":false,"_monsterinsights_sitenote_active":false,"_monsterinsights_sitenote_note":"","_monsterinsights_sitenote_category":0,"_joinchat":[]},"product_cat":[103,85],"product_tag":[],"class_list":["post-3481","product","type-product","status-publish","has-post-thumbnail","hentry","product_cat-metal-tower-packing","product_cat-pall-ring"],"featured_image_urls":{"full":["https:\/\/www.laiko.net\/wp-content\/uploads\/2023\/10\/frc-6f35884bbde95f141d96eba824f60eea.jpg",600,350,false],"thumbnail":["https:\/\/www.laiko.net\/wp-content\/uploads\/2023\/10\/frc-6f35884bbde95f141d96eba824f60eea-150x150.jpg",150,150,true],"medium":["https:\/\/www.laiko.net\/wp-content\/uploads\/2023\/10\/frc-6f35884bbde95f141d96eba824f60eea-300x175.jpg",300,175,true],"medium_large":["https:\/\/www.laiko.net\/wp-content\/uploads\/2023\/10\/frc-6f35884bbde95f141d96eba824f60eea.jpg",600,350,false],"large":["https:\/\/www.laiko.net\/wp-content\/uploads\/2023\/10\/frc-6f35884bbde95f141d96eba824f60eea.jpg",600,350,false],"1536x1536":["https:\/\/www.laiko.net\/wp-content\/uploads\/2023\/10\/frc-6f35884bbde95f141d96eba824f60eea.jpg",600,350,false],"2048x2048":["https:\/\/www.laiko.net\/wp-content\/uploads\/2023\/10\/frc-6f35884bbde95f141d96eba824f60eea.jpg",600,350,false],"trp-custom-language-flag":["https:\/\/www.laiko.net\/wp-content\/uploads\/2023\/10\/frc-6f35884bbde95f141d96eba824f60eea.jpg",18,12,false],"woocommerce_thumbnail":["https:\/\/www.laiko.net\/wp-content\/uploads\/2023\/10\/frc-6f35884bbde95f141d96eba824f60eea-300x175.jpg",300,175,true],"woocommerce_single":["https:\/\/www.laiko.net\/wp-content\/uploads\/2023\/10\/frc-6f35884bbde95f141d96eba824f60eea.jpg",600,350,false],"woocommerce_gallery_thumbnail":["https:\/\/www.laiko.net\/wp-content\/uploads\/2023\/10\/frc-6f35884bbde95f141d96eba824f60eea-100x100.jpg",100,100,true]},"post_excerpt_stackable":"<p>Metallic Pall Rings are an advancement on the Raschig Ring, with similar cylindrical dimensions but with two rows of punched out holes, with fingers or webs turned into the centre of the cylinder. This has the impact of significantly increasing the performance of the packing, both in terms of throughput, efficiency and pressure drop.<\/p>\n","category_list":"","author_info":{"name":"","url":""},"comments_num":"0 comentarios","_links":{"self":[{"href":"https:\/\/www.laiko.net\/es\/wp-json\/wp\/v2\/product\/3481","targetHints":{"allow":["GET"]}}],"collection":[{"href":"https:\/\/www.laiko.net\/es\/wp-json\/wp\/v2\/product"}],"about":[{"href":"https:\/\/www.laiko.net\/es\/wp-json\/wp\/v2\/types\/product"}],"wp:featuredmedia":[{"embeddable":true,"href":"https:\/\/www.laiko.net\/es\/wp-json\/wp\/v2\/media\/2615"}],"wp:attachment":[{"href":"https:\/\/www.laiko.net\/es\/wp-json\/wp\/v2\/media?parent=3481"}],"wp:term":[{"taxonomy":"product_cat","embeddable":true,"href":"https:\/\/www.laiko.net\/es\/wp-json\/wp\/v2\/product_cat?post=3481"},{"taxonomy":"product_tag","embeddable":true,"href":"https:\/\/www.laiko.net\/es\/wp-json\/wp\/v2\/product_tag?post=3481"}],"curies":[{"name":"wp","href":"https:\/\/api.w.org\/{rel}","templated":true}]}}