{"id":3480,"date":"2023-10-27T16:21:42","date_gmt":"2023-10-27T08:21:42","guid":{"rendered":"http:\/\/www3.laiko.net\/?post_type=product&#038;p=3480"},"modified":"2023-11-29T11:07:40","modified_gmt":"2023-11-29T03:07:40","slug":"ceramic-pall-ring","status":"publish","type":"product","link":"https:\/\/www.laiko.net\/es\/producto\/anillo-pall-de-ceramica\/","title":{"rendered":"Anillo Pall de cer\u00e1mica"},"content":{"rendered":"<h2>Par\u00e1metros del anillo cer\u00e1mico Pall<\/h2>\n<div class=\"overflow_x\">\n<table cellspacing=\"0\" cellpadding=\"0\">\n<colgroup>\n<col \/>\n<col \/>\n<col \/>\n<col span=\"4\" \/>\n<col \/>\n<col \/><\/colgroup>\n<tbody>\n<tr class=\"firstRow\">\n<td height=\"36\">Nombre<\/td>\n<td>Talla<\/td>\n<td colspan=\"2\">Di\u00e1metro (mm)<\/td>\n<td colspan=\"2\">Peso (kg\/m3)<\/td>\n<td>Piezas(m3)<\/td>\n<td>Superficie(m2\/m3)<\/td>\n<td>Vac\u00edo(%)<\/td>\n<\/tr>\n<tr>\n<td rowspan=\"4\" height=\"80\">Anillo Pall de cer\u00e1mica<\/td>\n<td>\u00f825<\/td>\n<td colspan=\"2\">25*25*3<\/td>\n<td colspan=\"2\">630<\/td>\n<td>36000<\/td>\n<td>210<\/td>\n<td>73<\/td>\n<\/tr>\n<tr>\n<td>\u00f838<\/td>\n<td colspan=\"2\">38*38*4<\/td>\n<td colspan=\"2\">590<\/td>\n<td>12000<\/td>\n<td>140<\/td>\n<td>75<\/td>\n<\/tr>\n<tr>\n<td>\u00f850<\/td>\n<td colspan=\"2\">50*50*5<\/td>\n<td colspan=\"2\">520<\/td>\n<td>4,900<\/td>\n<td>100<\/td>\n<td>78<\/td>\n<\/tr>\n<tr>\n<td>\u00f876<\/td>\n<td colspan=\"2\">76*76*9<\/td>\n<td colspan=\"2\">470<\/td>\n<td>1,500<\/td>\n<td>70<\/td>\n<td>80<\/td>\n<\/tr>\n<\/tbody>\n<\/table>\n<\/div>\n<h2>Ventajas del anillo cer\u00e1mico Pall<\/h2>\n<ul class=\"list-paddingleft-2\">\n<li>Este\u00a0<a href=\"https:\/\/www.laiko.net\/products\/pall-ring\/\" target=\"_self\" rel=\"noopener\">empaquetadura de anillo pall<\/a>\u00a0se adapta a aplicaciones de alta capacidad y baja ca\u00edda de presi\u00f3n<\/li>\n<li>Una gama de tama\u00f1os permite que la torre funcione con una eficiencia y un rendimiento \u00f3ptimos<\/li>\n<li>El alto grado de aleatoriedad<\/li>\n<li>La proporci\u00f3n constante de pasos libres y bloqueados, independientemente de la orientaci\u00f3n.<\/li>\n<li>la gran relaci\u00f3n superficie\/volumen aumenta la velocidad de renovaci\u00f3n de la superficie de la pel\u00edcula l\u00edquida para mejorar la transferencia de masa<\/li>\n<\/ul>\n<p>En\u00a0<a href=\"https:\/\/www.laiko.net\/product-category\/tower-packing-column-packing\/random-packing\/\" target=\"_self\" rel=\"noopener\">empaquetado aleatorio en torre<\/a>\u00a0se ha previsto que el anillo de Pall se puede utilizar en casi todos los tipos de separaci\u00f3n, descompresiones constantes, plantas de absorber, planta de amon\u00edaco compuesto, desulfuraci\u00f3n, descarbonizaci\u00f3n, separaci\u00f3n de isooctano\/metilbenceno, separaci\u00f3n de etilbenceno, aireaci\u00f3n, absorci\u00f3n, desorci\u00f3n, desgasificaci\u00f3n, acci\u00f3n de stripping, extracci\u00f3n, recuperaci\u00f3n de calor, y la presi\u00f3n atmosf\u00e9rica s de separaci\u00f3n y absorci\u00f3n, es cuando el propietario ca\u00edda de presi\u00f3n se produce en un nivel cr\u00edtico.<\/p>\n<p>Adem\u00e1s, tambi\u00e9n se utiliza para torres de enfriamiento, refrigeraci\u00f3n por contacto directo, extracci\u00f3n de vapor, columnas de reacci\u00f3n, columnas de destilaci\u00f3n y empaquetadura de torres. El anillo Pall se ha dise\u00f1ado en diferentes tama\u00f1os para optimizar su capacidad y eficacia de rendimiento en los distintos requisitos de aplicaci\u00f3n.<\/p>\n<p>Naike es un\u00a0<a href=\"https:\/\/www.laiko.net\/product-category\/tower-packing-column-packing\/\" target=\"_self\" rel=\"noopener\">fabricante de envases de torre<\/a>\u00a0que ofrece productos fiables de anillo pall de cer\u00e1mica. Si desea obtener m\u00e1s informaci\u00f3n, p\u00f3ngase en contacto con nosotros.<\/p>","protected":false},"excerpt":{"rendered":"<p>Ceramic Pall Ring es un tipo de empaquetadura aleatoria desarrollada a partir de Raschig Ring, con dos capas de ventanas abiertas a lo largo de su pared tubular.<\/p>","protected":false},"featured_media":2638,"template":"","meta":{"_seopress_robots_primary_cat":"none","_monsterinsights_skip_tracking":false,"_monsterinsights_sitenote_active":false,"_monsterinsights_sitenote_note":"","_monsterinsights_sitenote_category":0,"_joinchat":[]},"product_cat":[102,85],"product_tag":[],"class_list":["post-3480","product","type-product","status-publish","has-post-thumbnail","hentry","product_cat-ceramic-tower-packing","product_cat-pall-ring"],"featured_image_urls":{"full":["https:\/\/www.laiko.net\/wp-content\/uploads\/2023\/10\/frc-e00d0944837eace58e174b532cb0c68d.jpg",600,350,false],"thumbnail":["https:\/\/www.laiko.net\/wp-content\/uploads\/2023\/10\/frc-e00d0944837eace58e174b532cb0c68d-150x150.jpg",150,150,true],"medium":["https:\/\/www.laiko.net\/wp-content\/uploads\/2023\/10\/frc-e00d0944837eace58e174b532cb0c68d-300x175.jpg",300,175,true],"medium_large":["https:\/\/www.laiko.net\/wp-content\/uploads\/2023\/10\/frc-e00d0944837eace58e174b532cb0c68d.jpg",600,350,false],"large":["https:\/\/www.laiko.net\/wp-content\/uploads\/2023\/10\/frc-e00d0944837eace58e174b532cb0c68d.jpg",600,350,false],"1536x1536":["https:\/\/www.laiko.net\/wp-content\/uploads\/2023\/10\/frc-e00d0944837eace58e174b532cb0c68d.jpg",600,350,false],"2048x2048":["https:\/\/www.laiko.net\/wp-content\/uploads\/2023\/10\/frc-e00d0944837eace58e174b532cb0c68d.jpg",600,350,false],"trp-custom-language-flag":["https:\/\/www.laiko.net\/wp-content\/uploads\/2023\/10\/frc-e00d0944837eace58e174b532cb0c68d.jpg",18,12,false],"woocommerce_thumbnail":["https:\/\/www.laiko.net\/wp-content\/uploads\/2023\/10\/frc-e00d0944837eace58e174b532cb0c68d-300x175.jpg",300,175,true],"woocommerce_single":["https:\/\/www.laiko.net\/wp-content\/uploads\/2023\/10\/frc-e00d0944837eace58e174b532cb0c68d.jpg",600,350,false],"woocommerce_gallery_thumbnail":["https:\/\/www.laiko.net\/wp-content\/uploads\/2023\/10\/frc-e00d0944837eace58e174b532cb0c68d-100x100.jpg",100,100,true]},"post_excerpt_stackable":"<p>Ceramic Pall Ring is a kind of random packing further developed based on Raschig Ring, with two layers of windows opened along its tube wall.<\/p>\n","category_list":"","author_info":{"name":"","url":""},"comments_num":"0 comentarios","_links":{"self":[{"href":"https:\/\/www.laiko.net\/es\/wp-json\/wp\/v2\/product\/3480","targetHints":{"allow":["GET"]}}],"collection":[{"href":"https:\/\/www.laiko.net\/es\/wp-json\/wp\/v2\/product"}],"about":[{"href":"https:\/\/www.laiko.net\/es\/wp-json\/wp\/v2\/types\/product"}],"wp:featuredmedia":[{"embeddable":true,"href":"https:\/\/www.laiko.net\/es\/wp-json\/wp\/v2\/media\/2638"}],"wp:attachment":[{"href":"https:\/\/www.laiko.net\/es\/wp-json\/wp\/v2\/media?parent=3480"}],"wp:term":[{"taxonomy":"product_cat","embeddable":true,"href":"https:\/\/www.laiko.net\/es\/wp-json\/wp\/v2\/product_cat?post=3480"},{"taxonomy":"product_tag","embeddable":true,"href":"https:\/\/www.laiko.net\/es\/wp-json\/wp\/v2\/product_tag?post=3480"}],"curies":[{"name":"wp","href":"https:\/\/api.w.org\/{rel}","templated":true}]}}