{"id":3470,"date":"2023-10-27T14:53:34","date_gmt":"2023-10-27T06:53:34","guid":{"rendered":"http:\/\/www3.laiko.net\/?post_type=product&#038;p=3470"},"modified":"2023-11-11T17:37:02","modified_gmt":"2023-11-11T09:37:02","slug":"dixon-ring","status":"publish","type":"product","link":"https:\/\/www.laiko.net\/es\/producto\/anillo-dixon\/","title":{"rendered":"Anillo Dixon"},"content":{"rendered":"<h2>Visi\u00f3n general del anillo Dixon<\/h2>\n<p>Tambi\u00e9n conocido como Dixon (Dixon) de embalaje, es una peque\u00f1a part\u00edcula de embalaje eficiente, hecha de malla de alambre o placa de perforaci\u00f3n-agujero, el di\u00e1metro y la altura del embalaje es igual, utilizado principalmente en el laboratorio y el embalaje de lotes peque\u00f1os, de alta pureza proceso de separaci\u00f3n de productos.<\/p>\n<p>La ca\u00edda de presi\u00f3n de los rellenos est\u00e1 relacionada con factores como la velocidad del gas, la cantidad de l\u00edquido pulverizado, el peso del sistema de materiales, la tensi\u00f3n superficial, la viscosidad y las propiedades de los rellenos, adem\u00e1s de estar relacionada con el tratamiento previo a la inundaci\u00f3n de los rellenos. Las condiciones de los siguientes datos se operan a reflujo total, y la presi\u00f3n de operaci\u00f3n es la presi\u00f3n normal como referencia.<\/p>\n<p>\u03a6 1,5 x 1,5 \u03a6 la ca\u00edda de presi\u00f3n en la torre de 13 mm \u03a6 es de 70 ~ 400 mmh2o\/m (cresil etano)<\/p>\n<p>\u03a6 2,5 x 2,5 en la torre de 50 mm \u03a6 la ca\u00edda de presi\u00f3n es de 55 ~ 250 mmh2o\/m (cresil etano).<\/p>\n<p>\u03a6 La ca\u00edda de presi\u00f3n 4 x 4 en la torre de 50 mm \u03a6 es de 30 ~ 200 mmh2o\/m (agua).<\/p>\n<p>Adem\u00e1s, la cantidad de hist\u00e9resis de los rellenos de anillos de reorganizaci\u00f3n es mayor que la de los rellenos s\u00f3lidos del mismo tipo, lo que indica que la humectaci\u00f3n de la superficie de los anillos de reorganizaci\u00f3n es m\u00e1s completa que la de los anillos de porcelana generales, lo que conduce a una mayor tasa de formaci\u00f3n de pel\u00edcula y a una mayor eficacia. En cuanto a los rellenos de menor di\u00e1metro, esto es m\u00e1s evidente.<\/p>\n<p>A medida que aumenta el di\u00e1metro de la torre, el n\u00famero de platos te\u00f3ricos disminuye considerablemente (HETP = 0,8 ~ 1,2dr en Dr\/d&gt;10, pero la eficiencia de empaquetamiento disminuye significativamente en Dr\/d&gt;70). El n\u00famero de platos te\u00f3ricos aumenta a medida que aumenta la velocidad del gas, pero disminuye a medida que disminuye la tasa de humectaci\u00f3n de la superficie.<\/p>\n<p>Mi empresa produce rellenos para una sola capa de serigraf\u00eda.<\/p>\n<h2>Par\u00e1metros del anillo Dixon<\/h2>\n<div class=\"overflow_x\">\n<table cellspacing=\"0\">\n<tbody>\n<tr class=\"firstRow\">\n<td valign=\"center\">Especificaciones<\/td>\n<td valign=\"center\">Malla<\/td>\n<td valign=\"center\">Di\u00e1metro de la torre (mm)<\/td>\n<td valign=\"center\">N\u00famero te\u00f3rico de placas\/m<\/td>\n<td valign=\"center\">Densidad del envase (kg\/m3)<\/td>\n<td valign=\"center\">Porosidad (%)<\/td>\n<td valign=\"center\">Relaci\u00f3n de presi\u00f3n (mbar\/m)<\/td>\n<\/tr>\n<tr>\n<td valign=\"center\">\u03b82X2<\/td>\n<td valign=\"center\">100<\/td>\n<td valign=\"center\">\u03b810-\u03b835<\/td>\n<td valign=\"center\">60-65<\/td>\n<td valign=\"center\">670<\/td>\n<td valign=\"center\">91<\/td>\n<td valign=\"center\">30<\/td>\n<\/tr>\n<tr>\n<td valign=\"center\">\u03b83\u00d73<\/td>\n<td valign=\"center\">100<\/td>\n<td valign=\"center\">\u03b820-\u03b850<\/td>\n<td valign=\"center\">50-55<\/td>\n<td valign=\"center\">520<\/td>\n<td valign=\"center\">93<\/td>\n<td valign=\"center\">15<\/td>\n<\/tr>\n<tr>\n<td valign=\"center\">\u03b84\u00d74<\/td>\n<td valign=\"center\">100<\/td>\n<td valign=\"center\">\u03b820-\u03b870<\/td>\n<td valign=\"center\">30-32<\/td>\n<td valign=\"center\">380<\/td>\n<td valign=\"center\">95<\/td>\n<td valign=\"center\">10<\/td>\n<\/tr>\n<tr>\n<td valign=\"center\">\u03b85\u00d75<\/td>\n<td valign=\"center\">100<\/td>\n<td valign=\"center\">\u03b820-\u03b8100<\/td>\n<td valign=\"center\">15-20<\/td>\n<td valign=\"center\">295<\/td>\n<td valign=\"center\">95<\/td>\n<td valign=\"center\">10<\/td>\n<\/tr>\n<tr>\n<td valign=\"center\">\u03b86\u00d76<\/td>\n<td valign=\"center\">80<\/td>\n<td valign=\"center\">\u03b820-\u03b8150<\/td>\n<td valign=\"center\">12-15<\/td>\n<td valign=\"center\">280<\/td>\n<td valign=\"center\">95<\/td>\n<td valign=\"center\">10<\/td>\n<\/tr>\n<tr>\n<td valign=\"center\">\u03b87\u00d77<\/td>\n<td valign=\"center\">80<\/td>\n<td valign=\"center\">\u03b820-\u03b8200<\/td>\n<td valign=\"center\">14-17<\/td>\n<td valign=\"center\">265<\/td>\n<td valign=\"center\">95<\/td>\n<td valign=\"center\">8<\/td>\n<\/tr>\n<tr>\n<td valign=\"center\">\u03b88\u00d78<\/td>\n<td valign=\"center\">80<\/td>\n<td valign=\"center\">\u03b820-\u03b8250<\/td>\n<td valign=\"center\">10-12<\/td>\n<td valign=\"center\">235<\/td>\n<td valign=\"center\">95<\/td>\n<td valign=\"center\">8<\/td>\n<\/tr>\n<tr>\n<td valign=\"center\">\u03b810\u00d710<\/td>\n<td valign=\"center\">80<\/td>\n<td valign=\"center\">\u03b820-\u03b8300<\/td>\n<td valign=\"center\">7-8<\/td>\n<td valign=\"center\">200<\/td>\n<td valign=\"center\">95<\/td>\n<td valign=\"center\">8<\/td>\n<\/tr>\n<\/tbody>\n<\/table>\n<\/div>","protected":false},"excerpt":{"rendered":"<p>Anillo de Dixon fue dise\u00f1ado originalmente por el Dr. George Olaf Dixon en 1946, es un gran desarrollo de Cer\u00e1mica cruz anillo de partici\u00f3n. Desde su nacimiento, el anillo Dixon se fabricaba a mano, incluso despu\u00e9s de la aparici\u00f3n del proceso automatizado, la mejor calidad del anillo Dixon sigue siendo artesanal. La ventaja del anillo de Dixon es la transferencia de masa de alta eficiencia y las ca\u00eddas de presi\u00f3n extremadamente bajas.<\/p>","protected":false},"featured_media":4061,"template":"","meta":{"_seopress_robots_primary_cat":"","_monsterinsights_skip_tracking":false,"_monsterinsights_sitenote_active":false,"_monsterinsights_sitenote_note":"","_monsterinsights_sitenote_category":0,"_joinchat":[]},"product_cat":[80],"product_tag":[],"class_list":["post-3470","product","type-product","status-publish","has-post-thumbnail","hentry","product_cat-laboratory-packing"],"featured_image_urls":{"full":["https:\/\/www.laiko.net\/wp-content\/uploads\/2023\/10\/dixon-ring.jpg",600,350,false],"thumbnail":["https:\/\/www.laiko.net\/wp-content\/uploads\/2023\/10\/dixon-ring-150x150.jpg",150,150,true],"medium":["https:\/\/www.laiko.net\/wp-content\/uploads\/2023\/10\/dixon-ring-300x175.jpg",300,175,true],"medium_large":["https:\/\/www.laiko.net\/wp-content\/uploads\/2023\/10\/dixon-ring.jpg",600,350,false],"large":["https:\/\/www.laiko.net\/wp-content\/uploads\/2023\/10\/dixon-ring.jpg",600,350,false],"1536x1536":["https:\/\/www.laiko.net\/wp-content\/uploads\/2023\/10\/dixon-ring.jpg",600,350,false],"2048x2048":["https:\/\/www.laiko.net\/wp-content\/uploads\/2023\/10\/dixon-ring.jpg",600,350,false],"trp-custom-language-flag":["https:\/\/www.laiko.net\/wp-content\/uploads\/2023\/10\/dixon-ring.jpg",18,12,false],"woocommerce_thumbnail":["https:\/\/www.laiko.net\/wp-content\/uploads\/2023\/10\/dixon-ring-300x175.jpg",300,175,true],"woocommerce_single":["https:\/\/www.laiko.net\/wp-content\/uploads\/2023\/10\/dixon-ring.jpg",600,350,false],"woocommerce_gallery_thumbnail":["https:\/\/www.laiko.net\/wp-content\/uploads\/2023\/10\/dixon-ring-100x100.jpg",100,100,true]},"post_excerpt_stackable":"<p>Dixon ring was Originally designed by Dr George Olaf Dixon in 1946, it is a large development from Ceramic cross partition ring. Since it was born, Dixon ring was fine handmade, even after the automated process came up, the best quality Dixon ring is still fine handmade. The advantage of Dixon ring is high-efficiency mass transfer and extremely low-pressure drops.<\/p>\n","category_list":"","author_info":{"name":"","url":""},"comments_num":"0 comentarios","_links":{"self":[{"href":"https:\/\/www.laiko.net\/es\/wp-json\/wp\/v2\/product\/3470","targetHints":{"allow":["GET"]}}],"collection":[{"href":"https:\/\/www.laiko.net\/es\/wp-json\/wp\/v2\/product"}],"about":[{"href":"https:\/\/www.laiko.net\/es\/wp-json\/wp\/v2\/types\/product"}],"wp:featuredmedia":[{"embeddable":true,"href":"https:\/\/www.laiko.net\/es\/wp-json\/wp\/v2\/media\/4061"}],"wp:attachment":[{"href":"https:\/\/www.laiko.net\/es\/wp-json\/wp\/v2\/media?parent=3470"}],"wp:term":[{"taxonomy":"product_cat","embeddable":true,"href":"https:\/\/www.laiko.net\/es\/wp-json\/wp\/v2\/product_cat?post=3470"},{"taxonomy":"product_tag","embeddable":true,"href":"https:\/\/www.laiko.net\/es\/wp-json\/wp\/v2\/product_tag?post=3470"}],"curies":[{"name":"wp","href":"https:\/\/api.w.org\/{rel}","templated":true}]}}