{"id":3463,"date":"2023-10-27T14:03:28","date_gmt":"2023-10-27T06:03:28","guid":{"rendered":"http:\/\/www3.laiko.net\/?post_type=product&#038;p=3463"},"modified":"2023-10-27T14:03:44","modified_gmt":"2023-10-27T06:03:44","slug":"insulating-glass-molecular-sieve","status":"publish","type":"product","link":"https:\/\/www.laiko.net\/es\/producto\/vidrio-aislante-tamiz-molecular\/","title":{"rendered":"Vidrio aislante Tamiz molecular"},"content":{"rendered":"<h2>Par\u00e1metros del tamiz molecular de vidrio aislante<\/h2>\n<div class=\"overflow_x\">\n<table cellspacing=\"0\" cellpadding=\"0\">\n<colgroup>\n<col \/>\n<col \/>\n<col \/>\n<col \/>\n<col \/><\/colgroup>\n<tbody>\n<tr class=\"firstRow\">\n<td height=\"24\">Shpe<\/td>\n<td><\/td>\n<td colspan=\"3\">Esfera<\/td>\n<\/tr>\n<tr>\n<td height=\"24\">Di\u00e1metro<\/td>\n<td>mm<\/td>\n<td>0.5-0.8<\/td>\n<td>1.0-1.5<\/td>\n<td>1.5-2.0<\/td>\n<\/tr>\n<tr>\n<td height=\"24\">Volumen de poros<\/td>\n<td>\u00c5<\/td>\n<td>3<\/td>\n<td>3<\/td>\n<td>3<\/td>\n<\/tr>\n<tr>\n<td height=\"24\">Densidad aparente<\/td>\n<td>g\/ml<\/td>\n<td>0.74-0.80<\/td>\n<td>0.72-0.78<\/td>\n<td>0.72-0.78<\/td>\n<\/tr>\n<tr>\n<td height=\"24\">Absorci\u00f3n est\u00e1tica de agua<\/td>\n<td>%<\/td>\n<td>\u226520.0<\/td>\n<td>\u226520.0<\/td>\n<td>\u226520.0<\/td>\n<\/tr>\n<tr>\n<td height=\"24\">Resistencia al aplastamiento<\/td>\n<td>N\/pieza<\/td>\n<td>\u22655<\/td>\n<td>\u226515<\/td>\n<td>\u226520<\/td>\n<\/tr>\n<tr>\n<td height=\"24\">Polvo (Turbid\u00edmetro)<\/td>\n<td>ppm<\/td>\n<td>\u226430<\/td>\n<td>\u226430<\/td>\n<td>\u226430<\/td>\n<\/tr>\n<tr>\n<td height=\"25\">Delta T (10 g \/10ml)<\/td>\n<td>\u2103<\/td>\n<td>\u226538<\/td>\n<td>\u226538<\/td>\n<td>\u226538<\/td>\n<\/tr>\n<tr>\n<td height=\"24\">Capacidad de N2 en equilibrio<\/td>\n<td>%<\/td>\n<td>\u22640.2<\/td>\n<td>\u22640.2<\/td>\n<td>\u22640.2<\/td>\n<\/tr>\n<tr>\n<td height=\"25\">Punto de roc\u00edo<\/td>\n<td>\u2103<\/td>\n<td>&lt;-73<\/td>\n<td>&lt;-73<\/td>\n<td>&lt;-73<\/td>\n<\/tr>\n<tr>\n<td height=\"24\">Proporci\u00f3n de tama\u00f1o<\/td>\n<td>%<\/td>\n<td>\u226598.0<\/td>\n<td>\u226598.0<\/td>\n<td>\u226598.0<\/td>\n<\/tr>\n<tr>\n<td height=\"24\">Contenido de agua, tal como se env\u00eda<\/td>\n<td>%<\/td>\n<td>&lt;1.5<\/td>\n<td>&lt;1.5<\/td>\n<td>&lt;1.5<\/td>\n<\/tr>\n<\/tbody>\n<\/table>\n<\/div>\n<h2>Ventajas del tamiz molecular de vidrio aislante<\/h2>\n<ul class=\"list-paddingleft-2\">\n<li>Adsorci\u00f3n muy selectiva<\/li>\n<\/ul>\n<p>Vidrio aislante\u00a0<a href=\"https:\/\/www.laiko.net\/molecular-sieve-zeolite\/\" target=\"_self\" rel=\"noopener\">material de tamiz molecular<\/a>\u00a0ha sido dise\u00f1ado como adsorbente de alta capacidad de agua con la menor capacidad para el aire u otros gases. La estructura de poros altamente selectiva garantiza una excelente protecci\u00f3n del punto de roc\u00edo del agua, al tiempo que elimina la coadsorci\u00f3n de gases en el espacio de aire sellado.<\/p>\n<ul class=\"list-paddingleft-2\">\n<li>Baja desviaci\u00f3n<\/li>\n<\/ul>\n<p>Dado que el tamiz molecular del vidrio aislante minimiza la captaci\u00f3n de otros gases, reduce la desviaci\u00f3n de la unidad de contribuci\u00f3n adsorbente y la tensi\u00f3n en condiciones clim\u00e1ticas severas.<\/p>\n<ul class=\"list-paddingleft-2\">\n<li>Econom\u00eda y rendimiento<\/li>\n<\/ul>\n<p>El tamiz molecular de vidrio aislante aumenta los \u00edndices de producci\u00f3n de nit rellenas de gas, ya que las unidades pueden sellarse inmediatamente despu\u00e9s del llenado. Adem\u00e1s, el uso de tamiz molecular de vidrio aislante mantiene los valores de aislamiento ac\u00fastico y t\u00e9rmico de la unidad al minimizar la adsorci\u00f3n de gases del espacio sellado.<\/p>\n<ul class=\"list-paddingleft-2\">\n<li>Homog\u00e9neo y no separativo<\/li>\n<\/ul>\n<p>A diferencia de las mezclas de dos desecantes diferentes que se separan debido a las diferentes densidades de los componentes, el tamiz molecular de vidrio aislante es homog\u00e9neo y uniforme. Cada grano es igual a los dem\u00e1s. No hay que preocuparse por la variaci\u00f3n unidad a unidad, que puede producirse con las mezclas.<\/p>\n<ul class=\"list-paddingleft-2\">\n<li>Humedad residual<\/li>\n<\/ul>\n<p>El tamiz molecular de vidrio aislante se suministra como adsorbente de vidrio aislante totalmente activado, listo para su uso en operaciones de relleno de espaciadores.<\/p>","protected":false},"excerpt":{"rendered":"<p>El tamiz molecular para vidrio aislante es el producto que proporciona a la industria del vidrio aislante la mayor capacidad de agua y la menor adsorci\u00f3n de gas para sistemas sin disolventes.<\/p>","protected":false},"featured_media":836,"template":"","meta":{"_seopress_robots_primary_cat":"","_monsterinsights_skip_tracking":false,"_monsterinsights_sitenote_active":false,"_monsterinsights_sitenote_note":"","_monsterinsights_sitenote_category":0,"_joinchat":[]},"product_cat":[79],"product_tag":[],"class_list":["post-3463","product","type-product","status-publish","has-post-thumbnail","hentry","product_cat-molecular-sieve-zeolite"],"featured_image_urls":{"full":["https:\/\/www.laiko.net\/wp-content\/uploads\/2023\/10\/frc-824211b8941a7f30ecdf1ef59b60447a.jpg",600,350,false],"thumbnail":["https:\/\/www.laiko.net\/wp-content\/uploads\/2023\/10\/frc-824211b8941a7f30ecdf1ef59b60447a-150x150.jpg",150,150,true],"medium":["https:\/\/www.laiko.net\/wp-content\/uploads\/2023\/10\/frc-824211b8941a7f30ecdf1ef59b60447a-300x175.jpg",300,175,true],"medium_large":["https:\/\/www.laiko.net\/wp-content\/uploads\/2023\/10\/frc-824211b8941a7f30ecdf1ef59b60447a.jpg",600,350,false],"large":["https:\/\/www.laiko.net\/wp-content\/uploads\/2023\/10\/frc-824211b8941a7f30ecdf1ef59b60447a.jpg",600,350,false],"1536x1536":["https:\/\/www.laiko.net\/wp-content\/uploads\/2023\/10\/frc-824211b8941a7f30ecdf1ef59b60447a.jpg",600,350,false],"2048x2048":["https:\/\/www.laiko.net\/wp-content\/uploads\/2023\/10\/frc-824211b8941a7f30ecdf1ef59b60447a.jpg",600,350,false],"trp-custom-language-flag":["https:\/\/www.laiko.net\/wp-content\/uploads\/2023\/10\/frc-824211b8941a7f30ecdf1ef59b60447a.jpg",18,12,false],"woocommerce_thumbnail":["https:\/\/www.laiko.net\/wp-content\/uploads\/2023\/10\/frc-824211b8941a7f30ecdf1ef59b60447a-300x175.jpg",300,175,true],"woocommerce_single":["https:\/\/www.laiko.net\/wp-content\/uploads\/2023\/10\/frc-824211b8941a7f30ecdf1ef59b60447a.jpg",600,350,false],"woocommerce_gallery_thumbnail":["https:\/\/www.laiko.net\/wp-content\/uploads\/2023\/10\/frc-824211b8941a7f30ecdf1ef59b60447a-100x100.jpg",100,100,true]},"post_excerpt_stackable":"<p>Insulating glass molecular sieve is the product to provide the insulating glass industry with the highest water capacity and lowest gas adsorption for solvent-free systems.<\/p>\n","category_list":"","author_info":{"name":"","url":""},"comments_num":"0 comentarios","_links":{"self":[{"href":"https:\/\/www.laiko.net\/es\/wp-json\/wp\/v2\/product\/3463","targetHints":{"allow":["GET"]}}],"collection":[{"href":"https:\/\/www.laiko.net\/es\/wp-json\/wp\/v2\/product"}],"about":[{"href":"https:\/\/www.laiko.net\/es\/wp-json\/wp\/v2\/types\/product"}],"wp:featuredmedia":[{"embeddable":true,"href":"https:\/\/www.laiko.net\/es\/wp-json\/wp\/v2\/media\/836"}],"wp:attachment":[{"href":"https:\/\/www.laiko.net\/es\/wp-json\/wp\/v2\/media?parent=3463"}],"wp:term":[{"taxonomy":"product_cat","embeddable":true,"href":"https:\/\/www.laiko.net\/es\/wp-json\/wp\/v2\/product_cat?post=3463"},{"taxonomy":"product_tag","embeddable":true,"href":"https:\/\/www.laiko.net\/es\/wp-json\/wp\/v2\/product_tag?post=3463"}],"curies":[{"name":"wp","href":"https:\/\/api.w.org\/{rel}","templated":true}]}}