{"id":3462,"date":"2023-09-27T13:59:23","date_gmt":"2023-09-27T05:59:23","guid":{"rendered":"http:\/\/www3.laiko.net\/?post_type=product&#038;p=3462"},"modified":"2023-11-28T15:54:51","modified_gmt":"2023-11-28T07:54:51","slug":"activated-molecular-sieve-powder","status":"publish","type":"product","link":"https:\/\/www.laiko.net\/es\/producto\/polvo-de-tamiz-molecular-activado\/","title":{"rendered":"Tamiz molecular activado en polvo"},"content":{"rendered":"<h2>Par\u00e1metros del polvo de zeolita activada<\/h2>\n<div class=\"overflow_x\">\n<table cellspacing=\"0\" cellpadding=\"0\">\n<colgroup>\n<col \/>\n<col \/>\n<col \/>\n<col span=\"2\" \/><\/colgroup>\n<tbody>\n<tr class=\"firstRow\">\n<td height=\"22\">Modelo<\/td>\n<td colspan=\"4\">Tamiz molecular activado en polvo<\/td>\n<\/tr>\n<tr>\n<td height=\"22\">Color<\/td>\n<td colspan=\"4\">Blanco<\/td>\n<\/tr>\n<tr>\n<td height=\"22\">Forma<\/td>\n<td colspan=\"4\">Polvo<\/td>\n<\/tr>\n<tr>\n<td height=\"22\">Tipo<\/td>\n<td>3A<\/td>\n<td>4A<\/td>\n<td>5 A<\/td>\n<td>13X<\/td>\n<\/tr>\n<tr>\n<td height=\"22\">Tama\u00f1o (\u03bcm)<\/td>\n<td>2~4<\/td>\n<td>2~4<\/td>\n<td>2~4<\/td>\n<td>2~4<\/td>\n<\/tr>\n<tr>\n<td height=\"22\">Densidad aparente (g\/ml)<\/td>\n<td>\u22650.45<\/td>\n<td>\u22650.43<\/td>\n<td>\u22650.45<\/td>\n<td>\u22650.40<\/td>\n<\/tr>\n<tr>\n<td height=\"22\">Absorci\u00f3n est\u00e1tica de agua (%)<\/td>\n<td>\u226523<\/td>\n<td>\u226523<\/td>\n<td>\u226525<\/td>\n<td>\u226527<\/td>\n<\/tr>\n<tr>\n<td height=\"18\">Contenido en agua (%)<\/td>\n<td>\u22642.0<\/td>\n<td>\u22642.0<\/td>\n<td>\u22642.0<\/td>\n<td>\u22642.0<\/td>\n<\/tr>\n<\/tbody>\n<\/table>\n<\/div>","protected":false},"excerpt":{"rendered":"<p>El tamiz molecular activado en polvo es un tamiz molecular en polvo sint\u00e9tico deshidratado. Con el car\u00e1cter de alta dispersabilidad y adsorbibilidad r\u00e1pida. Se utiliza en algunos adsorbability especial, se utiliza en algunas circunstancias especiales de absorci\u00f3n, tales como ser desecante sin forma, ser adsorbente mezclado con otros materiales, etc..<\/p>\n<p>En\u00a0<a href=\"https:\/\/www.laiko.net\/product-category\/molecular-sieve-zeolite\/\" target=\"_self\" rel=\"noopener\">material de tamiz molecular<\/a>\u00a0puede eliminar el agua eliminar las burbujas, aumentar la uniformidad y la fuerza cuando se aditivo o base en la pintura, resina, y algunos adhesivos. Tambi\u00e9n se puede utilizar como desecante en el espaciador de goma de vidrio aislante.<\/p>","protected":false},"featured_media":872,"template":"","meta":{"_seopress_robots_primary_cat":"none","_monsterinsights_skip_tracking":false,"_monsterinsights_sitenote_active":false,"_monsterinsights_sitenote_note":"","_monsterinsights_sitenote_category":0,"_joinchat":[]},"product_cat":[79],"product_tag":[],"class_list":["post-3462","product","type-product","status-publish","has-post-thumbnail","hentry","product_cat-molecular-sieve-zeolite"],"featured_image_urls":{"full":["https:\/\/www.laiko.net\/wp-content\/uploads\/2023\/10\/frc-a5f3910a074665a4e02fc7ce1d92f010.jpg",600,350,false],"thumbnail":["https:\/\/www.laiko.net\/wp-content\/uploads\/2023\/10\/frc-a5f3910a074665a4e02fc7ce1d92f010-150x150.jpg",150,150,true],"medium":["https:\/\/www.laiko.net\/wp-content\/uploads\/2023\/10\/frc-a5f3910a074665a4e02fc7ce1d92f010-300x175.jpg",300,175,true],"medium_large":["https:\/\/www.laiko.net\/wp-content\/uploads\/2023\/10\/frc-a5f3910a074665a4e02fc7ce1d92f010.jpg",600,350,false],"large":["https:\/\/www.laiko.net\/wp-content\/uploads\/2023\/10\/frc-a5f3910a074665a4e02fc7ce1d92f010.jpg",600,350,false],"1536x1536":["https:\/\/www.laiko.net\/wp-content\/uploads\/2023\/10\/frc-a5f3910a074665a4e02fc7ce1d92f010.jpg",600,350,false],"2048x2048":["https:\/\/www.laiko.net\/wp-content\/uploads\/2023\/10\/frc-a5f3910a074665a4e02fc7ce1d92f010.jpg",600,350,false],"trp-custom-language-flag":["https:\/\/www.laiko.net\/wp-content\/uploads\/2023\/10\/frc-a5f3910a074665a4e02fc7ce1d92f010.jpg",18,12,false],"woocommerce_thumbnail":["https:\/\/www.laiko.net\/wp-content\/uploads\/2023\/10\/frc-a5f3910a074665a4e02fc7ce1d92f010-300x175.jpg",300,175,true],"woocommerce_single":["https:\/\/www.laiko.net\/wp-content\/uploads\/2023\/10\/frc-a5f3910a074665a4e02fc7ce1d92f010.jpg",600,350,false],"woocommerce_gallery_thumbnail":["https:\/\/www.laiko.net\/wp-content\/uploads\/2023\/10\/frc-a5f3910a074665a4e02fc7ce1d92f010-100x100.jpg",100,100,true]},"post_excerpt_stackable":"<p>Activated Molecular Sieve Powder is dehydrated synthetic powder molecular sieve. With the character of high dispersibility and rapid adsorbability. It is used in some special adsorbability, it is used in some special absorptive circumstances, such as being formless desiccant, being adsorbent mixed with other materials, etc.<\/p>\n<p>The\u00a0<a href=\"https:\/\/www.laiko.net\/product-category\/molecular-sieve-zeolite\/\" target=\"_self\" rel=\"noopener\">molecular sieve material<\/a>\u00a0can remove water eliminate bubbles, increase uniformity and strength when being additive or base in paint, resin, and some adhesives. It can also be used as a desiccant in insulating glass rubber spacer.<\/p>\n","category_list":"","author_info":{"name":"","url":""},"comments_num":"0 comentarios","_links":{"self":[{"href":"https:\/\/www.laiko.net\/es\/wp-json\/wp\/v2\/product\/3462","targetHints":{"allow":["GET"]}}],"collection":[{"href":"https:\/\/www.laiko.net\/es\/wp-json\/wp\/v2\/product"}],"about":[{"href":"https:\/\/www.laiko.net\/es\/wp-json\/wp\/v2\/types\/product"}],"wp:featuredmedia":[{"embeddable":true,"href":"https:\/\/www.laiko.net\/es\/wp-json\/wp\/v2\/media\/872"}],"wp:attachment":[{"href":"https:\/\/www.laiko.net\/es\/wp-json\/wp\/v2\/media?parent=3462"}],"wp:term":[{"taxonomy":"product_cat","embeddable":true,"href":"https:\/\/www.laiko.net\/es\/wp-json\/wp\/v2\/product_cat?post=3462"},{"taxonomy":"product_tag","embeddable":true,"href":"https:\/\/www.laiko.net\/es\/wp-json\/wp\/v2\/product_tag?post=3462"}],"curies":[{"name":"wp","href":"https:\/\/api.w.org\/{rel}","templated":true}]}}