{"id":3458,"date":"2023-11-05T11:30:17","date_gmt":"2023-11-05T03:30:17","guid":{"rendered":"http:\/\/www3.laiko.net\/?post_type=product&#038;p=3458"},"modified":"2023-11-28T11:26:05","modified_gmt":"2023-11-28T03:26:05","slug":"3a-molecular-sieve","status":"publish","type":"product","link":"https:\/\/www.laiko.net\/es\/producto\/3a-tamiz-molecular\/","title":{"rendered":"3A Tamiz molecular"},"content":{"rendered":"<h2>Par\u00e1metros del tamiz molecular de 3 \u00e1ngstrom<\/h2>\n<div class=\"overflow_x\">\n<table cellspacing=\"1\" cellpadding=\"1\">\n<tbody>\n<tr class=\"firstRow\">\n<td>Modelo<\/td>\n<td colspan=\"4\">3A<\/td>\n<\/tr>\n<tr>\n<td>Di\u00e1metro nominal de los poros<\/td>\n<td colspan=\"4\">3 angstroms<\/td>\n<\/tr>\n<tr>\n<td>Forma<\/td>\n<td colspan=\"2\">Esfera(bola)<\/td>\n<td colspan=\"2\">Pellets<\/td>\n<\/tr>\n<tr>\n<td>Di\u00e1metro<\/td>\n<td>1.7-2.5<\/td>\n<td>3.0-5.0<\/td>\n<td>1.6<\/td>\n<td>3.2<\/td>\n<\/tr>\n<tr>\n<td>Relaci\u00f3n de tama\u00f1o hasta el grado (%)<\/td>\n<td>\u226598<\/td>\n<td>\u226598<\/td>\n<td>\u226596<\/td>\n<td>\u226596<\/td>\n<\/tr>\n<tr>\n<td>Densidad aparente (g\/ml)<\/td>\n<td>\u22650.72<\/td>\n<td>\u22650.70<\/td>\n<td>\u22650.65<\/td>\n<td>\u22650.65<\/td>\n<\/tr>\n<tr>\n<td>Ratio de desgaste (%)<\/td>\n<td>\u22640.10<\/td>\n<td>\u22640.10<\/td>\n<td>\u22640.25<\/td>\n<td>\u22640.25<\/td>\n<\/tr>\n<tr>\n<td>Resistencia al aplastamiento (N)<\/td>\n<td>\u226530\/unidad<\/td>\n<td>\u226570\/unidad<\/td>\n<td>\u226545\/unidad<\/td>\n<td>\u226560\/unidad<\/td>\n<\/tr>\n<tr>\n<td>Adsorci\u00f3n est\u00e1tica de H2O (%)<\/td>\n<td>\u22643.0<\/td>\n<td>\u22643.0<\/td>\n<td>\u22643.0<\/td>\n<td>\u22643.0<\/td>\n<\/tr>\n<tr>\n<td>Adsorci\u00f3n de etileno<\/td>\n<td>\u226521<\/td>\n<td>\u226521<\/td>\n<td>\u226521<\/td>\n<td>\u226521<\/td>\n<\/tr>\n<tr>\n<td>Contenido en agua (%)<\/td>\n<td>\u22641.0<\/td>\n<td>\u22641.0<\/td>\n<td>\u22641.0<\/td>\n<td>\u22641.0<\/td>\n<\/tr>\n<\/tbody>\n<\/table>\n<\/div>\n<h2>Aplicaciones del tamiz molecular Zeolite 3A<\/h2>\n<div class=\"overflow_x\">\n<table>\n<tbody>\n<tr class=\"firstRow\">\n<td>F\u00f3rmula qu\u00edmica t\u00edpica<\/td>\n<td colspan=\"4\">0,45 K2O. 0,55 Na2O. Al2O3 . 2 SiO2. 4,5H2O<br \/>\nSiO2: Al2O3\u22482<\/td>\n<\/tr>\n<tr>\n<td rowspan=\"6\">Aplicaci\u00f3n t\u00edpica<\/td>\n<td colspan=\"4\">a) Secado de hidrocarburos insaturados (por ejemplo, etileno, propileno, butadieno)<\/td>\n<\/tr>\n<tr>\n<td colspan=\"4\">b) Secado de gases craqueados<\/td>\n<\/tr>\n<tr>\n<td colspan=\"4\">c) Secado de gas natural, si la minimizaci\u00f3n del COS es esencial, o se requiere una coadsorci\u00f3n m\u00ednima de hidrocarburos.<\/td>\n<\/tr>\n<tr>\n<td colspan=\"4\">e) Secado de alcohol l\u00edquido<\/td>\n<\/tr>\n<tr>\n<td colspan=\"4\">f) Deshidrataci\u00f3n est\u00e1tica (no regenerativa) de unidades de vidrio aislante, llenas de aire o de gas.<\/td>\n<\/tr>\n<tr>\n<td colspan=\"4\">g) Secado del GNC.<\/td>\n<\/tr>\n<\/tbody>\n<\/table>\n<\/div>\n<h2>Tamiz molecular tipo 3A Condiciones de entrega<\/h2>\n<div class=\"overflow_x\">\n<table>\n<tbody>\n<tr class=\"firstRow\">\n<td>Paquete:<\/td>\n<td colspan=\"4\">Caja de cart\u00f3n; Bid\u00f3n de cart\u00f3n; Bid\u00f3n de acero<\/td>\n<\/tr>\n<tr>\n<td>MOQ:<\/td>\n<td colspan=\"4\">1 tonelada m\u00e9trica<\/td>\n<\/tr>\n<tr>\n<td>Condiciones de pago:<\/td>\n<td colspan=\"4\">T\/T; L\/C; Western Union<\/td>\n<\/tr>\n<tr>\n<td rowspan=\"2\">Garant\u00eda:<\/td>\n<td colspan=\"4\">a) Seg\u00fan la norma nacional GBT 10504-2008<\/td>\n<\/tr>\n<tr>\n<td colspan=\"4\">b) Ofrecer consultas de por vida sobre los problemas surgidos<\/td>\n<\/tr>\n<tr>\n<td>Contenedor<\/td>\n<td>20GP<\/td>\n<td>40GP<\/td>\n<td colspan=\"2\">Ejemplo de pedido<\/td>\n<\/tr>\n<tr>\n<td>Cantidad<\/td>\n<td>12MT<\/td>\n<td>24MT<\/td>\n<td colspan=\"2\">&lt;5kgs<\/td>\n<\/tr>\n<tr>\n<td>Plazo de entrega<\/td>\n<td>5 d\u00edas<\/td>\n<td>7 d\u00edas<\/td>\n<td colspan=\"2\">Stock disponible<\/td>\n<\/tr>\n<\/tbody>\n<\/table>\n<\/div>","protected":false},"excerpt":{"rendered":"<p>El tamiz molecular NAIKE 3A es un aluminosilicato de metal alcalino; es la forma pot\u00e1sica de la estructura cristalina de tipo A. Tipo 3A\u00a0<a href=\"https:\/\/www.laiko.net\/product-category\/molecular-sieve-zeolite\/\" target=\"_self\" rel=\"noopener\">material de tamiz molecular<\/a>\u00a0tiene una abertura de poro efectiva de unos 3 angstroms (0,3 nm). Este tama\u00f1o es suficiente para permitir la entrada de humedad, pero excluye mol\u00e9culas como los hidrocarburos insaturados que pueden formar pol\u00edmeros, lo que maximiza la vida \u00fatil al deshidratar dichas mol\u00e9culas.<\/p>","protected":false},"featured_media":941,"template":"","meta":{"_seopress_robots_primary_cat":"none","_monsterinsights_skip_tracking":false,"_monsterinsights_sitenote_active":false,"_monsterinsights_sitenote_note":"","_monsterinsights_sitenote_category":0,"_joinchat":[]},"product_cat":[79],"product_tag":[],"class_list":["post-3458","product","type-product","status-publish","has-post-thumbnail","hentry","product_cat-molecular-sieve-zeolite"],"featured_image_urls":{"full":["https:\/\/www.laiko.net\/wp-content\/uploads\/2023\/10\/frc-92a29d335d381997fa811697c93aa04f.jpg",600,350,false],"thumbnail":["https:\/\/www.laiko.net\/wp-content\/uploads\/2023\/10\/frc-92a29d335d381997fa811697c93aa04f-150x150.jpg",150,150,true],"medium":["https:\/\/www.laiko.net\/wp-content\/uploads\/2023\/10\/frc-92a29d335d381997fa811697c93aa04f-300x175.jpg",300,175,true],"medium_large":["https:\/\/www.laiko.net\/wp-content\/uploads\/2023\/10\/frc-92a29d335d381997fa811697c93aa04f.jpg",600,350,false],"large":["https:\/\/www.laiko.net\/wp-content\/uploads\/2023\/10\/frc-92a29d335d381997fa811697c93aa04f.jpg",600,350,false],"1536x1536":["https:\/\/www.laiko.net\/wp-content\/uploads\/2023\/10\/frc-92a29d335d381997fa811697c93aa04f.jpg",600,350,false],"2048x2048":["https:\/\/www.laiko.net\/wp-content\/uploads\/2023\/10\/frc-92a29d335d381997fa811697c93aa04f.jpg",600,350,false],"trp-custom-language-flag":["https:\/\/www.laiko.net\/wp-content\/uploads\/2023\/10\/frc-92a29d335d381997fa811697c93aa04f.jpg",18,12,false],"woocommerce_thumbnail":["https:\/\/www.laiko.net\/wp-content\/uploads\/2023\/10\/frc-92a29d335d381997fa811697c93aa04f-300x175.jpg",300,175,true],"woocommerce_single":["https:\/\/www.laiko.net\/wp-content\/uploads\/2023\/10\/frc-92a29d335d381997fa811697c93aa04f.jpg",600,350,false],"woocommerce_gallery_thumbnail":["https:\/\/www.laiko.net\/wp-content\/uploads\/2023\/10\/frc-92a29d335d381997fa811697c93aa04f-100x100.jpg",100,100,true]},"post_excerpt_stackable":"<p>NAIKE 3A Molecular Sieve is an alkali metal alumino-silicate; it is the potassium form of the type A crystal structure. Type 3A\u00a0<a href=\"https:\/\/www.laiko.net\/product-category\/molecular-sieve-zeolite\/\" target=\"_self\" rel=\"noopener\">molecular sieve material<\/a>\u00a0has an effective pore opening of about 3 angstroms (0.3nm). This is large enough to allow in moisture, but excludes molecules such as unsaturated hydrocarbons which can potentially form polymers, and this maximises lifetime when dehydrating such molecules.<\/p>\n","category_list":"","author_info":{"name":"","url":""},"comments_num":"0 comentarios","_links":{"self":[{"href":"https:\/\/www.laiko.net\/es\/wp-json\/wp\/v2\/product\/3458","targetHints":{"allow":["GET"]}}],"collection":[{"href":"https:\/\/www.laiko.net\/es\/wp-json\/wp\/v2\/product"}],"about":[{"href":"https:\/\/www.laiko.net\/es\/wp-json\/wp\/v2\/types\/product"}],"wp:featuredmedia":[{"embeddable":true,"href":"https:\/\/www.laiko.net\/es\/wp-json\/wp\/v2\/media\/941"}],"wp:attachment":[{"href":"https:\/\/www.laiko.net\/es\/wp-json\/wp\/v2\/media?parent=3458"}],"wp:term":[{"taxonomy":"product_cat","embeddable":true,"href":"https:\/\/www.laiko.net\/es\/wp-json\/wp\/v2\/product_cat?post=3458"},{"taxonomy":"product_tag","embeddable":true,"href":"https:\/\/www.laiko.net\/es\/wp-json\/wp\/v2\/product_tag?post=3458"}],"curies":[{"name":"wp","href":"https:\/\/api.w.org\/{rel}","templated":true}]}}