{"id":3457,"date":"2023-11-06T11:24:44","date_gmt":"2023-11-06T03:24:44","guid":{"rendered":"http:\/\/www3.laiko.net\/?post_type=product&#038;p=3457"},"modified":"2023-11-14T16:14:16","modified_gmt":"2023-11-14T08:14:16","slug":"4a-molecular-sieve","status":"publish","type":"product","link":"https:\/\/www.laiko.net\/es\/producto\/4a-tamiz-molecular\/","title":{"rendered":"4A Tamiz molecular"},"content":{"rendered":"<h2>Par\u00e1metros del tamiz molecular 4A<\/h2>\n<div class=\"overflow_x\">\n<table cellspacing=\"0\" cellpadding=\"0\">\n<colgroup>\n<col \/>\n<col \/>\n<col \/>\n<col \/>\n<col \/>\n<col span=\"2\" \/><\/colgroup>\n<tbody>\n<tr class=\"firstRow\">\n<td colspan=\"3\" height=\"13\">Modelo<\/td>\n<td colspan=\"4\">4A<\/td>\n<\/tr>\n<tr>\n<td colspan=\"3\" height=\"13\">Di\u00e1metro nominal de los poros<\/td>\n<td colspan=\"4\">4 angstroms<\/td>\n<\/tr>\n<tr>\n<td colspan=\"3\" height=\"13\">Forma<\/td>\n<td colspan=\"2\">Esfera(bola)<\/td>\n<td colspan=\"2\">Pellets<\/td>\n<\/tr>\n<tr>\n<td colspan=\"3\" height=\"13\">Di\u00e1metro<\/td>\n<td>1.7-2.5<\/td>\n<td>3.0-5.0<\/td>\n<td align=\"right\">1.6<\/td>\n<td align=\"right\">3.2<\/td>\n<\/tr>\n<tr>\n<td colspan=\"3\" height=\"13\">Relaci\u00f3n de tama\u00f1o hasta el grado (%)<\/td>\n<td>\u226598<\/td>\n<td>\u226598<\/td>\n<td>\u226596<\/td>\n<td>\u226596<\/td>\n<\/tr>\n<tr>\n<td colspan=\"3\" height=\"13\">Densidad aparente (g\/ml)<\/td>\n<td>\u22650.72<\/td>\n<td>\u22650.75<\/td>\n<td>\u22650.66<\/td>\n<td align=\"right\">0.66<\/td>\n<\/tr>\n<tr>\n<td colspan=\"3\" height=\"13\">Ratio de desgaste (%)<\/td>\n<td>\u22640.20<\/td>\n<td>\u22640.20<\/td>\n<td>\u22640.20<\/td>\n<td>\u22640.20<\/td>\n<\/tr>\n<tr>\n<td colspan=\"3\" height=\"13\">Resistencia al aplastamiento (N)<\/td>\n<td>\u226545\/unidad<\/td>\n<td>\u226585\/unidad<\/td>\n<td>\u226530\/unidad<\/td>\n<td>\u226560\/unidad<\/td>\n<\/tr>\n<tr>\n<td colspan=\"3\" height=\"13\">Adsorci\u00f3n est\u00e1tica de H2O (%)<\/td>\n<td>\u226521.5<\/td>\n<td>\u226521.5<\/td>\n<td>\u226521.5<\/td>\n<td>\u226521.5<\/td>\n<\/tr>\n<tr>\n<td colspan=\"3\" height=\"13\">Contenido en agua (%)<\/td>\n<td>\u22641.0<\/td>\n<td>\u22641.0<\/td>\n<td>\u22641.0<\/td>\n<td>\u22641.0<\/td>\n<\/tr>\n<\/tbody>\n<\/table>\n<\/div>\n<h2>Tamiz molecular tipo 4A Aplicaciones<\/h2>\n<div class=\"overflow_x\">\n<table>\n<tbody>\n<tr class=\"firstRow\">\n<td colspan=\"3\" rowspan=\"2\" height=\"27\">F\u00f3rmula qu\u00edmica t\u00edpica<\/td>\n<td colspan=\"4\">Na2O. Al2O3. 2SiO2. 4,5 H2O<\/td>\n<\/tr>\n<tr>\n<td colspan=\"4\">SiO2: Al2O3\u22482<\/td>\n<\/tr>\n<tr>\n<td colspan=\"3\" rowspan=\"4\" height=\"54\">Aplicaci\u00f3n t\u00edpica<\/td>\n<td colspan=\"4\">a)Secado y eliminaci\u00f3n de CO2 del gas natural, GLP, aire, gases inertes y atmosf\u00e9ricos, etc.<\/td>\n<\/tr>\n<tr>\n<td colspan=\"4\">b) Eliminaci\u00f3n de hidrocarburos, amon\u00edaco y metanol de los flujos de gas (tratamiento del gas de s\u00edntesis con amon\u00edaco)<\/td>\n<\/tr>\n<tr>\n<td colspan=\"4\">c) Se utilizan tipos especiales en las unidades de frenado neum\u00e1tico de autobuses, camiones y locomotoras.<\/td>\n<\/tr>\n<tr>\n<td colspan=\"4\">d) Envasado en peque\u00f1as bolsas, puede utilizarse simplemente como desecante de envases.<\/td>\n<\/tr>\n<\/tbody>\n<\/table>\n<\/div>\n<h2>4A Zeolite Condiciones de entrega<\/h2>\n<div class=\"overflow_x\">\n<table>\n<tbody>\n<tr>\n<td>Paquete:<\/td>\n<td colspan=\"3\">Caja de cart\u00f3n; Bid\u00f3n de cart\u00f3n; Bid\u00f3n de acero<\/td>\n<\/tr>\n<tr>\n<td>MOQ:<\/td>\n<td colspan=\"3\">1 tonelada m\u00e9trica<\/td>\n<\/tr>\n<tr>\n<td>Condiciones de pago:<\/td>\n<td colspan=\"3\">T\/T; L\/C; Western Union<\/td>\n<\/tr>\n<tr>\n<td rowspan=\"2\">Garant\u00eda:<\/td>\n<td colspan=\"3\">a) Seg\u00fan la norma nacional HGT 2524-2010<\/td>\n<\/tr>\n<tr>\n<td colspan=\"3\">b)Ofrecer consultas de por vida sobre los problemas surgidos<\/td>\n<\/tr>\n<tr>\n<td>Contenedor<\/td>\n<td>20GP<\/td>\n<td>40GP<\/td>\n<td>Ejemplo de pedido<\/td>\n<\/tr>\n<tr>\n<td>Cantidad<\/td>\n<td>12MT<\/td>\n<td>24MT<\/td>\n<td>&lt;5kg<\/td>\n<\/tr>\n<tr>\n<td>Plazo de entrega<\/td>\n<td>5 d\u00edas<\/td>\n<td>7 d\u00edas<\/td>\n<td>Stock disponible<\/td>\n<\/tr>\n<\/tbody>\n<\/table>\n<\/div>","protected":false},"excerpt":{"rendered":"<p>El tamiz molecular 4A de NAIKE es un silicato alum\u00ednico alcalino; es la forma s\u00f3dica de la estructura cristalina de tipo A. El tamiz molecular 4A tiene una abertura de poro efectiva de unos 4 angstroms (0,4 nm). El material de tamiz molecular NAIKE de tipo 4A adsorber\u00e1 la mayor\u00eda de las mol\u00e9culas con un di\u00e1metro cin\u00e9tico inferior a 4 angstroms y excluir\u00e1 las de mayor tama\u00f1o. Tales mol\u00e9culas adsorbibles incluyen mol\u00e9culas de gas simples como ox\u00edgeno, nitr\u00f3geno, di\u00f3xido de carbono e hidrocarburos de cadena recta. Quedan excluidos los hidrocarburos de cadena ramificada y los arom\u00e1ticos.<\/p>","protected":false},"featured_media":958,"template":"","meta":{"_seopress_robots_primary_cat":"none","_monsterinsights_skip_tracking":false,"_monsterinsights_sitenote_active":false,"_monsterinsights_sitenote_note":"","_monsterinsights_sitenote_category":0,"_joinchat":[]},"product_cat":[79],"product_tag":[],"class_list":["post-3457","product","type-product","status-publish","has-post-thumbnail","hentry","product_cat-molecular-sieve-zeolite"],"featured_image_urls":{"full":["https:\/\/www.laiko.net\/wp-content\/uploads\/2023\/10\/frc-ebe8e9a61b046726d1f1aa52dea0ff40.jpg",600,350,false],"thumbnail":["https:\/\/www.laiko.net\/wp-content\/uploads\/2023\/10\/frc-ebe8e9a61b046726d1f1aa52dea0ff40-150x150.jpg",150,150,true],"medium":["https:\/\/www.laiko.net\/wp-content\/uploads\/2023\/10\/frc-ebe8e9a61b046726d1f1aa52dea0ff40-300x175.jpg",300,175,true],"medium_large":["https:\/\/www.laiko.net\/wp-content\/uploads\/2023\/10\/frc-ebe8e9a61b046726d1f1aa52dea0ff40.jpg",600,350,false],"large":["https:\/\/www.laiko.net\/wp-content\/uploads\/2023\/10\/frc-ebe8e9a61b046726d1f1aa52dea0ff40.jpg",600,350,false],"1536x1536":["https:\/\/www.laiko.net\/wp-content\/uploads\/2023\/10\/frc-ebe8e9a61b046726d1f1aa52dea0ff40.jpg",600,350,false],"2048x2048":["https:\/\/www.laiko.net\/wp-content\/uploads\/2023\/10\/frc-ebe8e9a61b046726d1f1aa52dea0ff40.jpg",600,350,false],"trp-custom-language-flag":["https:\/\/www.laiko.net\/wp-content\/uploads\/2023\/10\/frc-ebe8e9a61b046726d1f1aa52dea0ff40.jpg",18,12,false],"woocommerce_thumbnail":["https:\/\/www.laiko.net\/wp-content\/uploads\/2023\/10\/frc-ebe8e9a61b046726d1f1aa52dea0ff40-300x175.jpg",300,175,true],"woocommerce_single":["https:\/\/www.laiko.net\/wp-content\/uploads\/2023\/10\/frc-ebe8e9a61b046726d1f1aa52dea0ff40.jpg",600,350,false],"woocommerce_gallery_thumbnail":["https:\/\/www.laiko.net\/wp-content\/uploads\/2023\/10\/frc-ebe8e9a61b046726d1f1aa52dea0ff40-100x100.jpg",100,100,true]},"post_excerpt_stackable":"<p>NAIKE Molecular Sieve 4A is an alkali alumino silicate; it is the sodium form of the Type A crystal structure. 4A molecular sieve has an effective pore opening of about 4 angstroms (0.4nm). NAIKE type 4A molecular sieve material will adsorb most molecules with a kinetic diameter of fewer than 4 angstroms and exclude those larger. Such adsorbable molecules include simple gas molecules such as oxygen, nitrogen, carbon dioxide and straight chain hydrocarbons. Branched chain hydrocarbons and aromatics are excluded.<\/p>\n","category_list":"","author_info":{"name":"","url":""},"comments_num":"0 comentarios","_links":{"self":[{"href":"https:\/\/www.laiko.net\/es\/wp-json\/wp\/v2\/product\/3457","targetHints":{"allow":["GET"]}}],"collection":[{"href":"https:\/\/www.laiko.net\/es\/wp-json\/wp\/v2\/product"}],"about":[{"href":"https:\/\/www.laiko.net\/es\/wp-json\/wp\/v2\/types\/product"}],"wp:featuredmedia":[{"embeddable":true,"href":"https:\/\/www.laiko.net\/es\/wp-json\/wp\/v2\/media\/958"}],"wp:attachment":[{"href":"https:\/\/www.laiko.net\/es\/wp-json\/wp\/v2\/media?parent=3457"}],"wp:term":[{"taxonomy":"product_cat","embeddable":true,"href":"https:\/\/www.laiko.net\/es\/wp-json\/wp\/v2\/product_cat?post=3457"},{"taxonomy":"product_tag","embeddable":true,"href":"https:\/\/www.laiko.net\/es\/wp-json\/wp\/v2\/product_tag?post=3457"}],"curies":[{"name":"wp","href":"https:\/\/api.w.org\/{rel}","templated":true}]}}