{"id":3455,"date":"2023-11-08T11:15:52","date_gmt":"2023-11-08T03:15:52","guid":{"rendered":"http:\/\/www3.laiko.net\/?post_type=product&#038;p=3455"},"modified":"2023-11-22T11:04:48","modified_gmt":"2023-11-22T03:04:48","slug":"5a-molecular-sieve","status":"publish","type":"product","link":"https:\/\/www.laiko.net\/es\/producto\/5a-tamiz-molecular\/","title":{"rendered":"5A Tamiz molecular PSA"},"content":{"rendered":"<div class=\"detai smcenter\">\n<div class=\"detai_lef\">\n<div id=\"thumbs\" class=\"swiper-container swiper-container-initialized swiper-container-horizontal swiper-container-thumbs\">\n<div class=\"swiper-wrapper\"><\/div>\n<\/div>\n<\/div>\n<\/div>\n<div class=\"flexbox smcenter\">\n<div class=\"flex-right richtext\">\n<h3>Especificaciones t\u00e9cnicas del tamiz molecular\/zeolita 5A PSA<\/h3>\n<div class=\"overflow_x\">\n<table width=\"419\" cellspacing=\"0\" cellpadding=\"0\">\n<colgroup>\n<col width=\"214\" \/>\n<col span=\"3\" width=\"115\" \/><\/colgroup>\n<tbody>\n<tr class=\"firstRow\">\n<td class=\"et3\" width=\"160\" height=\"24\">Los temas de la prueba<\/td>\n<td class=\"et4\" width=\"86\">Unidad<\/td>\n<td class=\"et4\" colspan=\"2\" width=\"172\">Esfera<\/td>\n<\/tr>\n<tr>\n<td class=\"et3\" width=\"160\" height=\"24\">Di\u00e1metro<\/td>\n<td class=\"et4\" width=\"86\">mm<\/td>\n<td class=\"et4\" width=\"86\">1.2-1.6<\/td>\n<td class=\"et4\" width=\"86\">1.6-2.5<\/td>\n<\/tr>\n<tr>\n<td class=\"et3\" width=\"160\" height=\"24\">Tama\u00f1o de las part\u00edculas<\/td>\n<td class=\"et4\" width=\"86\">%<\/td>\n<td class=\"et4\" width=\"86\">95.54<\/td>\n<td class=\"et4\" width=\"86\">95.54<\/td>\n<\/tr>\n<tr>\n<td class=\"et3\" width=\"160\" height=\"24\">Absorci\u00f3n est\u00e1tica de agua<\/td>\n<td class=\"et4\" width=\"86\">\u2265%<\/td>\n<td class=\"et4\" width=\"86\">25<\/td>\n<td class=\"et4\" width=\"86\">25<\/td>\n<\/tr>\n<tr>\n<td class=\"et3\" width=\"160\" height=\"24\">Densidad aparente<\/td>\n<td class=\"et4\" width=\"86\">\u2265g\/ml<\/td>\n<td class=\"et4\" width=\"86\">0.74<\/td>\n<td class=\"et4\" width=\"86\">0.7<\/td>\n<\/tr>\n<tr>\n<td class=\"et3\" width=\"160\" height=\"24\">Resistencia al aplastamiento<\/td>\n<td class=\"et4\" width=\"86\">\u2265N\/Pc<\/td>\n<td class=\"et4\" width=\"86\">16<\/td>\n<td class=\"et4\" width=\"86\">35<\/td>\n<\/tr>\n<tr>\n<td class=\"et3\" width=\"160\" height=\"24\">Tasa de bajas<\/td>\n<td class=\"et4\" width=\"86\">\u2264%<\/td>\n<td class=\"et4\" width=\"86\">0.3<\/td>\n<td class=\"et4\" width=\"86\">0.3<\/td>\n<\/tr>\n<tr>\n<td class=\"et3\" width=\"160\" height=\"24\"><span class=\"font1\">Humedad del envase<\/span><span class=\"font0\">\uff08<\/span><span class=\"font1\">\u00a0575<\/span><span class=\"font0\">\u2103<\/span><span class=\"font1\">, 2h<\/span><span class=\"font0\">\uff09<\/span><\/td>\n<td class=\"et5\" width=\"86\"><span class=\"font0\">\uff1c<\/span><span class=\"font1\">%<\/span><\/td>\n<td class=\"et4\" width=\"86\">1<\/td>\n<td class=\"et4\" width=\"86\">1<\/td>\n<\/tr>\n<tr>\n<td class=\"et3\" width=\"160\" height=\"24\"><span class=\"font1\">\u00a0Absorci\u00f3n de N2 (0,1MPa, 25<\/span><span class=\"font0\">\u2103<\/span><span class=\"font1\">\u00a0)<\/span><\/td>\n<td class=\"et5\" width=\"86\"><span class=\"font0\">\uff1e<\/span><span class=\"font1\">g\/ml<\/span><\/td>\n<td class=\"et4\" width=\"86\">11.3<\/td>\n<td class=\"et4\" width=\"86\">11.3<\/td>\n<\/tr>\n<tr>\n<td class=\"et3\" width=\"160\" height=\"24\">Absorci\u00f3n est\u00e1tica de CO2<\/td>\n<td class=\"et4\" width=\"86\">\u2265%<\/td>\n<td class=\"et4\" width=\"86\">18<\/td>\n<td class=\"et4\" width=\"86\">18<\/td>\n<\/tr>\n<\/tbody>\n<\/table>\n<\/div>\n<h3>Regeneraci\u00f3n del tamiz molecular\/zeolita 5A PSA<\/h3>\n<p>El tamiz molecular tipo 5A PSA puede regenerarse calent\u00e1ndolo, en el caso de los procesos de oscilaci\u00f3n t\u00e9rmica, o reduciendo la presi\u00f3n, en el caso de los procesos de oscilaci\u00f3n de presi\u00f3n.<\/p>\n<p>Para eliminar la humedad de un tamiz molecular 5A, se requiere una temperatura de 250-300\u00b0C. Un tamiz molecular regenerado correctamente puede dar puntos de roc\u00edo de humedad inferiores a -100\u00b0C, o niveles de mercaptano o CO2 inferiores a 2 ppmv.<\/p>\n<p>Las concentraciones de salida en un proceso de oscilaci\u00f3n de presi\u00f3n depender\u00e1n del gas presente y de las condiciones del proceso.<\/p>\n<h3>Aplicaci\u00f3n del tamiz molecular\/zeolita 5A PSA<\/h3>\n<p>Se utiliza en la purificaci\u00f3n de hidrocarburos GLP, la desparafinaci\u00f3n del petr\u00f3leo, la generaci\u00f3n de hidr\u00f3geno PSA y la deshidrataci\u00f3n y purificaci\u00f3n.<\/p>\n<\/div>\n<\/div>","protected":false},"excerpt":{"rendered":"<p>El tamiz molecular 5A es un silicato alum\u00ednico alcalino; es la forma c\u00e1lcica de la estructura cristalina de tipo A. El tipo 5A tiene una abertura de poro efectiva de 5 angstroms (0,5 nm). Adsorbe mol\u00e9culas con un di\u00e1metro cin\u00e9tico inferior a 5 Angstrom y excluye las de mayor tama\u00f1o.<\/p>\n<p>Es especialmente adecuado para aplicaciones de adsorci\u00f3n PSA, donde puede utilizarse para la separaci\u00f3n de parafinas normales e iso (especies C4 a C6), en la purificaci\u00f3n de hidr\u00f3geno PSA y en concentradores de ox\u00edgeno.<\/p>","protected":false},"featured_media":1009,"template":"","meta":{"_seopress_robots_primary_cat":"none","_monsterinsights_skip_tracking":false,"_monsterinsights_sitenote_active":false,"_monsterinsights_sitenote_note":"","_monsterinsights_sitenote_category":0,"_joinchat":[]},"product_cat":[99,79],"product_tag":[],"class_list":["post-3455","product","type-product","status-publish","has-post-thumbnail","hentry","product_cat-hot-sale-products","product_cat-molecular-sieve-zeolite"],"featured_image_urls":{"full":["https:\/\/www.laiko.net\/wp-content\/uploads\/2023\/10\/frc-3ce4f2fd5814dfa71d032effa71d0a53.jpg",600,350,false],"thumbnail":["https:\/\/www.laiko.net\/wp-content\/uploads\/2023\/10\/frc-3ce4f2fd5814dfa71d032effa71d0a53-150x150.jpg",150,150,true],"medium":["https:\/\/www.laiko.net\/wp-content\/uploads\/2023\/10\/frc-3ce4f2fd5814dfa71d032effa71d0a53-300x175.jpg",300,175,true],"medium_large":["https:\/\/www.laiko.net\/wp-content\/uploads\/2023\/10\/frc-3ce4f2fd5814dfa71d032effa71d0a53.jpg",600,350,false],"large":["https:\/\/www.laiko.net\/wp-content\/uploads\/2023\/10\/frc-3ce4f2fd5814dfa71d032effa71d0a53.jpg",600,350,false],"1536x1536":["https:\/\/www.laiko.net\/wp-content\/uploads\/2023\/10\/frc-3ce4f2fd5814dfa71d032effa71d0a53.jpg",600,350,false],"2048x2048":["https:\/\/www.laiko.net\/wp-content\/uploads\/2023\/10\/frc-3ce4f2fd5814dfa71d032effa71d0a53.jpg",600,350,false],"trp-custom-language-flag":["https:\/\/www.laiko.net\/wp-content\/uploads\/2023\/10\/frc-3ce4f2fd5814dfa71d032effa71d0a53.jpg",18,12,false],"woocommerce_thumbnail":["https:\/\/www.laiko.net\/wp-content\/uploads\/2023\/10\/frc-3ce4f2fd5814dfa71d032effa71d0a53-300x175.jpg",300,175,true],"woocommerce_single":["https:\/\/www.laiko.net\/wp-content\/uploads\/2023\/10\/frc-3ce4f2fd5814dfa71d032effa71d0a53.jpg",600,350,false],"woocommerce_gallery_thumbnail":["https:\/\/www.laiko.net\/wp-content\/uploads\/2023\/10\/frc-3ce4f2fd5814dfa71d032effa71d0a53-100x100.jpg",100,100,true]},"post_excerpt_stackable":"<p>5A Molecular Sieve is an alkali alumino silicate; it is the calcium form of the Type A crystal structure. Type 5A has an effective pore opening of \u00a05 angstroms (0.5 nm). It will adsorb molecules with a kinetic diameter of less than 5 Angstrom and exclude those larger.<\/p>\n<p>It is especially suitable for PSA adsorber applications where it may be used for the separation of normal- and iso- paraffins (C4 to C6 species), in PSA hydrogen purification and in oxygen concentrators.<\/p>\n","category_list":"","author_info":{"name":"","url":""},"comments_num":"0 comentarios","_links":{"self":[{"href":"https:\/\/www.laiko.net\/es\/wp-json\/wp\/v2\/product\/3455","targetHints":{"allow":["GET"]}}],"collection":[{"href":"https:\/\/www.laiko.net\/es\/wp-json\/wp\/v2\/product"}],"about":[{"href":"https:\/\/www.laiko.net\/es\/wp-json\/wp\/v2\/types\/product"}],"wp:featuredmedia":[{"embeddable":true,"href":"https:\/\/www.laiko.net\/es\/wp-json\/wp\/v2\/media\/1009"}],"wp:attachment":[{"href":"https:\/\/www.laiko.net\/es\/wp-json\/wp\/v2\/media?parent=3455"}],"wp:term":[{"taxonomy":"product_cat","embeddable":true,"href":"https:\/\/www.laiko.net\/es\/wp-json\/wp\/v2\/product_cat?post=3455"},{"taxonomy":"product_tag","embeddable":true,"href":"https:\/\/www.laiko.net\/es\/wp-json\/wp\/v2\/product_tag?post=3455"}],"curies":[{"name":"wp","href":"https:\/\/api.w.org\/{rel}","templated":true}]}}