{"id":3453,"date":"2023-11-09T11:09:23","date_gmt":"2023-11-09T03:09:23","guid":{"rendered":"http:\/\/www3.laiko.net\/?post_type=product&#038;p=3453"},"modified":"2023-12-26T16:23:23","modified_gmt":"2023-12-26T08:23:23","slug":"13x-molecular-sieve","status":"publish","type":"product","link":"https:\/\/www.laiko.net\/es\/producto\/13x-tamiz-molecular\/","title":{"rendered":"Tamiz molecular 13X"},"content":{"rendered":"<h2>Tamiz molecular 13x Especificaciones<\/h2>\n<div class=\"overflow_x\">\n<table cellspacing=\"0\" cellpadding=\"0\">\n<colgroup>\n<col \/>\n<col \/>\n<col \/>\n<col \/>\n<col \/>\n<col \/><\/colgroup>\n<tbody>\n<tr class=\"firstRow\">\n<td height=\"18\">Forma<\/td>\n<td><\/td>\n<td colspan=\"2\">Pellets<\/td>\n<td colspan=\"2\">Esfera<\/td>\n<\/tr>\n<tr>\n<td height=\"18\">Di\u00e1metro<\/td>\n<td>mm<\/td>\n<td>1.5-1.7<\/td>\n<td>3.0-3.3<\/td>\n<td>1.7-2.5<\/td>\n<td>3.0-5.0<\/td>\n<\/tr>\n<tr>\n<td height=\"18\">Relaci\u00f3n de tama\u00f1o hasta el grado<\/td>\n<td>%<\/td>\n<td>\u226598<\/td>\n<td>\u226598<\/td>\n<td>\u226596<\/td>\n<td>\u226596<\/td>\n<\/tr>\n<tr>\n<td height=\"18\">Densidad aparente<\/td>\n<td>g\/ml<\/td>\n<td>\u22650.61<\/td>\n<td>\u22650.61<\/td>\n<td>\u22650.64<\/td>\n<td>\u22650.64<\/td>\n<\/tr>\n<tr>\n<td height=\"18\">Ratio de desgaste<\/td>\n<td>%<\/td>\n<td>\u22640.10<\/td>\n<td>\u22640.20<\/td>\n<td>\u22640.10<\/td>\n<td>\u22640.10<\/td>\n<\/tr>\n<tr>\n<td height=\"54\">Resistencia al aplastamiento<\/td>\n<td>N<\/td>\n<td>\u226530\/cm<\/td>\n<td>\u226545\/cm<\/td>\n<td>\u226525\/unidad<\/td>\n<td>\u226565\/unidad<\/td>\n<\/tr>\n<tr>\n<td height=\"18\">Adsorci\u00f3n est\u00e1tica de agua<\/td>\n<td>%<\/td>\n<td>\u226523.5<\/td>\n<td>\u226523.5<\/td>\n<td>\u226523.5<\/td>\n<td>\u226523.5<\/td>\n<\/tr>\n<tr>\n<td height=\"18\">Adsorci\u00f3n est\u00e1tica de CO2<\/td>\n<td>%<\/td>\n<td>\u226518<\/td>\n<td>\u226518<\/td>\n<td>\u226518<\/td>\n<td>\u226518<\/td>\n<\/tr>\n<tr>\n<td height=\"18\">Contenido de agua, tal como se env\u00eda<\/td>\n<td>%<\/td>\n<td>\u22641.5<\/td>\n<td>\u22641.5<\/td>\n<td>\u22641.5<\/td>\n<td>\u22641.5<\/td>\n<\/tr>\n<\/tbody>\n<\/table>\n<\/div>\n<h2>Tipos de tamiz molecular 13x<\/h2>\n<p>Categor\u00eda de desecante industrial: Utilizado principalmente para el uso del paquete desecante del equipo, secado profundo del secador del compresor de aire, tipo com\u00fanmente usado del tamiz molecular 3A, la especificaci\u00f3n com\u00fanmente usada es 3-5m m, el tipo principal de proceso de cristal aislador es tamiz molecular 3A, la especificaci\u00f3n principal es tama\u00f1o de 1.5-2.5m m.<\/p>\n<p>Tamiz molecular para la producci\u00f3n de ox\u00edgeno: El tamiz molecular es una buena opci\u00f3n para la producci\u00f3n de ox\u00edgeno. La concentraci\u00f3n de la producci\u00f3n de ox\u00edgeno es de 93-96%. Seg\u00fan diferentes indicadores del equipo, el tamiz molecular para la producci\u00f3n de ox\u00edgeno suele ser un tamiz molecular de tipo 13X con un tama\u00f1o convencional de 1,6-2,5 mm.<\/p>\n<p>Tipo de equipo de separaci\u00f3n de aire: Equipo de separaci\u00f3n de aire, que separa principalmente gases raros en el aire, como helio, nitr\u00f3geno, arg\u00f3n y otros. El tipo com\u00fanmente utilizado es 13x tamiz molecular con una especificaci\u00f3n de 1.6x-2.5mm.<\/p>\n<p><a href=\"https:\/\/www.laiko.net\/product\/molecular-sieves-13x-hp\/\" target=\"_self\" rel=\"noopener\">Tamiz molecular 13X-HP<\/a>: Un nuevo tipo de tamiz molecular de zeolita X, un tamiz molecular especial para la producci\u00f3n de ox\u00edgeno. El principio de la producci\u00f3n de ox\u00edgeno: el aire es absorbido por el compresor para absorber el aire, y el aire se extrae en el tamiz molecular 13X-HP. El tamiz molecular de zeolita 13x absorbe el nitr\u00f3geno, el di\u00f3xido de carbono y otros gases residuales del aire, y s\u00f3lo queda ox\u00edgeno en la botella colectora de gas. El ox\u00edgeno de la zeolita 13x es purificado por la v\u00e1lvula de alta presi\u00f3n, y el ox\u00edgeno sale despu\u00e9s de elevar la concentraci\u00f3n de la m\u00e1quina de fabricaci\u00f3n de ox\u00edgeno a la norma.<\/p>\n<h2>\u00bfC\u00f3mo eliminan el agua los tamices moleculares 13x?<\/h2>\n<p>El tamiz molecular 13x adsorbe el agua, puede hacer que el gas se seque muy r\u00e1pidamente. Seg\u00fan la investigaci\u00f3n, en la desulfuraci\u00f3n por tamiz molecular, debido a que el tamiz molecular tiene una capacidad de adsorci\u00f3n muy fuerte al agua y otras mol\u00e9culas peque\u00f1as polares, por lo tanto, el proceso de eliminaci\u00f3n de mercaptano del GLP debe controlar estrictamente el contenido de agua. Debido a la limitaci\u00f3n de la eliminaci\u00f3n de mercaptano del GLP, se utiliza ampliamente en Europa y Estados Unidos, y tambi\u00e9n hay una aplicaci\u00f3n preliminar en China.<\/p>\n<p>El tamiz molecular 13x se utiliza como adsorbente s\u00f3lido en la industria qu\u00edmica, la sustancia adsorbida por el tamiz molecular 13x puede desorberse, y el adsorbente de tamiz molecular de carbono puede regenerarse. Al mismo tiempo, los tamices moleculares tambi\u00e9n se utilizan para el secado, la separaci\u00f3n, la purificaci\u00f3n y la recuperaci\u00f3n de gases y l\u00edquidos. En la industria de las compa\u00f1\u00edas petroleras, un tamiz molecular modificado de tipo X o Y intercambiado por cationes met\u00e1licos de alta valencia, como el lantano, elementos ligeros mixtos de tierras raras y cerio, se adsorbe f\u00edsicamente para eliminar los sulfuros org\u00e1nicos del gas licuado de petr\u00f3leo. de este modo, el gas puede secarse muy r\u00e1pidamente para satisfacer las necesidades de la empresa.<\/p>\n<h2>Tamiz molecular 13x\/zeolita 13x Usos<\/h2>\n<p>Como material adsorbente polar, el tamiz molecular tiene propiedades hidr\u00f3filas muy fuertes y es un material muy excelente para la deshidrataci\u00f3n y el secado. El tama\u00f1o de los poros de los tamices moleculares 13X es mayor que el de los tamices moleculares de tipo A, lo que resulta en propiedades de absorci\u00f3n de agua m\u00e1s fuertes y m\u00e1s.<\/p>\n<p>Los tamices moleculares producidos por Naike Chemical se fabrican mediante el proceso completo de equipos automatizados cerrados, que pueden lograr un contenido de agua inferior al de la industria, mejor que la capacidad de adsorci\u00f3n de agua est\u00e1ndar nacional, y tienen una capacidad de absorci\u00f3n de agua muy fuerte a temperatura y presi\u00f3n ambiente.<\/p>\n<p>13x secado y deshidrataci\u00f3n de tamiz molecular, utilizado principalmente en diversos tipos de secadores de aire, sirviendo a una variedad de requisitos de alto contenido de agua de la industria. En la industria del petr\u00f3leo, la industria del gas natural y el tratamiento de secado de hidrocarburos l\u00edquidos se puede utilizar como tratamiento de deshidrataci\u00f3n por adsorci\u00f3n de tamiz molecular.<\/p>\n<p>El tamiz molecular 13x puede secar el gas muy r\u00e1pidamente porque el tamiz molecular tiene una fuerte capacidad de adsorci\u00f3n de agua y di\u00f3xido de carbono, lo que satisface profundamente las necesidades especiales de la industria de separaci\u00f3n de aire de refrigeraci\u00f3n profunda. El tamiz molecular 13x absorbe agua para secar el gas muy r\u00e1pidamente porque es un tipo de zeolita sint\u00e9tica. La caracter\u00edstica de selectividad de la adsorci\u00f3n es que el H2S y el azufre org\u00e1nico pueden eliminarse a un nivel inferior al mismo tiempo. Se caracteriza por la adsorci\u00f3n f\u00edsica y sin reacci\u00f3n qu\u00edmica.<\/p>\n<p>El tamiz molecular 13x, tambi\u00e9n conocido como zeolita y zeolita de tamiz molecular 13x, es un tipo de aluminosilicato cristalino con poros regulares y uniformes en su estructura de lugar cristalino. Es el mejor adsorbente para la edulcoraci\u00f3n. El m\u00e9todo del tamiz molecular tiene las ventajas de no ser c\u00e1ustico ni contaminante, y puede adsorberse a temperatura ambiente. Al mismo tiempo, como s\u00f3lo puede regenerarse a unos 300C, tendr\u00e1 que aumentar el coste de entrada de la empresa. Dado que el tama\u00f1o de los poros del tamiz molecular es del orden de magnitud del tama\u00f1o molecular, s\u00f3lo permite la entrada de mol\u00e9culas con un di\u00e1metro menor que el tama\u00f1o de los poros, por lo que las mol\u00e9culas de la mezcla se pueden cribar seg\u00fan su tama\u00f1o, y as\u00ed se pueden obtener productos de la mejor calidad.<\/p>\n<p>Nota: La zeolita 13x en polvo no debe adsorber gases o l\u00edquidos org\u00e1nicos antes de su uso, de lo contrario el tamiz molecular 13x necesitar\u00e1 ser regenerado.<\/p>\n<h2>13X Paquete de tamiz molecular<\/h2>\n<p><img loading=\"lazy\" decoding=\"async\" class=\"alignnone size-medium wp-image-4389\" src=\"https:\/\/www.laiko.net\/wp-content\/uploads\/2023\/11\/13x-zeolite-molecular-sieve-package-230x300.png\" alt=\"\" width=\"230\" height=\"300\" srcset=\"https:\/\/www.laiko.net\/wp-content\/uploads\/2023\/11\/13x-zeolite-molecular-sieve-package-230x300.png 230w, https:\/\/www.laiko.net\/wp-content\/uploads\/2023\/11\/13x-zeolite-molecular-sieve-package-9x12.png 9w, https:\/\/www.laiko.net\/wp-content\/uploads\/2023\/11\/13x-zeolite-molecular-sieve-package-300x391.png 300w, https:\/\/www.laiko.net\/wp-content\/uploads\/2023\/11\/13x-zeolite-molecular-sieve-package.png 330w\" sizes=\"auto, (max-width: 230px) 100vw, 230px\" \/> <img loading=\"lazy\" decoding=\"async\" class=\"alignnone size-medium wp-image-4390\" src=\"https:\/\/www.laiko.net\/wp-content\/uploads\/2023\/11\/package-in-molecular-sieve-factory-230x300.jpg\" alt=\"\" width=\"230\" height=\"300\" srcset=\"https:\/\/www.laiko.net\/wp-content\/uploads\/2023\/11\/package-in-molecular-sieve-factory-230x300.jpg 230w, https:\/\/www.laiko.net\/wp-content\/uploads\/2023\/11\/package-in-molecular-sieve-factory-9x12.jpg 9w, https:\/\/www.laiko.net\/wp-content\/uploads\/2023\/11\/package-in-molecular-sieve-factory-300x391.jpg 300w, https:\/\/www.laiko.net\/wp-content\/uploads\/2023\/11\/package-in-molecular-sieve-factory.jpg 330w\" sizes=\"auto, (max-width: 230px) 100vw, 230px\" \/><img loading=\"lazy\" decoding=\"async\" class=\"alignnone size-medium wp-image-4401\" src=\"https:\/\/www.laiko.net\/wp-content\/uploads\/2023\/11\/13x-molecular-sieve-package-225x300.jpg\" alt=\"\" width=\"225\" height=\"300\" srcset=\"https:\/\/www.laiko.net\/wp-content\/uploads\/2023\/11\/13x-molecular-sieve-package-225x300.jpg 225w, https:\/\/www.laiko.net\/wp-content\/uploads\/2023\/11\/13x-molecular-sieve-package-9x12.jpg 9w, https:\/\/www.laiko.net\/wp-content\/uploads\/2023\/11\/13x-molecular-sieve-package-300x400.jpg 300w, https:\/\/www.laiko.net\/wp-content\/uploads\/2023\/11\/13x-molecular-sieve-package.jpg 448w\" sizes=\"auto, (max-width: 225px) 100vw, 225px\" \/><\/p>\n<p>&nbsp;<\/p>\n<p>&nbsp;<\/p>","protected":false},"excerpt":{"rendered":"<p>El tamiz molecular 13X es la forma s\u00f3dica del cristal de tipo X y tiene una abertura de poro mucho mayor que los cristales de tipo A. El tamiz molecular 13X adsorber\u00e1 mol\u00e9culas con un di\u00e1metro cin\u00e9tico inferior a 9 Angstrom (0,9 nm) y excluir\u00e1 las de mayor tama\u00f1o.<\/p>\n<p>13X\u00a0<a href=\"https:\/\/www.laiko.net\/product-category\/molecular-sieve-zeolite\/\" target=\"_self\" rel=\"noopener\">material de tamiz molecular<\/a>\u00a0tambi\u00e9n tiene la mayor capacidad te\u00f3rica de los adsorbentes comunes y muy buenos \u00edndices de transferencia de masa. El tamiz molecular 13x suministrado por NAIKE CHEMICAL, uno de los proveedores profesionales de zeolita 13x de China, puede eliminar impurezas demasiado grandes para caber en un cristal de tipo A y se utiliza habitualmente para separar el nitr\u00f3geno del ox\u00edgeno.<\/p>","protected":false},"featured_media":1013,"template":"","meta":{"_seopress_robots_primary_cat":"none","_monsterinsights_skip_tracking":false,"_monsterinsights_sitenote_active":false,"_monsterinsights_sitenote_note":"","_monsterinsights_sitenote_category":0,"_joinchat":[]},"product_cat":[79],"product_tag":[],"class_list":["post-3453","product","type-product","status-publish","has-post-thumbnail","hentry","product_cat-molecular-sieve-zeolite"],"featured_image_urls":{"full":["https:\/\/www.laiko.net\/wp-content\/uploads\/2023\/10\/frc-7ac5c842cb81699b0a6a746c94b74559.jpg",600,350,false],"thumbnail":["https:\/\/www.laiko.net\/wp-content\/uploads\/2023\/10\/frc-7ac5c842cb81699b0a6a746c94b74559-150x150.jpg",150,150,true],"medium":["https:\/\/www.laiko.net\/wp-content\/uploads\/2023\/10\/frc-7ac5c842cb81699b0a6a746c94b74559-300x175.jpg",300,175,true],"medium_large":["https:\/\/www.laiko.net\/wp-content\/uploads\/2023\/10\/frc-7ac5c842cb81699b0a6a746c94b74559.jpg",600,350,false],"large":["https:\/\/www.laiko.net\/wp-content\/uploads\/2023\/10\/frc-7ac5c842cb81699b0a6a746c94b74559.jpg",600,350,false],"1536x1536":["https:\/\/www.laiko.net\/wp-content\/uploads\/2023\/10\/frc-7ac5c842cb81699b0a6a746c94b74559.jpg",600,350,false],"2048x2048":["https:\/\/www.laiko.net\/wp-content\/uploads\/2023\/10\/frc-7ac5c842cb81699b0a6a746c94b74559.jpg",600,350,false],"trp-custom-language-flag":["https:\/\/www.laiko.net\/wp-content\/uploads\/2023\/10\/frc-7ac5c842cb81699b0a6a746c94b74559.jpg",18,12,false],"woocommerce_thumbnail":["https:\/\/www.laiko.net\/wp-content\/uploads\/2023\/10\/frc-7ac5c842cb81699b0a6a746c94b74559-300x175.jpg",300,175,true],"woocommerce_single":["https:\/\/www.laiko.net\/wp-content\/uploads\/2023\/10\/frc-7ac5c842cb81699b0a6a746c94b74559.jpg",600,350,false],"woocommerce_gallery_thumbnail":["https:\/\/www.laiko.net\/wp-content\/uploads\/2023\/10\/frc-7ac5c842cb81699b0a6a746c94b74559-100x100.jpg",100,100,true]},"post_excerpt_stackable":"<p>13X Molecular Sieve is the sodium form of the type X crystal and has a much larger pore opening than the type A crystals. 13X Molecular Sieve will adsorb molecules with a kinetic diameter of less than 9 Angstrom (0.9 nm) and exclude those larger.<\/p>\n<p>13X\u00a0<a href=\"https:\/\/www.laiko.net\/product-category\/molecular-sieve-zeolite\/\" target=\"_self\" rel=\"noopener\">molecular sieve material<\/a>\u00a0also has the highest theoretical capacity of the common adsorbents and very good mass transfer rates. Molecular sieve 13x provided by NAIKE CHEMICAL, one of the professional zeolite 13x suppliers in China, can remove impurities too large to fit into a type A crystal and is commonly used to separate nitrogen from oxygen.<\/p>\n","category_list":"","author_info":{"name":"","url":""},"comments_num":"0 comentarios","_links":{"self":[{"href":"https:\/\/www.laiko.net\/es\/wp-json\/wp\/v2\/product\/3453","targetHints":{"allow":["GET"]}}],"collection":[{"href":"https:\/\/www.laiko.net\/es\/wp-json\/wp\/v2\/product"}],"about":[{"href":"https:\/\/www.laiko.net\/es\/wp-json\/wp\/v2\/types\/product"}],"wp:featuredmedia":[{"embeddable":true,"href":"https:\/\/www.laiko.net\/es\/wp-json\/wp\/v2\/media\/1013"}],"wp:attachment":[{"href":"https:\/\/www.laiko.net\/es\/wp-json\/wp\/v2\/media?parent=3453"}],"wp:term":[{"taxonomy":"product_cat","embeddable":true,"href":"https:\/\/www.laiko.net\/es\/wp-json\/wp\/v2\/product_cat?post=3453"},{"taxonomy":"product_tag","embeddable":true,"href":"https:\/\/www.laiko.net\/es\/wp-json\/wp\/v2\/product_tag?post=3453"}],"curies":[{"name":"wp","href":"https:\/\/api.w.org\/{rel}","templated":true}]}}