{"id":3449,"date":"2023-11-13T18:04:12","date_gmt":"2023-11-13T10:04:12","guid":{"rendered":"http:\/\/www3.laiko.net\/?post_type=product&#038;p=3449"},"modified":"2023-12-26T16:27:37","modified_gmt":"2023-12-26T08:27:37","slug":"lithium-molecular-sieve","status":"publish","type":"product","link":"https:\/\/www.laiko.net\/es\/producto\/tamiz-molecular-de-litio\/","title":{"rendered":"Tamiz molecular de litio"},"content":{"rendered":"<h2>Par\u00e1metros de la zeolita de litio\/tamiz molecular<\/h2>\n<p>Naike Chemical es un fabricante profesional de tamiz molecular de zeolita para el generador de ox\u00edgeno, proporcionando varios tamices moleculares para la venta. Hay principalmente cuatro tipos de tamiz molecular a base de litio para concentrador de ox\u00edgeno: NKOX-100, NKOX-101, NKOX-102 y NKOX-103. Los par\u00e1metros del tamiz molecular de litio son los siguientes:<\/p>\n<div class=\"overflow_x\">\n<table cellspacing=\"0\" cellpadding=\"0\">\n<colgroup>\n<col \/>\n<col \/>\n<col \/>\n<col span=\"3\" \/><\/colgroup>\n<tbody>\n<tr class=\"firstRow\">\n<td rowspan=\"2\" height=\"44\">Los \u00edtems de la prueba<\/td>\n<td rowspan=\"2\">unidad<\/td>\n<td colspan=\"4\">LiX<\/td>\n<td rowspan=\"2\">Nota<\/td>\n<\/tr>\n<tr>\n<td>NKOX-100<\/td>\n<td>NKOX-101<\/td>\n<td colspan=\"1\" rowspan=\"1\" valign=\"null\">NKOX-102<\/td>\n<td>NKOX-103<\/td>\n<\/tr>\n<tr>\n<td height=\"22\">Di\u00e1metro<\/td>\n<td>mm<\/td>\n<td>1.6-2.5<\/td>\n<td>0.4-0.8<\/td>\n<td colspan=\"1\" rowspan=\"1\" valign=\"null\">0.8-1.2<\/td>\n<td>1.3-1.7<\/td>\n<td>~<\/td>\n<\/tr>\n<tr>\n<td height=\"22\">Adsorci\u00f3n est\u00e1tica de nitr\u00f3geno<\/td>\n<td>ml\/g<\/td>\n<td>\u226525<\/td>\n<td>\u226528<\/td>\n<td colspan=\"1\" rowspan=\"1\" valign=\"null\">\u226528<\/td>\n<td>\u226526<\/td>\n<td>1bar, 25\u00b0C<\/td>\n<\/tr>\n<tr>\n<td height=\"22\">Coeficiente de separaci\u00f3n nitr\u00f3geno\/ox\u00edgeno<\/td>\n<td>~<\/td>\n<td>\u22656.2<\/td>\n<td>\u22656.2<\/td>\n<td colspan=\"1\" rowspan=\"1\" valign=\"null\">\u22656.2<\/td>\n<td>\u22656.3<\/td>\n<td>1bar, 25\u00b0C<\/td>\n<\/tr>\n<tr>\n<td height=\"32\">Resistencia al aplastamiento<\/td>\n<td>N<\/td>\n<td>\u226517<\/td>\n<td>~<\/td>\n<td colspan=\"1\" rowspan=\"1\" valign=\"null\">\u22658<\/td>\n<td>\u226516<\/td>\n<td>La media<\/td>\n<\/tr>\n<tr>\n<td height=\"18\">Densidad aparente<\/td>\n<td>kg\/m3<\/td>\n<td>610-640<\/td>\n<td>610-640<\/td>\n<td colspan=\"1\" rowspan=\"1\" valign=\"null\">610-640<\/td>\n<td>610-640<\/td>\n<td><\/td>\n<\/tr>\n<tr>\n<td colspan=\"1\" rowspan=\"1\">Tama\u00f1o de las part\u00edculas<\/td>\n<td colspan=\"1\" rowspan=\"1\">%wt<\/td>\n<td colspan=\"1\" rowspan=\"1\">\u226598<\/td>\n<td colspan=\"1\" rowspan=\"1\">\u226595<\/td>\n<td colspan=\"1\" rowspan=\"1\">\u226598<\/td>\n<td colspan=\"1\" rowspan=\"1\">\u226598<\/td>\n<td colspan=\"1\" rowspan=\"1\">550\u00b0C,1 Hora<\/td>\n<\/tr>\n<tr>\n<td height=\"32\">Coeficiente de variaci\u00f3n<\/td>\n<td><\/td>\n<td>\u22640.4<\/td>\n<td>\u22640.4<\/td>\n<td colspan=\"1\" rowspan=\"1\" valign=\"null\">\u22640.4<\/td>\n<td>\u22640.4<\/td>\n<td><\/td>\n<\/tr>\n<tr>\n<td height=\"18\">Agua residual<\/td>\n<td>%wt<\/td>\n<td>\u22640.2<\/td>\n<td>\u22640.15<\/td>\n<td colspan=\"1\" rowspan=\"1\" valign=\"null\">\u22640.15<\/td>\n<td>\u22640.13<\/td>\n<td>575\u00b0C,1 Hora<\/td>\n<\/tr>\n<\/tbody>\n<\/table>\n<\/div>\n<h2>Polvo de zeolita de tamiz molecular de litio<\/h2>\n<h2>para concentrador de ox\u00edgeno<\/h2>\n<p>Los tamices moleculares de litio pueden utilizarse en la industria qu\u00edmica y en la industria sanitaria. Para satisfacer los elevados requisitos actuales de la oxigenoterapia y reducir los inconvenientes, en las cl\u00ednicas se utiliza un tamiz molecular de zeolita como nuevo tipo de chip de ox\u00edgeno m\u00e9dico. En t\u00e9rminos generales, el equipo de producci\u00f3n de ox\u00edgeno de tamiz molecular m\u00e9dico utiliza aire como materia prima, mientras que el tamiz molecular de zeolita (ZMS) se utiliza como adsorbente para producir ox\u00edgeno mediante adsorci\u00f3n por oscilaci\u00f3n de presi\u00f3n (PSA). La concentraci\u00f3n de ox\u00edgeno suele ser de 93 \u00b13%.<\/p>\n<p>En la actualidad, existen principalmente dos tipos de tamices moleculares de zeolita utilizados en concentradores de ox\u00edgeno en el mercado: tipo sodio y tipo litio. La empresa de tamices moleculares Naike puede proporcionar zeolita PSA profesional para concentradores de ox\u00edgeno. El tamiz molecular de zeolita de litio es m\u00e1s eficiente que el tamiz molecular de zeolita de sodio, lo que puede reducir en gran medida el volumen del generador de ox\u00edgeno y hacer que el concentrador de ox\u00edgeno sea m\u00e1s peque\u00f1o y f\u00e1cil de transportar.<\/p>\n<h2>Tamiz molecular de litio para concentrador de ox\u00edgeno<\/h2>\n<h2>Utiliza<\/h2>\n<p>3A: Secado de gas de craqueo de petr\u00f3leo y olefinas.<\/p>\n<p>4A: Secado de gas natural y separaci\u00f3n de alcanos.<\/p>\n<p>5A: Secado y purificaci\u00f3n de aire, deshidrataci\u00f3n y desulfuraci\u00f3n de gas natural, desulfuraci\u00f3n de gas licuado de petr\u00f3leo y adsorci\u00f3n por oscilaci\u00f3n de presi\u00f3n producci\u00f3n de ox\u00edgeno y producci\u00f3n de hidr\u00f3geno.<\/p>\n<p>5A-DW: Desparafinado, descenso del punto de fluidez y separaci\u00f3n de parafinas del queroseno de aviaci\u00f3n y el gas\u00f3leo.<\/p>\n<p>10X: Adsorbente eficaz para secado de gases y l\u00edquidos, desulfuraci\u00f3n, descarbonataci\u00f3n y separaci\u00f3n de arom\u00e1ticos.<\/p>\n<p><a href=\"https:\/\/www.laiko.net\/product\/13x-molecular-sieve\/\" target=\"_self\" rel=\"noopener\">Tamices moleculares 13X<\/a>: Secado, desulfuraci\u00f3n y purificaci\u00f3n GLP y gas natural.<\/p>\n<p>Tamices moleculares 13X-AS: descarbonizaci\u00f3n y secado de la separaci\u00f3n del aire.<\/p>\n<h2>Caracter\u00edsticas del tamiz molecular de litio<\/h2>\n<h2>para concentrador de ox\u00edgeno<\/h2>\n<ul class=\"list-paddingleft-2\">\n<li>El tamiz molecular a base de litio es una zeolita sint\u00e9tica de estructura cristalina de tipo litio, gran capacidad de adsorci\u00f3n de nitr\u00f3geno, alta eficacia de separaci\u00f3n ox\u00edgeno\/nitr\u00f3geno.<\/li>\n<li>De este modo, se facilita el uso de este sistema tambi\u00e9n en operaciones futuras.<\/li>\n<li>El tamiz molecular a base de litio presenta una elevada separaci\u00f3n N2\/O2 a muy baja presi\u00f3n, lo que reduce el consumo de producci\u00f3n de ox\u00edgeno.<\/li>\n<li>La ventaja de la capacidad de adsorci\u00f3n de equilibrio y el tamiz molecular de litio se aplica a varios dispositivos VPSA para concentrador de ox\u00edgeno.<\/li>\n<\/ul>\n<h2>Paquete de tamiz molecular de litio<\/h2>\n<p><img loading=\"lazy\" decoding=\"async\" class=\"alignnone size-medium wp-image-3187\" src=\"https:\/\/www.laiko.net\/wp-content\/uploads\/2023\/10\/lithium-zeolite-for-oxygen-concentrator-1-e1697715152249-300x167.webp\" alt=\"\" width=\"300\" height=\"167\" srcset=\"https:\/\/www.laiko.net\/wp-content\/uploads\/2023\/10\/lithium-zeolite-for-oxygen-concentrator-1-e1697715152249-300x167.webp 300w, https:\/\/www.laiko.net\/wp-content\/uploads\/2023\/10\/lithium-zeolite-for-oxygen-concentrator-1-e1697715152249.webp 360w\" sizes=\"auto, (max-width: 300px) 100vw, 300px\" \/><\/p>\n<p><img loading=\"lazy\" decoding=\"async\" class=\"alignnone size-medium wp-image-1047\" src=\"https:\/\/www.laiko.net\/wp-content\/uploads\/2023\/10\/frc-5a02aa25c27c0d3ef2dde146d6f328a1-300x194.png\" alt=\"\" width=\"300\" height=\"194\" srcset=\"https:\/\/www.laiko.net\/wp-content\/uploads\/2023\/10\/frc-5a02aa25c27c0d3ef2dde146d6f328a1-300x194.png 300w, https:\/\/www.laiko.net\/wp-content\/uploads\/2023\/10\/frc-5a02aa25c27c0d3ef2dde146d6f328a1.png 425w\" sizes=\"auto, (max-width: 300px) 100vw, 300px\" \/><\/p>\n<p><img loading=\"lazy\" decoding=\"async\" class=\"alignnone size-medium wp-image-1044\" src=\"https:\/\/www.laiko.net\/wp-content\/uploads\/2023\/10\/frc-8901f5492d0b83e752d9e3213864411e-300x135.png\" alt=\"\" width=\"300\" height=\"135\" srcset=\"https:\/\/www.laiko.net\/wp-content\/uploads\/2023\/10\/frc-8901f5492d0b83e752d9e3213864411e-300x135.png 300w, https:\/\/www.laiko.net\/wp-content\/uploads\/2023\/10\/frc-8901f5492d0b83e752d9e3213864411e-600x270.png 600w, https:\/\/www.laiko.net\/wp-content\/uploads\/2023\/10\/frc-8901f5492d0b83e752d9e3213864411e-1024x461.png 1024w, https:\/\/www.laiko.net\/wp-content\/uploads\/2023\/10\/frc-8901f5492d0b83e752d9e3213864411e-768x346.png 768w, https:\/\/www.laiko.net\/wp-content\/uploads\/2023\/10\/frc-8901f5492d0b83e752d9e3213864411e-1536x691.png 1536w, https:\/\/www.laiko.net\/wp-content\/uploads\/2023\/10\/frc-8901f5492d0b83e752d9e3213864411e.png 1920w\" sizes=\"auto, (max-width: 300px) 100vw, 300px\" \/><\/p>\n<p><img loading=\"lazy\" decoding=\"async\" class=\"alignnone size-medium wp-image-1045\" src=\"https:\/\/www.laiko.net\/wp-content\/uploads\/2023\/10\/frc-dff4748b5c9c73bfeb7f58b1c1bd663b-300x194.png\" alt=\"\" width=\"300\" height=\"194\" srcset=\"https:\/\/www.laiko.net\/wp-content\/uploads\/2023\/10\/frc-dff4748b5c9c73bfeb7f58b1c1bd663b-300x194.png 300w, https:\/\/www.laiko.net\/wp-content\/uploads\/2023\/10\/frc-dff4748b5c9c73bfeb7f58b1c1bd663b.png 425w\" sizes=\"auto, (max-width: 300px) 100vw, 300px\" \/><\/p>\n<p>&nbsp;<\/p>\n<p>&nbsp;<\/p>","protected":false},"excerpt":{"rendered":"<p>El tamiz molecular de litio es una forma de zeolita de tipo X con bajo contenido en s\u00edlice e intercambio de litio de alto rendimiento con una excepcional capacidad de nitr\u00f3geno para proporcionar un rendimiento \u00f3ptimo en la separaci\u00f3n del ox\u00edgeno del aire en concentradores de ox\u00edgeno medicinal. El\u00a0<a href=\"https:\/\/www.laiko.net\/product-category\/molecular-sieve-zeolite\/\" target=\"_self\" rel=\"noopener\">material de tamiz molecular<\/a>\u00a0est\u00e1 desarrollado y dise\u00f1ado para la producci\u00f3n de corrientes de aire ricas en ox\u00edgeno de hasta 95% en concentradores de ox\u00edgeno medicinal con caudales de aire de hasta 10 litros por minuto. Existen tres mecanismos de separaci\u00f3n por adsorci\u00f3n: efecto de impedimento est\u00e9rico, efecto cin\u00e9tico y efecto de equilibrio.<\/p>","protected":false},"featured_media":3187,"template":"","meta":{"_seopress_robots_primary_cat":"none","_monsterinsights_skip_tracking":false,"_monsterinsights_sitenote_active":false,"_monsterinsights_sitenote_note":"","_monsterinsights_sitenote_category":0,"_joinchat":[]},"product_cat":[99,79],"product_tag":[],"class_list":["post-3449","product","type-product","status-publish","has-post-thumbnail","hentry","product_cat-hot-sale-products","product_cat-molecular-sieve-zeolite"],"featured_image_urls":{"full":["https:\/\/www.laiko.net\/wp-content\/uploads\/2023\/10\/lithium-zeolite-for-oxygen-concentrator-1-e1697715152249.webp",360,200,false],"thumbnail":["https:\/\/www.laiko.net\/wp-content\/uploads\/2023\/10\/lithium-zeolite-for-oxygen-concentrator-1-e1697715152249-150x150.webp",150,150,true],"medium":["https:\/\/www.laiko.net\/wp-content\/uploads\/2023\/10\/lithium-zeolite-for-oxygen-concentrator-1-e1697715152249-300x167.webp",300,167,true],"medium_large":["https:\/\/www.laiko.net\/wp-content\/uploads\/2023\/10\/lithium-zeolite-for-oxygen-concentrator-1-e1697715152249.webp",360,200,false],"large":["https:\/\/www.laiko.net\/wp-content\/uploads\/2023\/10\/lithium-zeolite-for-oxygen-concentrator-1-e1697715152249.webp",360,200,false],"1536x1536":["https:\/\/www.laiko.net\/wp-content\/uploads\/2023\/10\/lithium-zeolite-for-oxygen-concentrator-1-e1697715152249.webp",360,200,false],"2048x2048":["https:\/\/www.laiko.net\/wp-content\/uploads\/2023\/10\/lithium-zeolite-for-oxygen-concentrator-1-e1697715152249.webp",360,200,false],"trp-custom-language-flag":["https:\/\/www.laiko.net\/wp-content\/uploads\/2023\/10\/lithium-zeolite-for-oxygen-concentrator-1-e1697715152249.webp",18,10,false],"woocommerce_thumbnail":["https:\/\/www.laiko.net\/wp-content\/uploads\/2023\/10\/lithium-zeolite-for-oxygen-concentrator-1-e1697715152249-300x167.webp",300,167,true],"woocommerce_single":["https:\/\/www.laiko.net\/wp-content\/uploads\/2023\/10\/lithium-zeolite-for-oxygen-concentrator-1-e1697715152249.webp",360,200,false],"woocommerce_gallery_thumbnail":["https:\/\/www.laiko.net\/wp-content\/uploads\/2023\/10\/lithium-zeolite-for-oxygen-concentrator-1-e1697715152249-100x100.webp",100,100,true]},"post_excerpt_stackable":"<p>Lithium molecular sieve is high-performance lithium exchanged low silica form of the X-type zeolite with exceptional nitrogen capacity to provide optimal performance in the separation of oxygen from the air in medical oxygen concentrators. The\u00a0<a href=\"https:\/\/www.laiko.net\/product-category\/molecular-sieve-zeolite\/\" target=\"_self\" rel=\"noopener\">molecular sieve material<\/a>\u00a0is developed and designed for the production of up to 95% oxygen-rich airstreams in medical oxygen concentrators with air flows up to 10 liters per minute. There are three mechanisms of adsorption separation: steric hindrance effect, kinetic effect, and equilibrium effect.<\/p>\n","category_list":"","author_info":{"name":"","url":""},"comments_num":"0 comentarios","_links":{"self":[{"href":"https:\/\/www.laiko.net\/es\/wp-json\/wp\/v2\/product\/3449","targetHints":{"allow":["GET"]}}],"collection":[{"href":"https:\/\/www.laiko.net\/es\/wp-json\/wp\/v2\/product"}],"about":[{"href":"https:\/\/www.laiko.net\/es\/wp-json\/wp\/v2\/types\/product"}],"wp:featuredmedia":[{"embeddable":true,"href":"https:\/\/www.laiko.net\/es\/wp-json\/wp\/v2\/media\/3187"}],"wp:attachment":[{"href":"https:\/\/www.laiko.net\/es\/wp-json\/wp\/v2\/media?parent=3449"}],"wp:term":[{"taxonomy":"product_cat","embeddable":true,"href":"https:\/\/www.laiko.net\/es\/wp-json\/wp\/v2\/product_cat?post=3449"},{"taxonomy":"product_tag","embeddable":true,"href":"https:\/\/www.laiko.net\/es\/wp-json\/wp\/v2\/product_tag?post=3449"}],"curies":[{"name":"wp","href":"https:\/\/api.w.org\/{rel}","templated":true}]}}