{"id":3443,"date":"2023-10-26T17:42:19","date_gmt":"2023-10-26T09:42:19","guid":{"rendered":"http:\/\/www3.laiko.net\/?post_type=product&#038;p=3443"},"modified":"2023-10-26T17:53:29","modified_gmt":"2023-10-26T09:53:29","slug":"hy-zeolite","status":"publish","type":"product","link":"https:\/\/www.laiko.net\/es\/producto\/hy-zeolita\/","title":{"rendered":"HY Zeolita"},"content":{"rendered":"<p><strong>Par\u00e1metros de la zeolita NaY<\/strong><\/p>\n<div class=\"overflow_x\">\n<table style=\"height: 406px;\" width=\"710\" cellspacing=\"0\" cellpadding=\"0\">\n<colgroup>\n<col \/>\n<col \/>\n<col \/>\n<col \/><\/colgroup>\n<tbody>\n<tr class=\"firstRow\">\n<td height=\"32\">Art\u00edculo<\/td>\n<td>Unidad<\/td>\n<td>resultado<\/td>\n<td>m\u00e9todo de an\u00e1lisis<\/td>\n<\/tr>\n<tr>\n<td height=\"48\">Cristalinidad<\/td>\n<td>%<\/td>\n<td>85<\/td>\n<td>Difract\u00f3metro de rayos X<\/td>\n<\/tr>\n<tr>\n<td height=\"64\">SiO2\/Al2O3<\/td>\n<td><\/td>\n<td>5.5<\/td>\n<td>Instrumento de fluorescencia de rayos X<\/td>\n<\/tr>\n<tr>\n<td height=\"48\">D50<\/td>\n<td>um<\/td>\n<td>5.1<\/td>\n<td>Analizador l\u00e1ser granulom\u00e9trico<\/td>\n<\/tr>\n<tr>\n<td height=\"48\">D90<\/td>\n<td>um<\/td>\n<td>7.9<\/td>\n<td>Analizador l\u00e1ser granulom\u00e9trico<\/td>\n<\/tr>\n<tr>\n<td height=\"32\">Na2O<\/td>\n<td>%<\/td>\n<td>0.2<\/td>\n<td>Fotometr\u00eda de llama<\/td>\n<\/tr>\n<tr>\n<td height=\"32\">L.O.I<\/td>\n<td>%<\/td>\n<td>23<\/td>\n<td>An\u00e1lisis gravim\u00e9trico<\/td>\n<\/tr>\n<tr>\n<td height=\"48\">Unidad Tama\u00f1o de la celda<\/td>\n<td>\u00c5<\/td>\n<td>24.53<\/td>\n<td>Difract\u00f3metro de rayos X<\/td>\n<\/tr>\n<tr>\n<td height=\"48\">Superficie espec\u00edfica<\/td>\n<td>m2\/g<\/td>\n<td>700<\/td>\n<td>Desorbedor de adsorci\u00f3n Bet<\/td>\n<\/tr>\n<\/tbody>\n<\/table>\n<\/div>","protected":false},"excerpt":{"rendered":"<p>El tamiz molecular de tipo Na-Y es un cristal de aluminosilicato de tipo s\u00f3dico que tiene una gran superficie espec\u00edfica. El tamiz molecular Y se utiliza ampliamente como catalizador de craqueo catal\u00edtico como componente de activaci\u00f3n \u00e1cida, y tambi\u00e9n se puede utilizar en procesos catal\u00edticos de refinado de petr\u00f3leo y petroqu\u00edmicos como adsorbente, hidrocraqueo, alquilaci\u00f3n, hidrodesparafinado, depresor del punto de fluidez del di\u00e9sel.<\/p>","protected":false},"featured_media":1474,"template":"","meta":{"_seopress_robots_primary_cat":"","_monsterinsights_skip_tracking":false,"_monsterinsights_sitenote_active":false,"_monsterinsights_sitenote_note":"","_monsterinsights_sitenote_category":0,"_joinchat":[]},"product_cat":[78],"product_tag":[],"class_list":["post-3443","product","type-product","status-publish","has-post-thumbnail","hentry","product_cat-fcc-catalyst"],"featured_image_urls":{"full":["https:\/\/www.laiko.net\/wp-content\/uploads\/2023\/10\/frc-dfeeda7014141c0e91dad6d7e250a7b0.jpg",600,350,false],"thumbnail":["https:\/\/www.laiko.net\/wp-content\/uploads\/2023\/10\/frc-dfeeda7014141c0e91dad6d7e250a7b0-150x150.jpg",150,150,true],"medium":["https:\/\/www.laiko.net\/wp-content\/uploads\/2023\/10\/frc-dfeeda7014141c0e91dad6d7e250a7b0-300x175.jpg",300,175,true],"medium_large":["https:\/\/www.laiko.net\/wp-content\/uploads\/2023\/10\/frc-dfeeda7014141c0e91dad6d7e250a7b0.jpg",600,350,false],"large":["https:\/\/www.laiko.net\/wp-content\/uploads\/2023\/10\/frc-dfeeda7014141c0e91dad6d7e250a7b0.jpg",600,350,false],"1536x1536":["https:\/\/www.laiko.net\/wp-content\/uploads\/2023\/10\/frc-dfeeda7014141c0e91dad6d7e250a7b0.jpg",600,350,false],"2048x2048":["https:\/\/www.laiko.net\/wp-content\/uploads\/2023\/10\/frc-dfeeda7014141c0e91dad6d7e250a7b0.jpg",600,350,false],"trp-custom-language-flag":["https:\/\/www.laiko.net\/wp-content\/uploads\/2023\/10\/frc-dfeeda7014141c0e91dad6d7e250a7b0.jpg",18,12,false],"woocommerce_thumbnail":["https:\/\/www.laiko.net\/wp-content\/uploads\/2023\/10\/frc-dfeeda7014141c0e91dad6d7e250a7b0-300x175.jpg",300,175,true],"woocommerce_single":["https:\/\/www.laiko.net\/wp-content\/uploads\/2023\/10\/frc-dfeeda7014141c0e91dad6d7e250a7b0.jpg",600,350,false],"woocommerce_gallery_thumbnail":["https:\/\/www.laiko.net\/wp-content\/uploads\/2023\/10\/frc-dfeeda7014141c0e91dad6d7e250a7b0-100x100.jpg",100,100,true]},"post_excerpt_stackable":"<p>The Na-Y type molecular sieve is a sodium type aluminosilicate crystal having a large specific surface area. Y molecular sieve is widely used as the catalytic cracking catalyst as acid activation component, and can also be used in petroleum refining and petrochemical catalytic processes such as adsorbent, hydrocracking, alkylation, hydrodewaxing, diesel pour point depressing.<\/p>\n","category_list":"","author_info":{"name":"","url":""},"comments_num":"0 comentarios","_links":{"self":[{"href":"https:\/\/www.laiko.net\/es\/wp-json\/wp\/v2\/product\/3443","targetHints":{"allow":["GET"]}}],"collection":[{"href":"https:\/\/www.laiko.net\/es\/wp-json\/wp\/v2\/product"}],"about":[{"href":"https:\/\/www.laiko.net\/es\/wp-json\/wp\/v2\/types\/product"}],"wp:featuredmedia":[{"embeddable":true,"href":"https:\/\/www.laiko.net\/es\/wp-json\/wp\/v2\/media\/1474"}],"wp:attachment":[{"href":"https:\/\/www.laiko.net\/es\/wp-json\/wp\/v2\/media?parent=3443"}],"wp:term":[{"taxonomy":"product_cat","embeddable":true,"href":"https:\/\/www.laiko.net\/es\/wp-json\/wp\/v2\/product_cat?post=3443"},{"taxonomy":"product_tag","embeddable":true,"href":"https:\/\/www.laiko.net\/es\/wp-json\/wp\/v2\/product_tag?post=3443"}],"curies":[{"name":"wp","href":"https:\/\/api.w.org\/{rel}","templated":true}]}}