{"id":3768,"date":"2023-10-31T16:41:41","date_gmt":"2023-10-31T08:41:41","guid":{"rendered":"http:\/\/www3.laiko.net\/?post_type=product&#038;p=3768"},"modified":"2023-10-31T16:41:41","modified_gmt":"2023-10-31T08:41:41","slug":"plastic-structured-packing","status":"publish","type":"product","link":"https:\/\/www.laiko.net\/de\/produkt\/strukturierte-kunststoffverpackungen\/","title":{"rendered":"Strukturierte Kunststoffverpackungen"},"content":{"rendered":"<h2>Parameter von strukturierten Kunststoffverpackungen<\/h2>\n<div class=\"overflow_x\">\n<table cellspacing=\"0\" cellpadding=\"0\">\n<colgroup>\n<col span=\"7\" \/><\/colgroup>\n<tbody>\n<tr class=\"firstRow\">\n<td rowspan=\"2\" height=\"50\">Typ<\/td>\n<td>NT<\/td>\n<td>Fl\u00e4che<\/td>\n<td rowspan=\"2\">Leerraumverh\u00e4ltnis (%)<\/td>\n<td>Sch\u00fcttdichte<\/td>\n<td rowspan=\"2\">Fl\u00fcssigkeitsbelastung (m3\/m2.hn)<\/td>\n<td rowspan=\"2\">Max. F-Faktor m\/s(Kg\/m3)0,5<\/td>\n<\/tr>\n<tr>\n<td>(m-1)<\/td>\n<td>(m2\/m3)<\/td>\n<td>(kg\/m3)<\/td>\n<\/tr>\n<tr>\n<td rowspan=\"2\" height=\"36\">125Y<\/td>\n<td>1&#8211;2<\/td>\n<td>125<\/td>\n<td>98.5<\/td>\n<td>37.5<\/td>\n<td>0.2-100<\/td>\n<td>3<\/td>\n<\/tr>\n<tr>\n<td>2-2.5<\/td>\n<td>250<\/td>\n<td>98.5<\/td>\n<td>37.5<\/td>\n<td>0.2-100<\/td>\n<td>2.6<\/td>\n<\/tr>\n<tr>\n<td rowspan=\"2\" height=\"36\">350Y<\/td>\n<td>3.5-4<\/td>\n<td>350<\/td>\n<td>95<\/td>\n<td>105<\/td>\n<td>0.2-100<\/td>\n<td>2<\/td>\n<\/tr>\n<tr>\n<td>4-4.5<\/td>\n<td>500<\/td>\n<td>95<\/td>\n<td>105<\/td>\n<td>0.2-100<\/td>\n<td>1.8<\/td>\n<\/tr>\n<tr>\n<td rowspan=\"2\" height=\"36\">125X<\/td>\n<td>0.8-0.9<\/td>\n<td>125<\/td>\n<td>98.5<\/td>\n<td>75<\/td>\n<td>0.2-100<\/td>\n<td>3.5<\/td>\n<\/tr>\n<tr>\n<td>1.5-2<\/td>\n<td>250<\/td>\n<td>98.5<\/td>\n<td>75<\/td>\n<td>0.2-100<\/td>\n<td>2.8<\/td>\n<\/tr>\n<tr>\n<td rowspan=\"2\" height=\"36\">350X<\/td>\n<td>2.3-2.8<\/td>\n<td>350<\/td>\n<td>95<\/td>\n<td>105<\/td>\n<td>0.2-100<\/td>\n<td>2.2<\/td>\n<\/tr>\n<tr>\n<td>2.8-3.2<\/td>\n<td>500<\/td>\n<td>95<\/td>\n<td>105<\/td>\n<td>0.2-100<\/td>\n<td>2<\/td>\n<\/tr>\n<tr>\n<td height=\"18\">500X<\/td>\n<td>4.5-5.5<\/td>\n<td>250<\/td>\n<td>93<\/td>\n<td>150<\/td>\n<td>0.2-100<\/td>\n<td>1.8<\/td>\n<\/tr>\n<tr>\n<td height=\"18\">500Y<\/td>\n<td>4\u67085\u65e5<\/td>\n<td>250<\/td>\n<td>93<\/td>\n<td>150<\/td>\n<td>0.2-100<\/td>\n<td>2.1<\/td>\n<\/tr>\n<tr>\n<td height=\"18\">700X<\/td>\n<td>8\u670810\u65e5<\/td>\n<td>350<\/td>\n<td>72<\/td>\n<td>650<\/td>\n<td>0.15-100<\/td>\n<td>1.3<\/td>\n<\/tr>\n<tr>\n<td height=\"18\">700Y<\/td>\n<td>6\u67087\u65e5<\/td>\n<td>350<\/td>\n<td>72<\/td>\n<td>650<\/td>\n<td>0.15-100<\/td>\n<td>2.3<\/td>\n<\/tr>\n<\/tbody>\n<\/table>\n<\/div>\n<h2>Vorteile der Verpackung des W\u00e4scherturms aus Kunststoff<\/h2>\n<p>Die Leistung dieser\u00a0<a href=\"https:\/\/www.laiko.net\/products\/structured-packing\/\" target=\"_self\" rel=\"noopener\">strukturierte Turmverpackungen<\/a>\u00a0hat eine Bel\u00fcftungsrate, geringen Widerstand und gro\u00dfe Elastizit\u00e4t des Betriebs, gro\u00dfe Kontaktfl\u00e4che, etc. Vor allem in der atmosph\u00e4rischen Druck und Subtraktion Betrieb ist mehr Bedeutung.<\/p>","protected":false},"excerpt":{"rendered":"<p>Kunststoff-Perforierte Platte Wellpappe Packung ist aus verbessertem Polypropylen und das andere Material, und seine Leistung ist \u00e4hnlich wie die metallische perforiert Wellpappe Verpackung mit der gleichen Dimension. Kunststoffplatte Wellpappe Packung hat den Vorteil, leicht, Massen\u00fcbertragungsrate, niedriger Druckabfall, gro\u00dfe spezifische Oberfl\u00e4che, leicht zu \u00e4ndern.<\/p>\n<p>Eine gro\u00dfe Auswahl an strukturierten Kunststoffpackungen, einschlie\u00dflich PP-Packungen, PE-Packungen, PVC-Packungen, PVDF-Packungen, PTFE-Packungen, etc.<\/p>","protected":false},"featured_media":1234,"template":"","meta":{"_seopress_robots_primary_cat":"","_monsterinsights_skip_tracking":false,"_monsterinsights_sitenote_active":false,"_monsterinsights_sitenote_note":"","_monsterinsights_sitenote_category":0,"_joinchat":[]},"product_cat":[104,82],"product_tag":[],"class_list":["post-3768","product","type-product","status-publish","has-post-thumbnail","hentry","product_cat-plastic-tower-packing","product_cat-structured-packing"],"featured_image_urls":{"full":["https:\/\/www.laiko.net\/wp-content\/uploads\/2023\/10\/frc-0de500de3e91c94b62695b1f6bd9d553.jpg",600,350,false],"thumbnail":["https:\/\/www.laiko.net\/wp-content\/uploads\/2023\/10\/frc-0de500de3e91c94b62695b1f6bd9d553-150x150.jpg",150,150,true],"medium":["https:\/\/www.laiko.net\/wp-content\/uploads\/2023\/10\/frc-0de500de3e91c94b62695b1f6bd9d553-300x175.jpg",300,175,true],"medium_large":["https:\/\/www.laiko.net\/wp-content\/uploads\/2023\/10\/frc-0de500de3e91c94b62695b1f6bd9d553.jpg",600,350,false],"large":["https:\/\/www.laiko.net\/wp-content\/uploads\/2023\/10\/frc-0de500de3e91c94b62695b1f6bd9d553.jpg",600,350,false],"1536x1536":["https:\/\/www.laiko.net\/wp-content\/uploads\/2023\/10\/frc-0de500de3e91c94b62695b1f6bd9d553.jpg",600,350,false],"2048x2048":["https:\/\/www.laiko.net\/wp-content\/uploads\/2023\/10\/frc-0de500de3e91c94b62695b1f6bd9d553.jpg",600,350,false],"trp-custom-language-flag":["https:\/\/www.laiko.net\/wp-content\/uploads\/2023\/10\/frc-0de500de3e91c94b62695b1f6bd9d553.jpg",18,12,false],"woocommerce_thumbnail":["https:\/\/www.laiko.net\/wp-content\/uploads\/2023\/10\/frc-0de500de3e91c94b62695b1f6bd9d553-300x175.jpg",300,175,true],"woocommerce_single":["https:\/\/www.laiko.net\/wp-content\/uploads\/2023\/10\/frc-0de500de3e91c94b62695b1f6bd9d553.jpg",600,350,false],"woocommerce_gallery_thumbnail":["https:\/\/www.laiko.net\/wp-content\/uploads\/2023\/10\/frc-0de500de3e91c94b62695b1f6bd9d553-100x100.jpg",100,100,true]},"post_excerpt_stackable":"<p>Plastic Perforated Plate Corrugated Packing is made of improved polypropylene and the other material, and its performance is similar to the metallic perforated corrugated packing with the same dimension. Plastic plate corrugated packing has the advantage of lightweight, mass transfer rate, low-pressure drop, large specific surface areas, easy change.<\/p>\n<p>A wide range of plastic structured packing available including PP packing, PE packing, PVC packing, PVDF packing, PTFE\u00a0packing, etc.<\/p>\n","category_list":"","author_info":{"name":"","url":""},"comments_num":"0 comments","_links":{"self":[{"href":"https:\/\/www.laiko.net\/de\/wp-json\/wp\/v2\/product\/3768","targetHints":{"allow":["GET"]}}],"collection":[{"href":"https:\/\/www.laiko.net\/de\/wp-json\/wp\/v2\/product"}],"about":[{"href":"https:\/\/www.laiko.net\/de\/wp-json\/wp\/v2\/types\/product"}],"wp:featuredmedia":[{"embeddable":true,"href":"https:\/\/www.laiko.net\/de\/wp-json\/wp\/v2\/media\/1234"}],"wp:attachment":[{"href":"https:\/\/www.laiko.net\/de\/wp-json\/wp\/v2\/media?parent=3768"}],"wp:term":[{"taxonomy":"product_cat","embeddable":true,"href":"https:\/\/www.laiko.net\/de\/wp-json\/wp\/v2\/product_cat?post=3768"},{"taxonomy":"product_tag","embeddable":true,"href":"https:\/\/www.laiko.net\/de\/wp-json\/wp\/v2\/product_tag?post=3768"}],"curies":[{"name":"wp","href":"https:\/\/api.w.org\/{rel}","templated":true}]}}