{"id":3767,"date":"2023-10-31T16:39:40","date_gmt":"2023-10-31T08:39:40","guid":{"rendered":"http:\/\/www3.laiko.net\/?post_type=product&#038;p=3767"},"modified":"2023-10-31T16:39:40","modified_gmt":"2023-10-31T08:39:40","slug":"plastic-hollow-floatation-ball","status":"publish","type":"product","link":"https:\/\/www.laiko.net\/de\/produkt\/kunststoff-hohlkorperschwimmkorper\/","title":{"rendered":"Kunststoff-Hohlschwimmk\u00f6rper"},"content":{"rendered":"<h2>Parameter von Kunststoff-Hohlkugeln zum Aufschwimmen<\/h2>\n<div class=\"overflow_x\">\n<table cellspacing=\"0\" cellpadding=\"0\">\n<colgroup>\n<col \/>\n<col \/>\n<col \/>\n<col \/>\n<col span=\"4\" \/><\/colgroup>\n<tbody>\n<tr class=\"firstRow\">\n<td colspan=\"2\" height=\"22\">Gr\u00f6\u00dfe mm<\/td>\n<td colspan=\"2\">25<\/td>\n<td colspan=\"2\">38<\/td>\n<td colspan=\"2\">50<\/td>\n<\/tr>\n<tr>\n<td colspan=\"2\" height=\"22\">Oberfl\u00e4che (ft2\/ft3)<\/td>\n<td colspan=\"2\">200<\/td>\n<td colspan=\"2\">150<\/td>\n<td colspan=\"2\">120<\/td>\n<\/tr>\n<tr>\n<td colspan=\"2\" height=\"22\">Leere Ration (%)<\/td>\n<td colspan=\"2\">42<\/td>\n<td colspan=\"2\">42<\/td>\n<td colspan=\"2\">42<\/td>\n<\/tr>\n<tr>\n<td colspan=\"2\" height=\"22\">Gewicht (kg\/m3)<\/td>\n<td colspan=\"2\">62<\/td>\n<td colspan=\"2\">84<\/td>\n<td colspan=\"2\">79<\/td>\n<\/tr>\n<tr>\n<td colspan=\"2\" height=\"22\">Anzahl\/m3<\/td>\n<td colspan=\"2\">41000<\/td>\n<td colspan=\"2\">22000<\/td>\n<td colspan=\"2\">10500<\/td>\n<\/tr>\n<\/tbody>\n<\/table>\n<\/div>\n<h2>Vorteile von Kunststoff-Hohlkugeln zum Aufschwimmen<\/h2>\n<ul class=\"list-paddingleft-2\">\n<li>Gute Filtrationsleistung<\/li>\n<li>Stabile chemische Eigenschaften<\/li>\n<li>Verschmutzungsfrei<\/li>\n<li>Lange Lebensdauer und gro\u00dfe \u00dcberlagerungsfl\u00e4che<\/li>\n<\/ul>","protected":false},"excerpt":{"rendered":"<p>Die hohle Flotationskugel aus Kunststoff wird mit fortschrittlicher Technologie hergestellt und kann f\u00fcr eine lange Zeit bei einer Arbeitstemperatur von 60-150 Grad verwendet werden.<\/p>","protected":false},"featured_media":1340,"template":"","meta":{"_seopress_robots_primary_cat":"","_monsterinsights_skip_tracking":false,"_monsterinsights_sitenote_active":false,"_monsterinsights_sitenote_note":"","_monsterinsights_sitenote_category":0,"_joinchat":[]},"product_cat":[104],"product_tag":[],"class_list":["post-3767","product","type-product","status-publish","has-post-thumbnail","hentry","product_cat-plastic-tower-packing"],"featured_image_urls":{"full":["https:\/\/www.laiko.net\/wp-content\/uploads\/2023\/10\/frc-0eeafba44589d6a16c21411be287c9a0.jpg",600,350,false],"thumbnail":["https:\/\/www.laiko.net\/wp-content\/uploads\/2023\/10\/frc-0eeafba44589d6a16c21411be287c9a0-150x150.jpg",150,150,true],"medium":["https:\/\/www.laiko.net\/wp-content\/uploads\/2023\/10\/frc-0eeafba44589d6a16c21411be287c9a0-300x175.jpg",300,175,true],"medium_large":["https:\/\/www.laiko.net\/wp-content\/uploads\/2023\/10\/frc-0eeafba44589d6a16c21411be287c9a0.jpg",600,350,false],"large":["https:\/\/www.laiko.net\/wp-content\/uploads\/2023\/10\/frc-0eeafba44589d6a16c21411be287c9a0.jpg",600,350,false],"1536x1536":["https:\/\/www.laiko.net\/wp-content\/uploads\/2023\/10\/frc-0eeafba44589d6a16c21411be287c9a0.jpg",600,350,false],"2048x2048":["https:\/\/www.laiko.net\/wp-content\/uploads\/2023\/10\/frc-0eeafba44589d6a16c21411be287c9a0.jpg",600,350,false],"trp-custom-language-flag":["https:\/\/www.laiko.net\/wp-content\/uploads\/2023\/10\/frc-0eeafba44589d6a16c21411be287c9a0.jpg",18,12,false],"woocommerce_thumbnail":["https:\/\/www.laiko.net\/wp-content\/uploads\/2023\/10\/frc-0eeafba44589d6a16c21411be287c9a0-300x175.jpg",300,175,true],"woocommerce_single":["https:\/\/www.laiko.net\/wp-content\/uploads\/2023\/10\/frc-0eeafba44589d6a16c21411be287c9a0.jpg",600,350,false],"woocommerce_gallery_thumbnail":["https:\/\/www.laiko.net\/wp-content\/uploads\/2023\/10\/frc-0eeafba44589d6a16c21411be287c9a0-100x100.jpg",100,100,true]},"post_excerpt_stackable":"<p>Plastic hollow floatation ball is produced by advanced technology, it can be continuous used for a long time under the working temperature of 60-150 degree.<\/p>\n","category_list":"","author_info":{"name":"","url":""},"comments_num":"0 comments","_links":{"self":[{"href":"https:\/\/www.laiko.net\/de\/wp-json\/wp\/v2\/product\/3767","targetHints":{"allow":["GET"]}}],"collection":[{"href":"https:\/\/www.laiko.net\/de\/wp-json\/wp\/v2\/product"}],"about":[{"href":"https:\/\/www.laiko.net\/de\/wp-json\/wp\/v2\/types\/product"}],"wp:featuredmedia":[{"embeddable":true,"href":"https:\/\/www.laiko.net\/de\/wp-json\/wp\/v2\/media\/1340"}],"wp:attachment":[{"href":"https:\/\/www.laiko.net\/de\/wp-json\/wp\/v2\/media?parent=3767"}],"wp:term":[{"taxonomy":"product_cat","embeddable":true,"href":"https:\/\/www.laiko.net\/de\/wp-json\/wp\/v2\/product_cat?post=3767"},{"taxonomy":"product_tag","embeddable":true,"href":"https:\/\/www.laiko.net\/de\/wp-json\/wp\/v2\/product_tag?post=3767"}],"curies":[{"name":"wp","href":"https:\/\/api.w.org\/{rel}","templated":true}]}}