{"id":3765,"date":"2023-10-31T16:34:54","date_gmt":"2023-10-31T08:34:54","guid":{"rendered":"http:\/\/www3.laiko.net\/?post_type=product&#038;p=3765"},"modified":"2023-10-31T16:34:54","modified_gmt":"2023-10-31T08:34:54","slug":"plastic-polyhedral-hollow-ball","status":"publish","type":"product","link":"https:\/\/www.laiko.net\/de\/produkt\/polyedrische-hohlkugel-aus-kunststoff\/","title":{"rendered":"Polyedrische Kunststoff-Hohlkugel"},"content":{"rendered":"<h2>Parameter der polyedrischen Kunststoffhohlkugel<\/h2>\n<div class=\"overflow_x\">\n<table>\n<tbody>\n<tr class=\"firstRow\">\n<td>D\u00d7H\u00d7\u03b4 mm<\/td>\n<td>Spezifische Fl\u00e4che m2\/m3<\/td>\n<td>Leerlaufrate %<\/td>\n<td colspan=\"2\">Sch\u00fcttgut Anzahl g\/m3<\/td>\n<td colspan=\"2\">Packst\u00fcck Dichte (kg\/m3)<\/td>\n<\/tr>\n<tr>\n<td>25<\/td>\n<td>460<\/td>\n<td>84<\/td>\n<td colspan=\"2\">64000<\/td>\n<td colspan=\"2\">70.4<\/td>\n<\/tr>\n<tr>\n<td>38<\/td>\n<td>312<\/td>\n<td>87<\/td>\n<td colspan=\"2\">25000<\/td>\n<td colspan=\"2\">75<\/td>\n<\/tr>\n<tr>\n<td>50<\/td>\n<td>237<\/td>\n<td>90<\/td>\n<td colspan=\"2\">11500<\/td>\n<td colspan=\"2\">80.5<\/td>\n<\/tr>\n<tr>\n<td>76<\/td>\n<td>214<\/td>\n<td>92<\/td>\n<td colspan=\"2\">3000<\/td>\n<td colspan=\"2\">59<\/td>\n<\/tr>\n<tr>\n<td>100<\/td>\n<td>261<\/td>\n<td>92<\/td>\n<td colspan=\"2\">1800<\/td>\n<td colspan=\"2\">50.4<\/td>\n<\/tr>\n<\/tbody>\n<\/table>\n<\/div>\n<h2>Physikalische und chemische Eigenschaften<\/h2>\n<div class=\"overflow_x\">\n<table data-sort=\"sortDisabled\">\n<tbody>\n<tr class=\"firstRow\">\n<td colspan=\"7\" rowspan=\"1\">Physikalische und chemische Eigenschaften<\/td>\n<\/tr>\n<tr>\n<td>Leistung\/Material<\/td>\n<td>PE<\/td>\n<td>PP<\/td>\n<td>RPP<\/td>\n<td>PVC<\/td>\n<td>CPVC<\/td>\n<td>PVDF<\/td>\n<\/tr>\n<tr>\n<td>Dichte(g\/cm3)<\/td>\n<td>0.94-0.96<\/td>\n<td>0.89-0.91<\/td>\n<td>0.93-0.94<\/td>\n<td>1.32-1.44<\/td>\n<td>1.50-1.54<\/td>\n<td>\n<ul class=\"list-paddingleft-2\">\n<li>1.75-1.78<\/li>\n<\/ul>\n<\/td>\n<\/tr>\n<tr>\n<td>Betrieb Temp(\u2103)<\/td>\n<td>90<\/td>\n<td>\uff1e100<\/td>\n<td>\uff1e120<\/td>\n<td>\uff1e60<\/td>\n<td>\uff1e90<\/td>\n<td>\uff1e150<\/td>\n<\/tr>\n<tr>\n<td>Chemische Korrosion<\/td>\n<td>Gut<\/td>\n<td>Gut<\/td>\n<td>Gut<\/td>\n<td>Gut<\/td>\n<td>Gut<\/td>\n<td>Gut<\/td>\n<\/tr>\n<tr>\n<td>Druckfestigkeit(MP<\/td>\n<td>\uff1e6.0<\/td>\n<td>\uff1e6.5<\/td>\n<td>\uff1e7.0<\/td>\n<td>\uff1e6.0<\/td>\n<td>\uff1e8.0<\/td>\n<td>\uff1e10.0<\/td>\n<\/tr>\n<\/tbody>\n<\/table>\n<\/div>\n<h2>Vorteile der polyedrischen Kunststoff-Hohlkugel<\/h2>\n<ul class=\"list-paddingleft-2\">\n<li>Gro\u00dfe L\u00fccke<\/li>\n<li>Niedriger Druckverlust<\/li>\n<li>Niedrige H\u00f6he der Masseverbindungseinheit<\/li>\n<li>Geringes spezifisches Gewicht<\/li>\n<li>Reichlich Gas-Fl\u00fcssig-Kontakt<\/li>\n<li>Hohe Oberfl\u00e4che<\/li>\n<li>Hervorragende Effizienz der \u00dcbertragung<\/li>\n<\/ul>\n<h2>Verpackung der polyedrischen Hohlkugel aus Kunststoff<\/h2>\n<p>\u25cf 25kgs\/50kgs zusammengesetzter Plastiksack<\/p>\n<p>\u25cf 1 Kubikmeter Jumbo-Sack<\/p>\n<p>\u25cf Andere Verpackungen sind auf Anfrage erh\u00e4ltlich<\/p>\n<h2>Anwendung der polyedrischen Hohlkugel aus Kunststoff<\/h2>\n<p>\u25cfAbsorber<\/p>\n<p>Geringer Druckverlust<\/p>\n<p>\u25cfEntgasung<\/p>\n<p>Geringe H\u00f6he der Masseverbindungseinheit<\/p>\n<p>\u25cf Fl\u00fcssig\/Fl\u00fcssig-Extraktion<\/p>\n<p>\u25cf Geringes spezifisches Gewicht<\/p>\n<p>\u25cf Wasseraufbereitung<\/p>\n<p>\u25cfGro\u00dfer Gas-Fl\u00fcssigkeits-Kontakt<\/p>\n<p>\u25cfW\u00e4rme\u00fcbertragung<\/p>","protected":false},"excerpt":{"rendered":"<p>Die polyedrische Hohlkugel von NAIKE Plastic ist eine Art zuf\u00e4llige Kunststoffpackung, die aus zwei Halbkugeln besteht. Jede Halbkugel besteht aus vielen flabellaten Schaufeln. Ihre spezifische Oberfl\u00e4che ist gr\u00f6\u00dfer als die jeder anderen kugelf\u00f6rmigen Packung. Sie ist der typische Vertreter der Kunststoff-Zufallspackungen. Die polyedrische Hohlkugel aus Kunststoff wird h\u00e4ufig f\u00fcr die Packung von T\u00fcrmen in<br \/>\nErd\u00f6lindustrie, chemische Industrie, Alkalichloridindustrie, Kohlegasindustrie und Umweltschutz usw.<\/p>","protected":false},"featured_media":1379,"template":"","meta":{"_seopress_robots_primary_cat":"","_monsterinsights_skip_tracking":false,"_monsterinsights_sitenote_active":false,"_monsterinsights_sitenote_note":"","_monsterinsights_sitenote_category":0,"_joinchat":[]},"product_cat":[104],"product_tag":[],"class_list":["post-3765","product","type-product","status-publish","has-post-thumbnail","hentry","product_cat-plastic-tower-packing"],"featured_image_urls":{"full":["https:\/\/www.laiko.net\/wp-content\/uploads\/2023\/10\/frc-edf4c6acce7a4f951b9af1312c437875.jpg",600,350,false],"thumbnail":["https:\/\/www.laiko.net\/wp-content\/uploads\/2023\/10\/frc-edf4c6acce7a4f951b9af1312c437875-150x150.jpg",150,150,true],"medium":["https:\/\/www.laiko.net\/wp-content\/uploads\/2023\/10\/frc-edf4c6acce7a4f951b9af1312c437875-300x175.jpg",300,175,true],"medium_large":["https:\/\/www.laiko.net\/wp-content\/uploads\/2023\/10\/frc-edf4c6acce7a4f951b9af1312c437875.jpg",600,350,false],"large":["https:\/\/www.laiko.net\/wp-content\/uploads\/2023\/10\/frc-edf4c6acce7a4f951b9af1312c437875.jpg",600,350,false],"1536x1536":["https:\/\/www.laiko.net\/wp-content\/uploads\/2023\/10\/frc-edf4c6acce7a4f951b9af1312c437875.jpg",600,350,false],"2048x2048":["https:\/\/www.laiko.net\/wp-content\/uploads\/2023\/10\/frc-edf4c6acce7a4f951b9af1312c437875.jpg",600,350,false],"trp-custom-language-flag":["https:\/\/www.laiko.net\/wp-content\/uploads\/2023\/10\/frc-edf4c6acce7a4f951b9af1312c437875.jpg",18,12,false],"woocommerce_thumbnail":["https:\/\/www.laiko.net\/wp-content\/uploads\/2023\/10\/frc-edf4c6acce7a4f951b9af1312c437875-300x175.jpg",300,175,true],"woocommerce_single":["https:\/\/www.laiko.net\/wp-content\/uploads\/2023\/10\/frc-edf4c6acce7a4f951b9af1312c437875.jpg",600,350,false],"woocommerce_gallery_thumbnail":["https:\/\/www.laiko.net\/wp-content\/uploads\/2023\/10\/frc-edf4c6acce7a4f951b9af1312c437875-100x100.jpg",100,100,true]},"post_excerpt_stackable":"<p>NAIKE Plastic polyhedral hollow ball is a kind of plastic random packing made of two hemispheres. Each hemisphere is made of many flabellate vanes. Its specific surface area is larger than any other spherical packings. It is the typical representative of plastic random packing. The plastic polyhedral hollow ball is extensively used for the packing towers in<br \/>\npetroleum industry, chemical industry, alkali chloride industry, coal gas industry and environmental protection, etc.<\/p>\n","category_list":"","author_info":{"name":"","url":""},"comments_num":"0 comments","_links":{"self":[{"href":"https:\/\/www.laiko.net\/de\/wp-json\/wp\/v2\/product\/3765","targetHints":{"allow":["GET"]}}],"collection":[{"href":"https:\/\/www.laiko.net\/de\/wp-json\/wp\/v2\/product"}],"about":[{"href":"https:\/\/www.laiko.net\/de\/wp-json\/wp\/v2\/types\/product"}],"wp:featuredmedia":[{"embeddable":true,"href":"https:\/\/www.laiko.net\/de\/wp-json\/wp\/v2\/media\/1379"}],"wp:attachment":[{"href":"https:\/\/www.laiko.net\/de\/wp-json\/wp\/v2\/media?parent=3765"}],"wp:term":[{"taxonomy":"product_cat","embeddable":true,"href":"https:\/\/www.laiko.net\/de\/wp-json\/wp\/v2\/product_cat?post=3765"},{"taxonomy":"product_tag","embeddable":true,"href":"https:\/\/www.laiko.net\/de\/wp-json\/wp\/v2\/product_tag?post=3765"}],"curies":[{"name":"wp","href":"https:\/\/api.w.org\/{rel}","templated":true}]}}