{"id":3764,"date":"2023-10-31T16:32:14","date_gmt":"2023-10-31T08:32:14","guid":{"rendered":"http:\/\/www3.laiko.net\/?post_type=product&#038;p=3764"},"modified":"2023-10-31T16:36:18","modified_gmt":"2023-10-31T08:36:18","slug":"tri-pack","status":"publish","type":"product","link":"https:\/\/www.laiko.net\/de\/produkt\/dreierpack\/","title":{"rendered":"Tri-Pack"},"content":{"rendered":"<h2>Parameter des Tri-Packs<\/h2>\n<div class=\"overflow_x\">\n<table>\n<tbody>\n<tr class=\"firstRow\">\n<td colspan=\"2\" height=\"14\">Gr\u00f6\u00dfe Zoll<\/td>\n<td colspan=\"2\" height=\"14\">1<\/td>\n<td colspan=\"2\" height=\"14\">2<\/td>\n<td colspan=\"2\" height=\"14\">3 1\/2<\/td>\n<\/tr>\n<tr>\n<td colspan=\"2\" height=\"14\">Geometrische Oberfl\u00e4che (ft2\/ft3)<\/td>\n<td colspan=\"2\" height=\"14\">85<\/td>\n<td colspan=\"2\" height=\"14\">48<\/td>\n<td colspan=\"2\" height=\"14\">38<\/td>\n<\/tr>\n<tr>\n<td colspan=\"2\" height=\"14\">Packungsfaktor<\/td>\n<td colspan=\"2\" height=\"14\">28<\/td>\n<td colspan=\"2\" height=\"14\">16<\/td>\n<td colspan=\"2\" height=\"14\">12<\/td>\n<\/tr>\n<tr>\n<td colspan=\"2\" height=\"14\">Leere Ration (%)<\/td>\n<td colspan=\"2\" height=\"14\">90<\/td>\n<td colspan=\"2\" height=\"14\">93.5<\/td>\n<td colspan=\"2\" height=\"14\">95<\/td>\n<\/tr>\n<tr>\n<td colspan=\"2\" height=\"14\">Gewicht (lb\/ft3)<\/td>\n<td colspan=\"2\" height=\"14\">6.2<\/td>\n<td colspan=\"2\" height=\"14\">4.2<\/td>\n<td colspan=\"2\" height=\"14\">3.3<\/td>\n<\/tr>\n<tr>\n<td colspan=\"2\" height=\"14\">Anzahl\/ft3<\/td>\n<td colspan=\"2\" height=\"14\">2300<\/td>\n<td colspan=\"2\" height=\"14\">380<\/td>\n<td colspan=\"2\" height=\"14\">48<\/td>\n<\/tr>\n<\/tbody>\n<\/table>\n<\/div>\n<h2>Vorteile von Tri Pack<\/h2>\n<ul class=\"list-paddingleft-2\">\n<li>Hohe Schrubbeffizienz<\/li>\n<li>Erforderliche minimale Gesamtpacktiefe<\/li>\n<li>Wasseraufbereitung<\/li>\n<li>W\u00e4rme\u00fcbertragung<\/li>\n<\/ul>\n<h2>Merkmale von jaeger tri packs<\/h2>\n<p>Die Tri-Pack-Kolonnenverpackung bietet mehrere Vorteile, insbesondere im Vergleich zu anderen Optionen. Zu den Vorteilen des Tri-Packs geh\u00f6ren:<\/p>\n<ul class=\"list-paddingleft-2\">\n<li>Gro\u00dfe Oberfl\u00e4che. Die Kugelform bietet ein effektiveres Verh\u00e4ltnis von Oberfl\u00e4che zu Hohlraum als ein Pallring, was zu einer gro\u00dfen aktiven Oberfl\u00e4che f\u00fchrt.<\/li>\n<li>Extrem niedriger Druckabfall, gleichm\u00e4\u00dfige Verteilung von Gas und Fl\u00fcssigkeit. Einzigartige Verstrebungen, Tropfstangen und Rippen erm\u00f6glichen eine gleichm\u00e4\u00dfige Fl\u00fcssigkeitsverteilung im gesamten Waschbett des Tri-Pack-W\u00e4schers. Sie bietet einen extrem niedrigen Druckverlust und maximiert die Betriebskapazit\u00e4t.<\/li>\n<li>Einfach zu installieren, verhindert Verschachtelungen und ist leichter zu trennen. Da das Tri-Pack keine flachen Oberfl\u00e4chen oder kleinen \u00d6ffnungen hat, in denen sich Partikel verfangen k\u00f6nnten, gibt es kaum Verschachtelungen oder Ablagerungen, was die Entfernung und Installation dieser Verpackung erleichtert.<\/li>\n<li>Die Dreifachpackung verhindert Kompressionsverriegelungen und trockene Stellen, die Luft- und Fl\u00fcssigkeitsdurchg\u00e4nge verursachen, wie sie bei herk\u00f6mmlichen Packungen \u00fcblich sind und die Medieneffizienz verringern.<\/li>\n<li>Tri-Packs-F\u00fcllk\u00f6rper verhindern au\u00dferdem Pf\u00fctzenbildung, da sie keine Ecken und T\u00e4ler haben und die Verschwendung von Fl\u00fcssigkeit, die an der Wandoberfl\u00e4che herunterl\u00e4uft, minimiert wird.<\/li>\n<li>Runde Tri-Packs liefern vorhersehbare Leistungsdaten, die bei der S\u00e4ulenkonstruktion hilfreich sind.<\/li>\n<\/ul>\n<h2>Verf\u00fcgbare Materialien f\u00fcr Dreierpacks\u00e4ule<\/h2>\n<h2>Verpackung enthalten:<\/h2>\n<p>Polypropylen (PP).<\/p>\n<p>Polyethylen (PE).<\/p>\n<p>Polyvinylchlorid (PVC).<\/p>\n<p>Chloriertes Polyvinylchlorid (CPVC).<\/p>\n<p>Polyvinylidenfluorid (PVDF).<\/p>\n<p>Verst\u00e4rktes Polypropylen (RPP).<\/p>\n<h2>Anwendungen von Kunststoff-Tri-Packs<\/h2>\n<p>Als erfahrener Hersteller von Tri-Packs bietet Naike Chemical Tri-Packs an, die h\u00e4ufig bei Dienstleistungen und Anwendungen zur Wasser- und Luftverschmutzung eingesetzt werden. Zum Beispiel W\u00e4sche, Destillation, Strippen, biologische Behandlung, Nebelentfernung, Gas- und Fl\u00fcssigkeitsabscheidung und K\u00fchlt\u00fcrme.<\/p>","protected":false},"excerpt":{"rendered":"<p>Tri Pack F\u00fcllk\u00f6rper aus Kunststoff bieten einen maximalen Oberfl\u00e4chenkontakt zwischen dem Gas und der Waschfl\u00fcssigkeit, indem sie eine kontinuierliche Tr\u00f6pfchenbildung im gesamten F\u00fcllk\u00f6rperbett erm\u00f6glichen. Dies f\u00fchrt zu einer hohen W\u00e4schereffizienz und minimiert die erforderliche Gesamtpackungstiefe.<\/p>\n<p>Tri-pack ist auch als Hackectten-Packung bekannt und wurde 1978 von R.A.Jaeger entwickelt. Tri-Pack besteht aus vielen Zweigen des Gitters, wegen der einzigartigen Kugelform, ist es leicht zu benetzen und bilden eine fl\u00fcssige Membran auf der Oberfl\u00e4che, reduzieren den Widerstand des Luftstroms durch das Bett K\u00f6rper, besonders geeignet f\u00fcr Gas-Absorption, Abgas-Reinigungsger\u00e4t, erm\u00f6glichen bei niedrigen fl\u00fcssigen Last gelten<\/p>","protected":false},"featured_media":1354,"template":"","meta":{"_seopress_robots_primary_cat":"","_monsterinsights_skip_tracking":false,"_monsterinsights_sitenote_active":false,"_monsterinsights_sitenote_note":"","_monsterinsights_sitenote_category":0,"_joinchat":[]},"product_cat":[104],"product_tag":[],"class_list":["post-3764","product","type-product","status-publish","has-post-thumbnail","hentry","product_cat-plastic-tower-packing"],"featured_image_urls":{"full":["https:\/\/www.laiko.net\/wp-content\/uploads\/2023\/10\/frc-a8ae794df32c6d8e3e0acf27f05aff56.jpg",600,350,false],"thumbnail":["https:\/\/www.laiko.net\/wp-content\/uploads\/2023\/10\/frc-a8ae794df32c6d8e3e0acf27f05aff56-150x150.jpg",150,150,true],"medium":["https:\/\/www.laiko.net\/wp-content\/uploads\/2023\/10\/frc-a8ae794df32c6d8e3e0acf27f05aff56-300x175.jpg",300,175,true],"medium_large":["https:\/\/www.laiko.net\/wp-content\/uploads\/2023\/10\/frc-a8ae794df32c6d8e3e0acf27f05aff56.jpg",600,350,false],"large":["https:\/\/www.laiko.net\/wp-content\/uploads\/2023\/10\/frc-a8ae794df32c6d8e3e0acf27f05aff56.jpg",600,350,false],"1536x1536":["https:\/\/www.laiko.net\/wp-content\/uploads\/2023\/10\/frc-a8ae794df32c6d8e3e0acf27f05aff56.jpg",600,350,false],"2048x2048":["https:\/\/www.laiko.net\/wp-content\/uploads\/2023\/10\/frc-a8ae794df32c6d8e3e0acf27f05aff56.jpg",600,350,false],"trp-custom-language-flag":["https:\/\/www.laiko.net\/wp-content\/uploads\/2023\/10\/frc-a8ae794df32c6d8e3e0acf27f05aff56.jpg",18,12,false],"woocommerce_thumbnail":["https:\/\/www.laiko.net\/wp-content\/uploads\/2023\/10\/frc-a8ae794df32c6d8e3e0acf27f05aff56-300x175.jpg",300,175,true],"woocommerce_single":["https:\/\/www.laiko.net\/wp-content\/uploads\/2023\/10\/frc-a8ae794df32c6d8e3e0acf27f05aff56.jpg",600,350,false],"woocommerce_gallery_thumbnail":["https:\/\/www.laiko.net\/wp-content\/uploads\/2023\/10\/frc-a8ae794df32c6d8e3e0acf27f05aff56-100x100.jpg",100,100,true]},"post_excerpt_stackable":"<p>Plastic Tri Pack tower packing provides maximum surface contact between the gas and the scrubbing liquid by facilitating continuous formation of droplets throughout the packed bed. This results in high scrubbing efficiency, and minimizes total packing depth required.<\/p>\n<p>Tri-pack is also known as Hackectten packing, was developed in 1978 by R.A.Jaeger. Tri-pack is composed of many branches of grille, because of the unique spherical shape, it is easy to be wetting and form a liquid membrane on the surface, reduce the resistance of the airflow through the bed body, especially suitable for gas absorption, exhaust gas purification device, \u00a0enable to apply at low liquid load<\/p>\n","category_list":"","author_info":{"name":"","url":""},"comments_num":"0 comments","_links":{"self":[{"href":"https:\/\/www.laiko.net\/de\/wp-json\/wp\/v2\/product\/3764","targetHints":{"allow":["GET"]}}],"collection":[{"href":"https:\/\/www.laiko.net\/de\/wp-json\/wp\/v2\/product"}],"about":[{"href":"https:\/\/www.laiko.net\/de\/wp-json\/wp\/v2\/types\/product"}],"wp:featuredmedia":[{"embeddable":true,"href":"https:\/\/www.laiko.net\/de\/wp-json\/wp\/v2\/media\/1354"}],"wp:attachment":[{"href":"https:\/\/www.laiko.net\/de\/wp-json\/wp\/v2\/media?parent=3764"}],"wp:term":[{"taxonomy":"product_cat","embeddable":true,"href":"https:\/\/www.laiko.net\/de\/wp-json\/wp\/v2\/product_cat?post=3764"},{"taxonomy":"product_tag","embeddable":true,"href":"https:\/\/www.laiko.net\/de\/wp-json\/wp\/v2\/product_tag?post=3764"}],"curies":[{"name":"wp","href":"https:\/\/api.w.org\/{rel}","templated":true}]}}