{"id":3762,"date":"2023-10-31T16:23:12","date_gmt":"2023-10-31T08:23:12","guid":{"rendered":"http:\/\/www3.laiko.net\/?post_type=product&#038;p=3762"},"modified":"2023-11-28T16:56:26","modified_gmt":"2023-11-28T08:56:26","slug":"metal-structured-packing","status":"publish","type":"product","link":"https:\/\/www.laiko.net\/de\/produkt\/strukturierte-metallverpackungen\/","title":{"rendered":"Strukturierte Metallverpackungen"},"content":{"rendered":"<h2>Parameter der strukturierten Metallverpackungen<\/h2>\n<div class=\"overflow_x\">\n<table cellspacing=\"0\" cellpadding=\"0\">\n<tbody>\n<tr class=\"firstRow\">\n<td valign=\"top\" height=\"45\">Typ<\/td>\n<td valign=\"top\" height=\"45\">spezifische Oberfl\u00e4che sind m<sup>2<\/sup>\/m<sup>3<\/sup><\/td>\n<td valign=\"top\" height=\"45\">Leere Volumen<\/p>\n<p>%<\/td>\n<td valign=\"top\" height=\"45\">Haufenweise Gewicht<\/p>\n<p>Kg\/m<sup>3<\/sup><\/td>\n<td valign=\"top\" height=\"45\">Welle<\/p>\n<p>H\u00f6he<\/p>\n<p>mm<\/td>\n<td valign=\"top\" height=\"45\">Theoretische Platte<br \/>\nNummer<br \/>\nm<sup>-1<\/sup><\/td>\n<td valign=\"top\" height=\"45\">\u0394 P<br \/>\nPa\/m<\/td>\n<td valign=\"top\" height=\"45\">Max.F-Faktor<\/p>\n<p>m\/s(kg\/m<sup>3<\/sup>)<sup>0.5<\/sup><\/td>\n<\/tr>\n<tr>\n<td valign=\"top\" height=\"47\">125Y<\/td>\n<td valign=\"top\" height=\"47\">125<\/td>\n<td valign=\"top\" height=\"47\">98<\/td>\n<td valign=\"top\" height=\"47\">85-100<\/td>\n<td valign=\"top\" height=\"47\">25.4<\/td>\n<td valign=\"top\" height=\"47\">1.0-2.0<\/td>\n<td valign=\"top\" height=\"47\">150<\/td>\n<td valign=\"top\" height=\"47\">3.0<\/td>\n<\/tr>\n<tr>\n<td valign=\"top\" height=\"47\">250Y<\/td>\n<td valign=\"top\" height=\"47\">250<\/td>\n<td valign=\"top\" height=\"47\">97<\/td>\n<td valign=\"top\" height=\"47\">170-200<\/td>\n<td valign=\"top\" height=\"47\">12.5<\/td>\n<td valign=\"top\" height=\"47\">2.0-3.0<\/td>\n<td valign=\"top\" height=\"47\">200<\/td>\n<td valign=\"top\" height=\"47\">2.6<\/td>\n<\/tr>\n<tr>\n<td valign=\"top\" height=\"47\">350Y<\/td>\n<td valign=\"top\" height=\"47\">350<\/td>\n<td valign=\"top\" height=\"47\">94<\/td>\n<td valign=\"top\" height=\"47\">240-280<\/td>\n<td valign=\"top\" height=\"47\">9<\/td>\n<td valign=\"top\" height=\"47\">2.0-2.5<\/td>\n<td valign=\"top\" height=\"47\">300<\/td>\n<td valign=\"top\" height=\"47\">2.0<\/td>\n<\/tr>\n<tr>\n<td valign=\"top\" height=\"47\">500Y<\/td>\n<td valign=\"top\" height=\"47\">500<\/td>\n<td valign=\"top\" height=\"47\">92<\/td>\n<td valign=\"top\" height=\"47\">360-400<\/td>\n<td valign=\"top\" height=\"47\">6.3<\/td>\n<td valign=\"top\" height=\"47\">4.0-5.0<\/td>\n<td valign=\"top\" height=\"47\">180<\/td>\n<td valign=\"top\" height=\"47\">1.8<\/td>\n<\/tr>\n<\/tbody>\n<\/table>\n<\/div>\n<h2>Material der Metall-Strukturpackung<\/h2>\n<p>Metall-Lochblech-Wellpackungen sind in einer Vielzahl von Werkstoffen erh\u00e4ltlich, darunter Edelstahl 304, 316, 316L, Kohlenstoffstahl, Aluminium, Kupferbronze f\u00fcr R\u00fcckflussdestillatoren usw. Weitere Materialien sind auf Anfrage erh\u00e4ltlich.<\/p>\n<h2>Anwendung von Metall-Destillationsturm-Verpackungen<\/h2>\n<ul class=\"list-paddingleft-2\">\n<li>Wellpappenverpackungen aus Lochblech mit einem breiten Spektrum an Anwendungen.<\/li>\n<li><a href=\"https:\/\/www.laiko.net\/product-category\/tower-packing-column-packing\/structured-packing\/\" target=\"_self\" rel=\"noopener\">Strukturierte F\u00fcllk\u00f6rper<\/a>\u00a0Durchmesser: 0,1-12 m; Druck: Vakuum bis hoher Druck;<\/li>\n<li>Fl\u00fcssige Flut: 0,2 bis mehr als 300 m3\/m2. H;<\/li>\n<li>System: Ethylbenzol\/Styrol, Fetts\u00e4ure, Cyclohexanon\/Cyclohexanol, Kaprolaktion, usw., Absorption\/Desorption<\/li>\n<\/ul>","protected":false},"excerpt":{"rendered":"<p>Die strukturierte Metallpackung (Metallperforierte Plattenpackung) besteht aus einer perforierten Platte mit Rillen auf der Oberfl\u00e4che und bleibt ein strukturiertes Merkmal der Metalldrahtnetzpackung. Es st\u00e4rkt die gleichm\u00e4\u00dfige Fl\u00fcssigkeitsverteilung und die Oberfl\u00e4chenbenetzungsf\u00e4higkeit, was die Effizienz des Stofftransfers erh\u00f6ht.<\/p>\n<p>Rostfreier Stahl<\/p>\n<p>Kohlenstoffstahl<\/p>\n<p>Legierungen aus nichtrostendem Stahl<\/p>\n<p>Aluminium<\/p>\n<p>Titan<\/p>\n<p>Nickel-Legierungen<\/p>\n<p>Kupferlegierungen<\/p>\n<p>Kupfer<\/p>\n<p>Zirkonium<\/p>","protected":false},"featured_media":1251,"template":"","meta":{"_seopress_robots_primary_cat":"none","_monsterinsights_skip_tracking":false,"_monsterinsights_sitenote_active":false,"_monsterinsights_sitenote_note":"","_monsterinsights_sitenote_category":0,"_joinchat":[]},"product_cat":[103,82],"product_tag":[],"class_list":["post-3762","product","type-product","status-publish","has-post-thumbnail","hentry","product_cat-metal-tower-packing","product_cat-structured-packing"],"featured_image_urls":{"full":["https:\/\/www.laiko.net\/wp-content\/uploads\/2023\/10\/frc-42aa1e5b2096b12226785b990eac6be5.jpg",600,350,false],"thumbnail":["https:\/\/www.laiko.net\/wp-content\/uploads\/2023\/10\/frc-42aa1e5b2096b12226785b990eac6be5-150x150.jpg",150,150,true],"medium":["https:\/\/www.laiko.net\/wp-content\/uploads\/2023\/10\/frc-42aa1e5b2096b12226785b990eac6be5-300x175.jpg",300,175,true],"medium_large":["https:\/\/www.laiko.net\/wp-content\/uploads\/2023\/10\/frc-42aa1e5b2096b12226785b990eac6be5.jpg",600,350,false],"large":["https:\/\/www.laiko.net\/wp-content\/uploads\/2023\/10\/frc-42aa1e5b2096b12226785b990eac6be5.jpg",600,350,false],"1536x1536":["https:\/\/www.laiko.net\/wp-content\/uploads\/2023\/10\/frc-42aa1e5b2096b12226785b990eac6be5.jpg",600,350,false],"2048x2048":["https:\/\/www.laiko.net\/wp-content\/uploads\/2023\/10\/frc-42aa1e5b2096b12226785b990eac6be5.jpg",600,350,false],"trp-custom-language-flag":["https:\/\/www.laiko.net\/wp-content\/uploads\/2023\/10\/frc-42aa1e5b2096b12226785b990eac6be5.jpg",18,12,false],"woocommerce_thumbnail":["https:\/\/www.laiko.net\/wp-content\/uploads\/2023\/10\/frc-42aa1e5b2096b12226785b990eac6be5-300x175.jpg",300,175,true],"woocommerce_single":["https:\/\/www.laiko.net\/wp-content\/uploads\/2023\/10\/frc-42aa1e5b2096b12226785b990eac6be5.jpg",600,350,false],"woocommerce_gallery_thumbnail":["https:\/\/www.laiko.net\/wp-content\/uploads\/2023\/10\/frc-42aa1e5b2096b12226785b990eac6be5-100x100.jpg",100,100,true]},"post_excerpt_stackable":"<p>Metal structured packing(Metal Perforated Plate Corrugated Packing) is made of a perforated plate with channel corrugation on surface, and remains a structured feature of metal wire gauze packing. It strengthens uniform liquid distribution and surface wetting ability, which increases mass transfer efficiency.<\/p>\n<p>Stainless steel<\/p>\n<p>Carbon steel<\/p>\n<p>Stainless steel alloys<\/p>\n<p>Aluminum<\/p>\n<p>Titanium<\/p>\n<p>Nickel alloys<\/p>\n<p>Copper alloys<\/p>\n<p>Copper<\/p>\n<p>Zirconium<\/p>\n","category_list":"","author_info":{"name":"","url":""},"comments_num":"0 comments","_links":{"self":[{"href":"https:\/\/www.laiko.net\/de\/wp-json\/wp\/v2\/product\/3762","targetHints":{"allow":["GET"]}}],"collection":[{"href":"https:\/\/www.laiko.net\/de\/wp-json\/wp\/v2\/product"}],"about":[{"href":"https:\/\/www.laiko.net\/de\/wp-json\/wp\/v2\/types\/product"}],"wp:featuredmedia":[{"embeddable":true,"href":"https:\/\/www.laiko.net\/de\/wp-json\/wp\/v2\/media\/1251"}],"wp:attachment":[{"href":"https:\/\/www.laiko.net\/de\/wp-json\/wp\/v2\/media?parent=3762"}],"wp:term":[{"taxonomy":"product_cat","embeddable":true,"href":"https:\/\/www.laiko.net\/de\/wp-json\/wp\/v2\/product_cat?post=3762"},{"taxonomy":"product_tag","embeddable":true,"href":"https:\/\/www.laiko.net\/de\/wp-json\/wp\/v2\/product_tag?post=3762"}],"curies":[{"name":"wp","href":"https:\/\/api.w.org\/{rel}","templated":true}]}}