{"id":3543,"date":"2023-10-28T15:51:42","date_gmt":"2023-10-28T07:51:42","guid":{"rendered":"http:\/\/www3.laiko.net\/?post_type=product&#038;p=3543"},"modified":"2023-11-10T15:33:06","modified_gmt":"2023-11-10T07:33:06","slug":"porous-ceramic-ball","status":"publish","type":"product","link":"https:\/\/www.laiko.net\/de\/produkt\/porose-keramikkugel\/","title":{"rendered":"Keramische Kugel"},"content":{"rendered":"<p>Aluminiumoxid-Keramikkugeln sind in der petrochemischen Industrie, der chemischen Industrie, der D\u00fcngemittelindustrie, der Erdgasindustrie und im Umweltschutz weit verbreitet. Sie dienen haupts\u00e4chlich als Abdeckung und Tr\u00e4germaterial f\u00fcr Katalysatoren in Reaktionst\u00fcrmen. Ihre Hauptaufgabe besteht darin, die Verteilung von Gas oder Fl\u00fcssigkeit zu beschleunigen und den aktiven Katalysator zu st\u00fctzen oder zu sch\u00fctzen, der eine entsprechend geringere mechanische Festigkeit aufweist.<\/p>\n<h2>Parameter der keramischen Kugel<\/h2>\n<table width=\"360\">\n<tbody>\n<tr>\n<td colspan=\"2\" width=\"144\">Produktname Artikel<\/td>\n<td colspan=\"3\" width=\"216\">Keramische Kugel (normaler Typ)<\/td>\n<\/tr>\n<tr>\n<td colspan=\"2\" width=\"144\">Durchmesser(\u03a6)mm<\/td>\n<td colspan=\"3\" width=\"216\">3,6,8,10<\/td>\n<\/tr>\n<tr>\n<td colspan=\"2\" width=\"144\">Al2O3<\/td>\n<td colspan=\"3\" width=\"216\">17-23%<\/td>\n<\/tr>\n<tr>\n<td colspan=\"2\" width=\"144\">Al2O3 +SiO2(%)<\/td>\n<td colspan=\"3\" width=\"216\">\u226592%<\/td>\n<\/tr>\n<tr>\n<td colspan=\"2\" width=\"144\">Fe2O3(%)<\/td>\n<td colspan=\"3\" width=\"216\">\uff1c1%<\/td>\n<\/tr>\n<tr>\n<td colspan=\"2\" width=\"144\">CaO (%)<\/td>\n<td colspan=\"3\" width=\"216\">\uff1c1.5%<\/td>\n<\/tr>\n<tr>\n<td colspan=\"2\" width=\"144\">MgO(%)<\/td>\n<td colspan=\"3\" width=\"216\">\uff1c2.5%<\/td>\n<\/tr>\n<tr>\n<td colspan=\"2\" width=\"144\">K2O+Na2O(%)<\/td>\n<td colspan=\"3\" width=\"216\">\uff1c4.0%<\/td>\n<\/tr>\n<tr>\n<td colspan=\"2\" width=\"144\">TiO2 (%)<\/td>\n<td colspan=\"3\" width=\"216\">\uff1c0.5%<\/td>\n<\/tr>\n<tr>\n<td colspan=\"2\" width=\"144\">Wasseraufnahme<\/td>\n<td colspan=\"3\" width=\"216\">\uff1c3%<\/td>\n<\/tr>\n<tr>\n<td colspan=\"2\" width=\"144\">S\u00e4ureresistenz<\/td>\n<td colspan=\"3\" width=\"216\">\uff1e98%<\/td>\n<\/tr>\n<tr>\n<td colspan=\"2\" width=\"144\">Alkalibest\u00e4ndigkeit<\/td>\n<td colspan=\"3\" width=\"216\">\uff1e80%<\/td>\n<\/tr>\n<tr>\n<td colspan=\"2\" width=\"144\">Betriebstemperatur (\u00b0C)<\/td>\n<td colspan=\"3\" width=\"216\">\uff1e980<\/td>\n<\/tr>\n<tr>\n<td colspan=\"2\" width=\"144\">Abplatzwiderstand(\u00b0C)<\/td>\n<td colspan=\"3\" width=\"216\">\uff1e300<\/td>\n<\/tr>\n<tr>\n<td colspan=\"2\" width=\"144\">Schwere(g\/cm3)<\/td>\n<td colspan=\"3\">2.3-2.4<\/td>\n<\/tr>\n<tr>\n<td colspan=\"2\" width=\"144\">Mohs-H\u00e4rte Max<\/td>\n<td colspan=\"3\" width=\"216\">6.5<\/td>\n<\/tr>\n<\/tbody>\n<\/table>","protected":false},"excerpt":{"rendered":"<p>Keramikkugeln \/ Inerte Keramikkugeln haben stabile chemische Eigenschaften und eine geringe Wasseraufnahme, sind best\u00e4ndig gegen hohe Temperaturen und hohen Druck. Sie ist auch best\u00e4ndig gegen die Korrosion von S\u00e4uren, Laugen und einigen anderen organischen L\u00f6sungsmitteln. Sie k\u00f6nnen den schnellen Temperaturschwankungen w\u00e4hrend des Herstellungsprozesses standhalten.<\/p>\n<p>&nbsp;<\/p>","protected":false},"featured_media":4021,"template":"","meta":{"_seopress_robots_primary_cat":"","_monsterinsights_skip_tracking":false,"_monsterinsights_sitenote_active":false,"_monsterinsights_sitenote_note":"","_monsterinsights_sitenote_category":0,"_joinchat":[]},"product_cat":[84,102],"product_tag":[],"class_list":["post-3543","product","type-product","status-publish","has-post-thumbnail","hentry","product_cat-ceramic-ball","product_cat-ceramic-tower-packing"],"featured_image_urls":{"full":["https:\/\/www.laiko.net\/wp-content\/uploads\/2023\/10\/ceramic-ball-4.jpg",600,350,false],"thumbnail":["https:\/\/www.laiko.net\/wp-content\/uploads\/2023\/10\/ceramic-ball-4-150x150.jpg",150,150,true],"medium":["https:\/\/www.laiko.net\/wp-content\/uploads\/2023\/10\/ceramic-ball-4-300x175.jpg",300,175,true],"medium_large":["https:\/\/www.laiko.net\/wp-content\/uploads\/2023\/10\/ceramic-ball-4.jpg",600,350,false],"large":["https:\/\/www.laiko.net\/wp-content\/uploads\/2023\/10\/ceramic-ball-4.jpg",600,350,false],"1536x1536":["https:\/\/www.laiko.net\/wp-content\/uploads\/2023\/10\/ceramic-ball-4.jpg",600,350,false],"2048x2048":["https:\/\/www.laiko.net\/wp-content\/uploads\/2023\/10\/ceramic-ball-4.jpg",600,350,false],"trp-custom-language-flag":["https:\/\/www.laiko.net\/wp-content\/uploads\/2023\/10\/ceramic-ball-4.jpg",18,12,false],"woocommerce_thumbnail":["https:\/\/www.laiko.net\/wp-content\/uploads\/2023\/10\/ceramic-ball-4-300x175.jpg",300,175,true],"woocommerce_single":["https:\/\/www.laiko.net\/wp-content\/uploads\/2023\/10\/ceramic-ball-4.jpg",600,350,false],"woocommerce_gallery_thumbnail":["https:\/\/www.laiko.net\/wp-content\/uploads\/2023\/10\/ceramic-ball-4-100x100.jpg",100,100,true]},"post_excerpt_stackable":"<p>Ceramic Ball \/Inert Ceramic Ball has stable chemical features and a low rate of water absorption, resistant to high temperature and high pressure. It is also resistant to the corrosion of acid, alkali and some other organic solvents. They can stand the rapid changes in temperature during the manufacturing process.<\/p>\n<p>&nbsp;<\/p>\n","category_list":"","author_info":{"name":"","url":""},"comments_num":"0 comments","_links":{"self":[{"href":"https:\/\/www.laiko.net\/de\/wp-json\/wp\/v2\/product\/3543","targetHints":{"allow":["GET"]}}],"collection":[{"href":"https:\/\/www.laiko.net\/de\/wp-json\/wp\/v2\/product"}],"about":[{"href":"https:\/\/www.laiko.net\/de\/wp-json\/wp\/v2\/types\/product"}],"wp:featuredmedia":[{"embeddable":true,"href":"https:\/\/www.laiko.net\/de\/wp-json\/wp\/v2\/media\/4021"}],"wp:attachment":[{"href":"https:\/\/www.laiko.net\/de\/wp-json\/wp\/v2\/media?parent=3543"}],"wp:term":[{"taxonomy":"product_cat","embeddable":true,"href":"https:\/\/www.laiko.net\/de\/wp-json\/wp\/v2\/product_cat?post=3543"},{"taxonomy":"product_tag","embeddable":true,"href":"https:\/\/www.laiko.net\/de\/wp-json\/wp\/v2\/product_tag?post=3543"}],"curies":[{"name":"wp","href":"https:\/\/api.w.org\/{rel}","templated":true}]}}