{"id":3540,"date":"2023-10-28T15:45:12","date_gmt":"2023-10-28T07:45:12","guid":{"rendered":"http:\/\/www3.laiko.net\/?post_type=product&#038;p=3540"},"modified":"2023-10-31T16:55:47","modified_gmt":"2023-10-31T08:55:47","slug":"lanpack","status":"publish","type":"product","link":"https:\/\/www.laiko.net\/de\/produkt\/lanpack\/","title":{"rendered":"Lanpack"},"content":{"rendered":"<h2>Parameter von Lanpack<\/h2>\n<div class=\"overflow_x\">\n<table width=\"432\" cellspacing=\"0\" cellpadding=\"0\">\n<colgroup>\n<col span=\"6\" width=\"72\" \/><\/colgroup>\n<tbody>\n<tr class=\"firstRow\">\n<td width=\"72\" height=\"32\">Gr\u00f6\u00dfe<\/td>\n<td width=\"72\">Fl\u00e4che<\/td>\n<td width=\"72\">Leerlaufquote<\/td>\n<td width=\"72\">Packungsnummer<\/td>\n<td width=\"72\">Packungsdichte<\/td>\n<td width=\"72\">Trockenpackungsfaktor<\/td>\n<\/tr>\n<tr>\n<td width=\"72\" height=\"18\">mm<\/td>\n<td width=\"72\">m2\/m3<\/td>\n<td width=\"72\">%<\/td>\n<td width=\"72\">St\u00fcck\/m3<\/td>\n<td width=\"72\">k\/m3<\/td>\n<td width=\"72\">m-1<\/td>\n<\/tr>\n<tr>\n<td width=\"72\" height=\"18\">60<\/td>\n<td width=\"72\">222<\/td>\n<td width=\"72\">89<\/td>\n<td width=\"72\">7060<\/td>\n<td width=\"72\">84<\/td>\n<td width=\"72\">69<\/td>\n<\/tr>\n<tr>\n<td width=\"72\" height=\"18\">90<\/td>\n<td width=\"72\">144<\/td>\n<td width=\"72\">92.5<\/td>\n<td width=\"72\">1760<\/td>\n<td width=\"72\">56<\/td>\n<td width=\"72\">46<\/td>\n<\/tr>\n<\/tbody>\n<\/table>\n<\/div>\n<h2>Merkmale von Lanpack<\/h2>\n<ul class=\"list-paddingleft-2\">\n<li>Hohe Kapazit\u00e4t von Gas- und Fl\u00fcssigkeitsdurchs\u00e4tzen<\/li>\n<li>\u00c4u\u00dferst geringer Druckverlust<\/li>\n<li>Hohe Fl\u00fcssigkeitsbelastung<\/li>\n<li>Hohe Trennsch\u00e4rfe<\/li>\n<li>Hohe Effizienz des Stoffaustauschs<\/li>\n<\/ul>\n<h2>Anwendung von Lanpac-Verpackungen<\/h2>\n<p>Bevor wir die Anwendung der Lanpac-Verpackung verstehen, zun\u00e4chst eine kurze Einf\u00fchrung in die strukturellen Vorteile der Lanpac-Verpackung, die es uns erleichtern wird, ihre Anwendung zu verstehen.<\/p>\n<p>Lanpac Packing's innovative Geometrie Design hat eine vern\u00fcnftige Packung Str\u00f6mungsstruktur, kleinen Widerstand fallen, starke Verarbeitungskapazit\u00e4t, hohe Massentransfer-Effekt, gro\u00dfe Last Elastizit\u00e4t, mehr die Packung Design-Struktur St\u00e4rke, l\u00e4ngere Lebensdauer, und das gleiche Material, um die Packung nicht verformen die Anwendungstemperatur h\u00f6her ist, schlanke Form Struktur und hohe Hohlraum-Verh\u00e4ltnis, hat hervorragende Anti-Scaling und Anti-Verstopfung Eigenschaften, deutlich verbessern die \u00e4quivalente Gas \/ Fl\u00fcssigkeit Kontaktfl\u00e4che. Lanpac Packing hat ein einzigartiges Design, das den Oberfl\u00e4chenzugang zu Abgas und Waschfl\u00fcssigkeiten erm\u00f6glicht. Das Produkt hat eine sehr hohe Sp\u00fcleffizienz und hat sich als ausgezeichnete F\u00fcllk\u00f6rperpackung f\u00fcr Anwendungen mit hoher Fl\u00fcssigkeitsbelastung erwiesen.<\/p>\n<p>Lanpac-Verpackungen werden haupts\u00e4chlich in den folgenden Bereichen eingesetzt:<\/p>\n<p>1. Lanpac Packing wird in Absorptionssystemen f\u00fcr die S\u00e4ureregeneration in Stahlwerken sowie in Beizbeh\u00e4ltern, Elektrolysebeh\u00e4ltern, Lagertanks und an verschiedenen anderen speziellen Orten eingesetzt. Lanpac Packing ist auch in der chemischen, pharmazeutischen, Lebensmittel- und Umweltschutzindustrie weit verbreitet, insbesondere f\u00fcr die Tiefenreinigung von Trinkwasser, Abwasser, Abgasbehandlung und Extraktion von Edelmetallen, L\u00f6sungsmittelr\u00fcckgewinnung, etc.<\/p>\n<p>2. Lanpac Packing wird auch bei der Gasf\u00f6rderung eingesetzt Packing Tower zur Entfernung von PCE aus dem Grundwasser.<\/p>\n<p>3. Die Lanpac-Packung wird verwendet, um das Problem der Methanol\/Wasser-Destillation f\u00fcr pharmazeutische Hersteller zu l\u00f6sen. Nach Anwendung der Packung kann die Zufuhrrate verdoppelt werden, der Druckabfall wird reduziert und die Effizienz des Stoffaustauschs wird verbessert;<\/p>\n<p>4. Lanpac Packing wird auch in Papierfabriken verwendet, um den Gasdurchsatz im W\u00e4scherturm der Zellstofffabrik durch 40% zu erh\u00f6hen, was die Verstopfung reduzieren kann.<\/p>\n<p><img decoding=\"async\" title=\"lanpac-Verpackung-im-Transport.jpg\" src=\"https:\/\/laiko.net\/uploads\/image\/20220802\/lanpac-packing-in-transit.jpg\" alt=\"lanpac-Verpackung-im-Transport.jpg\" \/><\/p>","protected":false},"excerpt":{"rendered":"<p>Die Kunststoff-Lanpack-Packung f\u00fcr die Turmpackung ist das hervorstechendste Merkmal. Diese Konstruktion erm\u00f6glicht eine au\u00dferordentlich hohe Reinigungsleistung bei gleichzeitiger Minimierung der erforderlichen Medienmenge und Packungstiefe. Durch die gleichm\u00e4\u00dfige Verteilung der St\u00e4be werden Verstopfungen weitgehend vermieden. Die Verteilung der vertikal nach unten gerichteten St\u00e4be jeder Schicht bricht nicht nur gro\u00dfe Tropfen, sondern bildet auch viele Gas-Fl\u00fcssigkeits-Kontaktbereiche. Dadurch wird die Abscheideleistung verbessert. Plastic Lanpack Packing ist weit verbreitet in Nassw\u00e4scher &amp; Gas stripping verwendet.<\/p>","protected":false},"featured_media":2518,"template":"","meta":{"_seopress_robots_primary_cat":"","_monsterinsights_skip_tracking":false,"_monsterinsights_sitenote_active":false,"_monsterinsights_sitenote_note":"","_monsterinsights_sitenote_category":0,"_joinchat":[]},"product_cat":[106,104],"product_tag":[],"class_list":["post-3540","product","type-product","status-publish","has-post-thumbnail","hentry","product_cat-lanpack","product_cat-plastic-tower-packing"],"featured_image_urls":{"full":["https:\/\/www.laiko.net\/wp-content\/uploads\/2023\/10\/frc-1c9593058c81c068e00c33cab25d2e42.jpg",600,350,false],"thumbnail":["https:\/\/www.laiko.net\/wp-content\/uploads\/2023\/10\/frc-1c9593058c81c068e00c33cab25d2e42-150x150.jpg",150,150,true],"medium":["https:\/\/www.laiko.net\/wp-content\/uploads\/2023\/10\/frc-1c9593058c81c068e00c33cab25d2e42-300x175.jpg",300,175,true],"medium_large":["https:\/\/www.laiko.net\/wp-content\/uploads\/2023\/10\/frc-1c9593058c81c068e00c33cab25d2e42.jpg",600,350,false],"large":["https:\/\/www.laiko.net\/wp-content\/uploads\/2023\/10\/frc-1c9593058c81c068e00c33cab25d2e42.jpg",600,350,false],"1536x1536":["https:\/\/www.laiko.net\/wp-content\/uploads\/2023\/10\/frc-1c9593058c81c068e00c33cab25d2e42.jpg",600,350,false],"2048x2048":["https:\/\/www.laiko.net\/wp-content\/uploads\/2023\/10\/frc-1c9593058c81c068e00c33cab25d2e42.jpg",600,350,false],"trp-custom-language-flag":["https:\/\/www.laiko.net\/wp-content\/uploads\/2023\/10\/frc-1c9593058c81c068e00c33cab25d2e42.jpg",18,12,false],"woocommerce_thumbnail":["https:\/\/www.laiko.net\/wp-content\/uploads\/2023\/10\/frc-1c9593058c81c068e00c33cab25d2e42-300x175.jpg",300,175,true],"woocommerce_single":["https:\/\/www.laiko.net\/wp-content\/uploads\/2023\/10\/frc-1c9593058c81c068e00c33cab25d2e42.jpg",600,350,false],"woocommerce_gallery_thumbnail":["https:\/\/www.laiko.net\/wp-content\/uploads\/2023\/10\/frc-1c9593058c81c068e00c33cab25d2e42-100x100.jpg",100,100,true]},"post_excerpt_stackable":"<p>Plastic Lanpack Packing For Tower Packing is the most distinguishing feature. This design enables an extraordinarily high scrubbing efficiency while minimizing the amount of media and packing depth required. Meanwhile, Evenly spaced rod design can largely eliminate clogging. Each layer&#8217;s vertical downward rod&#8217;s distribution is not only broken large droplet, but also form many gas-liquid contacting areas. It will improve separation efficiency. Plastic Lanpack Packing is widely used in wet scrubber &amp; gas stripping.<\/p>\n","category_list":"","author_info":{"name":"","url":""},"comments_num":"0 comments","_links":{"self":[{"href":"https:\/\/www.laiko.net\/de\/wp-json\/wp\/v2\/product\/3540","targetHints":{"allow":["GET"]}}],"collection":[{"href":"https:\/\/www.laiko.net\/de\/wp-json\/wp\/v2\/product"}],"about":[{"href":"https:\/\/www.laiko.net\/de\/wp-json\/wp\/v2\/types\/product"}],"wp:featuredmedia":[{"embeddable":true,"href":"https:\/\/www.laiko.net\/de\/wp-json\/wp\/v2\/media\/2518"}],"wp:attachment":[{"href":"https:\/\/www.laiko.net\/de\/wp-json\/wp\/v2\/media?parent=3540"}],"wp:term":[{"taxonomy":"product_cat","embeddable":true,"href":"https:\/\/www.laiko.net\/de\/wp-json\/wp\/v2\/product_cat?post=3540"},{"taxonomy":"product_tag","embeddable":true,"href":"https:\/\/www.laiko.net\/de\/wp-json\/wp\/v2\/product_tag?post=3540"}],"curies":[{"name":"wp","href":"https:\/\/api.w.org\/{rel}","templated":true}]}}