{"id":3538,"date":"2023-10-28T15:45:25","date_gmt":"2023-10-28T07:45:25","guid":{"rendered":"http:\/\/www3.laiko.net\/?post_type=product&#038;p=3538"},"modified":"2023-10-31T15:57:37","modified_gmt":"2023-10-31T07:57:37","slug":"ceramic-grinding-ball","status":"publish","type":"product","link":"https:\/\/www.laiko.net\/de\/produkt\/keramik-mahlkugel\/","title":{"rendered":"Keramik-Schleifkugel"},"content":{"rendered":"<h2>Vorteile von Keramikmahlkugeln<\/h2>\n<ul class=\"list-paddingleft-2\">\n<li>Resistenz und Abt\u00f6tung von goldenen Staphylokokken\u226590%<\/li>\n<li>Widerstandsf\u00e4higkeit und Abt\u00f6tung von Coli-Bazillen \u226590%<\/li>\n<li>Menge der erzeugten negativen Ionen: 150\uff5e300p\/s.cm3<\/li>\n<li>Unl\u00f6slicher, allm\u00e4hlich freigesetzter Mineralstoff<\/li>\n<\/ul>\n<h2>Hauptbestandteile keramischer Medienkugeln<\/h2>\n<ul class=\"list-paddingleft-2\">\n<li>Nanosilber-Pulver: 1%<\/li>\n<li>Maifan-Stein: 50\uff5e60%<\/li>\n<li>Zinkoxid: etwa 2,5%<\/li>\n<li>Kaolin: 10\uff5e15%<\/li>\n<li>Ferninfrarot-Pulver: 10%<\/li>\n<li>Lehm mit h\u00f6chster Qualit\u00e4t: 20\uff5e30%<\/li>\n<\/ul>\n<p>&nbsp;<\/p>\n<h2>Spezifikationen f\u00fcr keramische Schleifperlen<\/h2>\n<p>2-4mm,3-5mm,5-8mm, oder kundenspezifisch verf\u00fcgbar f\u00fcr diese\u00a0<a href=\"https:\/\/www.laiko.net\/products\/ceramic-ball\/\" target=\"_self\" rel=\"noopener\">keramisches Verpackungsmaterial<\/a>.<\/p>\n<h2>Verpackung und Lagerung von keramischen Mahlk\u00f6rpern<\/h2>\n<p>Verpackung mit Plastiks\u00e4cken, 25kg\/Sack, oder kundenspezifisch<\/p>\n<p>Vor Regen sch\u00fctzen und Feuchtigkeit vermeiden. An einem trockenen Ort aufbewahren.<\/p>\n<h2>Gebrauchsanweisung f\u00fcr keramische Schleifkugeln<\/h2>\n<ol class=\"list-paddingleft-2\">\n<li>Sollte mit sauberem Wasser f\u00fcr zwei Mal in der ersten waschen, dann kann direkt f\u00fcr die Behandlung von Trinkwasser verwendet werden. Anmerkung: die h\u00f6chste Gebrauchstemperatur ist bei 950\u2103.<\/li>\n<li>Um zu verhindern, dass die kleinen k\u00f6rnigen Keramikkugeln aus der D\u00fcse rutschen und Druckstellen am menschlichen K\u00f6rper verursachen, ist es besser, vor dem Baden ein St\u00fcck PP-Baumwoll-Filtermembran mit einem Innendurchmesser von ca. 5\u00b5m einzulegen.<\/li>\n<li>Es ist besser, keine s\u00e4urehaltigen Shampoos und Badelotionen zu verwenden, um zu vermeiden, dass die Neutralisierung zwischen dem alkalischen Wasser nach der Behandlung durch die Keramikkugeln und der sauren Badefl\u00fcssigkeit den Badeeffekt beeinflusst.<\/li>\n<\/ol>","protected":false},"excerpt":{"rendered":"<div class=\"summary\">\n<p>Eine Art von Umweltschutz- und Gesundheitskugel, die haupts\u00e4chlich aus dem nat\u00fcrlichen Nichtmetall-Mineral Turmalin, Porzellanerde und hochwertigem Ton durch Nanometer-Zerkleinerungstechnologie, spezielle Formel und Agglomerationstechniken hergestellt wird, und mit der Keramikkugel zur Beseitigung von Bakterien in Wasserreinigern, Textilfasern usw. verwendet wird.<\/p>\n<\/div>","protected":false},"featured_media":1308,"template":"","meta":{"_seopress_robots_primary_cat":"","_monsterinsights_skip_tracking":false,"_monsterinsights_sitenote_active":false,"_monsterinsights_sitenote_note":"","_monsterinsights_sitenote_category":0,"_joinchat":[]},"product_cat":[84,102],"product_tag":[],"class_list":["post-3538","product","type-product","status-publish","has-post-thumbnail","hentry","product_cat-ceramic-ball","product_cat-ceramic-tower-packing"],"featured_image_urls":{"full":["https:\/\/www.laiko.net\/wp-content\/uploads\/2023\/10\/frc-f49035de06940ffd536d485737c8d5a1.jpg",600,350,false],"thumbnail":["https:\/\/www.laiko.net\/wp-content\/uploads\/2023\/10\/frc-f49035de06940ffd536d485737c8d5a1-150x150.jpg",150,150,true],"medium":["https:\/\/www.laiko.net\/wp-content\/uploads\/2023\/10\/frc-f49035de06940ffd536d485737c8d5a1-300x175.jpg",300,175,true],"medium_large":["https:\/\/www.laiko.net\/wp-content\/uploads\/2023\/10\/frc-f49035de06940ffd536d485737c8d5a1.jpg",600,350,false],"large":["https:\/\/www.laiko.net\/wp-content\/uploads\/2023\/10\/frc-f49035de06940ffd536d485737c8d5a1.jpg",600,350,false],"1536x1536":["https:\/\/www.laiko.net\/wp-content\/uploads\/2023\/10\/frc-f49035de06940ffd536d485737c8d5a1.jpg",600,350,false],"2048x2048":["https:\/\/www.laiko.net\/wp-content\/uploads\/2023\/10\/frc-f49035de06940ffd536d485737c8d5a1.jpg",600,350,false],"trp-custom-language-flag":["https:\/\/www.laiko.net\/wp-content\/uploads\/2023\/10\/frc-f49035de06940ffd536d485737c8d5a1.jpg",18,12,false],"woocommerce_thumbnail":["https:\/\/www.laiko.net\/wp-content\/uploads\/2023\/10\/frc-f49035de06940ffd536d485737c8d5a1-300x175.jpg",300,175,true],"woocommerce_single":["https:\/\/www.laiko.net\/wp-content\/uploads\/2023\/10\/frc-f49035de06940ffd536d485737c8d5a1.jpg",600,350,false],"woocommerce_gallery_thumbnail":["https:\/\/www.laiko.net\/wp-content\/uploads\/2023\/10\/frc-f49035de06940ffd536d485737c8d5a1-100x100.jpg",100,100,true]},"post_excerpt_stackable":"<div class=\"summary\">\n<p>One kind of environmental protection and health care ball that is mainly made of the natural nonmetal mineral tourmaline, porcelain clay and high-grade clay by nanometer comminution technology, special formula and agglomeration techniques, and used with the ceramic ball for eliminating bacterium of water purifiers, textile fiber, etc.<\/p>\n<\/div>\n","category_list":"","author_info":{"name":"","url":""},"comments_num":"0 comments","_links":{"self":[{"href":"https:\/\/www.laiko.net\/de\/wp-json\/wp\/v2\/product\/3538","targetHints":{"allow":["GET"]}}],"collection":[{"href":"https:\/\/www.laiko.net\/de\/wp-json\/wp\/v2\/product"}],"about":[{"href":"https:\/\/www.laiko.net\/de\/wp-json\/wp\/v2\/types\/product"}],"wp:featuredmedia":[{"embeddable":true,"href":"https:\/\/www.laiko.net\/de\/wp-json\/wp\/v2\/media\/1308"}],"wp:attachment":[{"href":"https:\/\/www.laiko.net\/de\/wp-json\/wp\/v2\/media?parent=3538"}],"wp:term":[{"taxonomy":"product_cat","embeddable":true,"href":"https:\/\/www.laiko.net\/de\/wp-json\/wp\/v2\/product_cat?post=3538"},{"taxonomy":"product_tag","embeddable":true,"href":"https:\/\/www.laiko.net\/de\/wp-json\/wp\/v2\/product_tag?post=3538"}],"curies":[{"name":"wp","href":"https:\/\/api.w.org\/{rel}","templated":true}]}}