{"id":3537,"date":"2023-10-28T15:41:19","date_gmt":"2023-10-28T07:41:19","guid":{"rendered":"http:\/\/www3.laiko.net\/?post_type=product&#038;p=3537"},"modified":"2023-10-31T16:56:12","modified_gmt":"2023-10-31T08:56:12","slug":"q-pack","status":"publish","type":"product","link":"https:\/\/www.laiko.net\/de\/produkt\/q-packung\/","title":{"rendered":"Q-Pack"},"content":{"rendered":"<h2>Parameter von Q-pack<\/h2>\n<div class=\"overflow_x\">\n<table cellspacing=\"0\" cellpadding=\"0\">\n<colgroup>\n<col \/>\n<col \/>\n<col \/>\n<col span=\"3\" \/><\/colgroup>\n<tbody>\n<tr class=\"firstRow\">\n<td height=\"22\">Gr\u00f6\u00dfe<\/td>\n<td colspan=\"5\">82,5 mm \u00d7 95 mm<\/td>\n<\/tr>\n<tr>\n<td height=\"22\">Voidage<\/td>\n<td colspan=\"5\">96.30%<\/td>\n<\/tr>\n<tr>\n<td height=\"22\">Gro\u00dfe Anzahl<\/td>\n<td colspan=\"5\">1165 n\/m3<\/td>\n<\/tr>\n<tr>\n<td height=\"22\">Sch\u00fcttdichte<\/td>\n<td colspan=\"5\">33,7 kg\/m3<\/td>\n<\/tr>\n<tr>\n<td height=\"22\">Trockenpackfaktor<\/td>\n<td colspan=\"5\">23 m-1<\/td>\n<\/tr>\n<tr>\n<td height=\"22\">Paket<\/td>\n<td colspan=\"5\">Plastikt\u00fcten, Kartons<\/td>\n<\/tr>\n<tr>\n<td height=\"22\">Material<\/td>\n<td colspan=\"5\">PE, PP, RPP, PVC, CPVC und PVDF.<\/td>\n<\/tr>\n<\/tbody>\n<\/table>\n<\/div>\n<h2>Vorteile von Q-pack<\/h2>\n<ul class=\"list-paddingleft-2\">\n<li>Hoher Porenanteil.<\/li>\n<li>Geringer Druckverlust.<\/li>\n<li>Gro\u00dfe Kontaktfl\u00e4che zwischen Gas und Fl\u00fcssigkeit.<\/li>\n<li>Widerstand gegen Verschmutzung und Verstopfung.<\/li>\n<li>Hohe Abscheideleistung.<\/li>\n<li>Bequeme Wartung.<\/li>\n<\/ul>","protected":false},"excerpt":{"rendered":"<p>Die Q-Pack-Turmverpackung aus Kunststoff ist eine Art Zufallsverpackung aus Kunststoff mit hoher Kapazit\u00e4t. Sie hat eine spezielle achteckige Struktur. Diese Struktur hat eine geometrische Oberfl\u00e4che, gro\u00dfe L\u00f6cher und ein kleines Volumen. Sie gew\u00e4hrleistet die hohe Effizienz von Plastic Q-Pack bei der \u00d6l-Wasser-Trennung. Diese Art von Random-Packung ist einfach zu bedienen und zu installieren. Sie hat eine hohe Trennleistung und niedrige Wartungskosten.  Q-Pack-F\u00fcllk\u00f6rper aus Kunststoff eignen sich f\u00fcr die Trinkwasseraufbereitung, die Abwasseraufbereitung und die biologische Behandlung. Sie werden h\u00e4ufig als Filterger\u00e4te in Trinkwasseraufbereitungsprozessen, Meerwasserentsalzungsanlagen und VOC-Kontrollsystemen (fl\u00fcchtige organische Verbindungen) eingesetzt.<\/p>","protected":false},"featured_media":2537,"template":"","meta":{"_seopress_robots_primary_cat":"","_monsterinsights_skip_tracking":false,"_monsterinsights_sitenote_active":false,"_monsterinsights_sitenote_note":"","_monsterinsights_sitenote_category":0,"_joinchat":[]},"product_cat":[104,107],"product_tag":[],"class_list":["post-3537","product","type-product","status-publish","has-post-thumbnail","hentry","product_cat-plastic-tower-packing","product_cat-q-pack"],"featured_image_urls":{"full":["https:\/\/www.laiko.net\/wp-content\/uploads\/2023\/10\/frc-e08c8a4b4487bd9e236deaac3773f89d.jpg",600,350,false],"thumbnail":["https:\/\/www.laiko.net\/wp-content\/uploads\/2023\/10\/frc-e08c8a4b4487bd9e236deaac3773f89d-150x150.jpg",150,150,true],"medium":["https:\/\/www.laiko.net\/wp-content\/uploads\/2023\/10\/frc-e08c8a4b4487bd9e236deaac3773f89d-300x175.jpg",300,175,true],"medium_large":["https:\/\/www.laiko.net\/wp-content\/uploads\/2023\/10\/frc-e08c8a4b4487bd9e236deaac3773f89d.jpg",600,350,false],"large":["https:\/\/www.laiko.net\/wp-content\/uploads\/2023\/10\/frc-e08c8a4b4487bd9e236deaac3773f89d.jpg",600,350,false],"1536x1536":["https:\/\/www.laiko.net\/wp-content\/uploads\/2023\/10\/frc-e08c8a4b4487bd9e236deaac3773f89d.jpg",600,350,false],"2048x2048":["https:\/\/www.laiko.net\/wp-content\/uploads\/2023\/10\/frc-e08c8a4b4487bd9e236deaac3773f89d.jpg",600,350,false],"trp-custom-language-flag":["https:\/\/www.laiko.net\/wp-content\/uploads\/2023\/10\/frc-e08c8a4b4487bd9e236deaac3773f89d.jpg",18,12,false],"woocommerce_thumbnail":["https:\/\/www.laiko.net\/wp-content\/uploads\/2023\/10\/frc-e08c8a4b4487bd9e236deaac3773f89d-300x175.jpg",300,175,true],"woocommerce_single":["https:\/\/www.laiko.net\/wp-content\/uploads\/2023\/10\/frc-e08c8a4b4487bd9e236deaac3773f89d.jpg",600,350,false],"woocommerce_gallery_thumbnail":["https:\/\/www.laiko.net\/wp-content\/uploads\/2023\/10\/frc-e08c8a4b4487bd9e236deaac3773f89d-100x100.jpg",100,100,true]},"post_excerpt_stackable":"<p>Plastic Q-Pack Tower Packing is a kind of high-capacity plastic random packing. It has a special octagonal structure. This structure has a geometric surface, large holes and a small volume. It can ensure Plastic Q-Pack&#8217;s high efficiency in oil-water separation. This type of random packing is easy to operate and install. It has high separation efficiency and low maintenance costs. \u00a0Plastic Q-Pack tower packing is fit for drinking water treatment, wastewater reclamation and biological treatment. It is widely used as filter devices in potable water treatment process, seawater desalination system and VOC (volatile organic compounds) control system.<\/p>\n","category_list":"","author_info":{"name":"","url":""},"comments_num":"0 comments","_links":{"self":[{"href":"https:\/\/www.laiko.net\/de\/wp-json\/wp\/v2\/product\/3537","targetHints":{"allow":["GET"]}}],"collection":[{"href":"https:\/\/www.laiko.net\/de\/wp-json\/wp\/v2\/product"}],"about":[{"href":"https:\/\/www.laiko.net\/de\/wp-json\/wp\/v2\/types\/product"}],"wp:featuredmedia":[{"embeddable":true,"href":"https:\/\/www.laiko.net\/de\/wp-json\/wp\/v2\/media\/2537"}],"wp:attachment":[{"href":"https:\/\/www.laiko.net\/de\/wp-json\/wp\/v2\/media?parent=3537"}],"wp:term":[{"taxonomy":"product_cat","embeddable":true,"href":"https:\/\/www.laiko.net\/de\/wp-json\/wp\/v2\/product_cat?post=3537"},{"taxonomy":"product_tag","embeddable":true,"href":"https:\/\/www.laiko.net\/de\/wp-json\/wp\/v2\/product_tag?post=3537"}],"curies":[{"name":"wp","href":"https:\/\/api.w.org\/{rel}","templated":true}]}}