{"id":3536,"date":"2023-09-28T15:38:42","date_gmt":"2023-09-28T07:38:42","guid":{"rendered":"http:\/\/www3.laiko.net\/?post_type=product&#038;p=3536"},"modified":"2023-11-10T15:01:30","modified_gmt":"2023-11-10T07:01:30","slug":"fire-arresting-material","status":"publish","type":"product","link":"https:\/\/www.laiko.net\/de\/produkt\/feuerhemmendes-material\/","title":{"rendered":"Feuerhemmendes Material"},"content":{"rendered":"<h2>Parameter des feuerhemmenden Materials<\/h2>\n<div class=\"overflow_x\">\n<table cellspacing=\"0\">\n<tbody>\n<tr class=\"firstRow\">\n<td valign=\"top\">Artikel<\/td>\n<td valign=\"top\">Zul\u00e4ssige Abweichung<\/td>\n<\/tr>\n<tr>\n<td valign=\"center\">h(mm)<\/td>\n<td valign=\"center\">\u00b10,02 mm<\/td>\n<\/tr>\n<tr>\n<td valign=\"center\">\u03bb(mm)<\/td>\n<td valign=\"center\">\u00b10,05 mm<\/td>\n<\/tr>\n<tr>\n<td valign=\"center\">\u03b1<\/td>\n<td valign=\"center\">\u00b15\u00b0<\/td>\n<\/tr>\n<tr>\n<td valign=\"center\">L(mm)<\/td>\n<td valign=\"center\">\u00b10,2mm<\/td>\n<\/tr>\n<tr>\n<td valign=\"center\">D(mm)<\/td>\n<td valign=\"center\">\u00b10,2mm(D\uff1e120~400mm)<\/td>\n<\/tr>\n<\/tbody>\n<\/table>\n<\/div>\n<h2>\u00dcberblick \u00fcber feuerhemmendes Material<\/h2>\n<p>Die feuerhemmende Matte besteht aus gewellten Platten, die eine bestimmte Gr\u00f6\u00dfe der Schachtplatte umgeben. Der Durchmesser des gewellten feuerfesten Kerns und der Wellendurchmesser werden vom Unternehmen festgelegt. Die Parameter Dicke, Breite, Scheitelwinkel, Scheitelh\u00f6he und Scheitelabstand der Wellpappe, die zum Aufwickeln des gewellten feuerhemmenden Kerns verwendet wird, werden ebenfalls vom Unternehmen festgelegt (die spezifischen Fragen werden entsprechend der tats\u00e4chlichen Verarbeitungskapazit\u00e4t bestimmt). Die Wellpappe wird aus einer 304er Edelstahlplatte mit einer bestimmten Dicke hergestellt. Dabei ist h die Wellenh\u00f6he, \u03bb die Wellenteilung, \u03b4 die Wellplattendicke 0,1 mm, \u03b1 der Scheitelwinkel 90\u00b0 und L die Wellstreifenbreite. Der Wert der Wellenh\u00f6he h wird bevorzugt, um die Bedingungen zu erf\u00fcllen. Wenn andere Verarbeitungsbedingungen die vom Unternehmen festgelegten Anforderungen nicht erf\u00fcllen k\u00f6nnen, muss zun\u00e4chst sichergestellt werden, dass der Wert der Wellenh\u00f6he h die Konstruktionsbedingungen erf\u00fcllt. Der Wellenabstand \u03bb und der Scheitelwinkel \u03b1 erf\u00fcllen eine dieser Bedingungen. Zus\u00e4tzlich zu der Wellpappendicke von 0,1 mm betr\u00e4gt der Scheitelwinkel 90\u00b0 und das Material ist 304.<\/p>\n<h2>Vorteil des feuerhemmenden Materials<\/h2>\n<ul class=\"list-paddingleft-2\">\n<li>Wirksame Verhinderung der Ausbreitung von brennbaren Gasen und fl\u00fcssigen Flammen<\/li>\n<li>Anlassen verhindern und Explosion verursachen<\/li>\n<\/ul>","protected":false},"excerpt":{"rendered":"<p>Feuerhemmendes Material ist eine der wichtigsten Komponenten einer Flammendurchschlagsicherung. Flammendurchschlagsicherungen k\u00f6nnen die Flammenausbreitung von brennbaren Gasen und Fl\u00fcssigkeiten wirksam verhindern und verhindern, dass sie sich entz\u00fcnden und eine Explosion verursachen. Die flammhemmenden gewellten Platten in solchen Flammendurchschlagsicherungen werden in der Regel durch Pressen von Edelstahlb\u00e4ndern oder Kupfer-Nickel-Legierungen gewellt. Die Gr\u00f6\u00dfe der Wellen wird durch die Art des Gases und die Flammensperrgeschwindigkeit bestimmt.<\/p>","protected":false},"featured_media":2556,"template":"","meta":{"_seopress_robots_primary_cat":"","_monsterinsights_skip_tracking":false,"_monsterinsights_sitenote_active":false,"_monsterinsights_sitenote_note":"","_monsterinsights_sitenote_category":0,"_joinchat":[]},"product_cat":[108,103],"product_tag":[],"class_list":["post-3536","product","type-product","status-publish","has-post-thumbnail","hentry","product_cat-fire-arresting-material","product_cat-metal-tower-packing"],"featured_image_urls":{"full":["https:\/\/www.laiko.net\/wp-content\/uploads\/2023\/10\/frc-3c81e929594dadd7c36ed39a01ce674a.jpg",600,350,false],"thumbnail":["https:\/\/www.laiko.net\/wp-content\/uploads\/2023\/10\/frc-3c81e929594dadd7c36ed39a01ce674a-150x150.jpg",150,150,true],"medium":["https:\/\/www.laiko.net\/wp-content\/uploads\/2023\/10\/frc-3c81e929594dadd7c36ed39a01ce674a-300x175.jpg",300,175,true],"medium_large":["https:\/\/www.laiko.net\/wp-content\/uploads\/2023\/10\/frc-3c81e929594dadd7c36ed39a01ce674a.jpg",600,350,false],"large":["https:\/\/www.laiko.net\/wp-content\/uploads\/2023\/10\/frc-3c81e929594dadd7c36ed39a01ce674a.jpg",600,350,false],"1536x1536":["https:\/\/www.laiko.net\/wp-content\/uploads\/2023\/10\/frc-3c81e929594dadd7c36ed39a01ce674a.jpg",600,350,false],"2048x2048":["https:\/\/www.laiko.net\/wp-content\/uploads\/2023\/10\/frc-3c81e929594dadd7c36ed39a01ce674a.jpg",600,350,false],"trp-custom-language-flag":["https:\/\/www.laiko.net\/wp-content\/uploads\/2023\/10\/frc-3c81e929594dadd7c36ed39a01ce674a.jpg",18,12,false],"woocommerce_thumbnail":["https:\/\/www.laiko.net\/wp-content\/uploads\/2023\/10\/frc-3c81e929594dadd7c36ed39a01ce674a-300x175.jpg",300,175,true],"woocommerce_single":["https:\/\/www.laiko.net\/wp-content\/uploads\/2023\/10\/frc-3c81e929594dadd7c36ed39a01ce674a.jpg",600,350,false],"woocommerce_gallery_thumbnail":["https:\/\/www.laiko.net\/wp-content\/uploads\/2023\/10\/frc-3c81e929594dadd7c36ed39a01ce674a-100x100.jpg",100,100,true]},"post_excerpt_stackable":"<p>Fire-arresting material is one of the most important components of a flame arrester. Flame arresters can effectively prevent the flame spread of flammable gas and liquid and prevent tempering and causing an explosion. The flame retardant corrugated plates in such flame arresters are usually corrugated by pressing stainless steel strips or copper-nickel alloy materials. The size of the corrugations is determined by the nature of the gas and the flame retarding speed.<\/p>\n","category_list":"","author_info":{"name":"","url":""},"comments_num":"0 comments","_links":{"self":[{"href":"https:\/\/www.laiko.net\/de\/wp-json\/wp\/v2\/product\/3536","targetHints":{"allow":["GET"]}}],"collection":[{"href":"https:\/\/www.laiko.net\/de\/wp-json\/wp\/v2\/product"}],"about":[{"href":"https:\/\/www.laiko.net\/de\/wp-json\/wp\/v2\/types\/product"}],"wp:featuredmedia":[{"embeddable":true,"href":"https:\/\/www.laiko.net\/de\/wp-json\/wp\/v2\/media\/2556"}],"wp:attachment":[{"href":"https:\/\/www.laiko.net\/de\/wp-json\/wp\/v2\/media?parent=3536"}],"wp:term":[{"taxonomy":"product_cat","embeddable":true,"href":"https:\/\/www.laiko.net\/de\/wp-json\/wp\/v2\/product_cat?post=3536"},{"taxonomy":"product_tag","embeddable":true,"href":"https:\/\/www.laiko.net\/de\/wp-json\/wp\/v2\/product_tag?post=3536"}],"curies":[{"name":"wp","href":"https:\/\/api.w.org\/{rel}","templated":true}]}}