{"id":3527,"date":"2023-10-28T15:11:44","date_gmt":"2023-10-28T07:11:44","guid":{"rendered":"http:\/\/www3.laiko.net\/?post_type=product&#038;p=3527"},"modified":"2023-10-28T15:11:45","modified_gmt":"2023-10-28T07:11:45","slug":"lithium-carbonates","status":"publish","type":"product","link":"https:\/\/www.laiko.net\/de\/produkt\/lithiumcarbonate\/","title":{"rendered":"Lithiumkarbonate"},"content":{"rendered":"<h2>Parameter von Lithiumkarbonaten zum Verkauf<\/h2>\n<div class=\"overflow_x\">\n<table cellspacing=\"0\">\n<tbody>\n<tr class=\"firstRow\">\n<td>Chemische Eigenschaften<\/td>\n<td>Spezifikation(wt%)<\/td>\n<td>\u00a0Typ Wert(wt%)<\/td>\n<\/tr>\n<tr>\n<td>Li2CO3<\/td>\n<td>\u226599.5<\/td>\n<td>99.5<\/td>\n<\/tr>\n<tr>\n<td>Na<\/td>\n<td>\u22640.025<\/td>\n<td>0.015<\/td>\n<\/tr>\n<tr>\n<td>K<\/td>\n<td>\u22640.001<\/td>\n<td>0.0003<\/td>\n<\/tr>\n<tr>\n<td>Mg<\/td>\n<td>\u22640.008<\/td>\n<td>0.001<\/td>\n<\/tr>\n<tr>\n<td>Ca<\/td>\n<td>\u22640.005<\/td>\n<td>0.0030<\/td>\n<\/tr>\n<tr>\n<td>Al<\/td>\n<td>\u22640.001<\/td>\n<td>0.0005<\/td>\n<\/tr>\n<tr>\n<td>Fe<\/td>\n<td>\u22640.001<\/td>\n<td>0.0005<\/td>\n<\/tr>\n<tr>\n<td>Ni<\/td>\n<td>\u22640.001<\/td>\n<td>0.0001<\/td>\n<\/tr>\n<tr>\n<td>Cu<\/td>\n<td>\u22640.0003<\/td>\n<td>0.0001<\/td>\n<\/tr>\n<tr>\n<td>Pb<\/td>\n<td>\u22640.0003<\/td>\n<td>0.0001<\/td>\n<\/tr>\n<tr>\n<td>SO42-<\/td>\n<td>\u22640.080<\/td>\n<td>0.015<\/td>\n<\/tr>\n<tr>\n<td>Cl<\/td>\n<td>\u22640.003<\/td>\n<td>0.002<\/td>\n<\/tr>\n<tr>\n<td>Mn<\/td>\n<td>\u22640.0003<\/td>\n<td>0.0001<\/td>\n<\/tr>\n<tr>\n<td>Si<\/td>\n<td>\u22640.003<\/td>\n<td>0.002<\/td>\n<\/tr>\n<tr>\n<td>Zn<\/td>\n<td>\u22640.0003<\/td>\n<td>0.0001<\/td>\n<\/tr>\n<tr>\n<td>H2O<\/td>\n<td>\u22640.25<\/td>\n<td>0.15<\/td>\n<\/tr>\n<tr>\n<td>D50(um)<\/td>\n<td>\u22646um<\/td>\n<td>5um<\/td>\n<\/tr>\n<\/tbody>\n<\/table>\n<\/div>\n<h2>Sicherheit:<\/h2>\n<p>Von Hitze fernhalten. Von Z\u00fcndquellen fernhalten. Alle Ger\u00e4te, die Material enthalten, erden. Nicht verschlucken. Staub nicht einatmen. Bei Verschlucken sofort \u00e4rztlichen Rat einholen und den Beh\u00e4lter oder das Etikett vorzeigen. Von unvertr\u00e4glichen Stoffen wie z. B. Oxidationsmitteln fernhalten. Vor der Verwendung dieses Produkts sind die vollst\u00e4ndigen Sicherheits- und Handhabungsrichtlinien in der Gebrauchsanweisung zu beachten.<\/p>\n<h2>Lagerung von Lithiumkarbonat zum Verkauf:<\/h2>\n<p>Beh\u00e4lter dicht geschlossen halten. Beh\u00e4lter an einem k\u00fchlen, gut bel\u00fcfteten Ort aufbewahren. Lichtempfindlich. In lichtbest\u00e4ndigen Beh\u00e4ltern lagern. Sollte in Innenr\u00e4umen auf Paletten bei normalen Temperaturen gelagert werden. Bei vorschriftsm\u00e4\u00dfiger Lagerung betr\u00e4gt die maximale Haltbarkeitsdauer drei Jahre.<\/p>\n<h2>Verpackung von Lithiumcarbonat zum Verkauf:<\/h2>\n<p>In 25 kg \/ 20 kg Kraftpapiers\u00e4cken, 500 kg Bulk-S\u00e4cken oder 100 kg F\u00e4ssern.<\/p>\n<p>Transport: Das Produkt ist nicht als gef\u00e4hrliche Chemikalie eingestuft und eignet sich f\u00fcr den Schiffs-, Bahn-, Luft- und Stra\u00dfentransport. Achten Sie auf Feuchtigkeit -proof und S\u00e4ure -proof w\u00e4hrend des Transports.<\/p>","protected":false},"excerpt":{"rendered":"<p><strong>Lithiumkarbonate 99.5% Batteriestand oder Industriequalit\u00e4t li2co3<\/strong>\u00a0wird haupts\u00e4chlich f\u00fcr synthetische Lithium-Ionen-Batterie-Positivpole wie Lithiumkobaltat (LiCoO2), Lithiummanganoxid (LiMn2O4), Tern\u00e4r und Lithiumeisenphosphat (LiFePO4\/LFP) verwendet. Auch in der Halbleiter-, Fernseh-, Energie-, Keramik- und Katalysatorindustrie sowie in anderen Bereichen verwendet.<\/p>","protected":false},"featured_media":3530,"template":"","meta":{"_seopress_robots_primary_cat":"","_monsterinsights_skip_tracking":false,"_monsterinsights_sitenote_active":false,"_monsterinsights_sitenote_note":"","_monsterinsights_sitenote_category":0,"_joinchat":[]},"product_cat":[95],"product_tag":[],"class_list":["post-3527","product","type-product","status-publish","has-post-thumbnail","hentry","product_cat-lithium-carbonates"],"featured_image_urls":{"full":["https:\/\/www.laiko.net\/wp-content\/uploads\/2023\/10\/B9M2DZNZQTTUBF@0Z4AJ.png",366,300,false],"thumbnail":["https:\/\/www.laiko.net\/wp-content\/uploads\/2023\/10\/B9M2DZNZQTTUBF@0Z4AJ-150x150.png",150,150,true],"medium":["https:\/\/www.laiko.net\/wp-content\/uploads\/2023\/10\/B9M2DZNZQTTUBF@0Z4AJ-300x246.png",300,246,true],"medium_large":["https:\/\/www.laiko.net\/wp-content\/uploads\/2023\/10\/B9M2DZNZQTTUBF@0Z4AJ.png",366,300,false],"large":["https:\/\/www.laiko.net\/wp-content\/uploads\/2023\/10\/B9M2DZNZQTTUBF@0Z4AJ.png",366,300,false],"1536x1536":["https:\/\/www.laiko.net\/wp-content\/uploads\/2023\/10\/B9M2DZNZQTTUBF@0Z4AJ.png",366,300,false],"2048x2048":["https:\/\/www.laiko.net\/wp-content\/uploads\/2023\/10\/B9M2DZNZQTTUBF@0Z4AJ.png",366,300,false],"trp-custom-language-flag":["https:\/\/www.laiko.net\/wp-content\/uploads\/2023\/10\/B9M2DZNZQTTUBF@0Z4AJ.png",15,12,false],"woocommerce_thumbnail":["https:\/\/www.laiko.net\/wp-content\/uploads\/2023\/10\/B9M2DZNZQTTUBF@0Z4AJ-300x246.png",300,246,true],"woocommerce_single":["https:\/\/www.laiko.net\/wp-content\/uploads\/2023\/10\/B9M2DZNZQTTUBF@0Z4AJ.png",366,300,false],"woocommerce_gallery_thumbnail":["https:\/\/www.laiko.net\/wp-content\/uploads\/2023\/10\/B9M2DZNZQTTUBF@0Z4AJ-100x100.png",100,100,true]},"post_excerpt_stackable":"<p><strong>lithium Carbonates 99.5% Battery Level or Industry grade li2co3<\/strong>\u00a0is mainly used for synthetic lithium -ion battery positive pole material such as Lithium cobaltate(LiCoO2),\u00a0Lithium manganese oxide(LiMn2O4),\u00a0Ternary and Lithium iron phosphate(LiFePO4\/LFP). Also used in semiconductor, television, energy, ceramics,\u00a0 catalyst and other sectors.<\/p>\n","category_list":"","author_info":{"name":"","url":""},"comments_num":"0 comments","_links":{"self":[{"href":"https:\/\/www.laiko.net\/de\/wp-json\/wp\/v2\/product\/3527","targetHints":{"allow":["GET"]}}],"collection":[{"href":"https:\/\/www.laiko.net\/de\/wp-json\/wp\/v2\/product"}],"about":[{"href":"https:\/\/www.laiko.net\/de\/wp-json\/wp\/v2\/types\/product"}],"wp:featuredmedia":[{"embeddable":true,"href":"https:\/\/www.laiko.net\/de\/wp-json\/wp\/v2\/media\/3530"}],"wp:attachment":[{"href":"https:\/\/www.laiko.net\/de\/wp-json\/wp\/v2\/media?parent=3527"}],"wp:term":[{"taxonomy":"product_cat","embeddable":true,"href":"https:\/\/www.laiko.net\/de\/wp-json\/wp\/v2\/product_cat?post=3527"},{"taxonomy":"product_tag","embeddable":true,"href":"https:\/\/www.laiko.net\/de\/wp-json\/wp\/v2\/product_tag?post=3527"}],"curies":[{"name":"wp","href":"https:\/\/api.w.org\/{rel}","templated":true}]}}