{"id":3521,"date":"2023-10-28T14:38:04","date_gmt":"2023-10-28T06:38:04","guid":{"rendered":"http:\/\/www3.laiko.net\/?post_type=product&#038;p=3521"},"modified":"2023-10-28T14:38:04","modified_gmt":"2023-10-28T06:38:04","slug":"mlm","status":"publish","type":"product","link":"https:\/\/www.laiko.net\/de\/produkt\/mlm\/","title":{"rendered":"MLM"},"content":{"rendered":"<h2>Parameter des MLM<\/h2>\n<div class=\"overflow_x\">\n<table>\n<tbody>\n<tr class=\"firstRow\">\n<td height=\"14\">Artikel<\/td>\n<td height=\"14\">Einheit<\/td>\n<td height=\"14\">MLM-125<\/td>\n<td height=\"14\">MLM-160<\/td>\n<td height=\"14\">MLM-180<\/td>\n<td height=\"14\">MLM-200<\/td>\n<td height=\"14\">MLM-S Typ<\/td>\n<\/tr>\n<tr>\n<td height=\"14\">Dimension<\/td>\n<td height=\"14\">mm<\/td>\n<td height=\"14\">305x305x101<\/td>\n<td height=\"14\">305x305x101<\/td>\n<td height=\"14\">305x305x101<\/td>\n<td height=\"14\">305x305x101<\/td>\n<td height=\"14\">305x305x101<\/td>\n<\/tr>\n<tr>\n<td height=\"14\">Fl\u00e4che<\/td>\n<td height=\"14\">m2\/m3-ft2\/ft3<\/td>\n<td height=\"14\">410\/125<\/td>\n<td height=\"14\">525\/160<\/td>\n<td height=\"14\">590\/180<\/td>\n<td height=\"14\">655\/200<\/td>\n<td height=\"14\">722\/220<\/td>\n<\/tr>\n<tr>\n<td height=\"14\">Dichte<\/td>\n<td height=\"14\">g\/cm3<\/td>\n<td height=\"14\">2.25-2.35<\/td>\n<td height=\"14\">2.25-2.35<\/td>\n<td height=\"14\">2.25-2.35<\/td>\n<td height=\"14\">2.25-2.35<\/td>\n<td height=\"14\">2.25-2.35<\/td>\n<\/tr>\n<tr>\n<td height=\"14\">Gewicht<\/td>\n<td height=\"14\">Kg\/m3<\/td>\n<td height=\"14\">800<\/td>\n<td height=\"14\">850<\/td>\n<td height=\"14\">950<\/td>\n<td height=\"14\">980<\/td>\n<td height=\"14\">1000<\/td>\n<\/tr>\n<tr>\n<td height=\"14\">S\u00e4urebest\u00e4ndigkeit<\/td>\n<td height=\"14\">%<\/td>\n<td height=\"14\">\u22644<\/td>\n<td height=\"14\">\u22644<\/td>\n<td height=\"14\">\u22644<\/td>\n<td height=\"14\">\u22644<\/td>\n<td height=\"14\">\u22644<\/td>\n<\/tr>\n<tr>\n<td height=\"14\">Wasserabsorption<\/td>\n<td height=\"14\">%<\/td>\n<td height=\"14\">&lt;0.5<\/td>\n<td height=\"14\">&lt;0.5<\/td>\n<td height=\"14\">&lt;0.5<\/td>\n<td height=\"14\">&lt;0.5<\/td>\n<td height=\"14\">&lt;0.5<\/td>\n<\/tr>\n<tr>\n<td height=\"14\">Freiraum<\/td>\n<td height=\"14\">%<\/td>\n<td height=\"14\">69<\/td>\n<td height=\"14\">61<\/td>\n<td height=\"14\">56<\/td>\n<td height=\"14\">51<\/td>\n<td height=\"14\">54<\/td>\n<\/tr>\n<tr>\n<td height=\"14\">Maximale Betriebstemperatur<\/td>\n<td height=\"14\">\u2103<\/td>\n<td height=\"14\">1180<\/td>\n<td height=\"14\">1180<\/td>\n<td height=\"14\">1180<\/td>\n<td height=\"14\">1180<\/td>\n<td height=\"14\">1180<\/td>\n<\/tr>\n<tr>\n<td height=\"14\">W\u00e4rmekapazit\u00e4t<\/td>\n<td height=\"14\">(kJ\/m2-\u00b0C)<\/td>\n<td height=\"14\">670<\/td>\n<td height=\"14\">810<\/td>\n<td height=\"14\">940<\/td>\n<td height=\"14\">1070<\/td>\n<td height=\"14\">1070<\/td>\n<\/tr>\n<tr>\n<td height=\"14\">Bruchfestigkeit<\/td>\n<td height=\"14\">lb\/ft2<\/td>\n<td height=\"14\">4210<\/td>\n<td height=\"14\">5380<\/td>\n<td height=\"14\">6120<\/td>\n<td height=\"14\">7340<\/td>\n<td height=\"14\">7340<\/td>\n<\/tr>\n<tr>\n<td rowspan=\"5\" height=\"71\">Merkmal<\/td>\n<td colspan=\"6\" height=\"14\">Hohe W\u00e4rmespeicherleistung<\/td>\n<\/tr>\n<tr>\n<td colspan=\"6\" height=\"14\">Hohe W\u00e4rme\u00fcbertragungseffizienz<\/td>\n<\/tr>\n<tr>\n<td colspan=\"6\" height=\"14\">H\u00f6here spezifische Oberfl\u00e4che<\/td>\n<\/tr>\n<tr>\n<td colspan=\"6\" height=\"14\">Niedriger Druckverlust<\/td>\n<\/tr>\n<tr>\n<td colspan=\"6\" height=\"14\">Sehr niedrige Betriebskosten<\/td>\n<\/tr>\n<\/tbody>\n<\/table>\n<\/div>\n<h2>Vorteile von MLM<\/h2>\n<ul class=\"list-paddingleft-2\">\n<li>Hohe spezifische Oberfl\u00e4che<\/li>\n<li>Hohe spezifische W\u00e4rmekapazit\u00e4t<\/li>\n<li>Ausgezeichnete W\u00e4rmeleitf\u00e4higkeit<\/li>\n<li>Niedriger Druckverlust<\/li>\n<li>Verstopfungsresistent<\/li>\n<li>Niedriger Preis bei hoher Leistung<\/li>\n<\/ul>","protected":false},"excerpt":{"rendered":"<p data-spm-anchor-id=\"a2700.details.pronpeci14.i0.5f4b7e19WXn5A9\"><span data-spm-anchor-id=\"a2700.details.pronpeci14.i2.5f4b7e19WXn5A9\">Mehrschichtige keramische Medien (MLM) sind eine Art von strukturierter Packung f\u00fcr Anlagen zur Reduzierung von VOC-Emissionen - Regenerative Thermische Oxidation (RTO). MLM besteht aus einer Keramikplatte mit Zinken. MLM erhielt ein US-Patent f\u00fcr Erfindungen und ein chinesisches Patent f\u00fcr Gebrauchsmuster aufgrund seiner besonderen Struktur.<\/span><\/p>\n<p>Das Produkt wurde nach Europa, in die Vereinigten Staaten, nach S\u00fcdostasien und in mehr als 30 L\u00e4nder exportiert und ist die erste Wahl f\u00fcr W\u00e4rmetauschermedien f\u00fcr RTO-Systeme, die f\u00fcr die VOC-Emissionen in der Chemie, Metallurgie, Malerei usw. verwendet werden.<\/p>","protected":false},"featured_media":1681,"template":"","meta":{"_seopress_robots_primary_cat":"","_monsterinsights_skip_tracking":false,"_monsterinsights_sitenote_active":false,"_monsterinsights_sitenote_note":"","_monsterinsights_sitenote_category":0,"_joinchat":[]},"product_cat":[94],"product_tag":[],"class_list":["post-3521","product","type-product","status-publish","has-post-thumbnail","hentry","product_cat-honeycomb-ceramics"],"featured_image_urls":{"full":["https:\/\/www.laiko.net\/wp-content\/uploads\/2023\/10\/frc-128497209e6d52013288c1b60c259ee7.jpg",600,350,false],"thumbnail":["https:\/\/www.laiko.net\/wp-content\/uploads\/2023\/10\/frc-128497209e6d52013288c1b60c259ee7-150x150.jpg",150,150,true],"medium":["https:\/\/www.laiko.net\/wp-content\/uploads\/2023\/10\/frc-128497209e6d52013288c1b60c259ee7-300x175.jpg",300,175,true],"medium_large":["https:\/\/www.laiko.net\/wp-content\/uploads\/2023\/10\/frc-128497209e6d52013288c1b60c259ee7.jpg",600,350,false],"large":["https:\/\/www.laiko.net\/wp-content\/uploads\/2023\/10\/frc-128497209e6d52013288c1b60c259ee7.jpg",600,350,false],"1536x1536":["https:\/\/www.laiko.net\/wp-content\/uploads\/2023\/10\/frc-128497209e6d52013288c1b60c259ee7.jpg",600,350,false],"2048x2048":["https:\/\/www.laiko.net\/wp-content\/uploads\/2023\/10\/frc-128497209e6d52013288c1b60c259ee7.jpg",600,350,false],"trp-custom-language-flag":["https:\/\/www.laiko.net\/wp-content\/uploads\/2023\/10\/frc-128497209e6d52013288c1b60c259ee7.jpg",18,12,false],"woocommerce_thumbnail":["https:\/\/www.laiko.net\/wp-content\/uploads\/2023\/10\/frc-128497209e6d52013288c1b60c259ee7-300x175.jpg",300,175,true],"woocommerce_single":["https:\/\/www.laiko.net\/wp-content\/uploads\/2023\/10\/frc-128497209e6d52013288c1b60c259ee7.jpg",600,350,false],"woocommerce_gallery_thumbnail":["https:\/\/www.laiko.net\/wp-content\/uploads\/2023\/10\/frc-128497209e6d52013288c1b60c259ee7-100x100.jpg",100,100,true]},"post_excerpt_stackable":"<p data-spm-anchor-id=\"a2700.details.pronpeci14.i0.5f4b7e19WXn5A9\"><span data-spm-anchor-id=\"a2700.details.pronpeci14.i2.5f4b7e19WXn5A9\">Multi-layer ceramic media (MLM) is a type of structured packing designed for VOC emission reduction equipment &#8211; Regenerative Thermal Oxidation (RTO). MLM is made of a ceramic plate with prong. MLM obtained a US patent for invention and a Chinese patent for utility models because of its special structure design.<\/span><\/p>\n<p>The product has been exported to Europe, the United States, Southeast Asia, more than 30 countries and is the first choice of heat exchange media for RTO system which used for the VOCs emission of chemical, metallurgy, painting and so on.<\/p>\n","category_list":"","author_info":{"name":"","url":""},"comments_num":"0 comments","_links":{"self":[{"href":"https:\/\/www.laiko.net\/de\/wp-json\/wp\/v2\/product\/3521","targetHints":{"allow":["GET"]}}],"collection":[{"href":"https:\/\/www.laiko.net\/de\/wp-json\/wp\/v2\/product"}],"about":[{"href":"https:\/\/www.laiko.net\/de\/wp-json\/wp\/v2\/types\/product"}],"wp:featuredmedia":[{"embeddable":true,"href":"https:\/\/www.laiko.net\/de\/wp-json\/wp\/v2\/media\/1681"}],"wp:attachment":[{"href":"https:\/\/www.laiko.net\/de\/wp-json\/wp\/v2\/media?parent=3521"}],"wp:term":[{"taxonomy":"product_cat","embeddable":true,"href":"https:\/\/www.laiko.net\/de\/wp-json\/wp\/v2\/product_cat?post=3521"},{"taxonomy":"product_tag","embeddable":true,"href":"https:\/\/www.laiko.net\/de\/wp-json\/wp\/v2\/product_tag?post=3521"}],"curies":[{"name":"wp","href":"https:\/\/api.w.org\/{rel}","templated":true}]}}