{"id":3519,"date":"2023-10-28T14:35:33","date_gmt":"2023-10-28T06:35:33","guid":{"rendered":"http:\/\/www3.laiko.net\/?post_type=product&#038;p=3519"},"modified":"2023-10-28T14:35:34","modified_gmt":"2023-10-28T06:35:34","slug":"infrared-ceramic-plate","status":"publish","type":"product","link":"https:\/\/www.laiko.net\/de\/produkt\/infrarot-keramikplatte\/","title":{"rendered":"Infrarot-Keramikplatte"},"content":{"rendered":"<h2>Parameter der Infrarot-Keramikplatte<\/h2>\n<div class=\"overflow_x\">\n<table cellspacing=\"0\" cellpadding=\"0\">\n<colgroup>\n<col \/>\n<col \/>\n<col \/><\/colgroup>\n<tbody>\n<tr class=\"firstRow\">\n<td height=\"16\">Artikel<\/td>\n<td>lndex<\/td>\n<td>Spezifikationen<\/td>\n<\/tr>\n<tr>\n<td height=\"16\">Materialien<\/td>\n<td>Kordierit<\/td>\n<td rowspan=\"8\">Wir k\u00f6nnen Ihnen das von Ihnen gew\u00fcnschte Produkt liefern<\/td>\n<\/tr>\n<tr>\n<td height=\"16\">Wasseraufnahme<\/td>\n<td align=\"right\">50.40%<\/td>\n<\/tr>\n<tr>\n<td height=\"16\">Offene Porosit\u00e4t<\/td>\n<td align=\"right\">61%<\/td>\n<\/tr>\n<tr>\n<td height=\"16\">Temperaturerweichung<\/td>\n<td>&gt;1280\u2103<\/td>\n<\/tr>\n<tr>\n<td height=\"16\">Spezifische Schwerkraft<\/td>\n<td>0. 9-1.10kg \/ cm3<\/td>\n<\/tr>\n<tr>\n<td height=\"16\">Kochen Oberfl\u00e4chentemperatur<\/td>\n<td>1000-1200\u2103<\/td>\n<\/tr>\n<tr>\n<td height=\"16\">CO-Freisetzung<\/td>\n<td align=\"right\">\u22640,01%<\/td>\n<\/tr>\n<tr>\n<td height=\"16\">NOX-Freisetzung<\/td>\n<td>\u22645ppm<\/td>\n<\/tr>\n<\/tbody>\n<\/table>\n<\/div>\n<h2>\u00dcberblick \u00fcber die Infrarot-Keramikplatte<\/h2>\n<p>Spart mehr Gas als 22%<br \/>\nEntflammbare Verbrennung herstellen<br \/>\nVerringerung der CO- und NOx-Giftgasentsorgung und Beseitigung der Faktoren, die der Gesundheit des menschlichen K\u00f6rpers schaden.<br \/>\nBetriebssicherheit ohne Windeinfluss bei Betrieb im Freien.<\/p>\n<p>Die keramische Infrarot-Verbrennungsplatte unseres Unternehmens kann f\u00fcr verschiedene Gase verwendet werden. Wenn der Kunde die Bestellung f\u00fcr sie macht, sollte er oder sie die Parameter wie die Produktgr\u00f6\u00dfe, CPSI, Zellenform, das Gas Stil, die Form auf der Oberseite zur Verf\u00fcgung stellen.<br \/>\nWenn der Kunde einen beschichteten Katalysator ben\u00f6tigt, muss er die Farbe des Katalysators angeben.<\/p>\n<h2>Vorteile der Infrarot-Keramikplatte<\/h2>\n<ul class=\"list-paddingleft-2\">\n<li>Sparen Sie 20-50% Energie.<\/li>\n<li>Brennen ohne Flamme, ger\u00e4uscharm.<\/li>\n<li>Reduzieren Sie die Formulierung von sch\u00e4dlichen Gasen wie CO, NOx, etc. um ein Vielfaches (mehr als 70%)<\/li>\n<li>Starke Windrichtung, sichere Nutzung.<\/li>\n<\/ul>","protected":false},"excerpt":{"rendered":"<p>Wabenkeramik als keramische Platte f\u00fcr die Infrarotverbrennung wird aus hochreinem Cordierit hergestellt und in Gas\u00f6fen verwendet. Dieses Produkt hat eine gute Temperaturwechselbest\u00e4ndigkeit (keine Risse auf dem Produkt, wenn die Wabenkeramik mit 1000 im Wasser mit 20 f\u00fcr 3 Zeiten ist), hohe mechanische Festigkeit (Bruchfestigkeit ist 20MPa auf der Oberseite und 5MPa auf der Seite), gute Ausdauer f\u00fcr hohe Temperatur, hohe Best\u00e4ndigkeit gegen Erosion. Wenn sie mit einem schwarzen Katalysator beschichtet ist, kann die Wabenkeramik die W\u00e4rme durch Infrarotstrahlung \u00fcbertragen, und diese Art der Verbrennung hat mehr herausragende Vorteile im Vergleich zu der normalen Gasofenverbrennung wie unten:<\/p>","protected":false},"featured_media":1689,"template":"","meta":{"_seopress_robots_primary_cat":"","_monsterinsights_skip_tracking":false,"_monsterinsights_sitenote_active":false,"_monsterinsights_sitenote_note":"","_monsterinsights_sitenote_category":0,"_joinchat":[]},"product_cat":[94],"product_tag":[],"class_list":["post-3519","product","type-product","status-publish","has-post-thumbnail","hentry","product_cat-honeycomb-ceramics"],"featured_image_urls":{"full":["https:\/\/www.laiko.net\/wp-content\/uploads\/2023\/10\/frc-14846040cdb5212936c5d8d3716ef066.jpg",600,350,false],"thumbnail":["https:\/\/www.laiko.net\/wp-content\/uploads\/2023\/10\/frc-14846040cdb5212936c5d8d3716ef066-150x150.jpg",150,150,true],"medium":["https:\/\/www.laiko.net\/wp-content\/uploads\/2023\/10\/frc-14846040cdb5212936c5d8d3716ef066-300x175.jpg",300,175,true],"medium_large":["https:\/\/www.laiko.net\/wp-content\/uploads\/2023\/10\/frc-14846040cdb5212936c5d8d3716ef066.jpg",600,350,false],"large":["https:\/\/www.laiko.net\/wp-content\/uploads\/2023\/10\/frc-14846040cdb5212936c5d8d3716ef066.jpg",600,350,false],"1536x1536":["https:\/\/www.laiko.net\/wp-content\/uploads\/2023\/10\/frc-14846040cdb5212936c5d8d3716ef066.jpg",600,350,false],"2048x2048":["https:\/\/www.laiko.net\/wp-content\/uploads\/2023\/10\/frc-14846040cdb5212936c5d8d3716ef066.jpg",600,350,false],"trp-custom-language-flag":["https:\/\/www.laiko.net\/wp-content\/uploads\/2023\/10\/frc-14846040cdb5212936c5d8d3716ef066.jpg",18,12,false],"woocommerce_thumbnail":["https:\/\/www.laiko.net\/wp-content\/uploads\/2023\/10\/frc-14846040cdb5212936c5d8d3716ef066-300x175.jpg",300,175,true],"woocommerce_single":["https:\/\/www.laiko.net\/wp-content\/uploads\/2023\/10\/frc-14846040cdb5212936c5d8d3716ef066.jpg",600,350,false],"woocommerce_gallery_thumbnail":["https:\/\/www.laiko.net\/wp-content\/uploads\/2023\/10\/frc-14846040cdb5212936c5d8d3716ef066-100x100.jpg",100,100,true]},"post_excerpt_stackable":"<p>Honeycomb ceramic as the infrared combustion ceramic plate is made by the high purity cordierite material and used in the gas-fired stove. This product has good thermal shock resistance (no cracks on the product if the honeycomb ceramic with 1000 is in the water with 20 \u00a0for 3 times), high mechanical strength (crushing strength is 20MPa on the top and 5MPa on the side), good endurance for high temperature, high resistance for erosion. If coated with a black catalyst, the honeycomb ceramic can transfer the heat by infrared radiation style and this combustion style has more outstanding advantages comparing to the normal gas-fired stove combustion as below:<\/p>\n","category_list":"","author_info":{"name":"","url":""},"comments_num":"0 comments","_links":{"self":[{"href":"https:\/\/www.laiko.net\/de\/wp-json\/wp\/v2\/product\/3519","targetHints":{"allow":["GET"]}}],"collection":[{"href":"https:\/\/www.laiko.net\/de\/wp-json\/wp\/v2\/product"}],"about":[{"href":"https:\/\/www.laiko.net\/de\/wp-json\/wp\/v2\/types\/product"}],"wp:featuredmedia":[{"embeddable":true,"href":"https:\/\/www.laiko.net\/de\/wp-json\/wp\/v2\/media\/1689"}],"wp:attachment":[{"href":"https:\/\/www.laiko.net\/de\/wp-json\/wp\/v2\/media?parent=3519"}],"wp:term":[{"taxonomy":"product_cat","embeddable":true,"href":"https:\/\/www.laiko.net\/de\/wp-json\/wp\/v2\/product_cat?post=3519"},{"taxonomy":"product_tag","embeddable":true,"href":"https:\/\/www.laiko.net\/de\/wp-json\/wp\/v2\/product_tag?post=3519"}],"curies":[{"name":"wp","href":"https:\/\/api.w.org\/{rel}","templated":true}]}}