{"id":3517,"date":"2023-10-28T14:35:47","date_gmt":"2023-10-28T06:35:47","guid":{"rendered":"http:\/\/www3.laiko.net\/?post_type=product&#038;p=3517"},"modified":"2023-10-31T15:57:56","modified_gmt":"2023-10-31T07:57:56","slug":"ceramic-saddle-packing","status":"publish","type":"product","link":"https:\/\/www.laiko.net\/de\/produkt\/keramik-sattelpackung\/","title":{"rendered":"Keramik-Sattelpackung"},"content":{"rendered":"<h2>Parameter der Keramiksattelpackung<\/h2>\n<div class=\"overflow_x\">\n<table cellspacing=\"0\" cellpadding=\"0\">\n<colgroup>\n<col \/>\n<col \/>\n<col \/>\n<col \/>\n<col \/>\n<col \/>\n<col \/><\/colgroup>\n<tbody>\n<tr class=\"firstRow\">\n<td height=\"16\">Name<\/td>\n<td>Sze<\/td>\n<td>Durchmesser (mm)<\/td>\n<td>Gewicht (kg\/m3)<\/td>\n<td>St\u00fccke(m3)<\/td>\n<td>Oberfl\u00e4che (m2\/m3)<\/td>\n<td>Leere(%)<\/td>\n<\/tr>\n<tr>\n<td rowspan=\"6\" height=\"99\">Keramischer intalox-Sattelring<\/td>\n<td>\u03a613<\/td>\n<td>13*13*2<\/td>\n<td>880<\/td>\n<td align=\"right\">450000<\/td>\n<td align=\"right\">480<\/td>\n<td align=\"right\">65<\/td>\n<\/tr>\n<tr>\n<td>\u03a616<\/td>\n<td>16*12*2<\/td>\n<td>710<\/td>\n<td align=\"right\">382000<\/td>\n<td align=\"right\">450<\/td>\n<td align=\"right\">70<\/td>\n<\/tr>\n<tr>\n<td>\u03a625<\/td>\n<td>25*19*3<\/td>\n<td>680<\/td>\n<td align=\"right\">84000<\/td>\n<td align=\"right\">250<\/td>\n<td align=\"right\">74<\/td>\n<\/tr>\n<tr>\n<td>\u03a638<\/td>\n<td>38*30*4<\/td>\n<td>630<\/td>\n<td align=\"right\">25000<\/td>\n<td align=\"right\">164<\/td>\n<td align=\"right\">75<\/td>\n<\/tr>\n<tr>\n<td>\u03a650<\/td>\n<td>50*40*5<\/td>\n<td>580<\/td>\n<td align=\"right\">9300<\/td>\n<td align=\"right\">142<\/td>\n<td align=\"right\">76<\/td>\n<\/tr>\n<tr>\n<td>\u03a676<\/td>\n<td>76*57*9<\/td>\n<td>520<\/td>\n<td align=\"right\">1800<\/td>\n<td align=\"right\">92<\/td>\n<td align=\"right\">78<\/td>\n<\/tr>\n<\/tbody>\n<\/table>\n<\/div>\n<h2>Vorteile der Keramiksattelpackung<\/h2>\n<ul class=\"list-paddingleft-2\">\n<li>\n<div>Geringer Druckverlust und hoher Wirkungsgrad<\/div>\n<\/li>\n<li>\n<div>Gro\u00dfe effektive Grenzfl\u00e4chenfl\u00e4che<\/div>\n<\/li>\n<li>\n<div>Hohe mechanische Festigkeit<\/div>\n<\/li>\n<li>\n<div>Geringe Kosten<\/div>\n<\/li>\n<\/ul>\n<h2>Keramiksattel Packungsmaterial<\/h2>\n<p>Keramische Sattelpackungen sind eine Art von F\u00fcllk\u00f6rpern, die in Destillations- und Absorptionskolonnen in der chemischen und petrochemischen Industrie verwendet werden. Sie besteht aus kleinen, sattelf\u00f6rmigen Keramikst\u00fccken, die in Schichten \u00fcbereinander angeordnet sind, um eine gro\u00dfe Oberfl\u00e4che f\u00fcr den Kontakt zwischen der Gas- und der Fl\u00fcssigphase zu schaffen.<\/p>\n<p>Keramisches Material bietet mehrere Vorteile gegen\u00fcber anderen Packungsmaterialien, wie Kunststoff oder Metall. So ist die keramische Sattelpackung beispielsweise sehr widerstandsf\u00e4hig gegen Temperaturschocks und Korrosion, so dass sie sich f\u00fcr den Einsatz in Umgebungen mit hohen Temperaturen und aggressiven Chemikalien eignet. Au\u00dferdem erm\u00f6glicht ihre einzigartige Form eine effektive Fl\u00fcssigkeitsverteilung und einen geringen Druckabfall, was zu einer verbesserten Effizienz und Leistung der Kolonne f\u00fchrt.<\/p>\n<p>Keramische Sattelf\u00fcllk\u00f6rper sind in verschiedenen Gr\u00f6\u00dfen und Formen erh\u00e4ltlich, um den unterschiedlichen Kolonnengr\u00f6\u00dfen und Prozessanforderungen gerecht zu werden. Das am h\u00e4ufigsten verwendete keramische Material ist Aluminiumoxid, obwohl auch andere Materialien wie Zirkoniumdioxid und Titandioxid verwendet werden k\u00f6nnen. Die Wahl des Materials h\u00e4ngt von den spezifischen Anforderungen des Prozesses ab, z. B. von der chemischen Best\u00e4ndigkeit und dem Temperaturbereich.<\/p>\n<h2>Keramische S\u00e4ttel Anwendung<\/h2>\n<p>Keramische S\u00e4ttel werden h\u00e4ufig als F\u00fcllmaterial in Destillations- und Absorptionskolonnen in der chemischen und petrochemischen Industrie verwendet. Sie bieten eine gro\u00dfe Oberfl\u00e4che f\u00fcr den Kontakt zwischen der Gas- und der Fl\u00fcssigphase und erm\u00f6glichen so eine effiziente Trennung und Reinigung verschiedener chemischer Verbindungen.<\/p>\n<p>Einige der Anwendungen von Keramiks\u00e4tteln sind:<\/p>\n<p><strong>Destillation von Roh\u00f6l:<\/strong>\u00a0Keramische S\u00e4ttel werden in Roh\u00f6l-Destillationskolonnen verwendet, um verschiedene Fraktionen des Roh\u00f6ls auf der Grundlage ihrer Siedepunkte zu trennen. Die gro\u00dfe Oberfl\u00e4che der S\u00e4ttel erm\u00f6glicht eine effiziente Trennung der verschiedenen Bestandteile des Roh\u00f6ls, wie Benzin, Diesel und Schmiermittel.<\/p>\n<p><strong>Absorption von Gasen:<\/strong>\u00a0Keramische S\u00e4ttel k\u00f6nnen verwendet werden, um Verunreinigungen oder unerw\u00fcnschte Gase aus Gasstr\u00f6men zu entfernen. Der Gasstrom wird durch eine mit Keramiks\u00e4tteln gef\u00fcllte S\u00e4ule geleitet, und die Verunreinigungen werden an der Oberfl\u00e4che der S\u00e4ttel absorbiert.<\/p>\n<p><strong>Chemische Verarbeitung:\u00a0<\/strong>Keramische S\u00e4ttel werden in der chemischen Verarbeitung zum Trennen und Reinigen verschiedener chemischer Verbindungen verwendet. Sie k\u00f6nnen f\u00fcr die R\u00fcckgewinnung von L\u00f6sungsmitteln, die Dehydrierung und die Entfernung von Verunreinigungen aus chemischen Str\u00f6men verwendet werden.<\/p>\n<p><strong>Wasseraufbereitung:\u00a0<\/strong>Keramische S\u00e4ttel k\u00f6nnen in der Wasseraufbereitung eingesetzt werden, um Verunreinigungen und Schadstoffe aus dem Wasser zu entfernen. Sie werden \u00fcblicherweise in Entsalzungsprozessen verwendet, um Salz und andere Mineralien aus Meerwasser zu entfernen.<\/p>\n<p>Insgesamt bieten Keramiks\u00e4ttel eine gro\u00dfe Oberfl\u00e4che, einen geringen Druckabfall und eine ausgezeichnete chemische Best\u00e4ndigkeit, was sie zu einer beliebten Wahl f\u00fcr verschiedene Anwendungen in der chemischen und petrochemischen Industrie macht.<\/p>","protected":false},"excerpt":{"rendered":"<p>Keramische Intalox-Sattelpackungen werden je nach ihren Eigenschaften in zwei verschiedene Produkttypen unterteilt, von denen der eine h\u00e4ufig in der chemischen und petrochemischen Industrie und der andere haupts\u00e4chlich in Umweltbereichen wie RTO-Anlagen (Regenerative Thermal Oxidizers) eingesetzt wird. Beide sind jedoch die am h\u00e4ufigsten verwendeten Hochleistungspackungen und weisen f\u00fcr die meisten Anwendungen Vorteile im Vergleich zu anderen Formen auf. Ihre glatte Oberfl\u00e4che verleiht ihnen eine hohe chemische Best\u00e4ndigkeit und verleiht keramischen Intalox-Sattelringen (Ceramic Intalox Saddle) ein hohes Ma\u00df an Stabilit\u00e4t. Aufgrund ihrer einfachen Form k\u00f6nnen keramische Intalox-Sattelpackungen von Keramiksattelherstellern zu relativ geringen Kosten hergestellt werden.<\/p>","protected":false},"featured_media":2957,"template":"","meta":{"_seopress_robots_primary_cat":"","_monsterinsights_skip_tracking":false,"_monsterinsights_sitenote_active":false,"_monsterinsights_sitenote_note":"","_monsterinsights_sitenote_category":0,"_joinchat":[]},"product_cat":[102,92],"product_tag":[],"class_list":["post-3517","product","type-product","status-publish","has-post-thumbnail","hentry","product_cat-ceramic-tower-packing","product_cat-intalox-saddle"],"featured_image_urls":{"full":["https:\/\/www.laiko.net\/wp-content\/uploads\/2023\/10\/frc-32baeda9b47d5c753b2ec970a8f20c29.jpg",600,350,false],"thumbnail":["https:\/\/www.laiko.net\/wp-content\/uploads\/2023\/10\/frc-32baeda9b47d5c753b2ec970a8f20c29-150x150.jpg",150,150,true],"medium":["https:\/\/www.laiko.net\/wp-content\/uploads\/2023\/10\/frc-32baeda9b47d5c753b2ec970a8f20c29-300x175.jpg",300,175,true],"medium_large":["https:\/\/www.laiko.net\/wp-content\/uploads\/2023\/10\/frc-32baeda9b47d5c753b2ec970a8f20c29.jpg",600,350,false],"large":["https:\/\/www.laiko.net\/wp-content\/uploads\/2023\/10\/frc-32baeda9b47d5c753b2ec970a8f20c29.jpg",600,350,false],"1536x1536":["https:\/\/www.laiko.net\/wp-content\/uploads\/2023\/10\/frc-32baeda9b47d5c753b2ec970a8f20c29.jpg",600,350,false],"2048x2048":["https:\/\/www.laiko.net\/wp-content\/uploads\/2023\/10\/frc-32baeda9b47d5c753b2ec970a8f20c29.jpg",600,350,false],"trp-custom-language-flag":["https:\/\/www.laiko.net\/wp-content\/uploads\/2023\/10\/frc-32baeda9b47d5c753b2ec970a8f20c29.jpg",18,12,false],"woocommerce_thumbnail":["https:\/\/www.laiko.net\/wp-content\/uploads\/2023\/10\/frc-32baeda9b47d5c753b2ec970a8f20c29-300x175.jpg",300,175,true],"woocommerce_single":["https:\/\/www.laiko.net\/wp-content\/uploads\/2023\/10\/frc-32baeda9b47d5c753b2ec970a8f20c29.jpg",600,350,false],"woocommerce_gallery_thumbnail":["https:\/\/www.laiko.net\/wp-content\/uploads\/2023\/10\/frc-32baeda9b47d5c753b2ec970a8f20c29-100x100.jpg",100,100,true]},"post_excerpt_stackable":"<p>Ceramic Intalox Saddle Packing is divided into two different types of products according to their properties, one is often used in the field of Chemical and Petrochemical industries, another is mainly used in environmental areas such as RTO (Regenerative Thermal Oxidizers) equipment. But both of them are the most frequently used high-performance packing and exhibit advantages for most applications in comparison with other shapes. Their smooth surface imparts a high chemical resistance and provides Ceramic Intalox saddle rings (Ceramic Intalox Saddle) with a high level of stability. Due to their simple form, ceramic Intalox Saddle packing can be produced by ceramic saddles manufacturer at a relatively low cost.<\/p>\n","category_list":"","author_info":{"name":"","url":""},"comments_num":"0 comments","_links":{"self":[{"href":"https:\/\/www.laiko.net\/de\/wp-json\/wp\/v2\/product\/3517","targetHints":{"allow":["GET"]}}],"collection":[{"href":"https:\/\/www.laiko.net\/de\/wp-json\/wp\/v2\/product"}],"about":[{"href":"https:\/\/www.laiko.net\/de\/wp-json\/wp\/v2\/types\/product"}],"wp:featuredmedia":[{"embeddable":true,"href":"https:\/\/www.laiko.net\/de\/wp-json\/wp\/v2\/media\/2957"}],"wp:attachment":[{"href":"https:\/\/www.laiko.net\/de\/wp-json\/wp\/v2\/media?parent=3517"}],"wp:term":[{"taxonomy":"product_cat","embeddable":true,"href":"https:\/\/www.laiko.net\/de\/wp-json\/wp\/v2\/product_cat?post=3517"},{"taxonomy":"product_tag","embeddable":true,"href":"https:\/\/www.laiko.net\/de\/wp-json\/wp\/v2\/product_tag?post=3517"}],"curies":[{"name":"wp","href":"https:\/\/api.w.org\/{rel}","templated":true}]}}