{"id":3510,"date":"2023-10-28T14:18:13","date_gmt":"2023-10-28T06:18:13","guid":{"rendered":"http:\/\/www3.laiko.net\/?post_type=product&#038;p=3510"},"modified":"2023-11-10T10:53:03","modified_gmt":"2023-11-10T02:53:03","slug":"liquid-collector-liquid-distributor","status":"publish","type":"product","link":"https:\/\/www.laiko.net\/de\/produkt\/flussigkeitssammler-flussigkeitsverteiler\/","title":{"rendered":"Fl\u00fcssigkeitssammler\/Fl\u00fcssigkeitsverteiler"},"content":{"rendered":"<p><strong>Parameter des Fl\u00fcssigkeitssammlers\/Fl\u00fcssigkeitsverteilers<\/strong><\/p>\n<div class=\"overflow_x\">\n<table cellspacing=\"0\" cellpadding=\"0\">\n<colgroup>\n<col \/>\n<col \/>\n<col \/>\n<col \/>\n<col \/>\n<col \/>\n<col span=\"2\" \/><\/colgroup>\n<tbody>\n<tr class=\"firstRow\">\n<td colspan=\"8\" height=\"16\">Technische Daten<\/td>\n<\/tr>\n<tr>\n<td height=\"36\">ITEM<\/td>\n<td colspan=\"2\">Blendenleiter-Fl\u00fcssigkeitsverteiler<\/td>\n<td>Spr\u00fchd\u00fcse Fl\u00fcssigkeitsverteiler<\/td>\n<td>Blende Fl\u00fcssigkeitsverteiler<\/td>\n<td>Wehrblende Fl\u00fcssigkeitsverteiler<\/td>\n<td>Blendentrog-Fl\u00fcssigkeitsverteiler<\/td>\n<td>Wehrtrog-Fl\u00fcssigkeitsverteiler<\/td>\n<\/tr>\n<tr>\n<td height=\"16\">Antriebskraft<\/td>\n<td colspan=\"2\">Druck<\/td>\n<td>Druck<\/td>\n<td>Schwerkraft<\/td>\n<td>Schwerkraft<\/td>\n<td>Schwerkraft<\/td>\n<td>Schwerkraft<\/td>\n<\/tr>\n<tr>\n<td height=\"16\">Verteilen Sie Kapazit\u00e4t<\/td>\n<td colspan=\"2\">Mitte<\/td>\n<td>Niedrig bis mittel<\/td>\n<td>hoch<\/td>\n<td>hoch<\/td>\n<td>Mitte<\/td>\n<td>Mitte<\/td>\n<\/tr>\n<tr>\n<td height=\"16\">Lastbereich<\/td>\n<td colspan=\"2\">niedrig<\/td>\n<td>niedrig<\/td>\n<td>Mitte<\/td>\n<td>Mitte<\/td>\n<td>Mitte<\/td>\n<td>hoch<\/td>\n<\/tr>\n<tr>\n<td height=\"16\">Fl\u00fcssigkeitslast (m3\/m2.h)<\/td>\n<td colspan=\"2\">0.25~1.5<\/td>\n<td>Breite Palette<\/td>\n<td>Breite Palette<\/td>\n<td>Breite Palette<\/td>\n<td>Breite Palette<\/td>\n<td>Breite Palette<\/td>\n<\/tr>\n<tr>\n<td height=\"16\">Durchmesser (m)<\/td>\n<td colspan=\"2\">&gt; 0.45<\/td>\n<td>zuf\u00e4llig<\/td>\n<td>zuf\u00e4llig normal &lt; 1,2<\/td>\n<td>zuf\u00e4llig normal &lt; 1,2<\/td>\n<td>zuf\u00e4llig<\/td>\n<td>zuf\u00e4llig<\/td>\n<\/tr>\n<tr>\n<td height=\"16\">Resistent gegen Verschmutzung<\/td>\n<td colspan=\"2\">hoch<\/td>\n<td>Niedrig bis mittel<\/td>\n<td>hoch<\/td>\n<td>Mitte<\/td>\n<td>niedrig<\/td>\n<td>niedrig<\/td>\n<\/tr>\n<tr>\n<td height=\"16\">Gasbest\u00e4ndigkeit<\/td>\n<td colspan=\"2\">niedrig<\/td>\n<td>niedrig<\/td>\n<td>hoch<\/td>\n<td>Niedrig bis mittel<\/td>\n<td>hoch<\/td>\n<td>hoch<\/td>\n<\/tr>\n<tr>\n<td height=\"16\">Anforderung an die Ebenheit<\/td>\n<td colspan=\"2\">keine<\/td>\n<td>keine<\/td>\n<td>ja<\/td>\n<td>ja<\/td>\n<td>ja<\/td>\n<td>ja<\/td>\n<\/tr>\n<tr>\n<td height=\"16\">Auswirkungen auf die Korrosion<\/td>\n<td colspan=\"2\">hoch<\/td>\n<td>niedrig<\/td>\n<td>hoch<\/td>\n<td>hoch<\/td>\n<td>niedrig<\/td>\n<td>niedrig<\/td>\n<\/tr>\n<tr>\n<td height=\"16\">Auswirkung auf die Dicke der Fl\u00fcssigkeit<\/td>\n<td colspan=\"2\">keine<\/td>\n<td>keine<\/td>\n<td>ja<\/td>\n<td>ja<\/td>\n<td>ja<\/td>\n<td>ja<\/td>\n<\/tr>\n<tr>\n<td height=\"16\">Mitnahme von Fl\u00fcssigkeiten<\/td>\n<td colspan=\"2\">ja<\/td>\n<td>ja<\/td>\n<td>keine<\/td>\n<td>keine<\/td>\n<td>keine<\/td>\n<td>keine<\/td>\n<\/tr>\n<tr>\n<td height=\"16\">Mitnahme von Fl\u00fcssigkeiten<\/td>\n<td colspan=\"2\">niedrig<\/td>\n<td>niedrig<\/td>\n<td>hoch<\/td>\n<td>Mitte<\/td>\n<td>Mitte<\/td>\n<td>Mitte<\/td>\n<\/tr>\n<\/tbody>\n<\/table>\n<\/div>","protected":false},"excerpt":{"rendered":"<p>Aus verfahrenstechnischer Sicht sind die wichtigsten Kolonneneinbauten die Fl\u00fcssigkeitsverteiler. Ein Fl\u00fcssigkeitsverteiler ist an allen Stellen in der Kolonne erforderlich, an denen ein externer Fl\u00fcssigkeitsstrom zugef\u00fchrt wird. Neben den pAus verfahrenstechnischer Sicht sind die wichtigsten Kolonneneinbauten die Fl\u00fcssigkeitsverteiler. Ein Fl\u00fcssigkeitsverteiler ist an allen Stellen in der Kolonne erforderlich, an denen ein externer Fl\u00fcssigkeitsstrom eingeleitet wird. Der Verteiler muss nicht nur f\u00fcr eine gleichm\u00e4\u00dfige Fl\u00fcssigkeitsverteilung bis zum oberen Ende des F\u00fcllk\u00f6rperbetts sorgen, sondern auch gen\u00fcgend Gasdurchlassfl\u00e4che bieten, um einen hohen Druckabfall oder Fl\u00fcssigkeitsmitriss zu vermeiden. Der Fl\u00fcssigkeitsverteiler sollte ein hohes Turndown-Verh\u00e4ltnis aufweisen und resistent gegen Verschmutzung sein. In der nachstehenden Tabelle sind einige herk\u00f6mmliche Verteiler aufgef\u00fchrt. Um eine gleichm\u00e4\u00dfige Fl\u00fcssigkeitsverteilung an der Oberseite des Sch\u00fcttbettes zu gew\u00e4hrleisten, muss der Verteiler eine ausreichende Gasdurchgangsfl\u00e4che bieten, um einen hohen Druckabfall oder Fl\u00fcssigkeitsmitriss zu vermeiden. Der Fl\u00fcssigkeitsverteiler sollte ein hohes Turndown-Verh\u00e4ltnis aufweisen und resistent gegen Verschmutzung sein. In der nachstehenden Tabelle sind einige konventionelle Verteiler aufgef\u00fchrt.<\/p>","protected":false},"featured_media":4006,"template":"","meta":{"_seopress_robots_primary_cat":"","_monsterinsights_skip_tracking":false,"_monsterinsights_sitenote_active":false,"_monsterinsights_sitenote_note":"","_monsterinsights_sitenote_category":0,"_joinchat":[]},"product_cat":[90],"product_tag":[],"class_list":["post-3510","product","type-product","status-publish","has-post-thumbnail","hentry","product_cat-column-internals"],"featured_image_urls":{"full":["https:\/\/www.laiko.net\/wp-content\/uploads\/2023\/10\/Liquid-Collector.jpg",600,350,false],"thumbnail":["https:\/\/www.laiko.net\/wp-content\/uploads\/2023\/10\/Liquid-Collector-150x150.jpg",150,150,true],"medium":["https:\/\/www.laiko.net\/wp-content\/uploads\/2023\/10\/Liquid-Collector-300x175.jpg",300,175,true],"medium_large":["https:\/\/www.laiko.net\/wp-content\/uploads\/2023\/10\/Liquid-Collector.jpg",600,350,false],"large":["https:\/\/www.laiko.net\/wp-content\/uploads\/2023\/10\/Liquid-Collector.jpg",600,350,false],"1536x1536":["https:\/\/www.laiko.net\/wp-content\/uploads\/2023\/10\/Liquid-Collector.jpg",600,350,false],"2048x2048":["https:\/\/www.laiko.net\/wp-content\/uploads\/2023\/10\/Liquid-Collector.jpg",600,350,false],"trp-custom-language-flag":["https:\/\/www.laiko.net\/wp-content\/uploads\/2023\/10\/Liquid-Collector.jpg",18,12,false],"woocommerce_thumbnail":["https:\/\/www.laiko.net\/wp-content\/uploads\/2023\/10\/Liquid-Collector-300x175.jpg",300,175,true],"woocommerce_single":["https:\/\/www.laiko.net\/wp-content\/uploads\/2023\/10\/Liquid-Collector.jpg",600,350,false],"woocommerce_gallery_thumbnail":["https:\/\/www.laiko.net\/wp-content\/uploads\/2023\/10\/Liquid-Collector-100x100.jpg",100,100,true]},"post_excerpt_stackable":"<p>From a process standpoint, the most important column internals is liquid distributors. A liquid distributor is required at all locations in the column where an external liquid stream is introduced. In addition to pFrom a process standpoint, the most important column internals is liquid distributors. A liquid distributor is required at all locations in the column where an external liquid stream is introduced. In addition to providing a uniform liquid distribution pattern to the top of the packed bed, the distributor must provide sufficient gas passage area to avoid a high-pressure drop or liquid entrainment. The liquid distributor should have a high turndown ratio and be resistant to fouling. The table listed below gives some conventional distributors.roviding a uniform liquid distribution pattern to the top of the packed bed, the distributor must provide sufficient gas passage area to avoid a high-pressure drop or liquid entrainment. The liquid distributor should have a high turndown ratio and be resistant to fouling. The table listed below gives some conventional distributors.<\/p>\n","category_list":"","author_info":{"name":"","url":""},"comments_num":"0 comments","_links":{"self":[{"href":"https:\/\/www.laiko.net\/de\/wp-json\/wp\/v2\/product\/3510","targetHints":{"allow":["GET"]}}],"collection":[{"href":"https:\/\/www.laiko.net\/de\/wp-json\/wp\/v2\/product"}],"about":[{"href":"https:\/\/www.laiko.net\/de\/wp-json\/wp\/v2\/types\/product"}],"wp:featuredmedia":[{"embeddable":true,"href":"https:\/\/www.laiko.net\/de\/wp-json\/wp\/v2\/media\/4006"}],"wp:attachment":[{"href":"https:\/\/www.laiko.net\/de\/wp-json\/wp\/v2\/media?parent=3510"}],"wp:term":[{"taxonomy":"product_cat","embeddable":true,"href":"https:\/\/www.laiko.net\/de\/wp-json\/wp\/v2\/product_cat?post=3510"},{"taxonomy":"product_tag","embeddable":true,"href":"https:\/\/www.laiko.net\/de\/wp-json\/wp\/v2\/product_tag?post=3510"}],"curies":[{"name":"wp","href":"https:\/\/api.w.org\/{rel}","templated":true}]}}