{"id":3509,"date":"2023-10-28T14:29:44","date_gmt":"2023-10-28T06:29:44","guid":{"rendered":"http:\/\/www3.laiko.net\/?post_type=product&#038;p=3509"},"modified":"2023-10-31T16:12:55","modified_gmt":"2023-10-31T08:12:55","slug":"intalox-metal-tower-packing","status":"publish","type":"product","link":"https:\/\/www.laiko.net\/de\/produkt\/intalox-metall-fullkorper\/","title":{"rendered":"Intalox-Metallturm-Verpackung"},"content":{"rendered":"<h2>Parameter der Intalox-Metallturm-Verpackung<\/h2>\n<div class=\"overflow_x\">\n<table cellspacing=\"0\" cellpadding=\"0\">\n<tbody>\n<tr class=\"firstRow\">\n<td valign=\"top\" height=\"33\">\n<div align=\"center\">Typ<\/div>\n<\/td>\n<td valign=\"top\" height=\"33\">\n<div align=\"center\">spezifische Oberfl\u00e4che sind m<sup>2<\/sup>\/m<sup>3<\/sup><\/div>\n<\/td>\n<td valign=\"top\" height=\"33\">\n<div align=\"center\">Leere Volumen<\/div>\n<div align=\"center\">%<\/div>\n<\/td>\n<td valign=\"top\" height=\"33\">\n<div align=\"center\">Haufenweise Gewicht<\/div>\n<div align=\"center\">Kg\/m<sup>3<\/sup><\/div>\n<\/td>\n<td valign=\"top\" height=\"33\">\n<div align=\"center\">Welle<\/div>\n<div align=\"center\">H\u00f6he<\/div>\n<div align=\"center\">mm<\/div>\n<\/td>\n<td valign=\"top\" height=\"33\">\n<div align=\"center\">Theoretische Platte<br \/>\nNummer<br \/>\nm<sup>-1<\/sup><\/div>\n<\/td>\n<td valign=\"top\" height=\"33\">\n<div align=\"center\">\u0394 P<br \/>\nPa\/m<\/div>\n<\/td>\n<td valign=\"top\" height=\"33\">\n<div>Max.F-Faktor<\/div>\n<div>m\/s(kg\/m<sup>3<\/sup>)<sup>0.5<\/sup><\/div>\n<\/td>\n<\/tr>\n<tr>\n<td valign=\"top\" height=\"35\">\n<div align=\"center\">250Y<\/div>\n<\/td>\n<td valign=\"top\" height=\"35\">\n<div align=\"center\">250<\/div>\n<\/td>\n<td valign=\"top\" height=\"35\">\n<div align=\"center\">97<\/div>\n<\/td>\n<td valign=\"top\" height=\"35\">\n<div align=\"center\">85-100<\/div>\n<\/td>\n<td valign=\"top\" height=\"35\">\n<div align=\"center\">12.5<\/div>\n<\/td>\n<td valign=\"top\" height=\"35\">\n<div align=\"center\">2.5-3.0<\/div>\n<\/td>\n<td valign=\"top\" height=\"35\">\n<div align=\"center\">300<\/div>\n<\/td>\n<td valign=\"top\" height=\"35\">\n<div align=\"center\">2.6<\/div>\n<\/td>\n<\/tr>\n<tr>\n<td valign=\"top\" height=\"35\">\n<div align=\"center\">500Y<\/div>\n<\/td>\n<td valign=\"top\" height=\"35\">\n<div align=\"center\">500<\/div>\n<\/td>\n<td valign=\"top\" height=\"35\">\n<div align=\"center\">93<\/div>\n<\/td>\n<td valign=\"top\" height=\"35\">\n<div align=\"center\">170-200<\/div>\n<\/td>\n<td valign=\"top\" height=\"35\">\n<div align=\"center\">6.3<\/div>\n<\/td>\n<td valign=\"top\" height=\"35\">\n<div align=\"center\">3.0-4.0<\/div>\n<\/td>\n<td valign=\"top\" height=\"35\">\n<div align=\"center\">200<\/div>\n<\/td>\n<td valign=\"top\" height=\"35\">\n<div align=\"center\">2.1<\/div>\n<\/td>\n<\/tr>\n<tr>\n<td valign=\"top\" height=\"35\">\n<div align=\"center\">700Y<\/div>\n<\/td>\n<td valign=\"top\" height=\"35\">\n<div align=\"center\">700<\/div>\n<\/td>\n<td valign=\"top\" height=\"35\">\n<div align=\"center\">85<\/div>\n<\/td>\n<td valign=\"top\" height=\"35\">\n<div align=\"center\">240-280<\/div>\n<\/td>\n<td valign=\"top\" height=\"35\">\n<div align=\"center\">4.5<\/div>\n<\/td>\n<td valign=\"top\" height=\"35\">\n<div align=\"center\">5.0-7.0<\/div>\n<\/td>\n<td valign=\"top\" height=\"35\">\n<div align=\"center\">900<\/div>\n<\/td>\n<td valign=\"top\" height=\"35\">\n<div align=\"center\">1.6<\/div>\n<\/td>\n<\/tr>\n<\/tbody>\n<\/table>\n<\/div>\n<h2>Vorteile der Intalox-Metallturm-Verpackung<\/h2>\n<ul class=\"list-paddingleft-2\">\n<li>Geringer Druckverlust und hoher Wirkungsgrad<\/li>\n<li>Gro\u00dfe effektive Grenzfl\u00e4chenfl\u00e4che<\/li>\n<li>Hohe mechanische Festigkeit<\/li>\n<li>Geringe Kosten<\/li>\n<\/ul>\n<h2>Anwendung von Intalox-Metallturmverpackungen<\/h2>\n<ul class=\"list-paddingleft-2\">\n<li>Transfert\u00fcrme mit kleinem und gro\u00dfem Durchmesser<\/li>\n<li>Tiefvakuumt\u00fcrme, bei denen ein niedriger Druckabfall entscheidend ist<\/li>\n<li>Destillation, Absorption usw.<\/li>\n<li>Hochdruckt\u00fcrme, bei denen die Kapazit\u00e4t herk\u00f6mmliche B\u00f6den deutlich \u00fcbersteigt<\/li>\n<\/ul>","protected":false},"excerpt":{"rendered":"<p>Die Wellblechpackung ist mit 70 sehr kleinen L\u00f6chern mit Dornen pro Quadratzentimeter perforiert, dann wird sie auf das Wellblech geschoben und schlie\u00dflich zur Spule montiert. Da die Benetzungsf\u00e4higkeit zunimmt, hat sie immer noch die hervorragende Trennleistung der Drahtnetzpackung, wenn der Fl\u00fcssigkeitsstrom gro\u00df ist.<\/p>","protected":false},"featured_media":3017,"template":"","meta":{"_seopress_robots_primary_cat":"","_monsterinsights_skip_tracking":false,"_monsterinsights_sitenote_active":false,"_monsterinsights_sitenote_note":"","_monsterinsights_sitenote_category":0,"_joinchat":[]},"product_cat":[92,103],"product_tag":[],"class_list":["post-3509","product","type-product","status-publish","has-post-thumbnail","hentry","product_cat-intalox-saddle","product_cat-metal-tower-packing"],"featured_image_urls":{"full":["https:\/\/www.laiko.net\/wp-content\/uploads\/2023\/10\/frc-e70fd8e42263a36741fd6bf530928e7a.jpg",600,350,false],"thumbnail":["https:\/\/www.laiko.net\/wp-content\/uploads\/2023\/10\/frc-e70fd8e42263a36741fd6bf530928e7a-150x150.jpg",150,150,true],"medium":["https:\/\/www.laiko.net\/wp-content\/uploads\/2023\/10\/frc-e70fd8e42263a36741fd6bf530928e7a-300x175.jpg",300,175,true],"medium_large":["https:\/\/www.laiko.net\/wp-content\/uploads\/2023\/10\/frc-e70fd8e42263a36741fd6bf530928e7a.jpg",600,350,false],"large":["https:\/\/www.laiko.net\/wp-content\/uploads\/2023\/10\/frc-e70fd8e42263a36741fd6bf530928e7a.jpg",600,350,false],"1536x1536":["https:\/\/www.laiko.net\/wp-content\/uploads\/2023\/10\/frc-e70fd8e42263a36741fd6bf530928e7a.jpg",600,350,false],"2048x2048":["https:\/\/www.laiko.net\/wp-content\/uploads\/2023\/10\/frc-e70fd8e42263a36741fd6bf530928e7a.jpg",600,350,false],"trp-custom-language-flag":["https:\/\/www.laiko.net\/wp-content\/uploads\/2023\/10\/frc-e70fd8e42263a36741fd6bf530928e7a.jpg",18,12,false],"woocommerce_thumbnail":["https:\/\/www.laiko.net\/wp-content\/uploads\/2023\/10\/frc-e70fd8e42263a36741fd6bf530928e7a-300x175.jpg",300,175,true],"woocommerce_single":["https:\/\/www.laiko.net\/wp-content\/uploads\/2023\/10\/frc-e70fd8e42263a36741fd6bf530928e7a.jpg",600,350,false],"woocommerce_gallery_thumbnail":["https:\/\/www.laiko.net\/wp-content\/uploads\/2023\/10\/frc-e70fd8e42263a36741fd6bf530928e7a-100x100.jpg",100,100,true]},"post_excerpt_stackable":"<p>Metal Protruded Corrugated Sheet Packing is perforated 70 very small holes with thorn per square centimeter, then is pushed to corrugated sheet, finally it is assembled to the coil. Because the wetting ability increases, it still has the excellent separation performance of wire gauze packing when liquid flow is large.<\/p>\n","category_list":"","author_info":{"name":"","url":""},"comments_num":"0 comments","_links":{"self":[{"href":"https:\/\/www.laiko.net\/de\/wp-json\/wp\/v2\/product\/3509","targetHints":{"allow":["GET"]}}],"collection":[{"href":"https:\/\/www.laiko.net\/de\/wp-json\/wp\/v2\/product"}],"about":[{"href":"https:\/\/www.laiko.net\/de\/wp-json\/wp\/v2\/types\/product"}],"wp:featuredmedia":[{"embeddable":true,"href":"https:\/\/www.laiko.net\/de\/wp-json\/wp\/v2\/media\/3017"}],"wp:attachment":[{"href":"https:\/\/www.laiko.net\/de\/wp-json\/wp\/v2\/media?parent=3509"}],"wp:term":[{"taxonomy":"product_cat","embeddable":true,"href":"https:\/\/www.laiko.net\/de\/wp-json\/wp\/v2\/product_cat?post=3509"},{"taxonomy":"product_tag","embeddable":true,"href":"https:\/\/www.laiko.net\/de\/wp-json\/wp\/v2\/product_tag?post=3509"}],"curies":[{"name":"wp","href":"https:\/\/api.w.org\/{rel}","templated":true}]}}