{"id":3507,"date":"2023-10-28T14:07:13","date_gmt":"2023-10-28T06:07:13","guid":{"rendered":"http:\/\/www3.laiko.net\/?post_type=product&#038;p=3507"},"modified":"2023-10-31T16:44:20","modified_gmt":"2023-10-31T08:44:20","slug":"vane-type-demister","status":"publish","type":"product","link":"https:\/\/www.laiko.net\/de\/produkt\/lamellenentlufter\/","title":{"rendered":"Fl\u00fcgelrad-Demister"},"content":{"rendered":"<h2>Parameter des Fl\u00fcgelraddemisters<\/h2>\n<div class=\"overflow_x\">\n<table cellspacing=\"0\" cellpadding=\"0\">\n<colgroup>\n<col \/>\n<col \/>\n<col \/>\n<col \/><\/colgroup>\n<tbody>\n<tr class=\"firstRow\">\n<td height=\"16\">Artikel<\/td>\n<td colspan=\"3\">Spezifische Einf\u00fchrung<\/td>\n<\/tr>\n<tr>\n<td height=\"16\">Werkstoffe f\u00fcr Nebelabscheider mit Fl\u00fcgeln<\/td>\n<td>PP<\/td>\n<td>Rostfreier Stahl<\/td>\n<td>Fiberglas<\/td>\n<\/tr>\n<tr>\n<td height=\"16\">Temperaturbest\u00e4ndigkeit<\/td>\n<td>70-80\u2103<\/td>\n<td align=\"right\">200\u2103<\/td>\n<td>130\u2103<\/td>\n<\/tr>\n<tr>\n<td height=\"16\">Dicke der Prallplatte<\/td>\n<td colspan=\"3\">1-3mm oder kundenspezifisch<\/td>\n<\/tr>\n<tr>\n<td height=\"16\">Intervall zwischen den Prallplatten<\/td>\n<td colspan=\"3\">20mm, 25mm, 30mm oder kundenspezifisch<\/td>\n<\/tr>\n<\/tbody>\n<\/table>\n<\/div>\n<h2>Merkmale von Fl\u00fcgelradentfeuchtern<\/h2>\n<ul class=\"list-paddingleft-2\">\n<li>Maximale Drifterfassung durch effizientes Design<\/li>\n<li>Nicht verstopfend und leicht zu reinigen<\/li>\n<li>Leicht zu handhaben, anzuheben und zu entfernen f\u00fcr Inspektion und Wartung des Wasserverteilungssystems und an der \u00dcbergabefl\u00e4che<\/li>\n<li>Verschachtelte Module zur Gew\u00e4hrleistung einer wasserdichten Naht<\/li>\n<li>Korrosionsbest\u00e4ndigkeit<\/li>\n<li>Perfekte Passform: modellspezifische Gr\u00f6\u00dfenkits<\/li>\n<\/ul>\n<h2>Vorteil des Fl\u00fcgelradentfeuchters<\/h2>\n<p>Hohe Verschlei\u00dffestigkeit und lange Nutzungsdauer.<\/p>","protected":false},"excerpt":{"rendered":"<p>Der Lamellenabscheider wird in der Regel bei verschmutzten oder blockierenden Betriebsbedingungen eingesetzt. Die Schaufeln k\u00f6nnen nach ihrer Geometrie in polygonale und stromlinienf\u00f6rmige unterteilt werden.<\/p>","protected":false},"featured_media":1655,"template":"","meta":{"_seopress_robots_primary_cat":"","_monsterinsights_skip_tracking":false,"_monsterinsights_sitenote_active":false,"_monsterinsights_sitenote_note":"","_monsterinsights_sitenote_category":0,"_joinchat":[]},"product_cat":[90],"product_tag":[],"class_list":["post-3507","product","type-product","status-publish","has-post-thumbnail","hentry","product_cat-column-internals"],"featured_image_urls":{"full":["https:\/\/www.laiko.net\/wp-content\/uploads\/2023\/10\/frc-a786946560dbffe004195f3b006fc054.jpg",600,350,false],"thumbnail":["https:\/\/www.laiko.net\/wp-content\/uploads\/2023\/10\/frc-a786946560dbffe004195f3b006fc054-150x150.jpg",150,150,true],"medium":["https:\/\/www.laiko.net\/wp-content\/uploads\/2023\/10\/frc-a786946560dbffe004195f3b006fc054-300x175.jpg",300,175,true],"medium_large":["https:\/\/www.laiko.net\/wp-content\/uploads\/2023\/10\/frc-a786946560dbffe004195f3b006fc054.jpg",600,350,false],"large":["https:\/\/www.laiko.net\/wp-content\/uploads\/2023\/10\/frc-a786946560dbffe004195f3b006fc054.jpg",600,350,false],"1536x1536":["https:\/\/www.laiko.net\/wp-content\/uploads\/2023\/10\/frc-a786946560dbffe004195f3b006fc054.jpg",600,350,false],"2048x2048":["https:\/\/www.laiko.net\/wp-content\/uploads\/2023\/10\/frc-a786946560dbffe004195f3b006fc054.jpg",600,350,false],"trp-custom-language-flag":["https:\/\/www.laiko.net\/wp-content\/uploads\/2023\/10\/frc-a786946560dbffe004195f3b006fc054.jpg",18,12,false],"woocommerce_thumbnail":["https:\/\/www.laiko.net\/wp-content\/uploads\/2023\/10\/frc-a786946560dbffe004195f3b006fc054-300x175.jpg",300,175,true],"woocommerce_single":["https:\/\/www.laiko.net\/wp-content\/uploads\/2023\/10\/frc-a786946560dbffe004195f3b006fc054.jpg",600,350,false],"woocommerce_gallery_thumbnail":["https:\/\/www.laiko.net\/wp-content\/uploads\/2023\/10\/frc-a786946560dbffe004195f3b006fc054-100x100.jpg",100,100,true]},"post_excerpt_stackable":"<p>Vane Type Mist Eliminator is usually used in dirty or blocking operating condition. The vanes can be divided into polygonal and streamlined by geometry.<\/p>\n","category_list":"","author_info":{"name":"","url":""},"comments_num":"0 comments","_links":{"self":[{"href":"https:\/\/www.laiko.net\/de\/wp-json\/wp\/v2\/product\/3507","targetHints":{"allow":["GET"]}}],"collection":[{"href":"https:\/\/www.laiko.net\/de\/wp-json\/wp\/v2\/product"}],"about":[{"href":"https:\/\/www.laiko.net\/de\/wp-json\/wp\/v2\/types\/product"}],"wp:featuredmedia":[{"embeddable":true,"href":"https:\/\/www.laiko.net\/de\/wp-json\/wp\/v2\/media\/1655"}],"wp:attachment":[{"href":"https:\/\/www.laiko.net\/de\/wp-json\/wp\/v2\/media?parent=3507"}],"wp:term":[{"taxonomy":"product_cat","embeddable":true,"href":"https:\/\/www.laiko.net\/de\/wp-json\/wp\/v2\/product_cat?post=3507"},{"taxonomy":"product_tag","embeddable":true,"href":"https:\/\/www.laiko.net\/de\/wp-json\/wp\/v2\/product_tag?post=3507"}],"curies":[{"name":"wp","href":"https:\/\/api.w.org\/{rel}","templated":true}]}}