{"id":3506,"date":"2023-11-09T14:01:03","date_gmt":"2023-11-09T06:01:03","guid":{"rendered":"http:\/\/www3.laiko.net\/?post_type=product&#038;p=3506"},"modified":"2023-11-10T14:46:02","modified_gmt":"2023-11-10T06:46:02","slug":"pad-demister-mist-eliminator","status":"publish","type":"product","link":"https:\/\/www.laiko.net\/de\/produkt\/pad-demister-nebelabscheider\/","title":{"rendered":"Polsterentfeuchter\/Beschlagbeseitiger"},"content":{"rendered":"<p><strong>Parameter des Pad-Demisters\/Nebelabscheiders<\/strong><\/p>\n<div class=\"overflow_x\">\n<table>\n<colgroup>\n<col \/>\n<col \/>\n<col \/>\n<col \/>\n<col \/>\n<col \/>\n<col \/>\n<col \/><\/colgroup>\n<tbody>\n<tr class=\"firstRow\">\n<td colspan=\"4\" height=\"15\">Netto-Block<\/td>\n<td colspan=\"4\" height=\"15\">Raster<\/td>\n<\/tr>\n<tr>\n<td height=\"15\">Material<\/td>\n<td colspan=\"2\" height=\"15\">Code<\/td>\n<td height=\"15\">Standard NO.<\/td>\n<td height=\"15\">Material<\/td>\n<td height=\"15\">Code<\/td>\n<td colspan=\"2\" height=\"15\">Standard NO.<\/td>\n<\/tr>\n<tr>\n<td height=\"15\">Q235-A<\/td>\n<td colspan=\"2\" height=\"15\">Q235-A<\/td>\n<td height=\"15\">GB434<\/td>\n<td height=\"15\">Q235-A<\/td>\n<td height=\"15\">Q235-A<\/td>\n<td colspan=\"2\" height=\"15\">GB327<\/td>\n<\/tr>\n<tr>\n<td height=\"15\">20<\/td>\n<td colspan=\"2\" height=\"15\">20<\/td>\n<td height=\"15\">BG3206<\/td>\n<td height=\"15\">20<\/td>\n<td height=\"15\">20<\/td>\n<td colspan=\"2\" height=\"15\">GB711<\/td>\n<\/tr>\n<tr>\n<td height=\"15\">0Gr18Ni10Ti<\/td>\n<td colspan=\"2\" height=\"15\">321<\/td>\n<td height=\"15\">0Gr18Ni9<\/td>\n<td height=\"15\">304<\/td>\n<td colspan=\"2\" rowspan=\"5\" height=\"75\">GB423<\/td>\n<td colspan=\"1\" rowspan=\"1\" height=\"75\"><\/td>\n<\/tr>\n<tr>\n<td height=\"15\">0Gr17Ni12Mo2<\/td>\n<td colspan=\"2\" height=\"15\">316<\/td>\n<td height=\"15\">0Gr18Ni10Ti<\/td>\n<td height=\"15\">321<\/td>\n<td height=\"15\"><\/td>\n<\/tr>\n<tr>\n<td height=\"15\">00Gr19Ni11<\/td>\n<td colspan=\"2\" height=\"15\">304L<\/td>\n<td height=\"15\">00Gr17Ni12Mo2<\/td>\n<td height=\"15\">316<\/td>\n<td height=\"15\"><\/td>\n<\/tr>\n<tr>\n<td height=\"15\">00Gr17Ni14Mo2<\/td>\n<td colspan=\"2\" height=\"15\">316L<\/td>\n<td height=\"15\">00Gr17Ni14Mo2<\/td>\n<td height=\"15\">316L<\/td>\n<td height=\"15\"><\/td>\n<\/tr>\n<tr>\n<td height=\"15\">RS-2<\/td>\n<td colspan=\"2\" height=\"15\">RS-2<\/td>\n<td rowspan=\"3\" height=\"45\">Stahlsorten<\/td>\n<td height=\"15\">00Gr17Ni14Mo2<\/td>\n<td height=\"15\">316L<\/td>\n<\/tr>\n<tr>\n<td height=\"15\">NS-8<\/td>\n<td colspan=\"2\" height=\"15\">NS-80<\/td>\n<td colspan=\"4\" rowspan=\"6\" height=\"90\">Nicht-metallische Materialien: PTFE (F6), Polyethylen, Polypropylen, Nylongarn, Glasfaser und PVC und so weiter.<br \/>\nHinweis: Verwenden Sie andere Materialien, die bei der Bestellung den Hinweis tragen.<\/td>\n<\/tr>\n<tr>\n<td height=\"15\">NS-80A<\/td>\n<td colspan=\"2\" height=\"15\">NS-80A<\/td>\n<\/tr>\n<tr>\n<td height=\"15\">Messingdraht<\/td>\n<td colspan=\"2\" height=\"15\">H68, H65<\/td>\n<td height=\"15\">GB310<\/td>\n<\/tr>\n<tr>\n<td height=\"15\">Zinn-Kupfer-Draht<\/td>\n<td colspan=\"2\" height=\"15\">QSn<\/td>\n<td height=\"15\">GB3128<\/td>\n<\/tr>\n<tr>\n<td height=\"15\">Nickel<\/td>\n<td colspan=\"2\" height=\"15\">N4, N6, N7, N8<\/td>\n<td height=\"15\">GB3120<\/td>\n<\/tr>\n<tr>\n<td height=\"15\">Titan und Titanlegierungen<\/td>\n<td colspan=\"2\" height=\"15\">TA2, TA3, TC3, TC4<\/td>\n<td height=\"15\">GB3623<\/td>\n<\/tr>\n<\/tbody>\n<\/table>\n<\/div>\n<h2>Material:<\/h2>\n<p>302, 304, 304 L, 316, 316 L, 317, PP, PVC, CPVC, PVDF, Nylon, FRP, usw...<\/p>\n<h2>Paket:<\/h2>\n<p>Verpackt in Holzkiste oder Karton; oder nach Kundenwunsch<\/p>\n<p><img loading=\"lazy\" decoding=\"async\" title=\"Polsterentfeuchter\/Beschlagbeseitiger\" src=\"https:\/\/laiko.net\/uploads\/image\/20210123\/image.png\" alt=\"Polsterentfeuchter\/Beschlagbeseitiger\" width=\"637\" height=\"234\" border=\"0\" vspace=\"0\" \/><\/p>","protected":false},"excerpt":{"rendered":"<p>Drahtgewebe-Demister, auch bekannt als Drahtgewebe-Nebelabscheider, ist eine Art Dampf-Fl\u00fcssigkeits-Trennvorrichtung. Es ist weit verbreitet in der Chemie-, Erd\u00f6l-, Medizin-, Licht-, Metallurgie- und Umweltschutzindustrie. Es wird am h\u00e4ufigsten verwendet, um Fl\u00fcssigkeitstropfen mit einem Durchmesser von mehr als 3-5 \u03bcm im Abscheideturm abzuscheiden.<\/p>","protected":false},"featured_media":4010,"template":"","meta":{"_seopress_robots_primary_cat":"","_monsterinsights_skip_tracking":false,"_monsterinsights_sitenote_active":false,"_monsterinsights_sitenote_note":"","_monsterinsights_sitenote_category":0,"_joinchat":[]},"product_cat":[90],"product_tag":[],"class_list":["post-3506","product","type-product","status-publish","has-post-thumbnail","hentry","product_cat-column-internals"],"featured_image_urls":{"full":["https:\/\/www.laiko.net\/wp-content\/uploads\/2023\/10\/Pad-Demister-1.jpg",600,350,false],"thumbnail":["https:\/\/www.laiko.net\/wp-content\/uploads\/2023\/10\/Pad-Demister-1-150x150.jpg",150,150,true],"medium":["https:\/\/www.laiko.net\/wp-content\/uploads\/2023\/10\/Pad-Demister-1-300x175.jpg",300,175,true],"medium_large":["https:\/\/www.laiko.net\/wp-content\/uploads\/2023\/10\/Pad-Demister-1.jpg",600,350,false],"large":["https:\/\/www.laiko.net\/wp-content\/uploads\/2023\/10\/Pad-Demister-1.jpg",600,350,false],"1536x1536":["https:\/\/www.laiko.net\/wp-content\/uploads\/2023\/10\/Pad-Demister-1.jpg",600,350,false],"2048x2048":["https:\/\/www.laiko.net\/wp-content\/uploads\/2023\/10\/Pad-Demister-1.jpg",600,350,false],"trp-custom-language-flag":["https:\/\/www.laiko.net\/wp-content\/uploads\/2023\/10\/Pad-Demister-1.jpg",18,12,false],"woocommerce_thumbnail":["https:\/\/www.laiko.net\/wp-content\/uploads\/2023\/10\/Pad-Demister-1-300x175.jpg",300,175,true],"woocommerce_single":["https:\/\/www.laiko.net\/wp-content\/uploads\/2023\/10\/Pad-Demister-1.jpg",600,350,false],"woocommerce_gallery_thumbnail":["https:\/\/www.laiko.net\/wp-content\/uploads\/2023\/10\/Pad-Demister-1-100x100.jpg",100,100,true]},"post_excerpt_stackable":"<p>Wire mesh demister, also known as a wire mesh mist eliminator, is a kind of vapor liquid separating device. It is widely used in the chemical, petroleum, medical, light, metallurgy and environmental protection industries. It is most often used to separate liquid drop with a diameter of more than 3-5 \u03bcm in the separation tower.<\/p>\n","category_list":"","author_info":{"name":"","url":""},"comments_num":"0 comments","_links":{"self":[{"href":"https:\/\/www.laiko.net\/de\/wp-json\/wp\/v2\/product\/3506","targetHints":{"allow":["GET"]}}],"collection":[{"href":"https:\/\/www.laiko.net\/de\/wp-json\/wp\/v2\/product"}],"about":[{"href":"https:\/\/www.laiko.net\/de\/wp-json\/wp\/v2\/types\/product"}],"wp:featuredmedia":[{"embeddable":true,"href":"https:\/\/www.laiko.net\/de\/wp-json\/wp\/v2\/media\/4010"}],"wp:attachment":[{"href":"https:\/\/www.laiko.net\/de\/wp-json\/wp\/v2\/media?parent=3506"}],"wp:term":[{"taxonomy":"product_cat","embeddable":true,"href":"https:\/\/www.laiko.net\/de\/wp-json\/wp\/v2\/product_cat?post=3506"},{"taxonomy":"product_tag","embeddable":true,"href":"https:\/\/www.laiko.net\/de\/wp-json\/wp\/v2\/product_tag?post=3506"}],"curies":[{"name":"wp","href":"https:\/\/api.w.org\/{rel}","templated":true}]}}