{"id":3501,"date":"2023-10-27T17:19:54","date_gmt":"2023-10-27T09:19:54","guid":{"rendered":"http:\/\/www3.laiko.net\/?post_type=product&#038;p=3501"},"modified":"2023-10-31T16:16:38","modified_gmt":"2023-10-31T08:16:38","slug":"metal-cascade-mini-ring","status":"publish","type":"product","link":"https:\/\/www.laiko.net\/de\/produkt\/metallkaskaden-miniring\/","title":{"rendered":"Metall-Kaskaden-Mini-Ring"},"content":{"rendered":"<h2>Parameter des Metallkaskaden-Minirings<\/h2>\n<div class=\"overflow_x\">\n<table cellspacing=\"0\" cellpadding=\"0\">\n<colgroup>\n<col \/>\n<col \/>\n<col \/>\n<col span=\"6\" \/><\/colgroup>\n<tbody>\n<tr class=\"firstRow\">\n<td rowspan=\"2\" height=\"54\">Packungsgr\u00f6\u00dfe<\/td>\n<td colspan=\"2\" rowspan=\"2\">Abmessung mm(OD*ID*THK)<\/td>\n<td>Sch\u00fcttdichte<\/td>\n<td colspan=\"2\">Gro\u00dfe Menge<\/td>\n<td>Spezifischer Bereich<\/td>\n<td>Leere<\/td>\n<td>Faktor<\/td>\n<\/tr>\n<tr>\n<td>kg\/m3<\/td>\n<td colspan=\"2\">St\u00fcck\/m3<\/td>\n<td>m2\/m3<\/td>\n<td>%<\/td>\n<td>m-1<\/td>\n<\/tr>\n<tr>\n<td height=\"19\">0P<\/td>\n<td colspan=\"2\">\u00d817\u00d7\u00d815\u00d7H6\u00d70,3<\/td>\n<td>472<\/td>\n<td colspan=\"2\">530000<\/td>\n<td>427<\/td>\n<td>94<\/td>\n<td>55<\/td>\n<\/tr>\n<tr>\n<td height=\"19\">1P<\/td>\n<td colspan=\"2\">\u00d825\u00d7\u00d822\u00d7H8\u00d70,3<\/td>\n<td>270<\/td>\n<td colspan=\"2\">150000<\/td>\n<td>230<\/td>\n<td>96<\/td>\n<td>40<\/td>\n<\/tr>\n<tr>\n<td height=\"19\">1.5P<\/td>\n<td colspan=\"2\">\u00d834\u00d7\u00d829\u00d7H11\u00d70,3<\/td>\n<td>201<\/td>\n<td colspan=\"2\">60910<\/td>\n<td>198<\/td>\n<td>97<\/td>\n<td>29<\/td>\n<\/tr>\n<tr>\n<td height=\"19\">2P<\/td>\n<td colspan=\"2\">\u00d843\u00d7\u00d838\u00d7H14\u00d70,4<\/td>\n<td>230<\/td>\n<td colspan=\"2\">33170<\/td>\n<td>164<\/td>\n<td>97<\/td>\n<td>22<\/td>\n<\/tr>\n<tr>\n<td height=\"19\">2.5P<\/td>\n<td colspan=\"2\">\u00d851\u00d7\u00d844\u00d7H17\u00d70,4<\/td>\n<td>186<\/td>\n<td colspan=\"2\">17900<\/td>\n<td>127<\/td>\n<td>97<\/td>\n<td>17<\/td>\n<\/tr>\n<tr>\n<td height=\"19\">3P<\/td>\n<td colspan=\"2\">\u00d866\u00d7\u00d857\u00d7H21\u00d70,4<\/td>\n<td>139<\/td>\n<td colspan=\"2\">8800<\/td>\n<td>105<\/td>\n<td>98<\/td>\n<td>14<\/td>\n<\/tr>\n<tr>\n<td height=\"19\">4P<\/td>\n<td colspan=\"2\">\u00d886\u00d7\u00d876\u00d7H29\u00d70,4<\/td>\n<td>143<\/td>\n<td colspan=\"2\">5000<\/td>\n<td>90<\/td>\n<td>98<\/td>\n<td>10<\/td>\n<\/tr>\n<tr>\n<td height=\"19\">5P<\/td>\n<td colspan=\"2\">\u00d8131\u00d7\u00d8118\u00d7H41\u00d70,6<\/td>\n<td>136<\/td>\n<td colspan=\"2\">1480<\/td>\n<td>65<\/td>\n<td>98<\/td>\n<td>7<\/td>\n<\/tr>\n<\/tbody>\n<\/table>\n<\/div>\n<h2>Vorteile des Metallkaskaden-Minirings<\/h2>\n<ul class=\"list-paddingleft-2\">\n<li><strong>Reduzierter Druckabfall<\/strong><\/li>\n<\/ul>\n<p>Der Druckabfall wird dadurch reduziert, dass die gr\u00f6\u00dfte \u00d6ffnung des Cascade Mini Rings \u00fcberwiegend in Richtung des Dampf-\/Fl\u00fcssigkeitsstroms liegt, wodurch der Druckabfall erheblich reduziert werden kann.<\/p>\n<ul class=\"list-paddingleft-2\">\n<li><strong>Erh\u00f6hte Anlagenkapazit\u00e4t<\/strong><\/li>\n<\/ul>\n<p>Die erh\u00f6hte Anlagenkapazit\u00e4t ist das direkte Ergebnis des geringeren Druckabfalls, den die Cascade-Miniringe bewirken, da der Betriebspunkt weiter vom kritischen Druckabfallpunkt entfernt ist, an dem eine \u00dcberflutung auftritt. Dieser Effekt erm\u00f6glicht eine zus\u00e4tzliche Dampf-\/Fl\u00fcssigkeitsbehandlung und erh\u00f6ht somit die Leistungsf\u00e4higkeit der Anlage.<\/p>\n<ul class=\"list-paddingleft-2\">\n<li><strong>Verbesserte Resistenz gegen Verschmutzung<\/strong><\/li>\n<\/ul>\n<p>Eine verbesserte Best\u00e4ndigkeit gegen Verschmutzung ergibt sich aus der gerichteten Positionierung der Ringe (gr\u00f6\u00dfte \u00d6ffnung in Str\u00f6mungsrichtung), da Feststoffe, die in das Sch\u00fcttbett gelangen, leichter durch die Packungsmatrix gesp\u00fclt werden.<\/p>\n<ul class=\"list-paddingleft-2\">\n<li><strong>H\u00f6here betriebliche Effizienz<\/strong><\/li>\n<\/ul>\n<p>Ein h\u00f6herer Wirkungsgrad ergibt sich aus der bevorzugten Ausrichtung, die daf\u00fcr sorgt, dass der gr\u00f6\u00dfte Teil der Ringoberfl\u00e4che vertikal und nicht horizontal angeordnet ist, was auch f\u00fcr den Stoffaustausch vorteilhaft ist. Ein hoher Wirkungsgrad h\u00e4ngt davon ab, dass ein m\u00f6glichst gro\u00dfer Teil der verf\u00fcgbaren Oberfl\u00e4che effektiv benetzt wird.<\/p>","protected":false},"excerpt":{"rendered":"<p>Metallkaskaden-Mini-Ring ist eine neue Art von Loch-Typ Verpackung, das Produkt hat Eigenschaften wie d\u00fcnne Wand, hitzebest\u00e4ndig, hohe freie Volumen, hohe Kapazit\u00e4t, geringer Widerstand, hohe Trennleistung und so weiter.<\/p>","protected":false},"featured_media":2813,"template":"","meta":{"_seopress_robots_primary_cat":"","_monsterinsights_skip_tracking":false,"_monsterinsights_sitenote_active":false,"_monsterinsights_sitenote_note":"","_monsterinsights_sitenote_category":0,"_joinchat":[]},"product_cat":[88,103],"product_tag":[],"class_list":["post-3501","product","type-product","status-publish","has-post-thumbnail","hentry","product_cat-cascade-ring-packing","product_cat-metal-tower-packing"],"featured_image_urls":{"full":["https:\/\/www.laiko.net\/wp-content\/uploads\/2023\/10\/frc-76179148814e745a7c39e57d1b4eee4d.jpg",600,350,false],"thumbnail":["https:\/\/www.laiko.net\/wp-content\/uploads\/2023\/10\/frc-76179148814e745a7c39e57d1b4eee4d-150x150.jpg",150,150,true],"medium":["https:\/\/www.laiko.net\/wp-content\/uploads\/2023\/10\/frc-76179148814e745a7c39e57d1b4eee4d-300x175.jpg",300,175,true],"medium_large":["https:\/\/www.laiko.net\/wp-content\/uploads\/2023\/10\/frc-76179148814e745a7c39e57d1b4eee4d.jpg",600,350,false],"large":["https:\/\/www.laiko.net\/wp-content\/uploads\/2023\/10\/frc-76179148814e745a7c39e57d1b4eee4d.jpg",600,350,false],"1536x1536":["https:\/\/www.laiko.net\/wp-content\/uploads\/2023\/10\/frc-76179148814e745a7c39e57d1b4eee4d.jpg",600,350,false],"2048x2048":["https:\/\/www.laiko.net\/wp-content\/uploads\/2023\/10\/frc-76179148814e745a7c39e57d1b4eee4d.jpg",600,350,false],"trp-custom-language-flag":["https:\/\/www.laiko.net\/wp-content\/uploads\/2023\/10\/frc-76179148814e745a7c39e57d1b4eee4d.jpg",18,12,false],"woocommerce_thumbnail":["https:\/\/www.laiko.net\/wp-content\/uploads\/2023\/10\/frc-76179148814e745a7c39e57d1b4eee4d-300x175.jpg",300,175,true],"woocommerce_single":["https:\/\/www.laiko.net\/wp-content\/uploads\/2023\/10\/frc-76179148814e745a7c39e57d1b4eee4d.jpg",600,350,false],"woocommerce_gallery_thumbnail":["https:\/\/www.laiko.net\/wp-content\/uploads\/2023\/10\/frc-76179148814e745a7c39e57d1b4eee4d-100x100.jpg",100,100,true]},"post_excerpt_stackable":"<p>Metal cascade mini ring is a new type of hole-type packing, the product has features such as thin wall, heat resistant, high free volume, high capacity, low resistance, high separation efficiency and so on.<\/p>\n","category_list":"","author_info":{"name":"","url":""},"comments_num":"0 comments","_links":{"self":[{"href":"https:\/\/www.laiko.net\/de\/wp-json\/wp\/v2\/product\/3501","targetHints":{"allow":["GET"]}}],"collection":[{"href":"https:\/\/www.laiko.net\/de\/wp-json\/wp\/v2\/product"}],"about":[{"href":"https:\/\/www.laiko.net\/de\/wp-json\/wp\/v2\/types\/product"}],"wp:featuredmedia":[{"embeddable":true,"href":"https:\/\/www.laiko.net\/de\/wp-json\/wp\/v2\/media\/2813"}],"wp:attachment":[{"href":"https:\/\/www.laiko.net\/de\/wp-json\/wp\/v2\/media?parent=3501"}],"wp:term":[{"taxonomy":"product_cat","embeddable":true,"href":"https:\/\/www.laiko.net\/de\/wp-json\/wp\/v2\/product_cat?post=3501"},{"taxonomy":"product_tag","embeddable":true,"href":"https:\/\/www.laiko.net\/de\/wp-json\/wp\/v2\/product_tag?post=3501"}],"curies":[{"name":"wp","href":"https:\/\/api.w.org\/{rel}","templated":true}]}}