{"id":3499,"date":"2023-10-27T17:10:55","date_gmt":"2023-10-27T09:10:55","guid":{"rendered":"http:\/\/www3.laiko.net\/?post_type=product&#038;p=3499"},"modified":"2023-11-28T17:00:16","modified_gmt":"2023-11-28T09:00:16","slug":"ceramic-cross-partition-ring","status":"publish","type":"product","link":"https:\/\/www.laiko.net\/de\/produkt\/keramik-kreuzschienenring\/","title":{"rendered":"Keramischer Kreuztrennring"},"content":{"rendered":"<h2>Parameter des keramischen Kreuztrennrings<\/h2>\n<div class=\"overflow_x\">\n<table>\n<tbody>\n<tr class=\"firstRow\">\n<td height=\"33\">Name<\/td>\n<td height=\"33\">Gr\u00f6\u00dfe<\/td>\n<td colspan=\"2\" height=\"33\">Durchmesser (mm)<\/td>\n<td colspan=\"2\" height=\"33\">Gewicht (kg\/m3)<\/td>\n<td height=\"33\">St\u00fccke(m3)<\/td>\n<td height=\"33\">Oberfl\u00e4che (m2\/m3)<\/td>\n<td height=\"33\">Leere(%)<\/td>\n<\/tr>\n<tr>\n<td rowspan=\"5\" height=\"112\">Keramisches Kreuz<br \/>\nTeilungsring<\/td>\n<td height=\"22\">\u00f850<\/td>\n<td colspan=\"2\" height=\"22\">50*40*50*5<\/td>\n<td colspan=\"2\" height=\"22\">600<\/td>\n<td height=\"22\">6400<\/td>\n<td height=\"22\">145<\/td>\n<td height=\"22\">50<\/td>\n<\/tr>\n<tr>\n<td height=\"22\">\u00f880<\/td>\n<td colspan=\"2\" height=\"22\">80*64*80*8<\/td>\n<td colspan=\"2\" height=\"22\">820<\/td>\n<td height=\"22\">1950<\/td>\n<td height=\"22\">120<\/td>\n<td height=\"22\">56<\/td>\n<\/tr>\n<tr>\n<td height=\"22\">\u00f8100<\/td>\n<td colspan=\"2\" height=\"22\">100*80*100*10<\/td>\n<td colspan=\"2\" height=\"22\">850<\/td>\n<td height=\"22\">1,000<\/td>\n<td height=\"22\">110<\/td>\n<td height=\"22\">53<\/td>\n<\/tr>\n<tr>\n<td height=\"22\">\u00f8120<\/td>\n<td colspan=\"2\" height=\"22\">120*96*120*12<\/td>\n<td colspan=\"2\" height=\"22\">860<\/td>\n<td height=\"22\">370<\/td>\n<td height=\"22\">75<\/td>\n<td height=\"22\">55<\/td>\n<\/tr>\n<tr>\n<td height=\"22\">\u00f8150<\/td>\n<td colspan=\"2\" height=\"22\">150*120*150*15<\/td>\n<td colspan=\"2\" height=\"22\">980<\/td>\n<td height=\"22\">295<\/td>\n<td height=\"22\">60<\/td>\n<td height=\"22\">58<\/td>\n<\/tr>\n<\/tbody>\n<\/table>\n<\/div>\n<h2>Vorteile des keramischen Kreuztrennrings<\/h2>\n<ul class=\"list-paddingleft-2\">\n<li>Die\u00a0<a href=\"https:\/\/www.laiko.net\/product-category\/tower-packing-column-packing\/\" target=\"_self\" rel=\"noopener\">keramische F\u00fcllk\u00f6rper<\/a>\u00a0besitzt eine hohe chemische Stabilit\u00e4t<\/li>\n<li>Hohe mechanische Festigkeit<\/li>\n<li>Ausgezeichnete Hitzebest\u00e4ndigkeit<\/li>\n<\/ul>","protected":false},"excerpt":{"rendered":"<div class=\"summary\">\n<p>Der keramische Kreuzpartitionsring ist eine Art von zuf\u00e4lliger Packung, die auf der Grundlage des Raschig-Rings weiter verbessert wurde, indem die Kreuzschindel im Inneren des Rings hinzugef\u00fcgt wurde. Der keramische Kreuzpartitionsring vergr\u00f6\u00dfert die Oberfl\u00e4che des Rings, wodurch die Effizienz des Stoffaustauschs von Dampf und Fl\u00fcssigkeit erheblich verbessert wird.<\/p>\n<p>Im Allgemeinen ist der keramische Querschalungsring aufgrund seiner Gr\u00f6\u00dfe erforderlich, um ihn in der Kolonne ordentlich zu stapeln. Gegenw\u00e4rtig werden keramische Trennwandringe, die zwischen \u03a680-\u03a6150mm gro\u00df sind, als Tr\u00e4germaterial f\u00fcr eine andere zuf\u00e4llige Packung am Boden der Kolonne verwendet, deren Akkumulationsleerraum \u00fcber 60% liegt.<\/p>\n<p>Aufgrund ihrer hohen mechanischen Festigkeit, ihrer hohen chemischen Stabilit\u00e4t und ihrer ausgezeichneten W\u00e4rmebest\u00e4ndigkeit sind Keramik-Kreuzschienenringe best\u00e4ndig gegen hohe Temperaturen, S\u00e4uren (au\u00dfer HF), Laugen, Salze und verschiedene organische L\u00f6sungsmittel. Keramische Cross Partition Rings sind weit verbreitet in verschiedenen Packung T\u00fcrme der Trocknung, Absorption, K\u00fchlung, Waschen und Regeneration in der Industrie der Petrochemie, Chemie, Metallurgie, Gas und Sauerstoff Generation.<\/p>\n<\/div>\n<p>&nbsp;<\/p>","protected":false},"featured_media":2751,"template":"","meta":{"_seopress_robots_primary_cat":"none","_monsterinsights_skip_tracking":false,"_monsterinsights_sitenote_active":false,"_monsterinsights_sitenote_note":"","_monsterinsights_sitenote_category":0,"_joinchat":[]},"product_cat":[102,87],"product_tag":[],"class_list":["post-3499","product","type-product","status-publish","has-post-thumbnail","hentry","product_cat-ceramic-tower-packing","product_cat-cross-partition-ring"],"featured_image_urls":{"full":["https:\/\/www.laiko.net\/wp-content\/uploads\/2023\/10\/frc-81324078d310bc8973da68a6945b1a0e.jpg",600,350,false],"thumbnail":["https:\/\/www.laiko.net\/wp-content\/uploads\/2023\/10\/frc-81324078d310bc8973da68a6945b1a0e-150x150.jpg",150,150,true],"medium":["https:\/\/www.laiko.net\/wp-content\/uploads\/2023\/10\/frc-81324078d310bc8973da68a6945b1a0e-300x175.jpg",300,175,true],"medium_large":["https:\/\/www.laiko.net\/wp-content\/uploads\/2023\/10\/frc-81324078d310bc8973da68a6945b1a0e.jpg",600,350,false],"large":["https:\/\/www.laiko.net\/wp-content\/uploads\/2023\/10\/frc-81324078d310bc8973da68a6945b1a0e.jpg",600,350,false],"1536x1536":["https:\/\/www.laiko.net\/wp-content\/uploads\/2023\/10\/frc-81324078d310bc8973da68a6945b1a0e.jpg",600,350,false],"2048x2048":["https:\/\/www.laiko.net\/wp-content\/uploads\/2023\/10\/frc-81324078d310bc8973da68a6945b1a0e.jpg",600,350,false],"trp-custom-language-flag":["https:\/\/www.laiko.net\/wp-content\/uploads\/2023\/10\/frc-81324078d310bc8973da68a6945b1a0e.jpg",18,12,false],"woocommerce_thumbnail":["https:\/\/www.laiko.net\/wp-content\/uploads\/2023\/10\/frc-81324078d310bc8973da68a6945b1a0e-300x175.jpg",300,175,true],"woocommerce_single":["https:\/\/www.laiko.net\/wp-content\/uploads\/2023\/10\/frc-81324078d310bc8973da68a6945b1a0e.jpg",600,350,false],"woocommerce_gallery_thumbnail":["https:\/\/www.laiko.net\/wp-content\/uploads\/2023\/10\/frc-81324078d310bc8973da68a6945b1a0e-100x100.jpg",100,100,true]},"post_excerpt_stackable":"<div class=\"summary\">\n<p>Ceramic Cross Partition Ring is a kind of random packing further improved on the basis of Raschig Ring, adding the cross clapboard inside the ring. Ceramic Cross Partition Ring increases the ring&#8217;s surface area, improving significantly the mass transfer efficiency of vapour and liquid.<\/p>\n<p>Generally, Ceramic cross partition ring is required to stack orderly in the column due to its big size. Currently, ceramic cross partition rings, size between \u03a680-\u03a6150mm, are used as the support material of another random packing at the bottom of column, which accumulation voidage is over 60%.<\/p>\n<p>With the characters of high mechanical strength, high chemical stability, and excellent heat endurance, Ceramic Cross Partition Ring can resist high temperature, acid (except HF), alkali, salt and various organic solvents. Ceramic Cross Partition Ring&#8217;s widely applied in various packing towers of desiccation, absorption, cooling, washing, and regeneration in industries of petrochemical, chemical, metallurgy, gas and oxygen generation.<\/p>\n<\/div>\n<p>&nbsp;<\/p>\n","category_list":"","author_info":{"name":"","url":""},"comments_num":"0 comments","_links":{"self":[{"href":"https:\/\/www.laiko.net\/de\/wp-json\/wp\/v2\/product\/3499","targetHints":{"allow":["GET"]}}],"collection":[{"href":"https:\/\/www.laiko.net\/de\/wp-json\/wp\/v2\/product"}],"about":[{"href":"https:\/\/www.laiko.net\/de\/wp-json\/wp\/v2\/types\/product"}],"wp:featuredmedia":[{"embeddable":true,"href":"https:\/\/www.laiko.net\/de\/wp-json\/wp\/v2\/media\/2751"}],"wp:attachment":[{"href":"https:\/\/www.laiko.net\/de\/wp-json\/wp\/v2\/media?parent=3499"}],"wp:term":[{"taxonomy":"product_cat","embeddable":true,"href":"https:\/\/www.laiko.net\/de\/wp-json\/wp\/v2\/product_cat?post=3499"},{"taxonomy":"product_tag","embeddable":true,"href":"https:\/\/www.laiko.net\/de\/wp-json\/wp\/v2\/product_tag?post=3499"}],"curies":[{"name":"wp","href":"https:\/\/api.w.org\/{rel}","templated":true}]}}