{"id":3487,"date":"2023-10-27T16:49:41","date_gmt":"2023-10-27T08:49:41","guid":{"rendered":"http:\/\/www3.laiko.net\/?post_type=product&#038;p=3487"},"modified":"2023-10-31T16:16:56","modified_gmt":"2023-10-31T08:16:56","slug":"metal-raschig-ring","status":"publish","type":"product","link":"https:\/\/www.laiko.net\/de\/produkt\/metall-raschig-ring\/","title":{"rendered":"Metall Raschig Ring"},"content":{"rendered":"<h2>Parameter des Metall-Raschig-Rings<\/h2>\n<div class=\"overflow_x\">\n<table>\n<tbody>\n<tr class=\"firstRow\">\n<td rowspan=\"2\" height=\"38\">Name<\/td>\n<td height=\"24\">Normal<\/td>\n<td colspan=\"2\" height=\"24\">Durchmesser*H\u00f6he*<br \/>\nDicke<\/td>\n<td height=\"24\">Fl\u00e4che<\/td>\n<td height=\"24\">Leerer Raum<\/td>\n<td height=\"24\">Sch\u00fcttdichte<\/td>\n<td height=\"24\">Nein.Elemente<\/td>\n<\/tr>\n<tr>\n<td height=\"14\">mm<\/td>\n<td colspan=\"2\" height=\"14\">mm<\/td>\n<td height=\"14\">m2\/m3<\/td>\n<td height=\"14\">%<\/td>\n<td height=\"14\">kg\/m3<\/td>\n<td height=\"14\">pro\/m3<\/td>\n<\/tr>\n<tr>\n<td rowspan=\"8\" height=\"114\">Metall<br \/>\nRaschig-Ring<\/td>\n<td height=\"14\">\u00f810<\/td>\n<td colspan=\"2\" height=\"14\">10*10*0.3<\/td>\n<td height=\"14\">500<\/td>\n<td height=\"14\">75<\/td>\n<td height=\"14\">571<\/td>\n<td height=\"14\">768000<\/td>\n<\/tr>\n<tr>\n<td height=\"14\">\u00f812.7<\/td>\n<td colspan=\"2\" height=\"14\">12.7*12.7*0.3<\/td>\n<td height=\"14\">400<\/td>\n<td height=\"14\">80<\/td>\n<td height=\"14\">490<\/td>\n<td height=\"14\">410000<\/td>\n<\/tr>\n<tr>\n<td height=\"14\">\u00f816<\/td>\n<td colspan=\"2\" height=\"14\">16*16*0.3(0.4)<\/td>\n<td height=\"14\">350<\/td>\n<td height=\"14\">86<\/td>\n<td height=\"14\">408(543)<\/td>\n<td height=\"14\">214000<\/td>\n<\/tr>\n<tr>\n<td height=\"14\">\u00f825<\/td>\n<td colspan=\"2\" height=\"14\">25*25*0.5(0.6)<\/td>\n<td height=\"14\">220<\/td>\n<td height=\"14\">88<\/td>\n<td height=\"14\">403(483)<\/td>\n<td height=\"14\">52000<\/td>\n<\/tr>\n<tr>\n<td height=\"14\">\u00f838<\/td>\n<td colspan=\"2\" height=\"14\">38*38*0.6(0.8)<\/td>\n<td height=\"14\">150<\/td>\n<td height=\"14\">90<\/td>\n<td height=\"14\">326(435)<\/td>\n<td height=\"14\">15200<\/td>\n<\/tr>\n<tr>\n<td height=\"14\">\u00f850<\/td>\n<td colspan=\"2\" height=\"14\">50*50*0.8(1.0)<\/td>\n<td height=\"14\">110<\/td>\n<td height=\"14\">92<\/td>\n<td height=\"14\">322(403)<\/td>\n<td height=\"14\">6500<\/td>\n<\/tr>\n<tr>\n<td height=\"14\">\u00f876<\/td>\n<td colspan=\"2\" height=\"14\">76*76*1.0(1.2)<\/td>\n<td height=\"14\">68<\/td>\n<td height=\"14\">95<\/td>\n<td height=\"14\">262(314)<\/td>\n<td height=\"14\">1830<\/td>\n<\/tr>\n<tr>\n<td height=\"14\">\u00f889<\/td>\n<td colspan=\"2\" height=\"14\">89*89*1.2(1.5)<\/td>\n<td height=\"14\">58<\/td>\n<td height=\"14\">97<\/td>\n<td height=\"14\">283(353)<\/td>\n<td height=\"14\">1200<\/td>\n<\/tr>\n<\/tbody>\n<\/table>\n<\/div>\n<h2>Vorteil des Metall-Raschig-Rings<\/h2>\n<ul class=\"list-paddingleft-2\">\n<li>Hohe Abscheideleistung<\/li>\n<li>Hohe Kapazit\u00e4t und geringer Druckabfall<\/li>\n<li>Hohe Trennwirkung, k\u00e4lte- und hitzebest\u00e4ndig<\/li>\n<li>Hohe Haltbarkeit und Langlebigkeit<\/li>\n<\/ul>\n<h2>Anwendung des Metall-Raschig-Rings<\/h2>\n<ul class=\"list-paddingleft-2\">\n<li>Petrochemische Anwendungen Destillation und Extraktion<\/li>\n<li>Absorption in Gasaufbereitungs-, Verbrennungsanlagen und Kolonnen<\/li>\n<li>Dampfstrippen und Desorption in der Wasseraufbereitung<\/li>\n<li>Kondensation<\/li>\n<\/ul>\n<h2><\/h2>","protected":false},"excerpt":{"rendered":"<p>Der Metall-Raschig-Ring (MCR) hat sich als eine gute F\u00fcllk\u00f6rperart f\u00fcr eine breite Palette von Stoffaustauschanwendungen erwiesen. Er bietet eine der gr\u00f6\u00dften Oberfl\u00e4chen unter den F\u00fcllk\u00f6rpern und kann schwere Belastungen, Prozessst\u00f6rungen und Temperaturschocks bew\u00e4ltigen. NAIKE kann Metall-Raschig-Ringe in verschiedenen Gr\u00f6\u00dfen und Materialien entsprechend Ihrer spezifischen Trennanwendungen anbieten.<\/p>","protected":false},"featured_media":2695,"template":"","meta":{"_seopress_robots_primary_cat":"","_monsterinsights_skip_tracking":false,"_monsterinsights_sitenote_active":false,"_monsterinsights_sitenote_note":"","_monsterinsights_sitenote_category":0,"_joinchat":[]},"product_cat":[103,86],"product_tag":[],"class_list":["post-3487","product","type-product","status-publish","has-post-thumbnail","hentry","product_cat-metal-tower-packing","product_cat-raschig-ring"],"featured_image_urls":{"full":["https:\/\/www.laiko.net\/wp-content\/uploads\/2023\/10\/frc-a6d274424c4729c803d28ece0e7966cd.jpg",600,350,false],"thumbnail":["https:\/\/www.laiko.net\/wp-content\/uploads\/2023\/10\/frc-a6d274424c4729c803d28ece0e7966cd-150x150.jpg",150,150,true],"medium":["https:\/\/www.laiko.net\/wp-content\/uploads\/2023\/10\/frc-a6d274424c4729c803d28ece0e7966cd-300x175.jpg",300,175,true],"medium_large":["https:\/\/www.laiko.net\/wp-content\/uploads\/2023\/10\/frc-a6d274424c4729c803d28ece0e7966cd.jpg",600,350,false],"large":["https:\/\/www.laiko.net\/wp-content\/uploads\/2023\/10\/frc-a6d274424c4729c803d28ece0e7966cd.jpg",600,350,false],"1536x1536":["https:\/\/www.laiko.net\/wp-content\/uploads\/2023\/10\/frc-a6d274424c4729c803d28ece0e7966cd.jpg",600,350,false],"2048x2048":["https:\/\/www.laiko.net\/wp-content\/uploads\/2023\/10\/frc-a6d274424c4729c803d28ece0e7966cd.jpg",600,350,false],"trp-custom-language-flag":["https:\/\/www.laiko.net\/wp-content\/uploads\/2023\/10\/frc-a6d274424c4729c803d28ece0e7966cd.jpg",18,12,false],"woocommerce_thumbnail":["https:\/\/www.laiko.net\/wp-content\/uploads\/2023\/10\/frc-a6d274424c4729c803d28ece0e7966cd-300x175.jpg",300,175,true],"woocommerce_single":["https:\/\/www.laiko.net\/wp-content\/uploads\/2023\/10\/frc-a6d274424c4729c803d28ece0e7966cd.jpg",600,350,false],"woocommerce_gallery_thumbnail":["https:\/\/www.laiko.net\/wp-content\/uploads\/2023\/10\/frc-a6d274424c4729c803d28ece0e7966cd-100x100.jpg",100,100,true]},"post_excerpt_stackable":"<p>Metal Raschig Ring (MCR) is proved to be a kind of good tower packing a wide range of mass transfer applications. It provides one of those largest surface areas among tower packing options and handles heavy loading, process upsets and temperature shocks. NAIKE can offer metal raschig rings of different sizes and materials according to your specific separation applications.<\/p>\n","category_list":"","author_info":{"name":"","url":""},"comments_num":"0 comments","_links":{"self":[{"href":"https:\/\/www.laiko.net\/de\/wp-json\/wp\/v2\/product\/3487","targetHints":{"allow":["GET"]}}],"collection":[{"href":"https:\/\/www.laiko.net\/de\/wp-json\/wp\/v2\/product"}],"about":[{"href":"https:\/\/www.laiko.net\/de\/wp-json\/wp\/v2\/types\/product"}],"wp:featuredmedia":[{"embeddable":true,"href":"https:\/\/www.laiko.net\/de\/wp-json\/wp\/v2\/media\/2695"}],"wp:attachment":[{"href":"https:\/\/www.laiko.net\/de\/wp-json\/wp\/v2\/media?parent=3487"}],"wp:term":[{"taxonomy":"product_cat","embeddable":true,"href":"https:\/\/www.laiko.net\/de\/wp-json\/wp\/v2\/product_cat?post=3487"},{"taxonomy":"product_tag","embeddable":true,"href":"https:\/\/www.laiko.net\/de\/wp-json\/wp\/v2\/product_tag?post=3487"}],"curies":[{"name":"wp","href":"https:\/\/api.w.org\/{rel}","templated":true}]}}