{"id":3480,"date":"2023-10-27T16:21:42","date_gmt":"2023-10-27T08:21:42","guid":{"rendered":"http:\/\/www3.laiko.net\/?post_type=product&#038;p=3480"},"modified":"2023-11-29T11:07:40","modified_gmt":"2023-11-29T03:07:40","slug":"ceramic-pall-ring","status":"publish","type":"product","link":"https:\/\/www.laiko.net\/de\/produkt\/keramik-bahrtuchring\/","title":{"rendered":"Keramischer Pall-Ring"},"content":{"rendered":"<h2>Parameter von Ceramic Pall Ring<\/h2>\n<div class=\"overflow_x\">\n<table cellspacing=\"0\" cellpadding=\"0\">\n<colgroup>\n<col \/>\n<col \/>\n<col \/>\n<col span=\"4\" \/>\n<col \/>\n<col \/><\/colgroup>\n<tbody>\n<tr class=\"firstRow\">\n<td height=\"36\">Name<\/td>\n<td>Gr\u00f6\u00dfe<\/td>\n<td colspan=\"2\">Durchmesser (mm)<\/td>\n<td colspan=\"2\">Gewicht (kg\/m3)<\/td>\n<td>St\u00fccke(m3)<\/td>\n<td>Oberfl\u00e4che (m2\/m3)<\/td>\n<td>Leere(%)<\/td>\n<\/tr>\n<tr>\n<td rowspan=\"4\" height=\"80\">Keramischer Pall-Ring<\/td>\n<td>\u00f825<\/td>\n<td colspan=\"2\">25*25*3<\/td>\n<td colspan=\"2\">630<\/td>\n<td>36000<\/td>\n<td>210<\/td>\n<td>73<\/td>\n<\/tr>\n<tr>\n<td>\u00f838<\/td>\n<td colspan=\"2\">38*38*4<\/td>\n<td colspan=\"2\">590<\/td>\n<td>12000<\/td>\n<td>140<\/td>\n<td>75<\/td>\n<\/tr>\n<tr>\n<td>\u00f850<\/td>\n<td colspan=\"2\">50*50*5<\/td>\n<td colspan=\"2\">520<\/td>\n<td>4,900<\/td>\n<td>100<\/td>\n<td>78<\/td>\n<\/tr>\n<tr>\n<td>\u00f876<\/td>\n<td colspan=\"2\">76*76*9<\/td>\n<td colspan=\"2\">470<\/td>\n<td>1,500<\/td>\n<td>70<\/td>\n<td>80<\/td>\n<\/tr>\n<\/tbody>\n<\/table>\n<\/div>\n<h2>Vorteile von Ceramic Pall Ring<\/h2>\n<ul class=\"list-paddingleft-2\">\n<li>Diese\u00a0<a href=\"https:\/\/www.laiko.net\/products\/pall-ring\/\" target=\"_self\" rel=\"noopener\">Kugeldruckringpackung<\/a>\u00a0geeignet f\u00fcr Anwendungen mit geringem Druckabfall und hoher Kapazit\u00e4t<\/li>\n<li>Eine Reihe von Gr\u00f6\u00dfen erm\u00f6glicht den Betrieb des Turms mit optimaler Effizienz und Durchsatzleistung<\/li>\n<li>Der hohe Grad der Zuf\u00e4lligkeit<\/li>\n<li>Das gleichbleibende Verh\u00e4ltnis von freien und blockierten Durchg\u00e4ngen, unabh\u00e4ngig von der Ausrichtung<\/li>\n<li>ein gro\u00dfes Verh\u00e4ltnis von Oberfl\u00e4che zu Volumen erh\u00f6ht die Geschwindigkeit der Oberfl\u00e4chenerneuerung des Fl\u00fcssigkeitsfilms und verbessert den Stoffaustausch<\/li>\n<\/ul>\n<p>Die\u00a0<a href=\"https:\/\/www.laiko.net\/product-category\/tower-packing-column-packing\/random-packing\/\" target=\"_self\" rel=\"noopener\">zuf\u00e4llige Turmpackung<\/a>\u00a0wurde beabsichtigt, dass Pall Ring kann in fast allen Arten von Trennung, konstante Dekompressionen, absorbieren Pflanzen, Compounding Ammoniak Anlage, Entschwefelung, Entkohlung, Trennung von Isooctan \/ Methylbenzol, Trennung von Ethylbenzol, Bel\u00fcftung, Absorption, Desorption, Entgasung, Strippen Aktion, Extraktion, W\u00e4rmer\u00fcckgewinnung, und atmosph\u00e4rischen Druck s Trennung und Absorption, ist es, wenn der Eigent\u00fcmer Druckabfall geschieht auf einem kritischen Niveau.<\/p>\n<p>Dar\u00fcber hinaus wird er auch f\u00fcr Abschreckt\u00fcrme, Direktkontaktk\u00fchlung, Dampfstrippen, Reaktionskolonnen, Destillationskolonnen und F\u00fcllk\u00f6rper verwendet. Der Pall-Ring wurde in verschiedenen Gr\u00f6\u00dfen entwickelt, um seine Leistungsf\u00e4higkeit und Effizienz f\u00fcr verschiedene Anwendungsanforderungen zu optimieren.<\/p>\n<p>Naike ist eine\u00a0<a href=\"https:\/\/www.laiko.net\/product-category\/tower-packing-column-packing\/\" target=\"_self\" rel=\"noopener\">Hersteller von F\u00fcllk\u00f6rpern<\/a>\u00a0die zuverl\u00e4ssige keramische Pallringe anbietet. Wenn Sie mehr wissen wollen, kontaktieren Sie uns bitte!<\/p>","protected":false},"excerpt":{"rendered":"<p>Der keramische Pall-Ring ist eine auf der Grundlage des Raschig-Rings weiterentwickelte Art der zuf\u00e4lligen Packung mit zwei Schichten von Fenstern, die entlang der Rohrwand ge\u00f6ffnet sind.<\/p>","protected":false},"featured_media":2638,"template":"","meta":{"_seopress_robots_primary_cat":"none","_monsterinsights_skip_tracking":false,"_monsterinsights_sitenote_active":false,"_monsterinsights_sitenote_note":"","_monsterinsights_sitenote_category":0,"_joinchat":[]},"product_cat":[102,85],"product_tag":[],"class_list":["post-3480","product","type-product","status-publish","has-post-thumbnail","hentry","product_cat-ceramic-tower-packing","product_cat-pall-ring"],"featured_image_urls":{"full":["https:\/\/www.laiko.net\/wp-content\/uploads\/2023\/10\/frc-e00d0944837eace58e174b532cb0c68d.jpg",600,350,false],"thumbnail":["https:\/\/www.laiko.net\/wp-content\/uploads\/2023\/10\/frc-e00d0944837eace58e174b532cb0c68d-150x150.jpg",150,150,true],"medium":["https:\/\/www.laiko.net\/wp-content\/uploads\/2023\/10\/frc-e00d0944837eace58e174b532cb0c68d-300x175.jpg",300,175,true],"medium_large":["https:\/\/www.laiko.net\/wp-content\/uploads\/2023\/10\/frc-e00d0944837eace58e174b532cb0c68d.jpg",600,350,false],"large":["https:\/\/www.laiko.net\/wp-content\/uploads\/2023\/10\/frc-e00d0944837eace58e174b532cb0c68d.jpg",600,350,false],"1536x1536":["https:\/\/www.laiko.net\/wp-content\/uploads\/2023\/10\/frc-e00d0944837eace58e174b532cb0c68d.jpg",600,350,false],"2048x2048":["https:\/\/www.laiko.net\/wp-content\/uploads\/2023\/10\/frc-e00d0944837eace58e174b532cb0c68d.jpg",600,350,false],"trp-custom-language-flag":["https:\/\/www.laiko.net\/wp-content\/uploads\/2023\/10\/frc-e00d0944837eace58e174b532cb0c68d.jpg",18,12,false],"woocommerce_thumbnail":["https:\/\/www.laiko.net\/wp-content\/uploads\/2023\/10\/frc-e00d0944837eace58e174b532cb0c68d-300x175.jpg",300,175,true],"woocommerce_single":["https:\/\/www.laiko.net\/wp-content\/uploads\/2023\/10\/frc-e00d0944837eace58e174b532cb0c68d.jpg",600,350,false],"woocommerce_gallery_thumbnail":["https:\/\/www.laiko.net\/wp-content\/uploads\/2023\/10\/frc-e00d0944837eace58e174b532cb0c68d-100x100.jpg",100,100,true]},"post_excerpt_stackable":"<p>Ceramic Pall Ring is a kind of random packing further developed based on Raschig Ring, with two layers of windows opened along its tube wall.<\/p>\n","category_list":"","author_info":{"name":"","url":""},"comments_num":"0 comments","_links":{"self":[{"href":"https:\/\/www.laiko.net\/de\/wp-json\/wp\/v2\/product\/3480","targetHints":{"allow":["GET"]}}],"collection":[{"href":"https:\/\/www.laiko.net\/de\/wp-json\/wp\/v2\/product"}],"about":[{"href":"https:\/\/www.laiko.net\/de\/wp-json\/wp\/v2\/types\/product"}],"wp:featuredmedia":[{"embeddable":true,"href":"https:\/\/www.laiko.net\/de\/wp-json\/wp\/v2\/media\/2638"}],"wp:attachment":[{"href":"https:\/\/www.laiko.net\/de\/wp-json\/wp\/v2\/media?parent=3480"}],"wp:term":[{"taxonomy":"product_cat","embeddable":true,"href":"https:\/\/www.laiko.net\/de\/wp-json\/wp\/v2\/product_cat?post=3480"},{"taxonomy":"product_tag","embeddable":true,"href":"https:\/\/www.laiko.net\/de\/wp-json\/wp\/v2\/product_tag?post=3480"}],"curies":[{"name":"wp","href":"https:\/\/api.w.org\/{rel}","templated":true}]}}