{"id":3477,"date":"2023-10-27T15:45:27","date_gmt":"2023-10-27T07:45:27","guid":{"rendered":"http:\/\/www3.laiko.net\/?post_type=product&#038;p=3477"},"modified":"2023-10-27T15:45:27","modified_gmt":"2023-10-27T07:45:27","slug":"fenske-spiral","status":"publish","type":"product","link":"https:\/\/www.laiko.net\/de\/produkt\/fenske-spirale\/","title":{"rendered":"Fenske-Spirale"},"content":{"rendered":"<p><strong>Parameter der Fenske-Spiralpackung<\/strong><\/p>\n<div class=\"overflow_x\">\n<table cellspacing=\"0\">\n<tbody>\n<tr class=\"firstRow\">\n<td valign=\"top\">Spezifikationen (mm)<\/td>\n<td valign=\"top\">Durchmesser des Turms (mm\uff09)<\/td>\n<td valign=\"top\">Packungsdichte (kg\/m3)<\/td>\n<td valign=\"top\">System<\/td>\n<td valign=\"top\">Druck<\/td>\n<\/tr>\n<tr>\n<td valign=\"top\">\u03981.75*1.75<\/td>\n<td valign=\"top\">50<\/td>\n<td valign=\"top\">60-70<\/td>\n<td valign=\"top\">Benzol\u3001Tetrachlorid<\/td>\n<td valign=\"top\">Normaldruck<\/td>\n<\/tr>\n<tr>\n<td valign=\"top\">\u03983*3<\/td>\n<td valign=\"top\">18<\/td>\n<td valign=\"top\">50-80<\/td>\n<td valign=\"top\">Benzol\u3001Tetrachlorid<\/td>\n<td valign=\"top\">Normaldruck<\/td>\n<\/tr>\n<tr>\n<td valign=\"top\">\u03984*4<\/td>\n<td valign=\"top\">50<\/td>\n<td valign=\"top\">25-40<\/td>\n<td valign=\"top\">Benzol\u3001Tetrachlorid<\/td>\n<td valign=\"top\">Normaldruck<\/td>\n<\/tr>\n<tr>\n<td valign=\"top\">\u03985*5<\/td>\n<td valign=\"top\">50<\/td>\n<td valign=\"top\">20-30<\/td>\n<td valign=\"top\">Benzol\u3001Tetrachlorid<\/td>\n<td valign=\"top\">Normaldruck<\/td>\n<\/tr>\n<\/tbody>\n<\/table>\n<\/div>","protected":false},"excerpt":{"rendered":"<p>Die Fenske-Spiralprismenpackung wird aus Draht hergestellt und hat eine \u00e4hnliche Form wie eine Feder, die auch als Dreiecksfederpackung bezeichnet wird. Sie unterscheidet sich von einer Feder dadurch, dass jede Windung der Packung kein Kreis, sondern ein Dreieck ist, und dass das Dreieck zwischen dem Ring und dem Ring um einen bestimmten Winkel versetzt ist, so dass es von der Stirnseite aus gesehen ein Vieleck ist. Diese Spiralpackung ist effizienter, hat aber einen etwas h\u00f6heren Widerstand als die ringf\u00f6rmige Packung und wird h\u00e4ufig bei Untersuchungen zur Isotopentrennung im Laborma\u00dfstab verwendet.<\/p>","protected":false},"featured_media":1170,"template":"","meta":{"_seopress_robots_primary_cat":"","_monsterinsights_skip_tracking":false,"_monsterinsights_sitenote_active":false,"_monsterinsights_sitenote_note":"","_monsterinsights_sitenote_category":0,"_joinchat":[]},"product_cat":[80],"product_tag":[],"class_list":["post-3477","product","type-product","status-publish","has-post-thumbnail","hentry","product_cat-laboratory-packing"],"featured_image_urls":{"full":["https:\/\/www.laiko.net\/wp-content\/uploads\/2023\/10\/frc-8275382590e09992cb453993f4d45432.jpg",600,350,false],"thumbnail":["https:\/\/www.laiko.net\/wp-content\/uploads\/2023\/10\/frc-8275382590e09992cb453993f4d45432-150x150.jpg",150,150,true],"medium":["https:\/\/www.laiko.net\/wp-content\/uploads\/2023\/10\/frc-8275382590e09992cb453993f4d45432-300x175.jpg",300,175,true],"medium_large":["https:\/\/www.laiko.net\/wp-content\/uploads\/2023\/10\/frc-8275382590e09992cb453993f4d45432.jpg",600,350,false],"large":["https:\/\/www.laiko.net\/wp-content\/uploads\/2023\/10\/frc-8275382590e09992cb453993f4d45432.jpg",600,350,false],"1536x1536":["https:\/\/www.laiko.net\/wp-content\/uploads\/2023\/10\/frc-8275382590e09992cb453993f4d45432.jpg",600,350,false],"2048x2048":["https:\/\/www.laiko.net\/wp-content\/uploads\/2023\/10\/frc-8275382590e09992cb453993f4d45432.jpg",600,350,false],"trp-custom-language-flag":["https:\/\/www.laiko.net\/wp-content\/uploads\/2023\/10\/frc-8275382590e09992cb453993f4d45432.jpg",18,12,false],"woocommerce_thumbnail":["https:\/\/www.laiko.net\/wp-content\/uploads\/2023\/10\/frc-8275382590e09992cb453993f4d45432-300x175.jpg",300,175,true],"woocommerce_single":["https:\/\/www.laiko.net\/wp-content\/uploads\/2023\/10\/frc-8275382590e09992cb453993f4d45432.jpg",600,350,false],"woocommerce_gallery_thumbnail":["https:\/\/www.laiko.net\/wp-content\/uploads\/2023\/10\/frc-8275382590e09992cb453993f4d45432-100x100.jpg",100,100,true]},"post_excerpt_stackable":"<p>The Fenske spiral prismatic packing is made of wire and has a shape similar to that of a spring, also known as a triangular spring Packing. Its differences from a spring in that each turn of the winding is not a circle but a triangular, and the triangular between the ring and the ring is offset by a certain angle, so that it is a polygon when viewed from the end face. This spiral packing is more efficient, but has a slightly higher resistance than the annular packing and is widely used in laboratory-scale isotope separation studies.<\/p>\n","category_list":"","author_info":{"name":"","url":""},"comments_num":"0 comments","_links":{"self":[{"href":"https:\/\/www.laiko.net\/de\/wp-json\/wp\/v2\/product\/3477","targetHints":{"allow":["GET"]}}],"collection":[{"href":"https:\/\/www.laiko.net\/de\/wp-json\/wp\/v2\/product"}],"about":[{"href":"https:\/\/www.laiko.net\/de\/wp-json\/wp\/v2\/types\/product"}],"wp:featuredmedia":[{"embeddable":true,"href":"https:\/\/www.laiko.net\/de\/wp-json\/wp\/v2\/media\/1170"}],"wp:attachment":[{"href":"https:\/\/www.laiko.net\/de\/wp-json\/wp\/v2\/media?parent=3477"}],"wp:term":[{"taxonomy":"product_cat","embeddable":true,"href":"https:\/\/www.laiko.net\/de\/wp-json\/wp\/v2\/product_cat?post=3477"},{"taxonomy":"product_tag","embeddable":true,"href":"https:\/\/www.laiko.net\/de\/wp-json\/wp\/v2\/product_tag?post=3477"}],"curies":[{"name":"wp","href":"https:\/\/api.w.org\/{rel}","templated":true}]}}