{"id":3470,"date":"2023-10-27T14:53:34","date_gmt":"2023-10-27T06:53:34","guid":{"rendered":"http:\/\/www3.laiko.net\/?post_type=product&#038;p=3470"},"modified":"2023-11-11T17:37:02","modified_gmt":"2023-11-11T09:37:02","slug":"dixon-ring","status":"publish","type":"product","link":"https:\/\/www.laiko.net\/de\/produkt\/dixonring\/","title":{"rendered":"Dixon-Ring"},"content":{"rendered":"<h2>\u00dcberblick \u00fcber den Dixon-Ring<\/h2>\n<p>Auch bekannt als Dixon (Dixon) Verpackung, ist ein kleines Teilchen der effizienten Verpackung, aus Drahtgeflecht oder Piercing-Loch Platte, der Durchmesser und die H\u00f6he der Verpackung ist gleich, vor allem im Labor und kleine Batch-Verpackung, hochreine Produkt-Trennverfahren verwendet.<\/p>\n<p>Der Druckabfall von Nachf\u00fcllern h\u00e4ngt von Faktoren wie der Gasgeschwindigkeit, der Fl\u00fcssigkeitsmenge, dem Gewicht des Materialsystems, der Oberfl\u00e4chenspannung, der Viskosit\u00e4t und den Eigenschaften der F\u00fcllstoffe sowie von der Vorflutungsbehandlung der F\u00fcllstoffe ab. Die Bedingungen der folgenden Daten werden unter vollem R\u00fcckfluss betrieben, und der Betriebsdruck ist Normaldruck als Referenz.<\/p>\n<p>\u03a6 1,5 x 1,5 \u03a6 Druckverlust im 13 mm \u03a6-Turm betr\u00e4gt 70 ~ 400 mmh2o\/m (Kresylethan)<\/p>\n<p>\u03a6 2,5 x 2,5 im 50 mm \u03a6-Turm Druckverlust ist 55 ~ 250 mmh2o\/m (Kresylethan)<\/p>\n<p>\u03a6 4 x 4 Druckverlust im 50 mm \u03a6-Turm betr\u00e4gt 30 ~ 200 mmh2o\/m (Wasser)<\/p>\n<p>Dar\u00fcber hinaus ist der Hysteresebetrag von reorganisierenden Ringf\u00fcllern gr\u00f6\u00dfer als der von festen F\u00fcllern derselben Art, was darauf hindeutet, dass die Oberfl\u00e4chenbenetzung von reorganisierenden Ringen vollst\u00e4ndiger ist als die von allgemeinen Porzellanringen, was zu einer h\u00f6heren Filmbildungsrate und einer h\u00f6heren Effizienz f\u00fchrt. Bei F\u00fcllstoffen mit kleinerem Durchmesser ist dies noch deutlicher.<\/p>\n<p>Mit zunehmendem Durchmesser des Turms nimmt die Anzahl der theoretischen Platten stark ab (HETP = 0,8 ~ 1,2dr bei Dr\/d&gt;10, aber die Packungseffizienz nimmt bei Dr\/d&gt;70 deutlich ab). Die Anzahl der theoretischen Platten steigt mit zunehmender Gasgeschwindigkeit, nimmt aber mit abnehmender Oberfl\u00e4chenbenetzung ab.15.<\/p>\n<p>Mein Unternehmen stellt F\u00fcllstoffe f\u00fcr eine einzelne Siebdruckschicht her.<\/p>\n<h2>Parameter des Dixon-Rings<\/h2>\n<div class=\"overflow_x\">\n<table cellspacing=\"0\">\n<tbody>\n<tr class=\"firstRow\">\n<td valign=\"center\">Spezifikationen<\/td>\n<td valign=\"center\">Masche<\/td>\n<td valign=\"center\">Durchmesser des Turms (mm)<\/td>\n<td valign=\"center\">Theoretische Plattenzahl\/m<\/td>\n<td valign=\"center\">Packungsdichte (kg\/m3)<\/td>\n<td valign=\"center\">Porosit\u00e4t (%)<\/td>\n<td valign=\"center\">Druckverh\u00e4ltnis (mbar\/m)<\/td>\n<\/tr>\n<tr>\n<td valign=\"center\">\u03b82X2<\/td>\n<td valign=\"center\">100<\/td>\n<td valign=\"center\">\u03b810-\u03b835<\/td>\n<td valign=\"center\">60-65<\/td>\n<td valign=\"center\">670<\/td>\n<td valign=\"center\">91<\/td>\n<td valign=\"center\">30<\/td>\n<\/tr>\n<tr>\n<td valign=\"center\">\u03b83\u00d73<\/td>\n<td valign=\"center\">100<\/td>\n<td valign=\"center\">\u03b820-\u03b850<\/td>\n<td valign=\"center\">50-55<\/td>\n<td valign=\"center\">520<\/td>\n<td valign=\"center\">93<\/td>\n<td valign=\"center\">15<\/td>\n<\/tr>\n<tr>\n<td valign=\"center\">\u03b84\u00d74<\/td>\n<td valign=\"center\">100<\/td>\n<td valign=\"center\">\u03b820-\u03b870<\/td>\n<td valign=\"center\">30-32<\/td>\n<td valign=\"center\">380<\/td>\n<td valign=\"center\">95<\/td>\n<td valign=\"center\">10<\/td>\n<\/tr>\n<tr>\n<td valign=\"center\">\u03b85\u00d75<\/td>\n<td valign=\"center\">100<\/td>\n<td valign=\"center\">\u03b820-\u03b8100<\/td>\n<td valign=\"center\">15-20<\/td>\n<td valign=\"center\">295<\/td>\n<td valign=\"center\">95<\/td>\n<td valign=\"center\">10<\/td>\n<\/tr>\n<tr>\n<td valign=\"center\">\u03b86\u00d76<\/td>\n<td valign=\"center\">80<\/td>\n<td valign=\"center\">\u03b820-\u03b8150<\/td>\n<td valign=\"center\">12-15<\/td>\n<td valign=\"center\">280<\/td>\n<td valign=\"center\">95<\/td>\n<td valign=\"center\">10<\/td>\n<\/tr>\n<tr>\n<td valign=\"center\">\u03b87\u00d77<\/td>\n<td valign=\"center\">80<\/td>\n<td valign=\"center\">\u03b820-\u03b8200<\/td>\n<td valign=\"center\">14-17<\/td>\n<td valign=\"center\">265<\/td>\n<td valign=\"center\">95<\/td>\n<td valign=\"center\">8<\/td>\n<\/tr>\n<tr>\n<td valign=\"center\">\u03b88\u00d78<\/td>\n<td valign=\"center\">80<\/td>\n<td valign=\"center\">\u03b820-\u03b8250<\/td>\n<td valign=\"center\">10-12<\/td>\n<td valign=\"center\">235<\/td>\n<td valign=\"center\">95<\/td>\n<td valign=\"center\">8<\/td>\n<\/tr>\n<tr>\n<td valign=\"center\">\u03b810\u00d710<\/td>\n<td valign=\"center\">80<\/td>\n<td valign=\"center\">\u03b820-\u03b8300<\/td>\n<td valign=\"center\">7-8<\/td>\n<td valign=\"center\">200<\/td>\n<td valign=\"center\">95<\/td>\n<td valign=\"center\">8<\/td>\n<\/tr>\n<\/tbody>\n<\/table>\n<\/div>","protected":false},"excerpt":{"rendered":"<p>Der Dixon-Ring wurde urspr\u00fcnglich von Dr. George Olaf Dixon im Jahr 1946 entworfen und ist eine gro\u00dfe Weiterentwicklung des keramischen Kreuzteilungsrings. Von Anfang an wurde der Dixon-Ring in Handarbeit hergestellt, und auch nach der Einf\u00fchrung des automatisierten Prozesses wird die beste Qualit\u00e4t des Dixon-Rings immer noch in Handarbeit hergestellt. Der Vorteil des Dixon-Rings ist der hocheffiziente Stoffaustausch und der extrem niedrige Druckabfall.<\/p>","protected":false},"featured_media":4061,"template":"","meta":{"_seopress_robots_primary_cat":"","_monsterinsights_skip_tracking":false,"_monsterinsights_sitenote_active":false,"_monsterinsights_sitenote_note":"","_monsterinsights_sitenote_category":0,"_joinchat":[]},"product_cat":[80],"product_tag":[],"class_list":["post-3470","product","type-product","status-publish","has-post-thumbnail","hentry","product_cat-laboratory-packing"],"featured_image_urls":{"full":["https:\/\/www.laiko.net\/wp-content\/uploads\/2023\/10\/dixon-ring.jpg",600,350,false],"thumbnail":["https:\/\/www.laiko.net\/wp-content\/uploads\/2023\/10\/dixon-ring-150x150.jpg",150,150,true],"medium":["https:\/\/www.laiko.net\/wp-content\/uploads\/2023\/10\/dixon-ring-300x175.jpg",300,175,true],"medium_large":["https:\/\/www.laiko.net\/wp-content\/uploads\/2023\/10\/dixon-ring.jpg",600,350,false],"large":["https:\/\/www.laiko.net\/wp-content\/uploads\/2023\/10\/dixon-ring.jpg",600,350,false],"1536x1536":["https:\/\/www.laiko.net\/wp-content\/uploads\/2023\/10\/dixon-ring.jpg",600,350,false],"2048x2048":["https:\/\/www.laiko.net\/wp-content\/uploads\/2023\/10\/dixon-ring.jpg",600,350,false],"trp-custom-language-flag":["https:\/\/www.laiko.net\/wp-content\/uploads\/2023\/10\/dixon-ring.jpg",18,12,false],"woocommerce_thumbnail":["https:\/\/www.laiko.net\/wp-content\/uploads\/2023\/10\/dixon-ring-300x175.jpg",300,175,true],"woocommerce_single":["https:\/\/www.laiko.net\/wp-content\/uploads\/2023\/10\/dixon-ring.jpg",600,350,false],"woocommerce_gallery_thumbnail":["https:\/\/www.laiko.net\/wp-content\/uploads\/2023\/10\/dixon-ring-100x100.jpg",100,100,true]},"post_excerpt_stackable":"<p>Dixon ring was Originally designed by Dr George Olaf Dixon in 1946, it is a large development from Ceramic cross partition ring. Since it was born, Dixon ring was fine handmade, even after the automated process came up, the best quality Dixon ring is still fine handmade. The advantage of Dixon ring is high-efficiency mass transfer and extremely low-pressure drops.<\/p>\n","category_list":"","author_info":{"name":"","url":""},"comments_num":"0 comments","_links":{"self":[{"href":"https:\/\/www.laiko.net\/de\/wp-json\/wp\/v2\/product\/3470","targetHints":{"allow":["GET"]}}],"collection":[{"href":"https:\/\/www.laiko.net\/de\/wp-json\/wp\/v2\/product"}],"about":[{"href":"https:\/\/www.laiko.net\/de\/wp-json\/wp\/v2\/types\/product"}],"wp:featuredmedia":[{"embeddable":true,"href":"https:\/\/www.laiko.net\/de\/wp-json\/wp\/v2\/media\/4061"}],"wp:attachment":[{"href":"https:\/\/www.laiko.net\/de\/wp-json\/wp\/v2\/media?parent=3470"}],"wp:term":[{"taxonomy":"product_cat","embeddable":true,"href":"https:\/\/www.laiko.net\/de\/wp-json\/wp\/v2\/product_cat?post=3470"},{"taxonomy":"product_tag","embeddable":true,"href":"https:\/\/www.laiko.net\/de\/wp-json\/wp\/v2\/product_tag?post=3470"}],"curies":[{"name":"wp","href":"https:\/\/api.w.org\/{rel}","templated":true}]}}