{"id":3463,"date":"2023-10-27T14:03:28","date_gmt":"2023-10-27T06:03:28","guid":{"rendered":"http:\/\/www3.laiko.net\/?post_type=product&#038;p=3463"},"modified":"2023-10-27T14:03:44","modified_gmt":"2023-10-27T06:03:44","slug":"insulating-glass-molecular-sieve","status":"publish","type":"product","link":"https:\/\/www.laiko.net\/de\/produkt\/isolierglas-molekularsieb\/","title":{"rendered":"Isolierglas Molekularsieb"},"content":{"rendered":"<h2>Parameter des Molekularsiebs aus Isolierglas<\/h2>\n<div class=\"overflow_x\">\n<table cellspacing=\"0\" cellpadding=\"0\">\n<colgroup>\n<col \/>\n<col \/>\n<col \/>\n<col \/>\n<col \/><\/colgroup>\n<tbody>\n<tr class=\"firstRow\">\n<td height=\"24\">Shpe<\/td>\n<td><\/td>\n<td colspan=\"3\">Sph\u00e4re<\/td>\n<\/tr>\n<tr>\n<td height=\"24\">Durchmesser<\/td>\n<td>mm<\/td>\n<td>0.5-0.8<\/td>\n<td>1.0-1.5<\/td>\n<td>1.5-2.0<\/td>\n<\/tr>\n<tr>\n<td height=\"24\">Porenvolumen<\/td>\n<td>\u00c5<\/td>\n<td>3<\/td>\n<td>3<\/td>\n<td>3<\/td>\n<\/tr>\n<tr>\n<td height=\"24\">Sch\u00fcttdichte<\/td>\n<td>g\/ml<\/td>\n<td>0.74-0.80<\/td>\n<td>0.72-0.78<\/td>\n<td>0.72-0.78<\/td>\n<\/tr>\n<tr>\n<td height=\"24\">Statische Wasseraufnahme<\/td>\n<td>%<\/td>\n<td>\u226520.0<\/td>\n<td>\u226520.0<\/td>\n<td>\u226520.0<\/td>\n<\/tr>\n<tr>\n<td height=\"24\">Bruchfestigkeit<\/td>\n<td>N\/St\u00fcck<\/td>\n<td>\u22655<\/td>\n<td>\u226515<\/td>\n<td>\u226520<\/td>\n<\/tr>\n<tr>\n<td height=\"24\">Staub (Tr\u00fcbungsmesser)<\/td>\n<td>ppm<\/td>\n<td>\u226430<\/td>\n<td>\u226430<\/td>\n<td>\u226430<\/td>\n<\/tr>\n<tr>\n<td height=\"25\">Delta T (10 g \/10ml)<\/td>\n<td>\u2103<\/td>\n<td>\u226538<\/td>\n<td>\u226538<\/td>\n<td>\u226538<\/td>\n<\/tr>\n<tr>\n<td height=\"24\">Gleichgewichts-N2-Kapazit\u00e4t<\/td>\n<td>%<\/td>\n<td>\u22640.2<\/td>\n<td>\u22640.2<\/td>\n<td>\u22640.2<\/td>\n<\/tr>\n<tr>\n<td height=\"25\">Taupunkt<\/td>\n<td>\u2103<\/td>\n<td>&lt;-73<\/td>\n<td>&lt;-73<\/td>\n<td>&lt;-73<\/td>\n<\/tr>\n<tr>\n<td height=\"24\">Gr\u00f6\u00dfenverh\u00e4ltnis<\/td>\n<td>%<\/td>\n<td>\u226598.0<\/td>\n<td>\u226598.0<\/td>\n<td>\u226598.0<\/td>\n<\/tr>\n<tr>\n<td height=\"24\">Wassergehalt, wie versandt<\/td>\n<td>%<\/td>\n<td>&lt;1.5<\/td>\n<td>&lt;1.5<\/td>\n<td>&lt;1.5<\/td>\n<\/tr>\n<\/tbody>\n<\/table>\n<\/div>\n<h2>Vorteile von Isolierglas-Molekularsieb<\/h2>\n<ul class=\"list-paddingleft-2\">\n<li>Sehr selektive Adsorption<\/li>\n<\/ul>\n<p>Isolierglas\u00a0<a href=\"https:\/\/www.laiko.net\/molecular-sieve-zeolite\/\" target=\"_self\" rel=\"noopener\">Molekularsieb-Material<\/a>\u00a0wurde als Adsorptionsmittel mit hoher Wasserkapazit\u00e4t und der geringsten Kapazit\u00e4t f\u00fcr Luft oder andere Gase entwickelt. Die hochselektive Porenstruktur gew\u00e4hrleistet einen ausgezeichneten Schutz des Wassertaupunkts und verhindert gleichzeitig die Co-Adsorption von Gasen im abgeschlossenen Luftraum.<\/p>\n<ul class=\"list-paddingleft-2\">\n<li>Niedrige Durchbiegung<\/li>\n<\/ul>\n<p>Da das Molekularsieb aus Isolierglas die Aufnahme anderer Gase minimiert, reduziert es die Verformung der Adsorptionseinheit und die Belastung unter schwierigen klimatischen Bedingungen.<\/p>\n<ul class=\"list-paddingleft-2\">\n<li>Wirtschaftlichkeit und Leistung<\/li>\n<\/ul>\n<p>Isolierglasmolekularsieb erh\u00f6ht die Produktionsrate von gasgef\u00fcllten Nissen, da die Einheiten unmittelbar nach dem Bef\u00fcllen versiegelt werden k\u00f6nnen. Dar\u00fcber hinaus werden durch die Verwendung von Isolierglasmolekularsieb die Schall- und W\u00e4rmed\u00e4mmwerte der Einheiten aufrechterhalten, da die Adsorption von Gasen aus dem abgedichteten Raum minimiert wird.<\/p>\n<ul class=\"list-paddingleft-2\">\n<li>Homogen und nicht-trennend<\/li>\n<\/ul>\n<p>Im Gegensatz zu Mischungen aus zwei verschiedenen Trockenmitteln, die sich aufgrund der unterschiedlichen Dichte der Bestandteile trennen, ist das Molekularsieb aus Isolierglas homogen und einheitlich. Jedes K\u00fcgelchen ist wie jedes andere. Man muss sich keine Sorgen \u00fcber Abweichungen von Einheit zu Einheit machen, die bei Mischungen auftreten k\u00f6nnen.<\/p>\n<ul class=\"list-paddingleft-2\">\n<li>Restfeuchte<\/li>\n<\/ul>\n<p>Isolierglas-Molekularsieb wird als vollst\u00e4ndig aktiviertes Isolierglas-Adsorptionsmittel geliefert, das f\u00fcr den Einsatz in Abstandshaltern bereit ist.<\/p>","protected":false},"excerpt":{"rendered":"<p>Isolierglas-Molekularsieb ist das Produkt, das der Isolierglasindustrie die h\u00f6chste Wasserkapazit\u00e4t und die geringste Gasadsorption f\u00fcr l\u00f6sungsmittelfreie Systeme bietet.<\/p>","protected":false},"featured_media":836,"template":"","meta":{"_seopress_robots_primary_cat":"","_monsterinsights_skip_tracking":false,"_monsterinsights_sitenote_active":false,"_monsterinsights_sitenote_note":"","_monsterinsights_sitenote_category":0,"_joinchat":[]},"product_cat":[79],"product_tag":[],"class_list":["post-3463","product","type-product","status-publish","has-post-thumbnail","hentry","product_cat-molecular-sieve-zeolite"],"featured_image_urls":{"full":["https:\/\/www.laiko.net\/wp-content\/uploads\/2023\/10\/frc-824211b8941a7f30ecdf1ef59b60447a.jpg",600,350,false],"thumbnail":["https:\/\/www.laiko.net\/wp-content\/uploads\/2023\/10\/frc-824211b8941a7f30ecdf1ef59b60447a-150x150.jpg",150,150,true],"medium":["https:\/\/www.laiko.net\/wp-content\/uploads\/2023\/10\/frc-824211b8941a7f30ecdf1ef59b60447a-300x175.jpg",300,175,true],"medium_large":["https:\/\/www.laiko.net\/wp-content\/uploads\/2023\/10\/frc-824211b8941a7f30ecdf1ef59b60447a.jpg",600,350,false],"large":["https:\/\/www.laiko.net\/wp-content\/uploads\/2023\/10\/frc-824211b8941a7f30ecdf1ef59b60447a.jpg",600,350,false],"1536x1536":["https:\/\/www.laiko.net\/wp-content\/uploads\/2023\/10\/frc-824211b8941a7f30ecdf1ef59b60447a.jpg",600,350,false],"2048x2048":["https:\/\/www.laiko.net\/wp-content\/uploads\/2023\/10\/frc-824211b8941a7f30ecdf1ef59b60447a.jpg",600,350,false],"trp-custom-language-flag":["https:\/\/www.laiko.net\/wp-content\/uploads\/2023\/10\/frc-824211b8941a7f30ecdf1ef59b60447a.jpg",18,12,false],"woocommerce_thumbnail":["https:\/\/www.laiko.net\/wp-content\/uploads\/2023\/10\/frc-824211b8941a7f30ecdf1ef59b60447a-300x175.jpg",300,175,true],"woocommerce_single":["https:\/\/www.laiko.net\/wp-content\/uploads\/2023\/10\/frc-824211b8941a7f30ecdf1ef59b60447a.jpg",600,350,false],"woocommerce_gallery_thumbnail":["https:\/\/www.laiko.net\/wp-content\/uploads\/2023\/10\/frc-824211b8941a7f30ecdf1ef59b60447a-100x100.jpg",100,100,true]},"post_excerpt_stackable":"<p>Insulating glass molecular sieve is the product to provide the insulating glass industry with the highest water capacity and lowest gas adsorption for solvent-free systems.<\/p>\n","category_list":"","author_info":{"name":"","url":""},"comments_num":"0 comments","_links":{"self":[{"href":"https:\/\/www.laiko.net\/de\/wp-json\/wp\/v2\/product\/3463","targetHints":{"allow":["GET"]}}],"collection":[{"href":"https:\/\/www.laiko.net\/de\/wp-json\/wp\/v2\/product"}],"about":[{"href":"https:\/\/www.laiko.net\/de\/wp-json\/wp\/v2\/types\/product"}],"wp:featuredmedia":[{"embeddable":true,"href":"https:\/\/www.laiko.net\/de\/wp-json\/wp\/v2\/media\/836"}],"wp:attachment":[{"href":"https:\/\/www.laiko.net\/de\/wp-json\/wp\/v2\/media?parent=3463"}],"wp:term":[{"taxonomy":"product_cat","embeddable":true,"href":"https:\/\/www.laiko.net\/de\/wp-json\/wp\/v2\/product_cat?post=3463"},{"taxonomy":"product_tag","embeddable":true,"href":"https:\/\/www.laiko.net\/de\/wp-json\/wp\/v2\/product_tag?post=3463"}],"curies":[{"name":"wp","href":"https:\/\/api.w.org\/{rel}","templated":true}]}}