{"id":3461,"date":"2023-09-27T13:49:11","date_gmt":"2023-09-27T05:49:11","guid":{"rendered":"http:\/\/www3.laiko.net\/?post_type=product&#038;p=3461"},"modified":"2023-11-14T16:02:55","modified_gmt":"2023-11-14T08:02:55","slug":"zeolite-4a-detergent-powder","status":"publish","type":"product","link":"https:\/\/www.laiko.net\/de\/produkt\/zeolith-4a-waschmittelpulver\/","title":{"rendered":"Zeolith 4A Waschmittel-Pulver"},"content":{"rendered":"<h2>Eigenschaften von Zeolith 4a-Waschmittelpulver<\/h2>\n<p>Der chemische Name von Zeolith 4a Waschmittelpulver ist Natriumaluminatsilikat. Es ist ein wei\u00dfes Pulver, ungiftig, geruchlos und hat eine gute Flie\u00dff\u00e4higkeit<\/p>\n<h2><\/h2>\n<h2>Parameter von Zeolith 4a-Waschmittelpulver<\/h2>\n<div class=\"overflow_x\">\n<table cellspacing=\"0\" cellpadding=\"0\">\n<colgroup>\n<col \/>\n<col \/>\n<col \/>\n<col \/>\n<col \/>\n<col \/>\n<col \/><\/colgroup>\n<tbody>\n<tr class=\"firstRow\">\n<td colspan=\"4\" height=\"20\">Artikel<\/td>\n<td colspan=\"3\">Index<\/td>\n<\/tr>\n<tr>\n<td colspan=\"4\" height=\"20\">Typ<\/td>\n<td colspan=\"3\">Granulat<\/td>\n<\/tr>\n<tr>\n<td colspan=\"4\" height=\"20\">Geruch<\/td>\n<td colspan=\"3\">Geruchlos<\/td>\n<\/tr>\n<tr>\n<td colspan=\"4\" height=\"20\">Erscheinungsbild<\/td>\n<td colspan=\"3\">wei\u00dfes feines Pulver<\/td>\n<\/tr>\n<tr>\n<td colspan=\"4\" height=\"20\">Gl\u00fchverlust (800\u00baC Clh)<\/td>\n<td colspan=\"3\">20\u58eb0.5%<\/td>\n<\/tr>\n<tr>\n<td colspan=\"4\" height=\"20\">Ca-Ionenaustauschkapazit\u00e4t (trocken) (mg CaCO3\/g)<\/td>\n<td colspan=\"3\">320\u58eb10<\/td>\n<\/tr>\n<tr>\n<td colspan=\"4\" height=\"20\">PH<\/td>\n<td colspan=\"3\">\u226411.0<\/td>\n<\/tr>\n<tr>\n<td colspan=\"4\" height=\"20\">Wei\u00dfgrad\uff08w=y)<\/td>\n<td colspan=\"3\">\u226596.5<\/td>\n<\/tr>\n<tr>\n<td colspan=\"4\" height=\"20\">Partikelgr\u00f6\u00dfe\uff08D50\uff09<\/td>\n<td colspan=\"3\">2-3um<\/td>\n<\/tr>\n<tr>\n<td colspan=\"4\" height=\"20\">kristallin<\/td>\n<td colspan=\"3\">\u226597.0%<\/td>\n<\/tr>\n<tr>\n<td colspan=\"4\" height=\"20\">Aluminium (trocken)<\/td>\n<td colspan=\"3\">\u226518.0%<\/td>\n<\/tr>\n<tr>\n<td colspan=\"4\" height=\"20\">325mesh \uff1e45\u03bcm Nasssieb<\/td>\n<td colspan=\"3\">\u22640,60%<\/td>\n<\/tr>\n<tr>\n<td colspan=\"4\" height=\"20\">Weniger als\uff08\uff1c4\u00b5m\uff09<\/td>\n<td colspan=\"3\">\uff1e90%<\/td>\n<\/tr>\n<tr>\n<td colspan=\"4\" height=\"20\">Weniger als\uff08\uff1c1\u00b5m\uff09<\/td>\n<td colspan=\"3\">\u226410%<\/td>\n<\/tr>\n<tr>\n<td colspan=\"4\" height=\"20\">Sch\u00fcttdichte g\/l<\/td>\n<td colspan=\"3\">300-400<\/td>\n<\/tr>\n<tr>\n<td colspan=\"4\" height=\"20\">Absorptionsverm\u00f6gen<\/td>\n<td colspan=\"3\">35%<\/td>\n<\/tr>\n<\/tbody>\n<\/table>\n<\/div>\n<h2>Verpackung und Lagerung von Zeolith 4a-Waschmittelpulver<\/h2>\n<p>25kg\/Sack, 40kg\/Sack, 750kg\/Sack<\/p>\n<h2>Achtung<\/h2>\n<p>Vorbeugung gegen Wasser, bis zum Gebrauch ge\u00f6ffnet.<\/p>","protected":false},"excerpt":{"rendered":"<p>Zeolith-Waschmittel ist der Hauptbestandteil von phosphorfreien oder phosphorarmen Waschmitteln. Dieses 3-in-1-Produkt besteht haupts\u00e4chlich aus Zeolith-Waschmittel, moderatem Natriumcarbonat und organischem Polymer-Builder und hat die gleiche Wirksamkeit wie Natriumphosphat. Es ist nicht notwendig, sich um die Frage der Qualit\u00e4t zu sorgen. Zeolith-Waschmittel-Hilfsmittel k\u00f6nnen mit vielen Tensiden kombiniert werden, wie z.B. linearem Alkybenzolsufonat (LAS), Sulfactant-AE und a-Olefin-Sulfonat, wenn sie mit dem letzten kombiniert werden, ist die Wirksamkeit besonders gut.<\/p>","protected":false},"featured_media":856,"template":"","meta":{"_seopress_robots_primary_cat":"none","_monsterinsights_skip_tracking":false,"_monsterinsights_sitenote_active":false,"_monsterinsights_sitenote_note":"","_monsterinsights_sitenote_category":0,"_joinchat":[]},"product_cat":[79],"product_tag":[],"class_list":["post-3461","product","type-product","status-publish","has-post-thumbnail","hentry","product_cat-molecular-sieve-zeolite"],"featured_image_urls":{"full":["https:\/\/www.laiko.net\/wp-content\/uploads\/2023\/10\/frc-4e6f5fbb356f97f0504ffac4d3d4e46e.jpg",600,350,false],"thumbnail":["https:\/\/www.laiko.net\/wp-content\/uploads\/2023\/10\/frc-4e6f5fbb356f97f0504ffac4d3d4e46e-150x150.jpg",150,150,true],"medium":["https:\/\/www.laiko.net\/wp-content\/uploads\/2023\/10\/frc-4e6f5fbb356f97f0504ffac4d3d4e46e-300x175.jpg",300,175,true],"medium_large":["https:\/\/www.laiko.net\/wp-content\/uploads\/2023\/10\/frc-4e6f5fbb356f97f0504ffac4d3d4e46e.jpg",600,350,false],"large":["https:\/\/www.laiko.net\/wp-content\/uploads\/2023\/10\/frc-4e6f5fbb356f97f0504ffac4d3d4e46e.jpg",600,350,false],"1536x1536":["https:\/\/www.laiko.net\/wp-content\/uploads\/2023\/10\/frc-4e6f5fbb356f97f0504ffac4d3d4e46e.jpg",600,350,false],"2048x2048":["https:\/\/www.laiko.net\/wp-content\/uploads\/2023\/10\/frc-4e6f5fbb356f97f0504ffac4d3d4e46e.jpg",600,350,false],"trp-custom-language-flag":["https:\/\/www.laiko.net\/wp-content\/uploads\/2023\/10\/frc-4e6f5fbb356f97f0504ffac4d3d4e46e.jpg",18,12,false],"woocommerce_thumbnail":["https:\/\/www.laiko.net\/wp-content\/uploads\/2023\/10\/frc-4e6f5fbb356f97f0504ffac4d3d4e46e-300x175.jpg",300,175,true],"woocommerce_single":["https:\/\/www.laiko.net\/wp-content\/uploads\/2023\/10\/frc-4e6f5fbb356f97f0504ffac4d3d4e46e.jpg",600,350,false],"woocommerce_gallery_thumbnail":["https:\/\/www.laiko.net\/wp-content\/uploads\/2023\/10\/frc-4e6f5fbb356f97f0504ffac4d3d4e46e-100x100.jpg",100,100,true]},"post_excerpt_stackable":"<p>Zeolite Detergent is the major builder of none phosphorus or low phosphorus detergent. this 3 in 1 product configured majorly with zeolite detergent, moderate sodium carbonate and organic polymer builder, and has the same efficacy as sodium phosphate. It is not necessary to worry about the question of quality. Zeolite detergent auxiliary can be configured with many surfactants, such as linear alkybenzenesufonate (LAS), sulfactant-AE, and a-olefin sulfonate, if configured with the last one, the efficacy would be especially better.<\/p>\n","category_list":"","author_info":{"name":"","url":""},"comments_num":"0 comments","_links":{"self":[{"href":"https:\/\/www.laiko.net\/de\/wp-json\/wp\/v2\/product\/3461","targetHints":{"allow":["GET"]}}],"collection":[{"href":"https:\/\/www.laiko.net\/de\/wp-json\/wp\/v2\/product"}],"about":[{"href":"https:\/\/www.laiko.net\/de\/wp-json\/wp\/v2\/types\/product"}],"wp:featuredmedia":[{"embeddable":true,"href":"https:\/\/www.laiko.net\/de\/wp-json\/wp\/v2\/media\/856"}],"wp:attachment":[{"href":"https:\/\/www.laiko.net\/de\/wp-json\/wp\/v2\/media?parent=3461"}],"wp:term":[{"taxonomy":"product_cat","embeddable":true,"href":"https:\/\/www.laiko.net\/de\/wp-json\/wp\/v2\/product_cat?post=3461"},{"taxonomy":"product_tag","embeddable":true,"href":"https:\/\/www.laiko.net\/de\/wp-json\/wp\/v2\/product_tag?post=3461"}],"curies":[{"name":"wp","href":"https:\/\/api.w.org\/{rel}","templated":true}]}}