{"id":3458,"date":"2023-11-05T11:30:17","date_gmt":"2023-11-05T03:30:17","guid":{"rendered":"http:\/\/www3.laiko.net\/?post_type=product&#038;p=3458"},"modified":"2023-11-28T11:26:05","modified_gmt":"2023-11-28T03:26:05","slug":"3a-molecular-sieve","status":"publish","type":"product","link":"https:\/\/www.laiko.net\/de\/produkt\/3a-molekularsieb\/","title":{"rendered":"3A Molekularsieb"},"content":{"rendered":"<h2>Parameter eines 3 Angstr\u00f6m-Molekularsiebs<\/h2>\n<div class=\"overflow_x\">\n<table cellspacing=\"1\" cellpadding=\"1\">\n<tbody>\n<tr class=\"firstRow\">\n<td>Modell<\/td>\n<td colspan=\"4\">3A<\/td>\n<\/tr>\n<tr>\n<td>Nenndurchmesser der Poren<\/td>\n<td colspan=\"4\">3 Angstr\u00f6m<\/td>\n<\/tr>\n<tr>\n<td>Form<\/td>\n<td colspan=\"2\">Kugel(ball)<\/td>\n<td colspan=\"2\">Pellet<\/td>\n<\/tr>\n<tr>\n<td>Durchmesser<\/td>\n<td>1.7-2.5<\/td>\n<td>3.0-5.0<\/td>\n<td>1.6<\/td>\n<td>3.2<\/td>\n<\/tr>\n<tr>\n<td>Gr\u00f6\u00dfenverh\u00e4ltnis bis zum Grad (%)<\/td>\n<td>\u226598<\/td>\n<td>\u226598<\/td>\n<td>\u226596<\/td>\n<td>\u226596<\/td>\n<\/tr>\n<tr>\n<td>Sch\u00fcttdichte (g\/ml)<\/td>\n<td>\u22650.72<\/td>\n<td>\u22650.70<\/td>\n<td>\u22650.65<\/td>\n<td>\u22650.65<\/td>\n<\/tr>\n<tr>\n<td>Abnutzungsgrad (%)<\/td>\n<td>\u22640.10<\/td>\n<td>\u22640.10<\/td>\n<td>\u22640.25<\/td>\n<td>\u22640.25<\/td>\n<\/tr>\n<tr>\n<td>Quetschfestigkeit (N)<\/td>\n<td>\u226530\/St\u00fcck<\/td>\n<td>\u226570\/St\u00fcck<\/td>\n<td>\u226545\/St\u00fcck<\/td>\n<td>\u226560\/St\u00fcck<\/td>\n<\/tr>\n<tr>\n<td>Statische H2O-Adsorption (%)<\/td>\n<td>\u22643.0<\/td>\n<td>\u22643.0<\/td>\n<td>\u22643.0<\/td>\n<td>\u22643.0<\/td>\n<\/tr>\n<tr>\n<td>Adsorption von Ethylen<\/td>\n<td>\u226521<\/td>\n<td>\u226521<\/td>\n<td>\u226521<\/td>\n<td>\u226521<\/td>\n<\/tr>\n<tr>\n<td>Wassergehalt (%)<\/td>\n<td>\u22641.0<\/td>\n<td>\u22641.0<\/td>\n<td>\u22641.0<\/td>\n<td>\u22641.0<\/td>\n<\/tr>\n<\/tbody>\n<\/table>\n<\/div>\n<h2>Zeolith 3A Molekularsieb Anwendungen<\/h2>\n<div class=\"overflow_x\">\n<table>\n<tbody>\n<tr class=\"firstRow\">\n<td>Typische chemische Formel<\/td>\n<td colspan=\"4\">0,45 K2O. 0,55 Na2O. Al2O3 . 2 SiO2. 4,5H2O<br \/>\nSiO2: Al2O3\u22482<\/td>\n<\/tr>\n<tr>\n<td rowspan=\"6\">Typische Anwendung<\/td>\n<td colspan=\"4\">a) Trocknung von unges\u00e4ttigten Kohlenwasserstoffen (z. B. Ethylen, Propylen, Butadien)<\/td>\n<\/tr>\n<tr>\n<td colspan=\"4\">b) Rissige Gastrocknung<\/td>\n<\/tr>\n<tr>\n<td colspan=\"4\">c) Trocknung von Erdgas, wenn die COS-Minimierung von wesentlicher Bedeutung ist oder eine minimale Co-Adsorption von Kohlenwasserstoffen erforderlich ist.<\/td>\n<\/tr>\n<tr>\n<td colspan=\"4\">e) Trocknung von fl\u00fcssigem Alkohol<\/td>\n<\/tr>\n<tr>\n<td colspan=\"4\">f) Statische (nicht regenerative) Entw\u00e4sserung von Isolierglaseinheiten, unabh\u00e4ngig davon, ob sie mit Luft oder mit Gas gef\u00fcllt sind.<\/td>\n<\/tr>\n<tr>\n<td colspan=\"4\">g) Trocknung von CNG.<\/td>\n<\/tr>\n<\/tbody>\n<\/table>\n<\/div>\n<h2>Molekularsieb Typ 3A Lieferbedingungen<\/h2>\n<div class=\"overflow_x\">\n<table>\n<tbody>\n<tr class=\"firstRow\">\n<td>Paket:<\/td>\n<td colspan=\"4\">Kartonschachtel; Kartontrommel; Stahlfass<\/td>\n<\/tr>\n<tr>\n<td>MOQ:<\/td>\n<td colspan=\"4\">1 Metrische Tonne<\/td>\n<\/tr>\n<tr>\n<td>Zahlungsbedingungen:<\/td>\n<td colspan=\"4\">T\/T; L\/C; Western Union<\/td>\n<\/tr>\n<tr>\n<td rowspan=\"2\">Garantie:<\/td>\n<td colspan=\"4\">a) Nach der nationalen Norm GBT 10504-2008<\/td>\n<\/tr>\n<tr>\n<td colspan=\"4\">b) Angebot einer lebenslangen Beratung bei aufgetretenen Problemen<\/td>\n<\/tr>\n<tr>\n<td>Container<\/td>\n<td>20GP<\/td>\n<td>40GP<\/td>\n<td colspan=\"2\">Bestellbeispiel<\/td>\n<\/tr>\n<tr>\n<td>Menge<\/td>\n<td>12MT<\/td>\n<td>24MT<\/td>\n<td colspan=\"2\">&lt;5kgs<\/td>\n<\/tr>\n<tr>\n<td>Lieferfrist<\/td>\n<td>5 Tage<\/td>\n<td>7Tage<\/td>\n<td colspan=\"2\">Vorrat vorhanden<\/td>\n<\/tr>\n<\/tbody>\n<\/table>\n<\/div>","protected":false},"excerpt":{"rendered":"<p>NAIKE 3A Molekularsieb ist ein Alkalimetall-Aluminiumsilikat; es ist die Kaliumform der Kristallstruktur des Typs A. Typ 3A\u00a0<a href=\"https:\/\/www.laiko.net\/product-category\/molecular-sieve-zeolite\/\" target=\"_self\" rel=\"noopener\">Molekularsieb-Material<\/a>\u00a0hat eine effektive Poren\u00f6ffnung von etwa 3 Angstr\u00f6m (0,3 nm). Dies ist gro\u00df genug, um Feuchtigkeit einzulassen, schlie\u00dft aber Molek\u00fcle wie unges\u00e4ttigte Kohlenwasserstoffe aus, die potenziell Polymere bilden k\u00f6nnen, und maximiert so die Lebensdauer bei der Dehydratisierung solcher Molek\u00fcle.<\/p>","protected":false},"featured_media":941,"template":"","meta":{"_seopress_robots_primary_cat":"none","_monsterinsights_skip_tracking":false,"_monsterinsights_sitenote_active":false,"_monsterinsights_sitenote_note":"","_monsterinsights_sitenote_category":0,"_joinchat":[]},"product_cat":[79],"product_tag":[],"class_list":["post-3458","product","type-product","status-publish","has-post-thumbnail","hentry","product_cat-molecular-sieve-zeolite"],"featured_image_urls":{"full":["https:\/\/www.laiko.net\/wp-content\/uploads\/2023\/10\/frc-92a29d335d381997fa811697c93aa04f.jpg",600,350,false],"thumbnail":["https:\/\/www.laiko.net\/wp-content\/uploads\/2023\/10\/frc-92a29d335d381997fa811697c93aa04f-150x150.jpg",150,150,true],"medium":["https:\/\/www.laiko.net\/wp-content\/uploads\/2023\/10\/frc-92a29d335d381997fa811697c93aa04f-300x175.jpg",300,175,true],"medium_large":["https:\/\/www.laiko.net\/wp-content\/uploads\/2023\/10\/frc-92a29d335d381997fa811697c93aa04f.jpg",600,350,false],"large":["https:\/\/www.laiko.net\/wp-content\/uploads\/2023\/10\/frc-92a29d335d381997fa811697c93aa04f.jpg",600,350,false],"1536x1536":["https:\/\/www.laiko.net\/wp-content\/uploads\/2023\/10\/frc-92a29d335d381997fa811697c93aa04f.jpg",600,350,false],"2048x2048":["https:\/\/www.laiko.net\/wp-content\/uploads\/2023\/10\/frc-92a29d335d381997fa811697c93aa04f.jpg",600,350,false],"trp-custom-language-flag":["https:\/\/www.laiko.net\/wp-content\/uploads\/2023\/10\/frc-92a29d335d381997fa811697c93aa04f.jpg",18,12,false],"woocommerce_thumbnail":["https:\/\/www.laiko.net\/wp-content\/uploads\/2023\/10\/frc-92a29d335d381997fa811697c93aa04f-300x175.jpg",300,175,true],"woocommerce_single":["https:\/\/www.laiko.net\/wp-content\/uploads\/2023\/10\/frc-92a29d335d381997fa811697c93aa04f.jpg",600,350,false],"woocommerce_gallery_thumbnail":["https:\/\/www.laiko.net\/wp-content\/uploads\/2023\/10\/frc-92a29d335d381997fa811697c93aa04f-100x100.jpg",100,100,true]},"post_excerpt_stackable":"<p>NAIKE 3A Molecular Sieve is an alkali metal alumino-silicate; it is the potassium form of the type A crystal structure. Type 3A\u00a0<a href=\"https:\/\/www.laiko.net\/product-category\/molecular-sieve-zeolite\/\" target=\"_self\" rel=\"noopener\">molecular sieve material<\/a>\u00a0has an effective pore opening of about 3 angstroms (0.3nm). This is large enough to allow in moisture, but excludes molecules such as unsaturated hydrocarbons which can potentially form polymers, and this maximises lifetime when dehydrating such molecules.<\/p>\n","category_list":"","author_info":{"name":"","url":""},"comments_num":"0 comments","_links":{"self":[{"href":"https:\/\/www.laiko.net\/de\/wp-json\/wp\/v2\/product\/3458","targetHints":{"allow":["GET"]}}],"collection":[{"href":"https:\/\/www.laiko.net\/de\/wp-json\/wp\/v2\/product"}],"about":[{"href":"https:\/\/www.laiko.net\/de\/wp-json\/wp\/v2\/types\/product"}],"wp:featuredmedia":[{"embeddable":true,"href":"https:\/\/www.laiko.net\/de\/wp-json\/wp\/v2\/media\/941"}],"wp:attachment":[{"href":"https:\/\/www.laiko.net\/de\/wp-json\/wp\/v2\/media?parent=3458"}],"wp:term":[{"taxonomy":"product_cat","embeddable":true,"href":"https:\/\/www.laiko.net\/de\/wp-json\/wp\/v2\/product_cat?post=3458"},{"taxonomy":"product_tag","embeddable":true,"href":"https:\/\/www.laiko.net\/de\/wp-json\/wp\/v2\/product_tag?post=3458"}],"curies":[{"name":"wp","href":"https:\/\/api.w.org\/{rel}","templated":true}]}}