{"id":3457,"date":"2023-11-06T11:24:44","date_gmt":"2023-11-06T03:24:44","guid":{"rendered":"http:\/\/www3.laiko.net\/?post_type=product&#038;p=3457"},"modified":"2023-11-14T16:14:16","modified_gmt":"2023-11-14T08:14:16","slug":"4a-molecular-sieve","status":"publish","type":"product","link":"https:\/\/www.laiko.net\/de\/produkt\/4a-molekularsieb\/","title":{"rendered":"4A Molekularsieb"},"content":{"rendered":"<h2>Parameter des Molekularsiebs 4A<\/h2>\n<div class=\"overflow_x\">\n<table cellspacing=\"0\" cellpadding=\"0\">\n<colgroup>\n<col \/>\n<col \/>\n<col \/>\n<col \/>\n<col \/>\n<col span=\"2\" \/><\/colgroup>\n<tbody>\n<tr class=\"firstRow\">\n<td colspan=\"3\" height=\"13\">Modell<\/td>\n<td colspan=\"4\">4A<\/td>\n<\/tr>\n<tr>\n<td colspan=\"3\" height=\"13\">Nenndurchmesser der Poren<\/td>\n<td colspan=\"4\">4 Angstr\u00f6m<\/td>\n<\/tr>\n<tr>\n<td colspan=\"3\" height=\"13\">Form<\/td>\n<td colspan=\"2\">Kugel(ball)<\/td>\n<td colspan=\"2\">Pellet<\/td>\n<\/tr>\n<tr>\n<td colspan=\"3\" height=\"13\">Durchmesser<\/td>\n<td>1.7-2.5<\/td>\n<td>3.0-5.0<\/td>\n<td align=\"right\">1.6<\/td>\n<td align=\"right\">3.2<\/td>\n<\/tr>\n<tr>\n<td colspan=\"3\" height=\"13\">Gr\u00f6\u00dfenverh\u00e4ltnis bis zum Grad (%)<\/td>\n<td>\u226598<\/td>\n<td>\u226598<\/td>\n<td>\u226596<\/td>\n<td>\u226596<\/td>\n<\/tr>\n<tr>\n<td colspan=\"3\" height=\"13\">Sch\u00fcttdichte (g\/ml)<\/td>\n<td>\u22650.72<\/td>\n<td>\u22650.75<\/td>\n<td>\u22650.66<\/td>\n<td align=\"right\">0.66<\/td>\n<\/tr>\n<tr>\n<td colspan=\"3\" height=\"13\">Abnutzungsgrad (%)<\/td>\n<td>\u22640.20<\/td>\n<td>\u22640.20<\/td>\n<td>\u22640.20<\/td>\n<td>\u22640.20<\/td>\n<\/tr>\n<tr>\n<td colspan=\"3\" height=\"13\">Quetschfestigkeit (N)<\/td>\n<td>\u226545\/St\u00fcck<\/td>\n<td>\u226585\/St\u00fcck<\/td>\n<td>\u226530\/St\u00fcck<\/td>\n<td>\u226560\/St\u00fcck<\/td>\n<\/tr>\n<tr>\n<td colspan=\"3\" height=\"13\">Statische H2O-Adsorption (%)<\/td>\n<td>\u226521.5<\/td>\n<td>\u226521.5<\/td>\n<td>\u226521.5<\/td>\n<td>\u226521.5<\/td>\n<\/tr>\n<tr>\n<td colspan=\"3\" height=\"13\">Wassergehalt (%)<\/td>\n<td>\u22641.0<\/td>\n<td>\u22641.0<\/td>\n<td>\u22641.0<\/td>\n<td>\u22641.0<\/td>\n<\/tr>\n<\/tbody>\n<\/table>\n<\/div>\n<h2>Molekularsieb Typ 4A Anwendungen<\/h2>\n<div class=\"overflow_x\">\n<table>\n<tbody>\n<tr class=\"firstRow\">\n<td colspan=\"3\" rowspan=\"2\" height=\"27\">Typische chemische Formel<\/td>\n<td colspan=\"4\">Na2O. Al2O3. 2SiO2. 4.5 H2O<\/td>\n<\/tr>\n<tr>\n<td colspan=\"4\">SiO2: Al2O3\u22482<\/td>\n<\/tr>\n<tr>\n<td colspan=\"3\" rowspan=\"4\" height=\"54\">Typische Anwendung<\/td>\n<td colspan=\"4\">a) Trocknung und Entfernung von CO2 aus Erdgas, Fl\u00fcssiggas, Luft, Inertgasen und atmosph\u00e4rischen Gasen usw.<\/td>\n<\/tr>\n<tr>\n<td colspan=\"4\">b) Entfernung von Kohlenwasserstoffen, Ammoniak und Methanol aus Gasstr\u00f6men (Ammoniak-Syngasbehandlung)<\/td>\n<\/tr>\n<tr>\n<td colspan=\"4\">c) Spezielle Typen werden in den Druckluftbremsanlagen von Bussen, Lastkraftwagen und Lokomotiven verwendet.<\/td>\n<\/tr>\n<tr>\n<td colspan=\"4\">d) In kleinen Beuteln verpackt, kann es einfach als Verpackungs-Trockenmittel verwendet werden.<\/td>\n<\/tr>\n<\/tbody>\n<\/table>\n<\/div>\n<h2>4A Zeolith Lieferbedingungen<\/h2>\n<div class=\"overflow_x\">\n<table>\n<tbody>\n<tr>\n<td>Paket:<\/td>\n<td colspan=\"3\">Kartonschachtel; Kartontrommel; Stahlfass<\/td>\n<\/tr>\n<tr>\n<td>MOQ:<\/td>\n<td colspan=\"3\">1 Metrische Tonne<\/td>\n<\/tr>\n<tr>\n<td>Zahlungsbedingungen:<\/td>\n<td colspan=\"3\">T\/T; L\/C; Western Union<\/td>\n<\/tr>\n<tr>\n<td rowspan=\"2\">Garantie:<\/td>\n<td colspan=\"3\">a) Nach der nationalen Norm HGT 2524-2010<\/td>\n<\/tr>\n<tr>\n<td colspan=\"3\">b) Angebot einer lebenslangen Beratung bei aufgetretenen Problemen<\/td>\n<\/tr>\n<tr>\n<td>Container<\/td>\n<td>20GP<\/td>\n<td>40GP<\/td>\n<td>Bestellbeispiel<\/td>\n<\/tr>\n<tr>\n<td>Menge<\/td>\n<td>12MT<\/td>\n<td>24MT<\/td>\n<td>&lt;5kg<\/td>\n<\/tr>\n<tr>\n<td>Lieferfrist<\/td>\n<td>5 Tage<\/td>\n<td>7 Tage<\/td>\n<td>Vorrat vorhanden<\/td>\n<\/tr>\n<\/tbody>\n<\/table>\n<\/div>","protected":false},"excerpt":{"rendered":"<p>NAIKE Molekularsieb 4A ist ein Alkalialuminiumsilikat; es ist die Natriumform der Typ-A-Kristallstruktur. Das Molekularsieb 4A hat eine effektive Poren\u00f6ffnung von etwa 4 Angstr\u00f6m (0,4 nm). NAIKE-Molekularsiebmaterial vom Typ 4A adsorbiert die meisten Molek\u00fcle mit einem kinetischen Durchmesser von weniger als 4 Angstr\u00f6m und schlie\u00dft gr\u00f6\u00dfere Molek\u00fcle aus. Zu diesen adsorbierbaren Molek\u00fclen geh\u00f6ren einfache Gasmolek\u00fcle wie Sauerstoff, Stickstoff, Kohlendioxid und geradkettige Kohlenwasserstoffe. Verzweigtkettige Kohlenwasserstoffe und Aromaten sind ausgeschlossen.<\/p>","protected":false},"featured_media":958,"template":"","meta":{"_seopress_robots_primary_cat":"none","_monsterinsights_skip_tracking":false,"_monsterinsights_sitenote_active":false,"_monsterinsights_sitenote_note":"","_monsterinsights_sitenote_category":0,"_joinchat":[]},"product_cat":[79],"product_tag":[],"class_list":["post-3457","product","type-product","status-publish","has-post-thumbnail","hentry","product_cat-molecular-sieve-zeolite"],"featured_image_urls":{"full":["https:\/\/www.laiko.net\/wp-content\/uploads\/2023\/10\/frc-ebe8e9a61b046726d1f1aa52dea0ff40.jpg",600,350,false],"thumbnail":["https:\/\/www.laiko.net\/wp-content\/uploads\/2023\/10\/frc-ebe8e9a61b046726d1f1aa52dea0ff40-150x150.jpg",150,150,true],"medium":["https:\/\/www.laiko.net\/wp-content\/uploads\/2023\/10\/frc-ebe8e9a61b046726d1f1aa52dea0ff40-300x175.jpg",300,175,true],"medium_large":["https:\/\/www.laiko.net\/wp-content\/uploads\/2023\/10\/frc-ebe8e9a61b046726d1f1aa52dea0ff40.jpg",600,350,false],"large":["https:\/\/www.laiko.net\/wp-content\/uploads\/2023\/10\/frc-ebe8e9a61b046726d1f1aa52dea0ff40.jpg",600,350,false],"1536x1536":["https:\/\/www.laiko.net\/wp-content\/uploads\/2023\/10\/frc-ebe8e9a61b046726d1f1aa52dea0ff40.jpg",600,350,false],"2048x2048":["https:\/\/www.laiko.net\/wp-content\/uploads\/2023\/10\/frc-ebe8e9a61b046726d1f1aa52dea0ff40.jpg",600,350,false],"trp-custom-language-flag":["https:\/\/www.laiko.net\/wp-content\/uploads\/2023\/10\/frc-ebe8e9a61b046726d1f1aa52dea0ff40.jpg",18,12,false],"woocommerce_thumbnail":["https:\/\/www.laiko.net\/wp-content\/uploads\/2023\/10\/frc-ebe8e9a61b046726d1f1aa52dea0ff40-300x175.jpg",300,175,true],"woocommerce_single":["https:\/\/www.laiko.net\/wp-content\/uploads\/2023\/10\/frc-ebe8e9a61b046726d1f1aa52dea0ff40.jpg",600,350,false],"woocommerce_gallery_thumbnail":["https:\/\/www.laiko.net\/wp-content\/uploads\/2023\/10\/frc-ebe8e9a61b046726d1f1aa52dea0ff40-100x100.jpg",100,100,true]},"post_excerpt_stackable":"<p>NAIKE Molecular Sieve 4A is an alkali alumino silicate; it is the sodium form of the Type A crystal structure. 4A molecular sieve has an effective pore opening of about 4 angstroms (0.4nm). NAIKE type 4A molecular sieve material will adsorb most molecules with a kinetic diameter of fewer than 4 angstroms and exclude those larger. Such adsorbable molecules include simple gas molecules such as oxygen, nitrogen, carbon dioxide and straight chain hydrocarbons. Branched chain hydrocarbons and aromatics are excluded.<\/p>\n","category_list":"","author_info":{"name":"","url":""},"comments_num":"0 comments","_links":{"self":[{"href":"https:\/\/www.laiko.net\/de\/wp-json\/wp\/v2\/product\/3457","targetHints":{"allow":["GET"]}}],"collection":[{"href":"https:\/\/www.laiko.net\/de\/wp-json\/wp\/v2\/product"}],"about":[{"href":"https:\/\/www.laiko.net\/de\/wp-json\/wp\/v2\/types\/product"}],"wp:featuredmedia":[{"embeddable":true,"href":"https:\/\/www.laiko.net\/de\/wp-json\/wp\/v2\/media\/958"}],"wp:attachment":[{"href":"https:\/\/www.laiko.net\/de\/wp-json\/wp\/v2\/media?parent=3457"}],"wp:term":[{"taxonomy":"product_cat","embeddable":true,"href":"https:\/\/www.laiko.net\/de\/wp-json\/wp\/v2\/product_cat?post=3457"},{"taxonomy":"product_tag","embeddable":true,"href":"https:\/\/www.laiko.net\/de\/wp-json\/wp\/v2\/product_tag?post=3457"}],"curies":[{"name":"wp","href":"https:\/\/api.w.org\/{rel}","templated":true}]}}