{"id":3455,"date":"2023-11-08T11:15:52","date_gmt":"2023-11-08T03:15:52","guid":{"rendered":"http:\/\/www3.laiko.net\/?post_type=product&#038;p=3455"},"modified":"2023-11-22T11:04:48","modified_gmt":"2023-11-22T03:04:48","slug":"5a-molecular-sieve","status":"publish","type":"product","link":"https:\/\/www.laiko.net\/de\/produkt\/5a-molekularsieb\/","title":{"rendered":"5A PSA-Molekularsieb"},"content":{"rendered":"<div class=\"detai smcenter\">\n<div class=\"detai_lef\">\n<div id=\"thumbs\" class=\"swiper-container swiper-container-initialized swiper-container-horizontal swiper-container-thumbs\">\n<div class=\"swiper-wrapper\"><\/div>\n<\/div>\n<\/div>\n<\/div>\n<div class=\"flexbox smcenter\">\n<div class=\"flex-right richtext\">\n<h3>Technische Spezifikation von 5A PSA Molekularsieb\/Zeolith<\/h3>\n<div class=\"overflow_x\">\n<table width=\"419\" cellspacing=\"0\" cellpadding=\"0\">\n<colgroup>\n<col width=\"214\" \/>\n<col span=\"3\" width=\"115\" \/><\/colgroup>\n<tbody>\n<tr class=\"firstRow\">\n<td class=\"et3\" width=\"160\" height=\"24\">Die Testaufgaben<\/td>\n<td class=\"et4\" width=\"86\">Einheit<\/td>\n<td class=\"et4\" colspan=\"2\" width=\"172\">Sph\u00e4re<\/td>\n<\/tr>\n<tr>\n<td class=\"et3\" width=\"160\" height=\"24\">Durchmesser<\/td>\n<td class=\"et4\" width=\"86\">mm<\/td>\n<td class=\"et4\" width=\"86\">1.2-1.6<\/td>\n<td class=\"et4\" width=\"86\">1.6-2.5<\/td>\n<\/tr>\n<tr>\n<td class=\"et3\" width=\"160\" height=\"24\">Partikelgr\u00f6\u00dfe<\/td>\n<td class=\"et4\" width=\"86\">%<\/td>\n<td class=\"et4\" width=\"86\">95.54<\/td>\n<td class=\"et4\" width=\"86\">95.54<\/td>\n<\/tr>\n<tr>\n<td class=\"et3\" width=\"160\" height=\"24\">Statische Wasserabsorption<\/td>\n<td class=\"et4\" width=\"86\">\u2265%<\/td>\n<td class=\"et4\" width=\"86\">25<\/td>\n<td class=\"et4\" width=\"86\">25<\/td>\n<\/tr>\n<tr>\n<td class=\"et3\" width=\"160\" height=\"24\">Sch\u00fcttdichte<\/td>\n<td class=\"et4\" width=\"86\">\u2265g\/ml<\/td>\n<td class=\"et4\" width=\"86\">0.74<\/td>\n<td class=\"et4\" width=\"86\">0.7<\/td>\n<\/tr>\n<tr>\n<td class=\"et3\" width=\"160\" height=\"24\">Bruchfestigkeit<\/td>\n<td class=\"et4\" width=\"86\">\u2265N\/Pc<\/td>\n<td class=\"et4\" width=\"86\">16<\/td>\n<td class=\"et4\" width=\"86\">35<\/td>\n<\/tr>\n<tr>\n<td class=\"et3\" width=\"160\" height=\"24\">Abwanderungsrate<\/td>\n<td class=\"et4\" width=\"86\">\u2264%<\/td>\n<td class=\"et4\" width=\"86\">0.3<\/td>\n<td class=\"et4\" width=\"86\">0.3<\/td>\n<\/tr>\n<tr>\n<td class=\"et3\" width=\"160\" height=\"24\"><span class=\"font1\">Paket Feuchtigkeit<\/span><span class=\"font0\">\uff08<\/span><span class=\"font1\">\u00a0575<\/span><span class=\"font0\">\u2103<\/span><span class=\"font1\">, 2h<\/span><span class=\"font0\">\uff09<\/span><\/td>\n<td class=\"et5\" width=\"86\"><span class=\"font0\">\uff1c<\/span><span class=\"font1\">%<\/span><\/td>\n<td class=\"et4\" width=\"86\">1<\/td>\n<td class=\"et4\" width=\"86\">1<\/td>\n<\/tr>\n<tr>\n<td class=\"et3\" width=\"160\" height=\"24\"><span class=\"font1\">\u00a0N2-Absorption (0,1MPa, 25<\/span><span class=\"font0\">\u2103<\/span><span class=\"font1\">\u00a0)<\/span><\/td>\n<td class=\"et5\" width=\"86\"><span class=\"font0\">\uff1e<\/span><span class=\"font1\">g\/ml<\/span><\/td>\n<td class=\"et4\" width=\"86\">11.3<\/td>\n<td class=\"et4\" width=\"86\">11.3<\/td>\n<\/tr>\n<tr>\n<td class=\"et3\" width=\"160\" height=\"24\">Statische CO2-Absorption<\/td>\n<td class=\"et4\" width=\"86\">\u2265%<\/td>\n<td class=\"et4\" width=\"86\">18<\/td>\n<td class=\"et4\" width=\"86\">18<\/td>\n<\/tr>\n<\/tbody>\n<\/table>\n<\/div>\n<h3>Regenerierung von 5A PSA-Molekularsieb\/Zeolith<\/h3>\n<p>Molekularsieb Typ 5A PSA kann entweder durch Erhitzen im Falle von thermischen Swing-Verfahren oder durch Senken des Drucks im Falle von Druckwechselverfahren regeneriert werden.<\/p>\n<p>Um Feuchtigkeit aus einem 5A-Molekularsieb zu entfernen, ist eine Temperatur von 250-300\u00b0C erforderlich. Ein ordnungsgem\u00e4\u00df regeneriertes Molekularsieb kann Feuchtigkeitstaupunkte unter -100\u00b0C oder Mercaptan- oder CO2-Werte unter 2 ppmv ergeben.<\/p>\n<p>Die Ausgangskonzentrationen bei einem Druckwechselverfahren h\u00e4ngen von dem vorhandenen Gas und den Prozessbedingungen ab.<\/p>\n<h3>Anwendung von 5A PSA Molekularsieb\/Zeolith<\/h3>\n<p>Es wird f\u00fcr die Reinigung von LPG-Kohlenwasserstoffen, die Entparaffinierung von Erd\u00f6l, die PSA-Wasserstofferzeugung und die Dehydratisierung und Reinigung verwendet.<\/p>\n<\/div>\n<\/div>","protected":false},"excerpt":{"rendered":"<p>5A Molekularsieb ist ein Alkalialuminiumsilikat; es ist die Calciumform der Typ-A-Kristallstruktur. Typ 5A hat eine effektive Poren\u00f6ffnung von 5 Angstr\u00f6m (0,5 nm). Es adsorbiert Molek\u00fcle mit einem kinetischen Durchmesser von weniger als 5 Angstr\u00f6m und schlie\u00dft gr\u00f6\u00dfere Molek\u00fcle aus.<\/p>\n<p>Es eignet sich besonders f\u00fcr PSA-Adsorberanwendungen, wo es f\u00fcr die Abtrennung von Normal- und Isoparaffinen (C4- bis C6-Arten), in der PSA-Wasserstoffreinigung und in Sauerstoffkonzentratoren verwendet werden kann.<\/p>","protected":false},"featured_media":1009,"template":"","meta":{"_seopress_robots_primary_cat":"none","_monsterinsights_skip_tracking":false,"_monsterinsights_sitenote_active":false,"_monsterinsights_sitenote_note":"","_monsterinsights_sitenote_category":0,"_joinchat":[]},"product_cat":[99,79],"product_tag":[],"class_list":["post-3455","product","type-product","status-publish","has-post-thumbnail","hentry","product_cat-hot-sale-products","product_cat-molecular-sieve-zeolite"],"featured_image_urls":{"full":["https:\/\/www.laiko.net\/wp-content\/uploads\/2023\/10\/frc-3ce4f2fd5814dfa71d032effa71d0a53.jpg",600,350,false],"thumbnail":["https:\/\/www.laiko.net\/wp-content\/uploads\/2023\/10\/frc-3ce4f2fd5814dfa71d032effa71d0a53-150x150.jpg",150,150,true],"medium":["https:\/\/www.laiko.net\/wp-content\/uploads\/2023\/10\/frc-3ce4f2fd5814dfa71d032effa71d0a53-300x175.jpg",300,175,true],"medium_large":["https:\/\/www.laiko.net\/wp-content\/uploads\/2023\/10\/frc-3ce4f2fd5814dfa71d032effa71d0a53.jpg",600,350,false],"large":["https:\/\/www.laiko.net\/wp-content\/uploads\/2023\/10\/frc-3ce4f2fd5814dfa71d032effa71d0a53.jpg",600,350,false],"1536x1536":["https:\/\/www.laiko.net\/wp-content\/uploads\/2023\/10\/frc-3ce4f2fd5814dfa71d032effa71d0a53.jpg",600,350,false],"2048x2048":["https:\/\/www.laiko.net\/wp-content\/uploads\/2023\/10\/frc-3ce4f2fd5814dfa71d032effa71d0a53.jpg",600,350,false],"trp-custom-language-flag":["https:\/\/www.laiko.net\/wp-content\/uploads\/2023\/10\/frc-3ce4f2fd5814dfa71d032effa71d0a53.jpg",18,12,false],"woocommerce_thumbnail":["https:\/\/www.laiko.net\/wp-content\/uploads\/2023\/10\/frc-3ce4f2fd5814dfa71d032effa71d0a53-300x175.jpg",300,175,true],"woocommerce_single":["https:\/\/www.laiko.net\/wp-content\/uploads\/2023\/10\/frc-3ce4f2fd5814dfa71d032effa71d0a53.jpg",600,350,false],"woocommerce_gallery_thumbnail":["https:\/\/www.laiko.net\/wp-content\/uploads\/2023\/10\/frc-3ce4f2fd5814dfa71d032effa71d0a53-100x100.jpg",100,100,true]},"post_excerpt_stackable":"<p>5A Molecular Sieve is an alkali alumino silicate; it is the calcium form of the Type A crystal structure. Type 5A has an effective pore opening of \u00a05 angstroms (0.5 nm). It will adsorb molecules with a kinetic diameter of less than 5 Angstrom and exclude those larger.<\/p>\n<p>It is especially suitable for PSA adsorber applications where it may be used for the separation of normal- and iso- paraffins (C4 to C6 species), in PSA hydrogen purification and in oxygen concentrators.<\/p>\n","category_list":"","author_info":{"name":"","url":""},"comments_num":"0 comments","_links":{"self":[{"href":"https:\/\/www.laiko.net\/de\/wp-json\/wp\/v2\/product\/3455","targetHints":{"allow":["GET"]}}],"collection":[{"href":"https:\/\/www.laiko.net\/de\/wp-json\/wp\/v2\/product"}],"about":[{"href":"https:\/\/www.laiko.net\/de\/wp-json\/wp\/v2\/types\/product"}],"wp:featuredmedia":[{"embeddable":true,"href":"https:\/\/www.laiko.net\/de\/wp-json\/wp\/v2\/media\/1009"}],"wp:attachment":[{"href":"https:\/\/www.laiko.net\/de\/wp-json\/wp\/v2\/media?parent=3455"}],"wp:term":[{"taxonomy":"product_cat","embeddable":true,"href":"https:\/\/www.laiko.net\/de\/wp-json\/wp\/v2\/product_cat?post=3455"},{"taxonomy":"product_tag","embeddable":true,"href":"https:\/\/www.laiko.net\/de\/wp-json\/wp\/v2\/product_tag?post=3455"}],"curies":[{"name":"wp","href":"https:\/\/api.w.org\/{rel}","templated":true}]}}