{"id":3453,"date":"2023-11-09T11:09:23","date_gmt":"2023-11-09T03:09:23","guid":{"rendered":"http:\/\/www3.laiko.net\/?post_type=product&#038;p=3453"},"modified":"2023-12-26T16:23:23","modified_gmt":"2023-12-26T08:23:23","slug":"13x-molecular-sieve","status":"publish","type":"product","link":"https:\/\/www.laiko.net\/de\/produkt\/13x-molekularsieb\/","title":{"rendered":"13X Molekularsieb"},"content":{"rendered":"<h2>Molekularsieb 13x Spezifikationen<\/h2>\n<div class=\"overflow_x\">\n<table cellspacing=\"0\" cellpadding=\"0\">\n<colgroup>\n<col \/>\n<col \/>\n<col \/>\n<col \/>\n<col \/>\n<col \/><\/colgroup>\n<tbody>\n<tr class=\"firstRow\">\n<td height=\"18\">Form<\/td>\n<td><\/td>\n<td colspan=\"2\">Pellet<\/td>\n<td colspan=\"2\">Sph\u00e4re<\/td>\n<\/tr>\n<tr>\n<td height=\"18\">Durchmesser<\/td>\n<td>mm<\/td>\n<td>1.5-1.7<\/td>\n<td>3.0-3.3<\/td>\n<td>1.7-2.5<\/td>\n<td>3.0-5.0<\/td>\n<\/tr>\n<tr>\n<td height=\"18\">Gr\u00f6\u00dfenverh\u00e4ltnis bis zum Grad<\/td>\n<td>%<\/td>\n<td>\u226598<\/td>\n<td>\u226598<\/td>\n<td>\u226596<\/td>\n<td>\u226596<\/td>\n<\/tr>\n<tr>\n<td height=\"18\">Sch\u00fcttdichte<\/td>\n<td>g\/ml<\/td>\n<td>\u22650.61<\/td>\n<td>\u22650.61<\/td>\n<td>\u22650.64<\/td>\n<td>\u22650.64<\/td>\n<\/tr>\n<tr>\n<td height=\"18\">Abnutzungsgrad<\/td>\n<td>%<\/td>\n<td>\u22640.10<\/td>\n<td>\u22640.20<\/td>\n<td>\u22640.10<\/td>\n<td>\u22640.10<\/td>\n<\/tr>\n<tr>\n<td height=\"54\">Bruchfestigkeit<\/td>\n<td>N<\/td>\n<td>\u226530\/cm<\/td>\n<td>\u226545\/cm<\/td>\n<td>\u226525\/St\u00fcck<\/td>\n<td>\u226565\/St\u00fcck<\/td>\n<\/tr>\n<tr>\n<td height=\"18\">Statische Wasseradsorption<\/td>\n<td>%<\/td>\n<td>\u226523.5<\/td>\n<td>\u226523.5<\/td>\n<td>\u226523.5<\/td>\n<td>\u226523.5<\/td>\n<\/tr>\n<tr>\n<td height=\"18\">Statische CO2-Adsorption<\/td>\n<td>%<\/td>\n<td>\u226518<\/td>\n<td>\u226518<\/td>\n<td>\u226518<\/td>\n<td>\u226518<\/td>\n<\/tr>\n<tr>\n<td height=\"18\">Wassergehalt, wie versandt<\/td>\n<td>%<\/td>\n<td>\u22641.5<\/td>\n<td>\u22641.5<\/td>\n<td>\u22641.5<\/td>\n<td>\u22641.5<\/td>\n<\/tr>\n<\/tbody>\n<\/table>\n<\/div>\n<h2>Molekularsiebe 13x Typen<\/h2>\n<p>Industrielle Trockenmittel Kategorie: Haupts\u00e4chlich f\u00fcr die Verwendung von Ger\u00e4ten Trockenmittel-Paket, tiefe Trocknung von Luft-Kompressor-Trockner, h\u00e4ufig verwendete Art von 3A Molekularsieb, \u00fcblicherweise verwendete Spezifikation ist 3-5mm, die wichtigste Art von Isolierglas Prozess ist 3A Molekularsieb, die wichtigste Spezifikation ist 1,5-2,5mm Gr\u00f6\u00dfe.<\/p>\n<p>Molekularsiebe f\u00fcr die Sauerstoffproduktion: Molekularsiebe sind eine gute Wahl f\u00fcr die Sauerstoffproduktion. Die Konzentration der Sauerstoffproduktion betr\u00e4gt 93-96%. Nach verschiedenen Indikatoren der Ausr\u00fcstung, das Molekularsieb f\u00fcr die Sauerstoffproduktion ist in der Regel ein 13X Typ Molekularsieb mit einer herk\u00f6mmlichen Gr\u00f6\u00dfe von 1,6-2,5 mm.<\/p>\n<p>Art der Luftzerlegungsanlage: Luftzerlegungsanlagen, die haupts\u00e4chlich Edelgase wie Helium, Stickstoff, Argon usw. aus der Luft abscheiden. Der \u00fcblicherweise verwendete Typ ist 13x Molekularsieb mit einer Spezifikation von 1,6x-2,5mm.<\/p>\n<p><a href=\"https:\/\/www.laiko.net\/product\/molecular-sieves-13x-hp\/\" target=\"_self\" rel=\"noopener\">13X-HP Molekularsieb<\/a>: Ein neuartiges X-Zeolith-Molekularsieb, ein spezielles Molekularsieb f\u00fcr die Sauerstoffproduktion. Das Prinzip der Sauerstoffproduktion: Die Luft wird vom Kompressor aufgenommen, um die Luft zu absorbieren, und die Luft wird in das 13X-HP-Molekularsieb abgesaugt. Das 13x-Zeolith-Molekularsieb absorbiert Stickstoff, Kohlendioxid und andere Abgase in der Luft, und nur der Sauerstoff bleibt in der Gassammelflasche zur\u00fcck. Der 13x-Zeolith-Sauerstoff wird durch das Hochdruckventil gereinigt, und der Sauerstoff wird ausgegeben, nachdem die Konzentration der Sauerstoffherstellungsmaschine auf den Standard angehoben wurde.<\/p>\n<h2>Wie entfernen Molekularsiebe 13x Wasser?<\/h2>\n<p>13x Molekularsieb adsorbiert Wasser und kann das Gas sehr schnell trocken machen. Nach der Forschung, in der Molekularsieb Entschwefelung, weil das Molekularsieb hat eine sehr starke Adsorptionsf\u00e4higkeit f\u00fcr Wasser und andere polare kleine Molek\u00fcle, daher ist die LPG Mercaptan Entfernung Prozess muss streng kontrollieren den Wassergehalt. Aufgrund der Einschr\u00e4nkungen bei der Entfernung von LPG-Mercaptan wird es in Europa und den Vereinigten Staaten weithin eingesetzt, und auch in China gibt es eine erste Anwendung.<\/p>\n<p>13x-Molekularsieb wird als festes Adsorptionsmittel in der chemischen Industrie verwendet. Die vom 13x-Molekularsieb adsorbierte Substanz kann desorbiert werden, und das Kohlenstoffmolekularsieb-Adsorptionsmittel kann regeneriert werden. Gleichzeitig werden Molekularsiebe auch f\u00fcr die Trocknung, Trennung, Reinigung und R\u00fcckgewinnung von Gasen und Fl\u00fcssigkeiten verwendet. In der Erd\u00f6lindustrie wird ein modifiziertes Molekularsieb des Typs X oder Y, das durch hochvalente Metallkationen wie Lanthan, gemischte leichte Seltene Erden und Cer ausgetauscht wurde, physikalisch adsorbiert, um organische Sulfide aus Fl\u00fcssiggas zu entfernen. auf diese Weise kann das Gas sehr schnell getrocknet werden, um den Anforderungen des Unternehmens gerecht zu werden.<\/p>\n<h2>Molekularsieb 13x\/Zeolith 13x Verwendung<\/h2>\n<p>Als polares Adsorptionsmittel hat das Molekularsieb sehr starke hydrophile Eigenschaften und ist ein hervorragendes Material f\u00fcr die Entw\u00e4sserung und Trocknung. Die Porengr\u00f6\u00dfe der 13X-Molekularsiebe ist gr\u00f6\u00dfer als die der A-Typ-Molekularsiebe, was zu st\u00e4rkeren und besseren Wasseraufnahmeeigenschaften f\u00fchrt.<\/p>\n<p>Die von Naike Chemical hergestellten Molekularsiebe werden in geschlossenen, automatisierten Anlagen hergestellt, die einen geringeren Wassergehalt als die Industrie und eine bessere Wasseraufnahmekapazit\u00e4t als der nationale Standard aufweisen und bei Raumtemperatur und Druck eine sehr hohe Wasseraufnahmekapazit\u00e4t haben.<\/p>\n<p>13x Molekularsieb Trocknung und Entw\u00e4sserung, vor allem in verschiedenen Arten von Lufttrocknern, die eine Vielzahl von hohen Wassergehalt Anforderungen der Industrie verwendet. In der \u00d6lindustrie, Erdgasindustrie und fl\u00fcssige Kohlenwasserstoffe Trocknung Behandlung kann als Molekularsieb Adsorption Entw\u00e4sserung Behandlung verwendet werden.<\/p>\n<p>13x Molekularsieb kann das Gas sehr schnell trocknen, weil das Molekularsieb eine starke Adsorptionskapazit\u00e4t f\u00fcr Wasser und Kohlendioxid hat, was den besonderen Anforderungen der Tiefk\u00fchl-Lufttrennungsindustrie entspricht. 13x Molekularsieb absorbiert Wasser und trocknet das Gas sehr schnell, da es eine Art synthetischer Zeolith ist. Das Merkmal der Selektivit\u00e4t der Adsorption ist, dass H2S und organischer Schwefel gleichzeitig auf ein niedrigeres Niveau entfernt werden k\u00f6nnen. Es ist durch physikalische Adsorption und keine chemische Reaktion gekennzeichnet.<\/p>\n<p>13x-Molekularsieb, auch bekannt als Zeolith und 13x-Molekularsieb-Zeolith, ist eine Art kristallines Alumosilikat mit regelm\u00e4\u00dfigen und gleichm\u00e4\u00dfigen Poren in seiner Kristallplatzstruktur. Es ist das beste Adsorptionsmittel f\u00fcr die S\u00fc\u00dfung. Die Molekularsieb-Methode hat den Vorteil, dass sie keine \u00e4tzende Vorw\u00e4sche erfordert, keine Verschmutzung verursacht und bei Raumtemperatur adsorbiert werden kann. Da das Molekularsieb jedoch nur bei etwa 300 \u00b0C regeneriert werden kann, m\u00fcssen die Kosten f\u00fcr das Unternehmen erh\u00f6ht werden. Da die Porengr\u00f6\u00dfe des Molekularsiebs in der Gr\u00f6\u00dfenordnung der Molek\u00fclgr\u00f6\u00dfe liegt, k\u00f6nnen nur Molek\u00fcle mit einem kleineren Durchmesser als die Porengr\u00f6\u00dfe eindringen, so dass die Molek\u00fcle in der Mischung nach ihrer Gr\u00f6\u00dfe sortiert werden k\u00f6nnen und die besten Qualit\u00e4tsprodukte erhalten werden k\u00f6nnen.<\/p>\n<p>Hinweis: Zeolith 13x-Pulver sollte vor der Verwendung keine organischen Gase oder Fl\u00fcssigkeiten adsorbieren, da sonst das 13x-Molekularsieb regeneriert werden muss.<\/p>\n<h2>13X Molekularsieb-Paket<\/h2>\n<p><img loading=\"lazy\" decoding=\"async\" class=\"alignnone size-medium wp-image-4389\" src=\"https:\/\/www.laiko.net\/wp-content\/uploads\/2023\/11\/13x-zeolite-molecular-sieve-package-230x300.png\" alt=\"\" width=\"230\" height=\"300\" srcset=\"https:\/\/www.laiko.net\/wp-content\/uploads\/2023\/11\/13x-zeolite-molecular-sieve-package-230x300.png 230w, https:\/\/www.laiko.net\/wp-content\/uploads\/2023\/11\/13x-zeolite-molecular-sieve-package-9x12.png 9w, https:\/\/www.laiko.net\/wp-content\/uploads\/2023\/11\/13x-zeolite-molecular-sieve-package-300x391.png 300w, https:\/\/www.laiko.net\/wp-content\/uploads\/2023\/11\/13x-zeolite-molecular-sieve-package.png 330w\" sizes=\"auto, (max-width: 230px) 100vw, 230px\" \/> <img loading=\"lazy\" decoding=\"async\" class=\"alignnone size-medium wp-image-4390\" src=\"https:\/\/www.laiko.net\/wp-content\/uploads\/2023\/11\/package-in-molecular-sieve-factory-230x300.jpg\" alt=\"\" width=\"230\" height=\"300\" srcset=\"https:\/\/www.laiko.net\/wp-content\/uploads\/2023\/11\/package-in-molecular-sieve-factory-230x300.jpg 230w, https:\/\/www.laiko.net\/wp-content\/uploads\/2023\/11\/package-in-molecular-sieve-factory-9x12.jpg 9w, https:\/\/www.laiko.net\/wp-content\/uploads\/2023\/11\/package-in-molecular-sieve-factory-300x391.jpg 300w, https:\/\/www.laiko.net\/wp-content\/uploads\/2023\/11\/package-in-molecular-sieve-factory.jpg 330w\" sizes=\"auto, (max-width: 230px) 100vw, 230px\" \/><img loading=\"lazy\" decoding=\"async\" class=\"alignnone size-medium wp-image-4401\" src=\"https:\/\/www.laiko.net\/wp-content\/uploads\/2023\/11\/13x-molecular-sieve-package-225x300.jpg\" alt=\"\" width=\"225\" height=\"300\" srcset=\"https:\/\/www.laiko.net\/wp-content\/uploads\/2023\/11\/13x-molecular-sieve-package-225x300.jpg 225w, https:\/\/www.laiko.net\/wp-content\/uploads\/2023\/11\/13x-molecular-sieve-package-9x12.jpg 9w, https:\/\/www.laiko.net\/wp-content\/uploads\/2023\/11\/13x-molecular-sieve-package-300x400.jpg 300w, https:\/\/www.laiko.net\/wp-content\/uploads\/2023\/11\/13x-molecular-sieve-package.jpg 448w\" sizes=\"auto, (max-width: 225px) 100vw, 225px\" \/><\/p>\n<p>&nbsp;<\/p>\n<p>&nbsp;<\/p>","protected":false},"excerpt":{"rendered":"<p>13X Molekularsieb ist die Natriumform des Typ-X-Kristalls und hat eine viel gr\u00f6\u00dfere Poren\u00f6ffnung als die Typ-A-Kristalle. Das 13X-Molekularsieb adsorbiert Molek\u00fcle mit einem kinetischen Durchmesser von weniger als 9 Angstr\u00f6m (0,9 nm) und schlie\u00dft gr\u00f6\u00dfere Molek\u00fcle aus.<\/p>\n<p>13X\u00a0<a href=\"https:\/\/www.laiko.net\/product-category\/molecular-sieve-zeolite\/\" target=\"_self\" rel=\"noopener\">Molekularsieb-Material<\/a>\u00a0hat auch die h\u00f6chste theoretische Kapazit\u00e4t unter den \u00fcblichen Adsorbentien und sehr gute Stoff\u00fcbertragungsraten. Das Molekularsieb 13x von NAIKE CHEMICAL, einem der professionellen Zeolith 13x-Lieferanten in China, kann Verunreinigungen entfernen, die zu gro\u00df sind, um in einen Typ A-Kristall zu passen, und wird \u00fcblicherweise zur Trennung von Stickstoff und Sauerstoff verwendet.<\/p>","protected":false},"featured_media":1013,"template":"","meta":{"_seopress_robots_primary_cat":"none","_monsterinsights_skip_tracking":false,"_monsterinsights_sitenote_active":false,"_monsterinsights_sitenote_note":"","_monsterinsights_sitenote_category":0,"_joinchat":[]},"product_cat":[79],"product_tag":[],"class_list":["post-3453","product","type-product","status-publish","has-post-thumbnail","hentry","product_cat-molecular-sieve-zeolite"],"featured_image_urls":{"full":["https:\/\/www.laiko.net\/wp-content\/uploads\/2023\/10\/frc-7ac5c842cb81699b0a6a746c94b74559.jpg",600,350,false],"thumbnail":["https:\/\/www.laiko.net\/wp-content\/uploads\/2023\/10\/frc-7ac5c842cb81699b0a6a746c94b74559-150x150.jpg",150,150,true],"medium":["https:\/\/www.laiko.net\/wp-content\/uploads\/2023\/10\/frc-7ac5c842cb81699b0a6a746c94b74559-300x175.jpg",300,175,true],"medium_large":["https:\/\/www.laiko.net\/wp-content\/uploads\/2023\/10\/frc-7ac5c842cb81699b0a6a746c94b74559.jpg",600,350,false],"large":["https:\/\/www.laiko.net\/wp-content\/uploads\/2023\/10\/frc-7ac5c842cb81699b0a6a746c94b74559.jpg",600,350,false],"1536x1536":["https:\/\/www.laiko.net\/wp-content\/uploads\/2023\/10\/frc-7ac5c842cb81699b0a6a746c94b74559.jpg",600,350,false],"2048x2048":["https:\/\/www.laiko.net\/wp-content\/uploads\/2023\/10\/frc-7ac5c842cb81699b0a6a746c94b74559.jpg",600,350,false],"trp-custom-language-flag":["https:\/\/www.laiko.net\/wp-content\/uploads\/2023\/10\/frc-7ac5c842cb81699b0a6a746c94b74559.jpg",18,12,false],"woocommerce_thumbnail":["https:\/\/www.laiko.net\/wp-content\/uploads\/2023\/10\/frc-7ac5c842cb81699b0a6a746c94b74559-300x175.jpg",300,175,true],"woocommerce_single":["https:\/\/www.laiko.net\/wp-content\/uploads\/2023\/10\/frc-7ac5c842cb81699b0a6a746c94b74559.jpg",600,350,false],"woocommerce_gallery_thumbnail":["https:\/\/www.laiko.net\/wp-content\/uploads\/2023\/10\/frc-7ac5c842cb81699b0a6a746c94b74559-100x100.jpg",100,100,true]},"post_excerpt_stackable":"<p>13X Molecular Sieve is the sodium form of the type X crystal and has a much larger pore opening than the type A crystals. 13X Molecular Sieve will adsorb molecules with a kinetic diameter of less than 9 Angstrom (0.9 nm) and exclude those larger.<\/p>\n<p>13X\u00a0<a href=\"https:\/\/www.laiko.net\/product-category\/molecular-sieve-zeolite\/\" target=\"_self\" rel=\"noopener\">molecular sieve material<\/a>\u00a0also has the highest theoretical capacity of the common adsorbents and very good mass transfer rates. Molecular sieve 13x provided by NAIKE CHEMICAL, one of the professional zeolite 13x suppliers in China, can remove impurities too large to fit into a type A crystal and is commonly used to separate nitrogen from oxygen.<\/p>\n","category_list":"","author_info":{"name":"","url":""},"comments_num":"0 comments","_links":{"self":[{"href":"https:\/\/www.laiko.net\/de\/wp-json\/wp\/v2\/product\/3453","targetHints":{"allow":["GET"]}}],"collection":[{"href":"https:\/\/www.laiko.net\/de\/wp-json\/wp\/v2\/product"}],"about":[{"href":"https:\/\/www.laiko.net\/de\/wp-json\/wp\/v2\/types\/product"}],"wp:featuredmedia":[{"embeddable":true,"href":"https:\/\/www.laiko.net\/de\/wp-json\/wp\/v2\/media\/1013"}],"wp:attachment":[{"href":"https:\/\/www.laiko.net\/de\/wp-json\/wp\/v2\/media?parent=3453"}],"wp:term":[{"taxonomy":"product_cat","embeddable":true,"href":"https:\/\/www.laiko.net\/de\/wp-json\/wp\/v2\/product_cat?post=3453"},{"taxonomy":"product_tag","embeddable":true,"href":"https:\/\/www.laiko.net\/de\/wp-json\/wp\/v2\/product_tag?post=3453"}],"curies":[{"name":"wp","href":"https:\/\/api.w.org\/{rel}","templated":true}]}}