{"id":3449,"date":"2023-11-13T18:04:12","date_gmt":"2023-11-13T10:04:12","guid":{"rendered":"http:\/\/www3.laiko.net\/?post_type=product&#038;p=3449"},"modified":"2023-12-26T16:27:37","modified_gmt":"2023-12-26T08:27:37","slug":"lithium-molecular-sieve","status":"publish","type":"product","link":"https:\/\/www.laiko.net\/de\/produkt\/lithium-molekularsieb\/","title":{"rendered":"Lithium-Molekularsieb"},"content":{"rendered":"<h2>Parameter von Lithium-Zeolith\/Molekularsieb<\/h2>\n<p>Naike Chemical ist ein professioneller Hersteller von Zeolith-Molekularsieben f\u00fcr Sauerstoffgeneratoren und bietet verschiedene Molekularsiebe zum Verkauf an. Es gibt haupts\u00e4chlich vier Arten von Lithium-basierten Molekularsiebe f\u00fcr Sauerstoffkonzentrator: NKOX-100, NKOX-101, NKOX-102 und NKOX-103. Die Parameter des Lithium-Molekularsiebs sind wie folgt:<\/p>\n<div class=\"overflow_x\">\n<table cellspacing=\"0\" cellpadding=\"0\">\n<colgroup>\n<col \/>\n<col \/>\n<col \/>\n<col span=\"3\" \/><\/colgroup>\n<tbody>\n<tr class=\"firstRow\">\n<td rowspan=\"2\" height=\"44\">Die Testaufgaben<\/td>\n<td rowspan=\"2\">Einheit<\/td>\n<td colspan=\"4\">LiX<\/td>\n<td rowspan=\"2\">Hinweis<\/td>\n<\/tr>\n<tr>\n<td>NKOX-100<\/td>\n<td>NKOX-101<\/td>\n<td colspan=\"1\" rowspan=\"1\" valign=\"null\">NKOX-102<\/td>\n<td>NKOX-103<\/td>\n<\/tr>\n<tr>\n<td height=\"22\">Diameter<\/td>\n<td>mm<\/td>\n<td>1.6-2.5<\/td>\n<td>0.4-0.8<\/td>\n<td colspan=\"1\" rowspan=\"1\" valign=\"null\">0.8-1.2<\/td>\n<td>1.3-1.7<\/td>\n<td>~<\/td>\n<\/tr>\n<tr>\n<td height=\"22\">Statische Stickstoffadsorption<\/td>\n<td>ml\/g<\/td>\n<td>\u226525<\/td>\n<td>\u226528<\/td>\n<td colspan=\"1\" rowspan=\"1\" valign=\"null\">\u226528<\/td>\n<td>\u226526<\/td>\n<td>1bar, 25\u00b0C<\/td>\n<\/tr>\n<tr>\n<td height=\"22\">Stickstoff\/Sauerstoff-Trennkoeffizient<\/td>\n<td>~<\/td>\n<td>\u22656.2<\/td>\n<td>\u22656.2<\/td>\n<td colspan=\"1\" rowspan=\"1\" valign=\"null\">\u22656.2<\/td>\n<td>\u22656.3<\/td>\n<td>1bar, 25\u00b0C<\/td>\n<\/tr>\n<tr>\n<td height=\"32\">Bruchfestigkeit<\/td>\n<td>N<\/td>\n<td>\u226517<\/td>\n<td>~<\/td>\n<td colspan=\"1\" rowspan=\"1\" valign=\"null\">\u22658<\/td>\n<td>\u226516<\/td>\n<td>Der Durchschnitt<\/td>\n<\/tr>\n<tr>\n<td height=\"18\">Sch\u00fcttdichte<\/td>\n<td>kg\/m3<\/td>\n<td>610-640<\/td>\n<td>610-640<\/td>\n<td colspan=\"1\" rowspan=\"1\" valign=\"null\">610-640<\/td>\n<td>610-640<\/td>\n<td><\/td>\n<\/tr>\n<tr>\n<td colspan=\"1\" rowspan=\"1\">Partikelgr\u00f6\u00dfe<\/td>\n<td colspan=\"1\" rowspan=\"1\">%wt<\/td>\n<td colspan=\"1\" rowspan=\"1\">\u226598<\/td>\n<td colspan=\"1\" rowspan=\"1\">\u226595<\/td>\n<td colspan=\"1\" rowspan=\"1\">\u226598<\/td>\n<td colspan=\"1\" rowspan=\"1\">\u226598<\/td>\n<td colspan=\"1\" rowspan=\"1\">550\u00b0C,1 Stunde<\/td>\n<\/tr>\n<tr>\n<td height=\"32\">Variationskoeffizient<\/td>\n<td><\/td>\n<td>\u22640.4<\/td>\n<td>\u22640.4<\/td>\n<td colspan=\"1\" rowspan=\"1\" valign=\"null\">\u22640.4<\/td>\n<td>\u22640.4<\/td>\n<td><\/td>\n<\/tr>\n<tr>\n<td height=\"18\">Restliches Wasser<\/td>\n<td>%wt<\/td>\n<td>\u22640.2<\/td>\n<td>\u22640.15<\/td>\n<td colspan=\"1\" rowspan=\"1\" valign=\"null\">\u22640.15<\/td>\n<td>\u22640.13<\/td>\n<td>575\u00b0C,1 Stunde<\/td>\n<\/tr>\n<\/tbody>\n<\/table>\n<\/div>\n<h2>Lithium-Molekularsieb-Zeolith-Pulver<\/h2>\n<h2>f\u00fcr Sauerstoffkonzentrator<\/h2>\n<p>Lithium-Molekularsiebe k\u00f6nnen in der chemischen Industrie und im Gesundheitswesen eingesetzt werden. Um den hohen Anforderungen der Sauerstofftherapie gerecht zu werden und Nachteile zu verringern, wird in Kliniken ein Zeolith-Molekularsieb als neuartiger medizinischer Sauerstoffchip eingesetzt. Im Allgemeinen wird in medizinischen Molekularsieb-Sauerstoffproduktionsanlagen Luft als Rohmaterial verwendet, w\u00e4hrend Zeolith-Molekularsieb (ZMS) als Adsorptionsmittel zur Herstellung von Sauerstoff durch Druckwechseladsorption (PSA) eingesetzt wird. Die Sauerstoffkonzentration betr\u00e4gt in der Regel 93 \u00b13%.<\/p>\n<p>Derzeit gibt es auf dem Markt haupts\u00e4chlich zwei Arten von Zeolith-Molekularsieben, die in Sauerstoffkonzentratoren verwendet werden: Natriumtyp und Lithiumtyp. Naike Molekularsieb Unternehmen kann professionelle PSA Zeolith f\u00fcr Sauerstoff-Konzentratoren bieten. Das Lithium-Zeolith-Molekularsieb ist effizienter als das Natrium-Zeolith-Molekularsieb, wodurch das Volumen des Sauerstoffgenerators erheblich reduziert werden kann und der Sauerstoffkonzentrator kleiner und leichter zu transportieren ist.<\/p>\n<h2>Lithium-Molekularsieb f\u00fcr Sauerstoff-Konzentrator<\/h2>\n<h2>Verwendet<\/h2>\n<p>3A: Trocknung von Erd\u00f6lspaltgas und Olefinen.<\/p>\n<p>4A: Erdgastrocknung und Alkanabscheidung.<\/p>\n<p>5A: Trocknung und Reinigung von Luft, Entw\u00e4sserung und Entschwefelung von Erdgas, Entschwefelung von Fl\u00fcssiggas und Druckwechseladsorption zur Sauerstoff- und Wasserstofferzeugung.<\/p>\n<p>5A-DW: Entparaffinierung, Pourpoint-Senkung und Paraffinabscheidung von Flugkerosin und Diesel\u00f6l.<\/p>\n<p>10X: Effizientes Adsorptionsmittel f\u00fcr die Trocknung von Gasen und Fl\u00fcssigkeiten, Entschwefelung, Entkohlung und Trennung von Aromaten.<\/p>\n<p><a href=\"https:\/\/www.laiko.net\/product\/13x-molecular-sieve\/\" target=\"_self\" rel=\"noopener\">Molekularsiebe 13X<\/a>: Trocknung, Entschwefelung und Reinigung von LPG und Erdgas.<\/p>\n<p>Molekularsiebe 13X-AS: Entkohlung und Trocknung von Luftzerlegung.<\/p>\n<h2>Merkmale des Lithium-Molekularsiebs<\/h2>\n<h2>f\u00fcr Sauerstoffkonzentrator<\/h2>\n<ul class=\"list-paddingleft-2\">\n<li>Das Molekularsieb auf Lithiumbasis ist ein synthetischer Zeolith mit lithiumhaltiger Kristallstruktur, gro\u00dfer Stickstoffadsorptionskapazit\u00e4t und hoher Effizienz bei der Trennung von Sauerstoff und Stickstoff.<\/li>\n<li>Dadurch wird die M\u00f6glichkeit geschaffen, dieses System auch bei zuk\u00fcnftigen Operationen einzusetzen.<\/li>\n<li>Das Molekularsieb auf Lithiumbasis zeigt eine hohe N2\/O2-Trennung bei sehr niedrigem Druck, was den Verbrauch bei der Sauerstoffproduktion senkt.<\/li>\n<li>Der Vorteil der Gleichgewichtsadsorptionskapazit\u00e4t und des Lithium-Molekularsiebs wird auf verschiedene VPSA-Ger\u00e4te f\u00fcr Sauerstoffkonzentratoren angewendet.<\/li>\n<\/ul>\n<h2>Lithium-Molekularsieb-Paket<\/h2>\n<p><img loading=\"lazy\" decoding=\"async\" class=\"alignnone size-medium wp-image-3187\" src=\"https:\/\/www.laiko.net\/wp-content\/uploads\/2023\/10\/lithium-zeolite-for-oxygen-concentrator-1-e1697715152249-300x167.webp\" alt=\"\" width=\"300\" height=\"167\" srcset=\"https:\/\/www.laiko.net\/wp-content\/uploads\/2023\/10\/lithium-zeolite-for-oxygen-concentrator-1-e1697715152249-300x167.webp 300w, https:\/\/www.laiko.net\/wp-content\/uploads\/2023\/10\/lithium-zeolite-for-oxygen-concentrator-1-e1697715152249.webp 360w\" sizes=\"auto, (max-width: 300px) 100vw, 300px\" \/><\/p>\n<p><img loading=\"lazy\" decoding=\"async\" class=\"alignnone size-medium wp-image-1047\" src=\"https:\/\/www.laiko.net\/wp-content\/uploads\/2023\/10\/frc-5a02aa25c27c0d3ef2dde146d6f328a1-300x194.png\" alt=\"\" width=\"300\" height=\"194\" srcset=\"https:\/\/www.laiko.net\/wp-content\/uploads\/2023\/10\/frc-5a02aa25c27c0d3ef2dde146d6f328a1-300x194.png 300w, https:\/\/www.laiko.net\/wp-content\/uploads\/2023\/10\/frc-5a02aa25c27c0d3ef2dde146d6f328a1.png 425w\" sizes=\"auto, (max-width: 300px) 100vw, 300px\" \/><\/p>\n<p><img loading=\"lazy\" decoding=\"async\" class=\"alignnone size-medium wp-image-1044\" src=\"https:\/\/www.laiko.net\/wp-content\/uploads\/2023\/10\/frc-8901f5492d0b83e752d9e3213864411e-300x135.png\" alt=\"\" width=\"300\" height=\"135\" srcset=\"https:\/\/www.laiko.net\/wp-content\/uploads\/2023\/10\/frc-8901f5492d0b83e752d9e3213864411e-300x135.png 300w, https:\/\/www.laiko.net\/wp-content\/uploads\/2023\/10\/frc-8901f5492d0b83e752d9e3213864411e-600x270.png 600w, https:\/\/www.laiko.net\/wp-content\/uploads\/2023\/10\/frc-8901f5492d0b83e752d9e3213864411e-1024x461.png 1024w, https:\/\/www.laiko.net\/wp-content\/uploads\/2023\/10\/frc-8901f5492d0b83e752d9e3213864411e-768x346.png 768w, https:\/\/www.laiko.net\/wp-content\/uploads\/2023\/10\/frc-8901f5492d0b83e752d9e3213864411e-1536x691.png 1536w, https:\/\/www.laiko.net\/wp-content\/uploads\/2023\/10\/frc-8901f5492d0b83e752d9e3213864411e.png 1920w\" sizes=\"auto, (max-width: 300px) 100vw, 300px\" \/><\/p>\n<p><img loading=\"lazy\" decoding=\"async\" class=\"alignnone size-medium wp-image-1045\" src=\"https:\/\/www.laiko.net\/wp-content\/uploads\/2023\/10\/frc-dff4748b5c9c73bfeb7f58b1c1bd663b-300x194.png\" alt=\"\" width=\"300\" height=\"194\" srcset=\"https:\/\/www.laiko.net\/wp-content\/uploads\/2023\/10\/frc-dff4748b5c9c73bfeb7f58b1c1bd663b-300x194.png 300w, https:\/\/www.laiko.net\/wp-content\/uploads\/2023\/10\/frc-dff4748b5c9c73bfeb7f58b1c1bd663b.png 425w\" sizes=\"auto, (max-width: 300px) 100vw, 300px\" \/><\/p>\n<p>&nbsp;<\/p>\n<p>&nbsp;<\/p>","protected":false},"excerpt":{"rendered":"<p>Das Lithium-Molekularsieb ist eine hochleistungsf\u00e4hige, lithiumausgetauschte, siliziumarme Form des X-Typ-Zeoliths mit au\u00dfergew\u00f6hnlicher Stickstoffkapazit\u00e4t, die eine optimale Leistung bei der Abtrennung von Sauerstoff aus der Luft in medizinischen Sauerstoffkonzentratoren bietet. Das\u00a0<a href=\"https:\/\/www.laiko.net\/product-category\/molecular-sieve-zeolite\/\" target=\"_self\" rel=\"noopener\">Molekularsieb-Material<\/a>\u00a0wurde f\u00fcr die Erzeugung von bis zu 95% sauerstoffreichen Luftstr\u00f6men in medizinischen Sauerstoffkonzentratoren mit einem Luftstrom von bis zu 10 Litern pro Minute entwickelt und ausgelegt. Es gibt drei Mechanismen der Adsorptionstrennung: den sterischen Hinderungseffekt, den kinetischen Effekt und den Gleichgewichtseffekt.<\/p>","protected":false},"featured_media":3187,"template":"","meta":{"_seopress_robots_primary_cat":"none","_monsterinsights_skip_tracking":false,"_monsterinsights_sitenote_active":false,"_monsterinsights_sitenote_note":"","_monsterinsights_sitenote_category":0,"_joinchat":[]},"product_cat":[99,79],"product_tag":[],"class_list":["post-3449","product","type-product","status-publish","has-post-thumbnail","hentry","product_cat-hot-sale-products","product_cat-molecular-sieve-zeolite"],"featured_image_urls":{"full":["https:\/\/www.laiko.net\/wp-content\/uploads\/2023\/10\/lithium-zeolite-for-oxygen-concentrator-1-e1697715152249.webp",360,200,false],"thumbnail":["https:\/\/www.laiko.net\/wp-content\/uploads\/2023\/10\/lithium-zeolite-for-oxygen-concentrator-1-e1697715152249-150x150.webp",150,150,true],"medium":["https:\/\/www.laiko.net\/wp-content\/uploads\/2023\/10\/lithium-zeolite-for-oxygen-concentrator-1-e1697715152249-300x167.webp",300,167,true],"medium_large":["https:\/\/www.laiko.net\/wp-content\/uploads\/2023\/10\/lithium-zeolite-for-oxygen-concentrator-1-e1697715152249.webp",360,200,false],"large":["https:\/\/www.laiko.net\/wp-content\/uploads\/2023\/10\/lithium-zeolite-for-oxygen-concentrator-1-e1697715152249.webp",360,200,false],"1536x1536":["https:\/\/www.laiko.net\/wp-content\/uploads\/2023\/10\/lithium-zeolite-for-oxygen-concentrator-1-e1697715152249.webp",360,200,false],"2048x2048":["https:\/\/www.laiko.net\/wp-content\/uploads\/2023\/10\/lithium-zeolite-for-oxygen-concentrator-1-e1697715152249.webp",360,200,false],"trp-custom-language-flag":["https:\/\/www.laiko.net\/wp-content\/uploads\/2023\/10\/lithium-zeolite-for-oxygen-concentrator-1-e1697715152249.webp",18,10,false],"woocommerce_thumbnail":["https:\/\/www.laiko.net\/wp-content\/uploads\/2023\/10\/lithium-zeolite-for-oxygen-concentrator-1-e1697715152249-300x167.webp",300,167,true],"woocommerce_single":["https:\/\/www.laiko.net\/wp-content\/uploads\/2023\/10\/lithium-zeolite-for-oxygen-concentrator-1-e1697715152249.webp",360,200,false],"woocommerce_gallery_thumbnail":["https:\/\/www.laiko.net\/wp-content\/uploads\/2023\/10\/lithium-zeolite-for-oxygen-concentrator-1-e1697715152249-100x100.webp",100,100,true]},"post_excerpt_stackable":"<p>Lithium molecular sieve is high-performance lithium exchanged low silica form of the X-type zeolite with exceptional nitrogen capacity to provide optimal performance in the separation of oxygen from the air in medical oxygen concentrators. The\u00a0<a href=\"https:\/\/www.laiko.net\/product-category\/molecular-sieve-zeolite\/\" target=\"_self\" rel=\"noopener\">molecular sieve material<\/a>\u00a0is developed and designed for the production of up to 95% oxygen-rich airstreams in medical oxygen concentrators with air flows up to 10 liters per minute. There are three mechanisms of adsorption separation: steric hindrance effect, kinetic effect, and equilibrium effect.<\/p>\n","category_list":"","author_info":{"name":"","url":""},"comments_num":"0 comments","_links":{"self":[{"href":"https:\/\/www.laiko.net\/de\/wp-json\/wp\/v2\/product\/3449","targetHints":{"allow":["GET"]}}],"collection":[{"href":"https:\/\/www.laiko.net\/de\/wp-json\/wp\/v2\/product"}],"about":[{"href":"https:\/\/www.laiko.net\/de\/wp-json\/wp\/v2\/types\/product"}],"wp:featuredmedia":[{"embeddable":true,"href":"https:\/\/www.laiko.net\/de\/wp-json\/wp\/v2\/media\/3187"}],"wp:attachment":[{"href":"https:\/\/www.laiko.net\/de\/wp-json\/wp\/v2\/media?parent=3449"}],"wp:term":[{"taxonomy":"product_cat","embeddable":true,"href":"https:\/\/www.laiko.net\/de\/wp-json\/wp\/v2\/product_cat?post=3449"},{"taxonomy":"product_tag","embeddable":true,"href":"https:\/\/www.laiko.net\/de\/wp-json\/wp\/v2\/product_tag?post=3449"}],"curies":[{"name":"wp","href":"https:\/\/api.w.org\/{rel}","templated":true}]}}