{"id":3447,"date":"2023-10-26T17:57:30","date_gmt":"2023-10-26T09:57:30","guid":{"rendered":"http:\/\/www3.laiko.net\/?post_type=product&#038;p=3447"},"modified":"2023-10-28T17:59:06","modified_gmt":"2023-10-28T09:59:06","slug":"mcm-41-zeolite","status":"publish","type":"product","link":"https:\/\/www.laiko.net\/de\/produkt\/mcm-41-zeolith\/","title":{"rendered":"MCM-41 Zeolith"},"content":{"rendered":"<p><strong>Parameter von MCM-41-Zeolith<\/strong><\/p>\n<div class=\"overflow_x\">\n<table style=\"height: 281px;\" width=\"636\">\n<tbody>\n<tr class=\"firstRow\">\n<td colspan=\"1\" rowspan=\"1\" height=\"20\">\n<div>Form<\/div>\n<\/td>\n<td colspan=\"1\" rowspan=\"1\" height=\"20\">\n<div>Wei\u00dfes Puder<\/div>\n<\/td>\n<\/tr>\n<tr>\n<td colspan=\"1\" rowspan=\"1\" height=\"20\">\n<div>Kation Typ<\/div>\n<\/td>\n<td colspan=\"1\" rowspan=\"1\" height=\"20\">\n<div>H<\/div>\n<\/td>\n<\/tr>\n<tr>\n<td colspan=\"1\" rowspan=\"1\" height=\"20\">\n<div>SiO2\/Al2O3, mol\/mol<\/div>\n<\/td>\n<td colspan=\"1\" rowspan=\"1\" height=\"20\">\n<div>Voll-Silizium<\/div>\n<\/td>\n<\/tr>\n<tr>\n<td colspan=\"1\" rowspan=\"1\" height=\"20\">\n<div>Kristallinit\u00e4t, %<\/div>\n<\/td>\n<td colspan=\"1\" rowspan=\"1\" height=\"20\">\n<div>\u226595<\/div>\n<\/td>\n<\/tr>\n<tr>\n<td colspan=\"1\" rowspan=\"1\" height=\"20\">\n<div>Oberfl\u00e4che, BET, m2\/g<\/div>\n<\/td>\n<td colspan=\"1\" rowspan=\"1\" height=\"20\">\n<div>\u22651000<\/div>\n<\/td>\n<\/tr>\n<tr>\n<td colspan=\"1\" rowspan=\"1\" height=\"20\">\n<div>Porengr\u00f6\u00dfe, nm<\/div>\n<\/td>\n<td colspan=\"1\" rowspan=\"1\" height=\"20\">\n<div>4<\/div>\n<\/td>\n<\/tr>\n<tr>\n<td colspan=\"1\" rowspan=\"1\" height=\"20\">\n<div>Dichte, g\/ml<\/div>\n<\/td>\n<td colspan=\"1\" rowspan=\"1\" height=\"20\">\n<div>0.25~0.40<\/div>\n<\/td>\n<\/tr>\n<tr>\n<td colspan=\"1\" rowspan=\"1\" height=\"20\">\n<div>D0.5, Mittlere Partikelgr\u00f6\u00dfe, \u03bcm<\/div>\n<\/td>\n<td colspan=\"1\" rowspan=\"1\" height=\"20\">\n<div>\u22645<\/div>\n<\/td>\n<\/tr>\n<tr>\n<td colspan=\"1\" rowspan=\"1\" height=\"20\">\n<div>Na2O, % m\/m<\/div>\n<\/td>\n<td colspan=\"1\" rowspan=\"1\" height=\"20\">\n<div>\u22640.05<\/div>\n<\/td>\n<\/tr>\n<tr>\n<td colspan=\"1\" rowspan=\"1\" height=\"20\">\n<div>LOI, % m\/m<\/div>\n<\/td>\n<td colspan=\"1\" rowspan=\"1\" height=\"20\">\n<div>\u226420<\/div>\n<\/td>\n<\/tr>\n<\/tbody>\n<\/table>\n<\/div>","protected":false},"excerpt":{"rendered":"<p>MCM-41 hat Potenzial f\u00fcr katalytisches Cracken, Hydrocracken von R\u00fcckst\u00e4nden, Hydrofinishing von Schmier\u00f6l, Alkylierung, Olefinpolymerisation, Trennung von CO2 und CH4 und andere Bereiche der S\u00e4urekatalyse. Dar\u00fcber hinaus zeigt MCM-41 gute Leistungen bei der heterogenen Katalyse, dem Ionenaustausch, der Sensortechnik, der Adsorption und der Trennung usw.<\/p>","protected":false},"featured_media":3567,"template":"","meta":{"_seopress_robots_primary_cat":"","_monsterinsights_skip_tracking":false,"_monsterinsights_sitenote_active":false,"_monsterinsights_sitenote_note":"","_monsterinsights_sitenote_category":0,"_joinchat":[]},"product_cat":[78],"product_tag":[],"class_list":["post-3447","product","type-product","status-publish","has-post-thumbnail","hentry","product_cat-fcc-catalyst"],"featured_image_urls":{"full":["https:\/\/www.laiko.net\/wp-content\/uploads\/2023\/10\/MCM-41-Zeolite.jpg",1080,720,false],"thumbnail":["https:\/\/www.laiko.net\/wp-content\/uploads\/2023\/10\/MCM-41-Zeolite-150x150.jpg",150,150,true],"medium":["https:\/\/www.laiko.net\/wp-content\/uploads\/2023\/10\/MCM-41-Zeolite-300x200.jpg",300,200,true],"medium_large":["https:\/\/www.laiko.net\/wp-content\/uploads\/2023\/10\/MCM-41-Zeolite-768x512.jpg",768,512,true],"large":["https:\/\/www.laiko.net\/wp-content\/uploads\/2023\/10\/MCM-41-Zeolite-1024x683.jpg",1024,683,true],"1536x1536":["https:\/\/www.laiko.net\/wp-content\/uploads\/2023\/10\/MCM-41-Zeolite.jpg",1080,720,false],"2048x2048":["https:\/\/www.laiko.net\/wp-content\/uploads\/2023\/10\/MCM-41-Zeolite.jpg",1080,720,false],"trp-custom-language-flag":["https:\/\/www.laiko.net\/wp-content\/uploads\/2023\/10\/MCM-41-Zeolite.jpg",18,12,false],"woocommerce_thumbnail":["https:\/\/www.laiko.net\/wp-content\/uploads\/2023\/10\/MCM-41-Zeolite-300x200.jpg",300,200,true],"woocommerce_single":["https:\/\/www.laiko.net\/wp-content\/uploads\/2023\/10\/MCM-41-Zeolite-600x400.jpg",600,400,true],"woocommerce_gallery_thumbnail":["https:\/\/www.laiko.net\/wp-content\/uploads\/2023\/10\/MCM-41-Zeolite-100x100.jpg",100,100,true]},"post_excerpt_stackable":"<p>MCM-41 show potential on catalytic cracking, residue hydrocracking, lube oil hydro finishing, alkylation, olefin polymerisation, separation of CO2 and CH4, and other acid catalysis related fields. In addition, MCM-41 performs well on heterogeneous catalysis, ion exchange, sensing technology, adsorption and separating etc.<\/p>\n","category_list":"","author_info":{"name":"","url":""},"comments_num":"0 comments","_links":{"self":[{"href":"https:\/\/www.laiko.net\/de\/wp-json\/wp\/v2\/product\/3447","targetHints":{"allow":["GET"]}}],"collection":[{"href":"https:\/\/www.laiko.net\/de\/wp-json\/wp\/v2\/product"}],"about":[{"href":"https:\/\/www.laiko.net\/de\/wp-json\/wp\/v2\/types\/product"}],"wp:featuredmedia":[{"embeddable":true,"href":"https:\/\/www.laiko.net\/de\/wp-json\/wp\/v2\/media\/3567"}],"wp:attachment":[{"href":"https:\/\/www.laiko.net\/de\/wp-json\/wp\/v2\/media?parent=3447"}],"wp:term":[{"taxonomy":"product_cat","embeddable":true,"href":"https:\/\/www.laiko.net\/de\/wp-json\/wp\/v2\/product_cat?post=3447"},{"taxonomy":"product_tag","embeddable":true,"href":"https:\/\/www.laiko.net\/de\/wp-json\/wp\/v2\/product_tag?post=3447"}],"curies":[{"name":"wp","href":"https:\/\/api.w.org\/{rel}","templated":true}]}}