{"id":3442,"date":"2023-10-26T17:33:47","date_gmt":"2023-10-26T09:33:47","guid":{"rendered":"http:\/\/www3.laiko.net\/?post_type=product&#038;p=3442"},"modified":"2023-10-31T18:03:05","modified_gmt":"2023-10-31T10:03:05","slug":"beta-zeolite","status":"publish","type":"product","link":"https:\/\/www.laiko.net\/de\/produkt\/beta-zeolith\/","title":{"rendered":"Beta-Zeolith"},"content":{"rendered":"<h2>Parameter von Beta-Zeolith<\/h2>\n<div class=\"overflow_x\">\n<table style=\"height: 416px;\" width=\"935\" cellspacing=\"0\" cellpadding=\"0\">\n<tbody>\n<tr class=\"firstRow\">\n<td valign=\"bottom\">Eigentum<\/td>\n<td valign=\"bottom\">Einheit<\/td>\n<td valign=\"bottom\">Index<\/td>\n<\/tr>\n<tr>\n<td valign=\"top\">Formular<\/td>\n<td valign=\"top\">\/<\/td>\n<td valign=\"top\">Ammonium\/Wasserstoff<\/td>\n<\/tr>\n<tr>\n<td valign=\"top\">SiO2-Al2O3-Verh\u00e4ltnis<\/td>\n<td valign=\"top\">\/<\/td>\n<td valign=\"top\">20-30<\/td>\n<\/tr>\n<tr>\n<td valign=\"top\">Kristallinit\u00e4t<\/td>\n<td valign=\"top\">%<\/td>\n<td valign=\"top\">90 min<\/td>\n<\/tr>\n<tr>\n<td valign=\"top\">Fl\u00e4che<\/td>\n<td valign=\"top\">m2\/g<\/td>\n<td valign=\"top\">500 min<\/td>\n<\/tr>\n<tr>\n<td valign=\"top\">Na2O<\/td>\n<td valign=\"top\">%<\/td>\n<td valign=\"top\">0,20 max<\/td>\n<\/tr>\n<tr>\n<td valign=\"top\">LOI( 550\u00b0C\/2h)<\/td>\n<td valign=\"top\">%<\/td>\n<td valign=\"top\">25 max.<\/td>\n<\/tr>\n<\/tbody>\n<\/table>\n<\/div>\n<h2>Vorteile von Beta-Zeolith<\/h2>\n<p>Beta-Zeolith aufgrund seiner starken S\u00e4ure und einzigartige dreidimensionale por\u00f6se, dann Y-Typ Molekularsiebe hat eine h\u00f6here thermische Stabilit\u00e4t, thermische Stabilit\u00e4t und Wasser in FCC, Hydrofining, Hydrocracking Isomerisierung, Alkylierung, Veresterung, Aromaten Disproportionierung, makromolekulare Aminierung von Methylnaphthalin Disproportionierung und Alkohol, etc haben eine breite Palette von Anwendungen.<\/p>","protected":false},"excerpt":{"rendered":"<p>Beta-Zeolith ist der einzige Zeolith mit dreidimensionalen 12-gliedrigen Ringkan\u00e4len in der Zeolithfamilie. Er hat eine hohe Aktivit\u00e4t beim Hydrocracken und bei der Katalyse der Hydroisomerisierung. Er ist in der Lage, lineares Paraffin zu adsorbieren und Schwefel und Stickstoff zu neutralisieren. Es wird in der petrochemischen Industrie zur Herstellung von Kreuzk\u00fcmmel durch Benzol- und Propylenalkylierung, Diisopropylbenzol durch Kreuzk\u00fcmmel-Disproportionierung, Methylbenzol-Isopropylierung, Arenalkylierung, Diisopropylbenzol-Transalkylierung, Propylenveretherung, Carbinol-Aromatisierung, Propylenepoxid- und Alkoholveretherung, Phenolmethylierung, Aminobenzol-Methylierung, Kreuzk\u00fcmmel- und Methylbenzol-Transalkylierung, Methylbenzol-Disproportionierung usw. verwendet. Der Einsatz von Beta-Zeolith und USY-Zeolith f\u00fchrt zu einer Erh\u00f6hung der Oktanzahl. In der feinchemischen Industrie ist Beta-Zeolith sehr aktiv und selektiv bei der Entw\u00e4sserung und Entmineralisierung.<\/p>","protected":false},"featured_media":3778,"template":"","meta":{"_seopress_robots_primary_cat":"","_monsterinsights_skip_tracking":false,"_monsterinsights_sitenote_active":false,"_monsterinsights_sitenote_note":"","_monsterinsights_sitenote_category":0,"_joinchat":[]},"product_cat":[78],"product_tag":[],"class_list":["post-3442","product","type-product","status-publish","has-post-thumbnail","hentry","product_cat-fcc-catalyst"],"featured_image_urls":{"full":["https:\/\/www.laiko.net\/wp-content\/uploads\/2023\/10\/beta-zeolite-1.jpg",600,350,false],"thumbnail":["https:\/\/www.laiko.net\/wp-content\/uploads\/2023\/10\/beta-zeolite-1-150x150.jpg",150,150,true],"medium":["https:\/\/www.laiko.net\/wp-content\/uploads\/2023\/10\/beta-zeolite-1-300x175.jpg",300,175,true],"medium_large":["https:\/\/www.laiko.net\/wp-content\/uploads\/2023\/10\/beta-zeolite-1.jpg",600,350,false],"large":["https:\/\/www.laiko.net\/wp-content\/uploads\/2023\/10\/beta-zeolite-1.jpg",600,350,false],"1536x1536":["https:\/\/www.laiko.net\/wp-content\/uploads\/2023\/10\/beta-zeolite-1.jpg",600,350,false],"2048x2048":["https:\/\/www.laiko.net\/wp-content\/uploads\/2023\/10\/beta-zeolite-1.jpg",600,350,false],"trp-custom-language-flag":["https:\/\/www.laiko.net\/wp-content\/uploads\/2023\/10\/beta-zeolite-1.jpg",18,12,false],"woocommerce_thumbnail":["https:\/\/www.laiko.net\/wp-content\/uploads\/2023\/10\/beta-zeolite-1-300x175.jpg",300,175,true],"woocommerce_single":["https:\/\/www.laiko.net\/wp-content\/uploads\/2023\/10\/beta-zeolite-1.jpg",600,350,false],"woocommerce_gallery_thumbnail":["https:\/\/www.laiko.net\/wp-content\/uploads\/2023\/10\/beta-zeolite-1-100x100.jpg",100,100,true]},"post_excerpt_stackable":"<p>Beta Zeolite is the only one structured with three-dimensional 12-membered ring channels among zeolite family. It is of high activity in hydrocracking and hydroisomerization catalyzing. It is capable of linear paraffin adsorption and anti-poison with sulfur and nitrogen. It is used in petrochemical industry for preparation of cumin by benzene and propylene alkylation, diisopropyl benzene by cumin disproportionation, methylbenzene isopropylation, arene alkylation, diisopropyl benzene transalkylation, propylene etherification, carbinol aromatization, propylene epoxide and alcohol etherification, phenol methylation, aminobenzene methylation, cumin and methylbenzene transalkylation, methylbenzene disproportionate, etc. The application of Beta Zeolite and USY Zeolite brings octane number increase. In fine chemical industrial, Beta Zeolite is good with activity and selectivity in dewatering and deminizating.<\/p>\n","category_list":"","author_info":{"name":"","url":""},"comments_num":"0 comments","_links":{"self":[{"href":"https:\/\/www.laiko.net\/de\/wp-json\/wp\/v2\/product\/3442","targetHints":{"allow":["GET"]}}],"collection":[{"href":"https:\/\/www.laiko.net\/de\/wp-json\/wp\/v2\/product"}],"about":[{"href":"https:\/\/www.laiko.net\/de\/wp-json\/wp\/v2\/types\/product"}],"wp:featuredmedia":[{"embeddable":true,"href":"https:\/\/www.laiko.net\/de\/wp-json\/wp\/v2\/media\/3778"}],"wp:attachment":[{"href":"https:\/\/www.laiko.net\/de\/wp-json\/wp\/v2\/media?parent=3442"}],"wp:term":[{"taxonomy":"product_cat","embeddable":true,"href":"https:\/\/www.laiko.net\/de\/wp-json\/wp\/v2\/product_cat?post=3442"},{"taxonomy":"product_tag","embeddable":true,"href":"https:\/\/www.laiko.net\/de\/wp-json\/wp\/v2\/product_tag?post=3442"}],"curies":[{"name":"wp","href":"https:\/\/api.w.org\/{rel}","templated":true}]}}